{"id":914,"date":"2017-10-18T14:45:50","date_gmt":"2017-10-18T14:45:50","guid":{"rendered":"http:\/\/aadee.ar\/wordpress\/?page_id=914"},"modified":"2019-02-06T15:29:58","modified_gmt":"2019-02-06T15:29:58","slug":"contadores-alfa-beta","status":"publish","type":"page","link":"https:\/\/www.aadee.ar\/index.php\/productos-nuclear-home\/contadores-alfa-beta\/","title":{"rendered":"Contadores Alfa-Beta"},"content":{"rendered":"<p>[et_pb_section fb_built=\u00bb1&#8243; disabled_on=\u00bbon||\u00bb _builder_version=\u00bb3.0.77&#8243; custom_margin=\u00bb0px||0px|\u00bb custom_padding=\u00bb0px||0px|\u00bb][et_pb_row _builder_version=\u00bb3.0.77&#8243; global_module=\u00bb206&#8243;][et_pb_column type=\u00bb1_4&#8243; _builder_version=\u00bb3.0.47&#8243; parallax=\u00bboff\u00bb parallax_method=\u00bbon\u00bb][et_pb_image_overlay src=\u00bbhttp:\/\/aadee.ar\/wordpress\/wp-content\/uploads\/2017\/09\/ico_fabricacion.png\u00bb alt=\u00bbFABRICACION Y EXPORTACION\u00bb open_link=\u00bbon\u00bb url=\u00bbhttp:\/\/aadee.ar\/index.php\/productos-fabricacion\/\u00bb overlay_src=\u00bbhttp:\/\/aadee.ar\/wordpress\/wp-content\/uploads\/2017\/10\/ico_fabricacion2.png\u00bb animation=\u00bboff\u00bb _builder_version=\u00bb3.14&#8243;][\/et_pb_image_overlay][\/et_pb_column][et_pb_column type=\u00bb1_4&#8243; _builder_version=\u00bb3.0.47&#8243; parallax=\u00bboff\u00bb parallax_method=\u00bbon\u00bb][et_pb_image_overlay src=\u00bbhttp:\/\/aadee.ar\/wordpress\/wp-content\/uploads\/2017\/09\/ico_medicina.png\u00bb alt=\u00bbMEDICINA\u00bb open_link=\u00bbon\u00bb url=\u00bbhttp:\/\/aadee.ar\/index.php\/productos-medicina\/\u00bb overlay_src=\u00bbhttp:\/\/aadee.ar\/wordpress\/wp-content\/uploads\/2017\/10\/ico_medicina2.png\u00bb animation=\u00bboff\u00bb _builder_version=\u00bb3.14&#8243;][\/et_pb_image_overlay][\/et_pb_column][et_pb_column type=\u00bb1_4&#8243; _builder_version=\u00bb3.0.47&#8243; parallax=\u00bboff\u00bb parallax_method=\u00bbon\u00bb][et_pb_image_overlay src=\u00bbhttp:\/\/aadee.ar\/wordpress\/wp-content\/uploads\/2017\/09\/ico_nuclear.png\u00bb alt=\u00bbNUCLEAR\u00bb open_link=\u00bbon\u00bb url=\u00bbhttp:\/\/aadee.ar\/index.php\/productos-nuclear-home\/\u00bb overlay_src=\u00bbhttp:\/\/aadee.ar\/wordpress\/wp-content\/uploads\/2017\/10\/ico_nuclear2.png\u00bb animation=\u00bboff\u00bb _builder_version=\u00bb3.14&#8243;][\/et_pb_image_overlay][\/et_pb_column][et_pb_column type=\u00bb1_4&#8243; _builder_version=\u00bb3.0.47&#8243; parallax=\u00bboff\u00bb parallax_method=\u00bbon\u00bb][et_pb_image_overlay src=\u00bbhttp:\/\/aadee.ar\/wordpress\/wp-content\/uploads\/2017\/09\/ico_investigacion.png\u00bb alt=\u00bbINVESTIGACION &#038; INDUSTRIA\u00bb open_link=\u00bbon\u00bb url=\u00bbhttp:\/\/aadee.ar\/index.php\/productos-investigacion-home\/\u00bb overlay_src=\u00bbhttp:\/\/aadee.ar\/wordpress\/wp-content\/uploads\/2017\/10\/ico_investigacion2.png\u00bb animation=\u00bboff\u00bb _builder_version=\u00bb3.14&#8243;][\/et_pb_image_overlay][\/et_pb_column][\/et_pb_row][\/et_pb_section][et_pb_section fb_built=\u00bb1&#8243; specialty=\u00bbon\u00bb background_repeat_1=\u00bbno-repeat\u00bb background_repeat_2=\u00bbno-repeat\u00bb padding_right_2=\u00bb0px\u00bb padding_left_2=\u00bb0px\u00bb _builder_version=\u00bb3.0.77&#8243; custom_margin=\u00bb0px|||\u00bb custom_padding=\u00bb0px|||\u00bb][et_pb_column type=\u00bb1_4&#8243; _builder_version=\u00bb3.0.47&#8243; parallax=\u00bboff\u00bb parallax__hover=\u00bboff\u00bb parallax_method=\u00bbon\u00bb parallax_method__hover=\u00bbon\u00bb background_repeat=\u00bbno-repeat\u00bb background_repeat__hover=\u00bbno-repeat\u00bb][et_pb_text admin_label=\u00bbmenu nuclear productos\u00bb _builder_version=\u00bb3.19.12&#8243; text_font=\u00bb||||\u00bb text_font_size=\u00bb14&#8243; text_line_height=\u00bb1.7em\u00bb header_font=\u00bb||||\u00bb header_font_size=\u00bb30px\u00bb module_alignment=\u00bbleft\u00bb use_border_color=\u00bboff\u00bb border_style=\u00bbsolid\u00bb global_module=\u00bb419&#8243; saved_tabs=\u00bball\u00bb]<button id=\"btnLink\" class=\"botonNuclear btCerrar\" onclick=\"hideLink()\">Men\u00fa<\/button><\/p>\n<div id=\"abrirmenu\">\n<div id=\"blueblock\" class=\"nuclear\">\n<ul>\n<li><a href=\"http:\/\/aadee.ar\/index.php\/productos-nuclear-home\/\">NOVEDADES<\/a><\/li>\n<li class=\"expandable\"><a href=\"http:\/\/aadee.ar\/index.php\/productos-nuclear\/\">PRODUCTOS<\/a><\/li>\n<ul class=\"categoryitems\">\n<li class=\"opened\"><a href=\"http:\/\/aadee.ar\/index.php\/productos-nuclear-home\/contadores-alfa-beta\/?categoryitems=0#seccion\">CONTADORES ALFA &amp; BETA<\/a><\/li>\n<li class=\"opened\"><a href=\"http:\/\/aadee.ar\/index.php\/productos-nuclear-home\/contadores-cuerpo-entero\/?categoryitems=0#seccion\">CONTADORES DE CUERPO ENTERO<\/a><\/li>\n<li class=\"opened\"><a href=\"http:\/\/aadee.ar\/index.php\/productos-nuclear-home\/dosimetros-electronicos\/?categoryitems=0#seccion\">DOS\u00cdMETROS ELECTR\u00d3NICOS<\/a><\/li>\n<li class=\"opened\"><a href=\"http:\/\/aadee.ar\/index.php\/productos-nuclear-home\/emergencias-y-proteccion-de-fronteras\/?categoryitems=0#seccion\">EMERGENCIAS Y PROTECCI\u00d3N DE FRONTERAS<\/a><\/li>\n<li class=\"opened\"><a href=\"http:\/\/aadee.ar\/index.php\/productos-nuclear-home\/espectometria-alfa\/?categoryitems=0#seccion\">ESPECTROMETRIA ALFA<\/a><\/li>\n<li class=\"opened\"><a href=\"http:\/\/aadee.ar\/index.php\/productos-nuclear-home\/detectores-de-germanio\/?categoryitems=0#seccion\">ESPECTROMETRIA GAMA<\/a><\/li>\n<li class=\"opened\"><a href=\"http:\/\/aadee.ar\/index.php\/productos-nuclear-home\/identificadores-de-isotopos-portatiles\/?categoryitems=0#seccion\">IDENTIFICADORES DE IS\u00d3TOPOS PORT\u00c1TILES<\/a><\/li>\n<li class=\"opened\"><a href=\"http:\/\/aadee.ar\/index.php\/productos-nuclear-home\/irradiadores-gama\/?categoryitems=0#seccion\">IRRADIADORES<\/a><\/li>\n<li class=\"opened\"><a href=\"http:\/\/aadee.ar\/index.php\/productos-nuclear-home\/lectoras-dosimetros-termoluminicentes-tld\/?categoryitems=0#seccion\">LECTORAS Y DOS\u00cdMETROS TERMOLUMINISCENTES<\/a><\/li>\n<li class=\"opened\"><a href=\"http:\/\/aadee.ar\/index.php\/productos-nuclear-home\/monitores-de-actividad\/?categoryitems=0#seccion\">MONITORES DE ACTIVIDAD<\/a><\/li>\n<li class=\"opened\"><a href=\"http:\/\/aadee.ar\/index.php\/productos-nuclear-home\/monitores-de-aire\/?categoryitems=0#seccion\">MONITORES DE AIRE<\/a><\/li>\n<li class=\"opened\"><a href=\"http:\/\/aadee.ar\/index.php\/productos-nuclear-home\/monitores-de-area\/?categoryitems=0#seccion\">MONITORES DE AREA<\/a><\/li>\n<li class=\"opened\"><a href=\"http:\/\/aadee.ar\/index.php\/productos-nuclear-home\/monitores-de-contaminacion-para-objetos\/?categoryitems=0#seccion\">MONITORES DE CONTAMINACI\u00d3N PARA OBJETOS<\/a><\/li>\n<li class=\"opened\"><a href=\"http:\/\/aadee.ar\/index.php\/productos-nuclear-home\/monitores-de-radiacion-portatiles\/?categoryitems=0#seccion\">MONITORES DE RADIACION PORT\u00c1TILES<\/a><\/li>\n<li class=\"opened\"><a href=\"http:\/\/aadee.ar\/index.php\/productos-nuclear-home\/monitores-para-residuos-radioactivos\/?categoryitems=0#seccion\">MONITORES PARA RESIDUOS RADIOACTIVOS<\/a><\/li>\n<li class=\"opened\"><a href=\"http:\/\/aadee.ar\/index.php\/productos-nuclear-home\/portales-de-paso-y-contaminacion-para-personas\/?categoryitems=0#seccion\">PORTALES DE PASO Y CONTAMINACI\u00d3N PARA PERSONAS<\/a><\/li>\n<li class=\"opened\"><a href=\"http:\/\/aadee.ar\/index.php\/productos-nuclear-home\/portales-para-vehiculos\/?categoryitems=0#seccion\">PORTALES PARA VEH\u00cdCULOS<\/a><\/li>\n<li class=\"opened\"><a href=\"http:\/\/aadee.ar\/index.php\/productos-nuclear-home\/sistema-de-monitoreo-remoto\/?categoryitems=0#seccion\">SISTEMAS DE MONITOREO REMOTO<\/a><\/li>\n<li class=\"opened\"><a href=\"http:\/\/aadee.ar\/index.php\/productos-nuclear-home\/teletectors\/?categoryitems=0#seccion\">TELETECTORS<\/a><\/li>\n<\/ul>\n<li><a href=\"http:\/\/aadee.ar\/index.php\/empresas-representadas-nuclear\/\">EMPRESAS REPRESANTADAS<\/a><\/li>\n<\/ul>\n<\/div>\n<\/div>\n<p>[\/et_pb_text][\/et_pb_column][et_pb_column type=\u00bb3_4&#8243; specialty_columns=\u00bb3&#8243; _builder_version=\u00bb3.0.47&#8243; padding_left=\u00bb0px\u00bb padding_left__hover=\u00bb0px\u00bb padding_right=\u00bb0px\u00bb padding_right__hover=\u00bb0px\u00bb parallax=\u00bboff\u00bb parallax__hover=\u00bboff\u00bb parallax_method=\u00bbon\u00bb parallax_method__hover=\u00bbon\u00bb background_repeat=\u00bbno-repeat\u00bb background_repeat__hover=\u00bbno-repeat\u00bb][et_pb_row_inner admin_label=\u00bbFila\u00bb module_id=\u00bbseccion\u00bb _builder_version=\u00bb3.0.77&#8243;][et_pb_column_inner type=\u00bb4_4&#8243; saved_specialty_column_type=\u00bb3_4&#8243; _builder_version=\u00bb3.0.47&#8243; parallax=\u00bboff\u00bb parallax__hover=\u00bboff\u00bb parallax_method=\u00bbon\u00bb parallax_method__hover=\u00bbon\u00bb][et_pb_text _builder_version=\u00bb3.0.87&#8243; module_alignment=\u00bbleft\u00bb border_style=\u00bbsolid\u00bb]<\/p>\n<h1>DIVISION NUCLEAR<span style=\"color: #005ea8;\"> \/ PRODUCTOS<\/span><\/h1>\n<h2><span style=\"color: #005ea8; font-size: 30px;\">CONTADORES ALFA-BETA<\/span><\/h2>\n<p>[\/et_pb_text][\/et_pb_column_inner][\/et_pb_row_inner][et_pb_row_inner custom_padding=\u00bb0px|||\u00bb use_custom_gutter=\u00bbon\u00bb gutter_width=\u00bb1&#8243; background_repeat_1=\u00bbno-repeat\u00bb background_repeat_2=\u00bbno-repeat\u00bb background_repeat_3=\u00bbno-repeat\u00bb admin_label=\u00bbFila\u00bb _builder_version=\u00bb3.0.77&#8243; custom_margin=\u00bb0px|||\u00bb][et_pb_column_inner type=\u00bb1_3&#8243; saved_specialty_column_type=\u00bb3_4&#8243; _builder_version=\u00bb3.0.47&#8243; parallax=\u00bboff\u00bb parallax__hover=\u00bboff\u00bb parallax_method=\u00bbon\u00bb parallax_method__hover=\u00bbon\u00bb background_repeat=\u00bbno-repeat\u00bb background_repeat__hover=\u00bbno-repeat\u00bb][et_pb_blurb title=\u00bbORTEC\u00bb url=\u00bbhttp:\/\/aadee.ar\/00pdf\/nuclear\/AB-Manual.pdf\u00bb url_new_window=\u00bbon\u00bb image=\u00bbhttp:\/\/aadee.ar\/nuclear\/00img\/productos\/Manual-Counting-Systems.jpg\u00bb alt=\u00bbORTEC\u00bb icon_placement=\u00bbleft\u00bb image_max_width=\u00bb125px\u00bb content_max_width=\u00bb100%\u00bb _builder_version=\u00bb3.0.87&#8243; header_text_color=\u00bb#005ea8&#8243; header_font_size=\u00bb12&#8243; body_text_color=\u00bb#505050&#8243; body_font_size=\u00bb12&#8243; border_style=\u00bbsolid\u00bb]<strong>Manual Counting Systems<\/strong><br \/>\nContadores Alfa &#8211; Beta Manuales.<\/p>\n<p><a href=\"http:\/\/aadee.ar\/00pdf\/nuclear\/AB-Manual.pdf\"><span style=\"color: #005ea8;\">+INFO<\/span><\/a><br \/>\n[\/et_pb_blurb][\/et_pb_column_inner][et_pb_column_inner type=\u00bb1_3&#8243; saved_specialty_column_type=\u00bb3_4&#8243; _builder_version=\u00bb3.0.47&#8243; parallax=\u00bboff\u00bb parallax__hover=\u00bboff\u00bb parallax_method=\u00bbon\u00bb parallax_method__hover=\u00bbon\u00bb background_repeat=\u00bbno-repeat\u00bb background_repeat__hover=\u00bbno-repeat\u00bb][et_pb_blurb title=\u00bbORTEC\u00bb url=\u00bbhttp:\/\/aadee.ar\/00pdf\/nuclear\/AB-Automatic.pdf\u00bb url_new_window=\u00bbon\u00bb image=\u00bbhttp:\/\/aadee.ar\/nuclear\/00img\/productos\/Automatic-Counting-Systems.jpg\u00bb alt=\u00bbORTEC\u00bb icon_placement=\u00bbleft\u00bb image_max_width=\u00bb125px\u00bb content_max_width=\u00bb100%\u00bb _builder_version=\u00bb3.0.87&#8243; header_text_color=\u00bb#005ea8&#8243; header_font_size=\u00bb12&#8243; body_text_color=\u00bb#505050&#8243; body_font_size=\u00bb12&#8243; border_style=\u00bbsolid\u00bb]<strong>Automatic Counting Systems<\/strong><br \/>\nContadores Alfa &#8211; Beta Autom\u00e1ticos.<\/p>\n<p><a href=\"http:\/\/aadee.ar\/00pdf\/nuclear\/AB-Automatic.pdf\"><span style=\"color: #005ea8;\">+INFO<\/span><\/a><br \/>\n[\/et_pb_blurb][\/et_pb_column_inner][et_pb_column_inner type=\u00bb1_3&#8243; saved_specialty_column_type=\u00bb3_4&#8243; _builder_version=\u00bb3.0.47&#8243; parallax=\u00bboff\u00bb parallax__hover=\u00bboff\u00bb parallax_method=\u00bbon\u00bb parallax_method__hover=\u00bbon\u00bb background_repeat=\u00bbno-repeat\u00bb background_repeat__hover=\u00bbno-repeat\u00bb][et_pb_blurb title=\u00bbORTEC\u00bb url=\u00bbhttp:\/\/aadee.ar\/00pdf\/nuclear\/MDS.pdf\u00bb url_new_window=\u00bbon\u00bb image=\u00bbhttp:\/\/aadee.ar\/nuclear\/00img\/productos\/MDS.jpg\u00bb alt=\u00bbORTEC\u00bb icon_placement=\u00bbleft\u00bb image_max_width=\u00bb125px\u00bb content_max_width=\u00bb100%\u00bb _builder_version=\u00bb3.0.87&#8243; header_text_color=\u00bb#005ea8&#8243; header_font_size=\u00bb12&#8243; body_text_color=\u00bb#505050&#8243; body_font_size=\u00bb12&#8243; border_style=\u00bbsolid\u00bb]<strong>Multi-Detector Systems<\/strong><br \/>\nContadores Alfa &#8211; Beta Multidetector.<\/p>\n<p><a href=\"http:\/\/aadee.ar\/00pdf\/nuclear\/MDS.pdf\"><span style=\"color: #005ea8;\">+INFO<\/span><\/a><br \/>\n[\/et_pb_blurb][\/et_pb_column_inner][\/et_pb_row_inner][\/et_pb_column][\/et_pb_section]<\/p>\n","protected":false},"excerpt":{"rendered":"<p>Men\u00fa NOVEDADES PRODUCTOS CONTADORES ALFA &amp; BETA CONTADORES DE CUERPO ENTERO DOS\u00cdMETROS ELECTR\u00d3NICOS EMERGENCIAS Y PROTECCI\u00d3N DE FRONTERAS ESPECTROMETRIA ALFA ESPECTROMETRIA GAMA IDENTIFICADORES DE IS\u00d3TOPOS PORT\u00c1TILES IRRADIADORES LECTORAS Y DOS\u00cdMETROS TERMOLUMINISCENTES MONITORES DE ACTIVIDAD MONITORES DE AIRE MONITORES DE AREA MONITORES DE CONTAMINACI\u00d3N PARA OBJETOS MONITORES DE RADIACION PORT\u00c1TILES MONITORES PARA RESIDUOS RADIOACTIVOS PORTALES DE [&hellip;]<\/p>\n","protected":false},"author":2,"featured_media":0,"parent":767,"menu_order":0,"comment_status":"closed","ping_status":"closed","template":"","meta":{"_et_pb_use_builder":"on","_et_pb_old_content":"","_et_gb_content_width":"","footnotes":""},"class_list":["post-914","page","type-page","status-publish","hentry"],"_links":{"self":[{"href":"https:\/\/www.aadee.ar\/index.php\/wp-json\/wp\/v2\/pages\/914","targetHints":{"allow":["GET"]}}],"collection":[{"href":"https:\/\/www.aadee.ar\/index.php\/wp-json\/wp\/v2\/pages"}],"about":[{"href":"https:\/\/www.aadee.ar\/index.php\/wp-json\/wp\/v2\/types\/page"}],"author":[{"embeddable":true,"href":"https:\/\/www.aadee.ar\/index.php\/wp-json\/wp\/v2\/users\/2"}],"replies":[{"embeddable":true,"href":"https:\/\/www.aadee.ar\/index.php\/wp-json\/wp\/v2\/comments?post=914"}],"version-history":[{"count":0,"href":"https:\/\/www.aadee.ar\/index.php\/wp-json\/wp\/v2\/pages\/914\/revisions"}],"up":[{"embeddable":true,"href":"https:\/\/www.aadee.ar\/index.php\/wp-json\/wp\/v2\/pages\/767"}],"wp:attachment":[{"href":"https:\/\/www.aadee.ar\/index.php\/wp-json\/wp\/v2\/media?parent=914"}],"curies":[{"name":"wp","href":"https:\/\/api.w.org\/{rel}","templated":true}]}}