{"id":8367,"date":"2021-09-20T13:55:49","date_gmt":"2021-09-20T13:55:49","guid":{"rendered":"https:\/\/www.aadee.ar\/?page_id=8367"},"modified":"2021-09-20T17:28:20","modified_gmt":"2021-09-20T17:28:20","slug":"landing-gases","status":"publish","type":"page","link":"https:\/\/www.aadee.ar\/index.php\/landing-gases\/","title":{"rendered":"Landing Gases"},"content":{"rendered":"<p>[et_pb_section fb_built=\u00bb1&#8243; _builder_version=\u00bb4.9.4&#8243; _module_preset=\u00bbdefault\u00bb][et_pb_row _builder_version=\u00bb4.9.4&#8243; _module_preset=\u00bbdefault\u00bb][et_pb_column type=\u00bb4_4&#8243; _builder_version=\u00bb4.9.4&#8243; _module_preset=\u00bbdefault\u00bb][et_pb_image src=\u00bbhttps:\/\/www.aadee.ar\/wordpress\/wp-content\/uploads\/2018\/10\/loog_aadee_1973.png\u00bb title_text=\u00bbloog_aadee_1973&#8243; _builder_version=\u00bb4.9.4&#8243; _module_preset=\u00bbdefault\u00bb custom_margin=\u00bb||50px||false|false\u00bb][\/et_pb_image][et_pb_text admin_label=\u00bbTexto\u00bb _builder_version=\u00bb4.9.4&#8243; _module_preset=\u00bbdefault\u00bb text_font=\u00bbUbuntu||||||||\u00bb text_text_color=\u00bb#00aeef\u00bb header_font=\u00bbUbuntu||||||||\u00bb header_text_color=\u00bb#00aeef\u00bb]<\/p>\n<h1>\u00danico fabricante de analizadores de gases en sangre de Latinoam\u00e9rica<\/h1>\n<p>[\/et_pb_text][et_pb_video src=\u00bbhttps:\/\/www.youtube.com\/watch?v=GHNiXCL6rrc\u00bb _builder_version=\u00bb4.9.4&#8243; _module_preset=\u00bbdefault\u00bb][\/et_pb_video][et_pb_accordion _builder_version=\u00bb4.9.4&#8243; _module_preset=\u00bbdefault\u00bb][et_pb_accordion_item title=\u00bbCaracter\u00edsticas\u00bb open=\u00bbon\u00bb _builder_version=\u00bb4.9.4&#8243; _module_preset=\u00bbdefault\u00bb]<\/p>\n<ul>\n<li>Ingreso de muestra por Aspiraci\u00f3n de tubo o jeringa,<br \/>Inyecci\u00f3n y Microm\u00e9todo.<\/li>\n<li>Bajo consumo de reactivos.<\/li>\n<li>Tama\u00f1o de muestra de 80\u03bcl para los 3 par\u00e1metros.<\/li>\n<li>Medici\u00f3n de sangre entera.<\/li>\n<li>Display interactivo de 10 pulgadas.<\/li>\n<li>Led de Estado del equipo para diferentes tareas.<\/li>\n<li>Realiza hasta 30 muestras hora.<\/li>\n<li>Impresi\u00f3n de ticket.<\/li>\n<li>Interfaz gr\u00e1fica de f\u00e1cil comprensi\u00f3n y uso.<\/li>\n<li>Utiliza reactivos individuales.<\/li>\n<li>Memoria de paciente hasta 10000 posiciones.<\/li>\n<li>Fuente externa de 12V.<\/li>\n<li>Modo Bater\u00eda con autonom\u00eda hasta 6 Hs.<\/li>\n<li>Alarma de aviso de frascos para bajo nivel de reactivos y\/o residuo lleno.<\/li>\n<li>Puerto USB para:\n<ul>\n<li>Lectora de c\u00f3digo de barras para el ingreso de datos de paciente como ingreso de\u00a0 reactivos (opcional).<\/li>\n<li>Teclado para ingreso de datos de paciente (opcional).<\/li>\n<\/ul>\n<\/li>\n<\/ul>\n<p>[\/et_pb_accordion_item][et_pb_accordion_item title=\u00bbReactivos e insumos individuales\u00bb _builder_version=\u00bb4.9.4&#8243; _module_preset=\u00bbdefault\u00bb open=\u00bboff\u00bb]<\/p>\n<p><img loading=\"lazy\" decoding=\"async\" class=\"size-medium aligncenter\" src=\"https:\/\/www.aadee.ar\/fabricacion\/00img\/productos\/ugases-analizador-de-ph-y-gases-en-sangre-360.gif\" alt=\"\" width=\"600\" height=\"600\" \/><\/p>\n<p>[\/et_pb_accordion_item][\/et_pb_accordion][\/et_pb_column][\/et_pb_row][\/et_pb_section][et_pb_section fb_built=\u00bb1&#8243; _builder_version=\u00bb4.9.4&#8243; _module_preset=\u00bbdefault\u00bb][et_pb_row _builder_version=\u00bb4.9.4&#8243; _module_preset=\u00bbdefault\u00bb][et_pb_column type=\u00bb4_4&#8243; _builder_version=\u00bb4.9.4&#8243; _module_preset=\u00bbdefault\u00bb][et_pb_text admin_label=\u00bbTexto\u00bb _builder_version=\u00bb4.9.4&#8243; _module_preset=\u00bbdefault\u00bb text_font=\u00bbUbuntu||||||||\u00bb text_text_color=\u00bb#00aeef\u00bb hover_enabled=\u00bb0&#8243; header_font=\u00bbUbuntu||||||||\u00bb header_text_color=\u00bb#00aeef\u00bb sticky_enabled=\u00bb0&#8243;]<\/p>\n<h1>Estemos en contacto<\/h1>\n<p>[\/et_pb_text][et_pb_image src=\u00bbhttps:\/\/www.aadee.ar\/wordpress\/wp-content\/uploads\/logo_whatsapp.png\u00bb title_text=\u00bblogo_whatsapp\u00bb url=\u00bbhttps:\/\/wa.me\/5492615453888&#8243; url_new_window=\u00bbon\u00bb align=\u00bbcenter\u00bb admin_label=\u00bbImagen\u00bb _builder_version=\u00bb4.9.4&#8243; _module_preset=\u00bbdefault\u00bb width=\u00bb350px\u00bb width_last_edited=\u00bboff|desktop\u00bb max_width_tablet=\u00bb\u00bb max_width_phone=\u00bb75%\u00bb max_width_last_edited=\u00bbon|phone\u00bb][\/et_pb_image][et_pb_contact_form admin_label=\u00bbFormulario de contacto\u00bb _builder_version=\u00bb4.9.4&#8243; _module_preset=\u00bbdefault\u00bb][et_pb_contact_field field_id=\u00bbName\u00bb field_title=\u00bbNombre\u00bb _builder_version=\u00bb3.16&#8243; button_text_size__hover_enabled=\u00bboff\u00bb button_one_text_size__hover_enabled=\u00bboff\u00bb button_two_text_size__hover_enabled=\u00bboff\u00bb button_text_color__hover_enabled=\u00bboff\u00bb button_one_text_color__hover_enabled=\u00bboff\u00bb button_two_text_color__hover_enabled=\u00bboff\u00bb button_border_width__hover_enabled=\u00bboff\u00bb button_one_border_width__hover_enabled=\u00bboff\u00bb button_two_border_width__hover_enabled=\u00bboff\u00bb button_border_color__hover_enabled=\u00bboff\u00bb button_one_border_color__hover_enabled=\u00bboff\u00bb button_two_border_color__hover_enabled=\u00bboff\u00bb button_border_radius__hover_enabled=\u00bboff\u00bb button_one_border_radius__hover_enabled=\u00bboff\u00bb button_two_border_radius__hover_enabled=\u00bboff\u00bb button_letter_spacing__hover_enabled=\u00bboff\u00bb button_one_letter_spacing__hover_enabled=\u00bboff\u00bb button_two_letter_spacing__hover_enabled=\u00bboff\u00bb button_bg_color__hover_enabled=\u00bboff\u00bb button_one_bg_color__hover_enabled=\u00bboff\u00bb button_two_bg_color__hover_enabled=\u00bboff\u00bb][\/et_pb_contact_field][et_pb_contact_field field_id=\u00bbEmail\u00bb field_title=\u00bbDirecci\u00f3n de correo electr\u00f3nico\u00bb field_type=\u00bbemail\u00bb _builder_version=\u00bb3.16&#8243; button_text_size__hover_enabled=\u00bboff\u00bb button_one_text_size__hover_enabled=\u00bboff\u00bb button_two_text_size__hover_enabled=\u00bboff\u00bb button_text_color__hover_enabled=\u00bboff\u00bb button_one_text_color__hover_enabled=\u00bboff\u00bb button_two_text_color__hover_enabled=\u00bboff\u00bb button_border_width__hover_enabled=\u00bboff\u00bb button_one_border_width__hover_enabled=\u00bboff\u00bb button_two_border_width__hover_enabled=\u00bboff\u00bb button_border_color__hover_enabled=\u00bboff\u00bb button_one_border_color__hover_enabled=\u00bboff\u00bb button_two_border_color__hover_enabled=\u00bboff\u00bb button_border_radius__hover_enabled=\u00bboff\u00bb button_one_border_radius__hover_enabled=\u00bboff\u00bb button_two_border_radius__hover_enabled=\u00bboff\u00bb button_letter_spacing__hover_enabled=\u00bboff\u00bb button_one_letter_spacing__hover_enabled=\u00bboff\u00bb button_two_letter_spacing__hover_enabled=\u00bboff\u00bb button_bg_color__hover_enabled=\u00bboff\u00bb button_one_bg_color__hover_enabled=\u00bboff\u00bb button_two_bg_color__hover_enabled=\u00bboff\u00bb][\/et_pb_contact_field][et_pb_contact_field field_id=\u00bbMessage\u00bb field_title=\u00bbMensaje\u00bb field_type=\u00bbtext\u00bb fullwidth_field=\u00bbon\u00bb _builder_version=\u00bb3.16&#8243; button_text_size__hover_enabled=\u00bboff\u00bb button_one_text_size__hover_enabled=\u00bboff\u00bb button_two_text_size__hover_enabled=\u00bboff\u00bb button_text_color__hover_enabled=\u00bboff\u00bb button_one_text_color__hover_enabled=\u00bboff\u00bb button_two_text_color__hover_enabled=\u00bboff\u00bb button_border_width__hover_enabled=\u00bboff\u00bb button_one_border_width__hover_enabled=\u00bboff\u00bb button_two_border_width__hover_enabled=\u00bboff\u00bb button_border_color__hover_enabled=\u00bboff\u00bb button_one_border_color__hover_enabled=\u00bboff\u00bb button_two_border_color__hover_enabled=\u00bboff\u00bb button_border_radius__hover_enabled=\u00bboff\u00bb button_one_border_radius__hover_enabled=\u00bboff\u00bb button_two_border_radius__hover_enabled=\u00bboff\u00bb button_letter_spacing__hover_enabled=\u00bboff\u00bb button_one_letter_spacing__hover_enabled=\u00bboff\u00bb button_two_letter_spacing__hover_enabled=\u00bboff\u00bb button_bg_color__hover_enabled=\u00bboff\u00bb button_one_bg_color__hover_enabled=\u00bboff\u00bb button_two_bg_color__hover_enabled=\u00bboff\u00bb][\/et_pb_contact_field][\/et_pb_contact_form][\/et_pb_column][\/et_pb_row][\/et_pb_section]<\/p>\n","protected":false},"excerpt":{"rendered":"<p>\u00danico fabricante de analizadores de gases en sangre de Latinoam\u00e9rica Ingreso de muestra por Aspiraci\u00f3n de tubo o jeringa,Inyecci\u00f3n y Microm\u00e9todo. Bajo consumo de reactivos. Tama\u00f1o de muestra de 80\u03bcl para los 3 par\u00e1metros. Medici\u00f3n de sangre entera. Display interactivo de 10 pulgadas. Led de Estado del equipo para diferentes tareas. Realiza hasta 30 muestras [&hellip;]<\/p>\n","protected":false},"author":3,"featured_media":0,"parent":0,"menu_order":0,"comment_status":"closed","ping_status":"closed","template":"page-template-blank.php","meta":{"_et_pb_use_builder":"on","_et_pb_old_content":"","_et_gb_content_width":"","footnotes":""},"class_list":["post-8367","page","type-page","status-publish","hentry"],"_links":{"self":[{"href":"https:\/\/www.aadee.ar\/index.php\/wp-json\/wp\/v2\/pages\/8367","targetHints":{"allow":["GET"]}}],"collection":[{"href":"https:\/\/www.aadee.ar\/index.php\/wp-json\/wp\/v2\/pages"}],"about":[{"href":"https:\/\/www.aadee.ar\/index.php\/wp-json\/wp\/v2\/types\/page"}],"author":[{"embeddable":true,"href":"https:\/\/www.aadee.ar\/index.php\/wp-json\/wp\/v2\/users\/3"}],"replies":[{"embeddable":true,"href":"https:\/\/www.aadee.ar\/index.php\/wp-json\/wp\/v2\/comments?post=8367"}],"version-history":[{"count":27,"href":"https:\/\/www.aadee.ar\/index.php\/wp-json\/wp\/v2\/pages\/8367\/revisions"}],"predecessor-version":[{"id":8409,"href":"https:\/\/www.aadee.ar\/index.php\/wp-json\/wp\/v2\/pages\/8367\/revisions\/8409"}],"wp:attachment":[{"href":"https:\/\/www.aadee.ar\/index.php\/wp-json\/wp\/v2\/media?parent=8367"}],"curies":[{"name":"wp","href":"https:\/\/api.w.org\/{rel}","templated":true}]}}