{"id":8324,"date":"2021-07-01T16:15:51","date_gmt":"2021-07-01T16:15:51","guid":{"rendered":"https:\/\/www.aadee.ar\/?page_id=8324"},"modified":"2021-07-01T16:27:38","modified_gmt":"2021-07-01T16:27:38","slug":"anmat-philips-respironics","status":"publish","type":"page","link":"https:\/\/www.aadee.ar\/index.php\/anmat-philips-respironics\/","title":{"rendered":"ANMAT &#8211; PHILIPS RESPIRONICS"},"content":{"rendered":"<p>[et_pb_section fb_built=\u00bb1&#8243; _builder_version=\u00bb4.1&#8243; background_color=\u00bb#005da8&#8243; custom_padding=\u00bb43px||43px||true|\u00bb][et_pb_row _builder_version=\u00bb4.1&#8243;][et_pb_column type=\u00bb4_4&#8243; _builder_version=\u00bb4.1&#8243;][et_pb_text _builder_version=\u00bb4.9.4&#8243; header_text_color=\u00bb#ffffff\u00bb hover_enabled=\u00bb0&#8243; sticky_enabled=\u00bb0&#8243; header_line_height=\u00bb1.4em\u00bb]<\/p>\n<h1><span>Alerta de seguridad para modelos de ventiladores de asistencia respiratoria &#8211; PHILIPS RESPIRONICS<\/span><\/h1>\n<p>[\/et_pb_text][\/et_pb_column][\/et_pb_row][\/et_pb_section][et_pb_section fb_built=\u00bb1&#8243; _builder_version=\u00bb4.1&#8243; custom_padding=\u00bb30px|0px|21px|0px|false|false\u00bb][et_pb_row _builder_version=\u00bb4.1&#8243;][et_pb_column type=\u00bb4_4&#8243; _builder_version=\u00bb4.1&#8243;][et_pb_text _builder_version=\u00bb4.9.4&#8243; hover_enabled=\u00bb0&#8243; sticky_enabled=\u00bb0&#8243;]<\/p>\n<p><span>Se informa que la empresa PHILIPS RESPIRONICS emiti\u00f3, de forma voluntaria, un\u00a0<strong>aviso de seguridad de campo y advertencia<\/strong>\u00a0indicando\u00a0<strong>la posibilidad de degradaci\u00f3n de la espuma de poliuretano a base de poli\u00e9ster<\/strong>\u00a0(PE-PUR:polyester-based poliuretano) utilizada para la reducci\u00f3n de ruido y emisi\u00f3n de compuestos org\u00e1nicos vol\u00e1tiles\u00a0<strong>en ventiladores de asistencia respiratoria.<\/strong><\/span><\/p>\n<p><strong><span>El aviso refiere a todos los n\u00fameros de serie de los modelos de productos<\/span><\/strong><span>\u00a0fabricados hasta el 26 de abril de 2021,\u00a0<strong>informados a continuaci\u00f3n<\/strong>:<\/span><\/p>\n<p><span>\u00b7\u00a0\u00a0\u00a0\u00a0\u00a0\u00a0\u00a0<\/span><strong><span>Dispositivos de CPAP y Bi-presi\u00f3n positiva<\/span><\/strong><span><\/span><\/p>\n<p><span>\u00b7\u00a0\u00a0\u00a0\u00a0\u00a0\u00a0\u00a0<\/span><strong><span>Modelos de Dispositivos Trilogy 100, Trilogy 200, Garbin Plus, Aeris, LifeVent, BiPAP V30, y serie BiPAP A30\/A40<\/span><\/strong><span><\/span><\/p>\n<p class=\"x_MsoNormal\"><span>Para mayor informaci\u00f3n solicitamos leer el link de ANMAT<br \/><a href=\"https:\/\/www.argentina.gob.ar\/noticias\/alerta-de-seguridad-para-modelos-de-ventiladores-de-asistencia-respiratoria-philips\" target=\"_blank\" rel=\"noopener noreferrer\" data-auth=\"NotApplicable\" data-linkindex=\"1\"><span style=\"color: #e02b20;\">https:\/\/www.argentina.gob.ar\/noticias\/alerta-de-seguridad-para-modelos-de-ventiladores-de-asistencia-respiratoria-philips<\/span><\/a>\u00a0o <strong><a href=\"https:\/\/www.aadee.ar\/index.php\/contacto\/\">comunicarse con AADEE SA<\/a><\/strong> .\u00a0<\/span><\/p>\n<p>[\/et_pb_text][\/et_pb_column][\/et_pb_row][et_pb_row _builder_version=\u00bb4.4.6&#8243;][et_pb_column type=\u00bb4_4&#8243; _builder_version=\u00bb4.4.6&#8243;][et_pb_cta title=\u00bbM\u00c1S INFORMACI\u00d3N EN LA SIGUIENTE NOTA\u00bb button_url=\u00bbhttps:\/\/www.aadee.ar\/wordpress\/wp-content\/uploads\/Argentina-FINAL-Ventilator-FSN-Letter-DISTRIBUTOR-MODEL.pdf\u00bb button_text=\u00bbVER NOTA PDF\u00bb _builder_version=\u00bb4.9.4&#8243; background_color=\u00bb#e2001a\u00bb hover_enabled=\u00bb0&#8243; sticky_enabled=\u00bb0&#8243; link_option_url=\u00bbhttps:\/\/www.aadee.ar\/wordpress\/wp-content\/uploads\/Argentina-FINAL-Ventilator-FSN-Letter-DISTRIBUTOR-MODEL.pdf\u00bb url_new_window=\u00bbon\u00bb link_option_url_new_window=\u00bbon\u00bb][\/et_pb_cta][\/et_pb_column][\/et_pb_row][\/et_pb_section]<\/p>\n","protected":false},"excerpt":{"rendered":"<p>Alerta de seguridad para modelos de ventiladores de asistencia respiratoria &#8211; PHILIPS RESPIRONICSSe informa que la empresa PHILIPS RESPIRONICS emiti\u00f3, de forma voluntaria, un\u00a0aviso de seguridad de campo y advertencia\u00a0indicando\u00a0la posibilidad de degradaci\u00f3n de la espuma de poliuretano a base de poli\u00e9ster\u00a0(PE-PUR:polyester-based poliuretano) utilizada para la reducci\u00f3n de ruido y emisi\u00f3n de compuestos org\u00e1nicos vol\u00e1tiles\u00a0en [&hellip;]<\/p>\n","protected":false},"author":3,"featured_media":0,"parent":0,"menu_order":0,"comment_status":"closed","ping_status":"closed","template":"","meta":{"_et_pb_use_builder":"on","_et_pb_old_content":"","_et_gb_content_width":"","footnotes":""},"class_list":["post-8324","page","type-page","status-publish","hentry"],"_links":{"self":[{"href":"https:\/\/www.aadee.ar\/index.php\/wp-json\/wp\/v2\/pages\/8324","targetHints":{"allow":["GET"]}}],"collection":[{"href":"https:\/\/www.aadee.ar\/index.php\/wp-json\/wp\/v2\/pages"}],"about":[{"href":"https:\/\/www.aadee.ar\/index.php\/wp-json\/wp\/v2\/types\/page"}],"author":[{"embeddable":true,"href":"https:\/\/www.aadee.ar\/index.php\/wp-json\/wp\/v2\/users\/3"}],"replies":[{"embeddable":true,"href":"https:\/\/www.aadee.ar\/index.php\/wp-json\/wp\/v2\/comments?post=8324"}],"version-history":[{"count":4,"href":"https:\/\/www.aadee.ar\/index.php\/wp-json\/wp\/v2\/pages\/8324\/revisions"}],"predecessor-version":[{"id":8332,"href":"https:\/\/www.aadee.ar\/index.php\/wp-json\/wp\/v2\/pages\/8324\/revisions\/8332"}],"wp:attachment":[{"href":"https:\/\/www.aadee.ar\/index.php\/wp-json\/wp\/v2\/media?parent=8324"}],"curies":[{"name":"wp","href":"https:\/\/api.w.org\/{rel}","templated":true}]}}