{"id":7391,"date":"2020-01-30T14:01:51","date_gmt":"2020-01-30T14:01:51","guid":{"rendered":"https:\/\/aadee.ar\/?page_id=7391"},"modified":"2025-09-05T17:54:56","modified_gmt":"2025-09-05T20:54:56","slug":"contacto","status":"publish","type":"page","link":"https:\/\/www.aadee.ar\/index.php\/contacto\/","title":{"rendered":"Contacto"},"content":{"rendered":"<p>[et_pb_section fb_built=\u00bb1&#8243; _builder_version=\u00bb4.15&#8243; background_color=\u00bb#005da8&#8243; custom_padding=\u00bb43px||43px||true|\u00bb global_colors_info=\u00bb{}\u00bb][et_pb_row _builder_version=\u00bb4.15&#8243; global_colors_info=\u00bb{}\u00bb][et_pb_column type=\u00bb4_4&#8243; _builder_version=\u00bb4.15&#8243; global_colors_info=\u00bb{}\u00bb][et_pb_text _builder_version=\u00bb4.15.1&#8243; header_text_color=\u00bb#ffffff\u00bb global_colors_info=\u00bb{}\u00bb]<\/p>\n<h1>Comunicate con nosotros<\/h1>\n<p>[\/et_pb_text][\/et_pb_column][\/et_pb_row][\/et_pb_section][et_pb_section fb_built=\u00bb1&#8243; _builder_version=\u00bb4.15&#8243; custom_padding=\u00bb30px|0px|21px|0px|false|false\u00bb global_colors_info=\u00bb{}\u00bb][et_pb_row column_structure=\u00bb1_2,1_2&#8243; _builder_version=\u00bb4.15&#8243; global_colors_info=\u00bb{}\u00bb][et_pb_column type=\u00bb1_2&#8243; _builder_version=\u00bb4.15&#8243; global_colors_info=\u00bb{}\u00bb][et_pb_text _builder_version=\u00bb4.15.1&#8243; module_alignment=\u00bbleft\u00bb custom_padding=\u00bb7px|5px|7px|5px|true|true\u00bb border_style=\u00bbsolid\u00bb global_colors_info=\u00bb{}\u00bb]<\/p>\n<p><i class=\"fas fa-phone\" style=\"color: #ff0000;\"><\/i> <a href=\"tel:+5491145234848\">&nbsp;(54-11) 4523-4848<\/a> (l\u00edneas rotativas)<\/p>\n<p><i class=\"fab fa-whatsapp\" style=\"color: #ff0000;\"><\/i><a href=\"http:\/\/wa.me\/5491141932271\" target=\"_blank\" rel=\"noopener\">&nbsp;&nbsp;Whatsapp \u00c1rea comercial<\/a><\/p>\n<p><i class=\"fab fa-whatsapp\" style=\"color: #ff0000;\"><\/i><a href=\"http:\/\/wa.me\/5491140252449\" target=\"_blank\" rel=\"noopener\">&nbsp;&nbsp;Whatsapp Servicio T\u00e9cnico<\/a><\/p>\n<p><i class=\"fas fa-envelope\" style=\"color: #ff0000;\"><\/i> <a href=\"mailto:info@aadee.com.ar\">&nbsp;info@aadee.com.ar<\/a><\/p>\n<p>Av. Triunvirato 4135 &#8211; 5\u00ba piso<\/p>\n<p>Buenos Aires &#8211; Argentina l C1431FBD<\/p>\n<p>[\/et_pb_text][et_pb_social_media_follow _builder_version=\u00bb4.15.1&#8243; custom_padding=\u00bb9px|||||\u00bb global_colors_info=\u00bb{}\u00bb][et_pb_social_media_follow_network social_network=\u00bblinkedin\u00bb url=\u00bbhttps:\/\/www.linkedin.com\/company\/aadee-s.a.\/\u00bb use_icon_font_size=\u00bbon\u00bb icon_font_size=\u00bb21px\u00bb _builder_version=\u00bb4.15.1&#8243; background_color=\u00bb#007bb6&#8243; custom_padding=\u00bb1px|2px|1px|2px|true|true\u00bb border_radii=\u00bbon|30px|30px|30px|30px\u00bb global_colors_info=\u00bb{}\u00bb follow_button=\u00bboff\u00bb url_new_window=\u00bbon\u00bb]linkedin[\/et_pb_social_media_follow_network][et_pb_social_media_follow_network social_network=\u00bbyoutube\u00bb url=\u00bbhttps:\/\/www.youtube.com\/channel\/UCMtImEHXG09ib9vUQ_rDzng\/videos\/\u00bb use_icon_font_size=\u00bbon\u00bb icon_font_size=\u00bb21px\u00bb _builder_version=\u00bb4.1&#8243; background_color=\u00bb#a82400&#8243; custom_padding=\u00bb1px|2px|1px|2px|true|true\u00bb border_radii=\u00bbon|30px|30px|30px|30px\u00bb global_colors_info=\u00bb{}\u00bb follow_button=\u00bboff\u00bb url_new_window=\u00bbon\u00bb]youtube[\/et_pb_social_media_follow_network][\/et_pb_social_media_follow][\/et_pb_column][et_pb_column type=\u00bb1_2&#8243; _builder_version=\u00bb4.15&#8243; global_colors_info=\u00bb{}\u00bb][et_pb_text _builder_version=\u00bb4.15.1&#8243; hover_enabled=\u00bb0&#8243; global_colors_info=\u00bb{}\u00bb sticky_enabled=\u00bb0&#8243;]<\/p>\n\n<div class=\"wpcf7 no-js\" id=\"wpcf7-f9338-o1\" lang=\"es-ES\" dir=\"ltr\" data-wpcf7-id=\"9338\">\n<div class=\"screen-reader-response\"><p role=\"status\" aria-live=\"polite\" aria-atomic=\"true\"><\/p> <ul><\/ul><\/div>\n<form action=\"\/index.php\/wp-json\/wp\/v2\/pages\/7391#wpcf7-f9338-o1\" method=\"post\" class=\"wpcf7-form init\" aria-label=\"Formulario de contacto\" novalidate=\"novalidate\" data-status=\"init\">\n<fieldset class=\"hidden-fields-container\"><input type=\"hidden\" name=\"_wpcf7\" value=\"9338\" \/><input type=\"hidden\" name=\"_wpcf7_version\" value=\"6.1.3\" \/><input type=\"hidden\" name=\"_wpcf7_locale\" value=\"es_ES\" \/><input type=\"hidden\" name=\"_wpcf7_unit_tag\" value=\"wpcf7-f9338-o1\" \/><input type=\"hidden\" name=\"_wpcf7_container_post\" value=\"0\" \/><input type=\"hidden\" name=\"_wpcf7_posted_data_hash\" value=\"\" \/><input type=\"hidden\" name=\"_wpcf7_recaptcha_response\" value=\"\" \/>\n<\/fieldset>\n<p><label> Nombre y Apellido<br \/>\n<span class=\"wpcf7-form-control-wrap\" data-name=\"nombre-apellido\"><input size=\"40\" maxlength=\"400\" class=\"wpcf7-form-control wpcf7-text wpcf7-validates-as-required\" autocomplete=\"name\" aria-required=\"true\" aria-invalid=\"false\" value=\"\" type=\"text\" name=\"nombre-apellido\" \/><\/span> <\/label>\n<\/p>\n<p><label> Email<br \/>\n<span class=\"wpcf7-form-control-wrap\" data-name=\"correo\"><input size=\"40\" maxlength=\"400\" class=\"wpcf7-form-control wpcf7-email wpcf7-validates-as-required wpcf7-text wpcf7-validates-as-email\" autocomplete=\"email\" aria-required=\"true\" aria-invalid=\"false\" value=\"\" type=\"email\" name=\"correo\" \/><\/span> <\/label>\n<\/p>\n<p><label> Tel\u00e9fono<br \/>\n<span class=\"wpcf7-form-control-wrap\" data-name=\"tel-938\"><input size=\"40\" maxlength=\"400\" class=\"wpcf7-form-control wpcf7-tel wpcf7-text wpcf7-validates-as-tel\" aria-invalid=\"false\" value=\"\" type=\"tel\" name=\"tel-938\" \/><\/span> <\/label>\n<\/p>\n<p><label> Instituci\u00f3n<br \/>\n<span class=\"wpcf7-form-control-wrap\" data-name=\"institucion\"><input size=\"40\" maxlength=\"400\" class=\"wpcf7-form-control wpcf7-text wpcf7-validates-as-required\" aria-required=\"true\" aria-invalid=\"false\" value=\"\" type=\"text\" name=\"institucion\" \/><\/span> <\/label>\n<\/p>\n<p><label> Consulta (opcional)<br \/>\n<span class=\"wpcf7-form-control-wrap\" data-name=\"consulta\"><textarea cols=\"40\" rows=\"10\" maxlength=\"2000\" class=\"wpcf7-form-control wpcf7-textarea\" aria-invalid=\"false\" name=\"consulta\"><\/textarea><\/span> <\/label>\n<\/p>\n<p><input class=\"wpcf7-form-control wpcf7-submit has-spinner\" type=\"submit\" value=\"Enviar\" \/>\n<\/p><div class=\"wpcf7-response-output\" aria-hidden=\"true\"><\/div>\n<\/form>\n<\/div>\n\n<p>[\/et_pb_text][\/et_pb_column][\/et_pb_row][et_pb_row column_structure=\u00bb1_3,1_3,1_3&#8243; make_equal=\u00bbon\u00bb disabled_on=\u00bbon|on|on\u00bb _builder_version=\u00bb4.15&#8243; custom_padding=\u00bb73px||27px||false|false\u00bb disabled=\u00bbon\u00bb global_colors_info=\u00bb{}\u00bb][et_pb_column type=\u00bb1_3&#8243; _builder_version=\u00bb4.15&#8243; global_colors_info=\u00bb{}\u00bb][et_pb_cta title=\u00bbCoordinaci\u00f3n Servicio T\u00e9cnico Medicina\u00bb _builder_version=\u00bb4.15&#8243; header_line_height=\u00bb1.8em\u00bb background_color=\u00bb#007061&#8243; custom_button=\u00bbon\u00bb button_text_size=\u00bb16px\u00bb custom_padding=\u00bb11px|8px|11px|8px|true|true\u00bb global_colors_info=\u00bb{}\u00bb]<i class=\"far fa-envelope\" style=\"padding-right: 5px;\"><\/i><a href=\"mailto:service1@aadee.com.ar\" style=\"color: #ffffff; text-decoration: none;\" target=\"_blank\" rel=\"noopener noreferrer\">service1@aadee.com.ar<\/a><\/p>\n<p><i class=\"fab fa-whatsapp\" style=\"padding-right: 5px;\"><\/i> <a href=\"https:\/\/wa.me\/5491140252449\" style=\"color: #ffffff; text-decoration: none;\" target=\"_blank\" rel=\"noopener noreferrer\">1140252449<\/a>[\/et_pb_cta][\/et_pb_column][et_pb_column type=\u00bb1_3&#8243; _builder_version=\u00bb4.15&#8243; global_colors_info=\u00bb{}\u00bb][et_pb_cta title=\u00bbJefe Servicio T\u00e9cnico Medicina\u00bb _builder_version=\u00bb4.15&#8243; header_line_height=\u00bb1.8em\u00bb background_color=\u00bb#00a892&#8243; custom_button=\u00bbon\u00bb button_text_size=\u00bb16px\u00bb custom_padding=\u00bb31px|8px|31px|8px|true|true\u00bb global_colors_info=\u00bb{}\u00bb]<i class=\"far fa-envelope\" style=\"padding-right: 5px;\"><\/i><a href=\"mailto:service@aadee.com.ar\" style=\"color: #ffffff; text-decoration: none;\" target=\"_blank\" rel=\"noopener noreferrer\">service@aadee.com.ar<\/a><\/p>\n<p><i class=\"fab fa-whatsapp\" style=\"padding-right: 5px;\"><\/i> <a href=\"https:\/\/wa.me\/5491155771081\" style=\"color: #ffffff; text-decoration: none;\" target=\"_blank\" rel=\"noopener noreferrer\">1155771081<\/a>[\/et_pb_cta][\/et_pb_column][et_pb_column type=\u00bb1_3&#8243; _builder_version=\u00bb4.15&#8243; global_colors_info=\u00bb{}\u00bb][et_pb_cta title=\u00bbExpedici\u00f3n de Reactivos:\u00bb _builder_version=\u00bb4.15&#8243; header_line_height=\u00bb1.8em\u00bb background_color=\u00bb#005da8&#8243; custom_button=\u00bbon\u00bb button_text_size=\u00bb16px\u00bb custom_padding=\u00bb31px|8px|31px|8px|true|true\u00bb global_colors_info=\u00bb{}\u00bb]<i class=\"far fa-envelope\" style=\"padding-right: 5px;\"><\/i><a href=\"mailto:admin4@aadee.com.ar\" style=\"color: #ffffff; text-decoration: none;\" target=\"_blank\" rel=\"noopener noreferrer\">admin4@aadee.com.ar<\/a><\/p>\n<p><i class=\"fab fa-whatsapp\" style=\"padding-right: 5px;\"><\/i> <a href=\"https:\/\/wa.me\/5491155771089\" style=\"color: #ffffff; text-decoration: none;\" target=\"_blank\" rel=\"noopener noreferrer\">1155771089<\/a>[\/et_pb_cta][\/et_pb_column][\/et_pb_row][et_pb_row column_structure=\u00bb1_2,1_2&#8243; disabled_on=\u00bbon|on|on\u00bb _builder_version=\u00bb4.15&#8243; custom_padding=\u00bb7px|||||\u00bb disabled=\u00bbon\u00bb global_colors_info=\u00bb{}\u00bb][et_pb_column type=\u00bb1_2&#8243; _builder_version=\u00bb4.15&#8243; global_colors_info=\u00bb{}\u00bb][et_pb_cta title=\u00bbComercial:\u00bb _builder_version=\u00bb4.15&#8243; header_line_height=\u00bb1.8em\u00bb background_color=\u00bb#009ee1&#8243; custom_button=\u00bbon\u00bb button_text_size=\u00bb16px\u00bb custom_padding=\u00bb31px|8px|31px|8px|true|true\u00bb global_colors_info=\u00bb{}\u00bb]<i class=\"far fa-envelope\" style=\"padding-right: 5px;\"><\/i><a href=\"mailto:calvarez@aadee.com.ar\" style=\"color: #ffffff; text-decoration: none;\" target=\"_blank\" rel=\"noopener noreferrer\">calvarez@aadee.com.ar<\/a><\/p>\n<p><i class=\"fab fa-whatsapp\" style=\"padding-right: 5px;\"><\/i> <a href=\"https:\/\/wa.me\/5491155771071\" style=\"color: #ffffff; text-decoration: none;\" target=\"_blank\" rel=\"noopener noreferrer\">1155771071<\/a>[\/et_pb_cta][\/et_pb_column][et_pb_column type=\u00bb1_2&#8243; _builder_version=\u00bb4.15&#8243; global_colors_info=\u00bb{}\u00bb][et_pb_cta title=\u00bbDirecci\u00f3n\u00bb _builder_version=\u00bb4.15&#8243; header_line_height=\u00bb1.8em\u00bb background_color=\u00bb#e02b20&#8243; custom_button=\u00bbon\u00bb button_text_size=\u00bb16px\u00bb custom_padding=\u00bb31px|8px|31px|8px|true|true\u00bb global_colors_info=\u00bb{}\u00bb]<i class=\"far fa-envelope\" style=\"padding-right: 5px;\"><\/i><a href=\"mailto:christian@aadee.com.ar\" style=\"color: #ffffff; text-decoration: none;\" target=\"_blank\" rel=\"noopener noreferrer\">christian@aadee.com.ar <\/a><\/p>\n<p><i class=\"fab fa-whatsapp\" style=\"padding-right: 5px;\"><\/i> <a href=\"https:\/\/wa.me\/5491155771072\" style=\"color: #ffffff; text-decoration: none;\" target=\"_blank\" rel=\"noopener noreferrer\">1155771072<\/a>[\/et_pb_cta][\/et_pb_column][\/et_pb_row][\/et_pb_section]<\/p>\n","protected":false},"excerpt":{"rendered":"<p>Comunicate con nosotros &nbsp;(54-11) 4523-4848 (l\u00edneas rotativas) &nbsp;&nbsp;Whatsapp \u00c1rea comercial &nbsp;&nbsp;Whatsapp Servicio T\u00e9cnico &nbsp;info@aadee.com.ar Av. Triunvirato 4135 &#8211; 5\u00ba piso Buenos Aires &#8211; Argentina l C1431FBDlinkedinyoutube\n<div class=\"wpcf7 no-js\" id=\"wpcf7-f9338-o2\" lang=\"es-ES\" dir=\"ltr\" data-wpcf7-id=\"9338\">\n<div class=\"screen-reader-response\"><p role=\"status\" aria-live=\"polite\" aria-atomic=\"true\"><\/p> <ul><\/ul><\/div>\n<form action=\"\/index.php\/wp-json\/wp\/v2\/pages\/7391#wpcf7-f9338-o2\" method=\"post\" class=\"wpcf7-form init\" aria-label=\"Formulario de contacto\" novalidate=\"novalidate\" data-status=\"init\">\n<fieldset class=\"hidden-fields-container\"><input type=\"hidden\" name=\"_wpcf7\" value=\"9338\" \/><input type=\"hidden\" name=\"_wpcf7_version\" value=\"6.1.3\" \/><input type=\"hidden\" name=\"_wpcf7_locale\" value=\"es_ES\" \/><input type=\"hidden\" name=\"_wpcf7_unit_tag\" value=\"wpcf7-f9338-o2\" \/><input type=\"hidden\" name=\"_wpcf7_container_post\" value=\"0\" \/><input type=\"hidden\" name=\"_wpcf7_posted_data_hash\" value=\"\" \/><input type=\"hidden\" name=\"_wpcf7_recaptcha_response\" value=\"\" \/>\n<\/fieldset>\n<p><label> Nombre y Apellido<br \/>\n<span class=\"wpcf7-form-control-wrap\" data-name=\"nombre-apellido\"><input size=\"40\" maxlength=\"400\" class=\"wpcf7-form-control wpcf7-text wpcf7-validates-as-required\" autocomplete=\"name\" aria-required=\"true\" aria-invalid=\"false\" value=\"\" type=\"text\" name=\"nombre-apellido\" \/><\/span> <\/label>\n<\/p>\n<p><label> Email<br \/>\n<span class=\"wpcf7-form-control-wrap\" data-name=\"correo\"><input size=\"40\" maxlength=\"400\" class=\"wpcf7-form-control wpcf7-email wpcf7-validates-as-required wpcf7-text wpcf7-validates-as-email\" autocomplete=\"email\" aria-required=\"true\" aria-invalid=\"false\" value=\"\" type=\"email\" name=\"correo\" \/><\/span> <\/label>\n<\/p>\n<p><label> Tel\u00e9fono<br \/>\n<span class=\"wpcf7-form-control-wrap\" data-name=\"tel-938\"><input size=\"40\" maxlength=\"400\" class=\"wpcf7-form-control wpcf7-tel wpcf7-text wpcf7-validates-as-tel\" aria-invalid=\"false\" value=\"\" type=\"tel\" name=\"tel-938\" \/><\/span> <\/label>\n<\/p>\n<p><label> Instituci\u00f3n<br \/>\n<span class=\"wpcf7-form-control-wrap\" data-name=\"institucion\"><input size=\"40\" maxlength=\"400\" class=\"wpcf7-form-control wpcf7-text wpcf7-validates-as-required\" aria-required=\"true\" aria-invalid=\"false\" value=\"\" type=\"text\" name=\"institucion\" \/><\/span> <\/label>\n<\/p>\n<p><label> Consulta (opcional)<br \/>\n<span class=\"wpcf7-form-control-wrap\" data-name=\"consulta\"><textarea cols=\"40\" rows=\"10\" maxlength=\"2000\" class=\"wpcf7-form-control wpcf7-textarea\" aria-invalid=\"false\" name=\"consulta\"><\/textarea><\/span> <\/label>\n<\/p>\n<p><input class=\"wpcf7-form-control wpcf7-submit has-spinner\" type=\"submit\" value=\"Enviar\" \/>\n<\/p><div class=\"wpcf7-response-output\" aria-hidden=\"true\"><\/div>\n<\/form>\n<\/div>\nservice1@aadee.com.ar 1140252449service@aadee.com.ar 1155771081admin4@aadee.com.ar 1155771089calvarez@aadee.com.ar 1155771071christian@aadee.com.ar 1155771072<\/p>\n","protected":false},"author":3,"featured_media":0,"parent":0,"menu_order":0,"comment_status":"closed","ping_status":"closed","template":"","meta":{"_et_pb_use_builder":"on","_et_pb_old_content":"","_et_gb_content_width":"","footnotes":""},"class_list":["post-7391","page","type-page","status-publish","hentry"],"_links":{"self":[{"href":"https:\/\/www.aadee.ar\/index.php\/wp-json\/wp\/v2\/pages\/7391","targetHints":{"allow":["GET"]}}],"collection":[{"href":"https:\/\/www.aadee.ar\/index.php\/wp-json\/wp\/v2\/pages"}],"about":[{"href":"https:\/\/www.aadee.ar\/index.php\/wp-json\/wp\/v2\/types\/page"}],"author":[{"embeddable":true,"href":"https:\/\/www.aadee.ar\/index.php\/wp-json\/wp\/v2\/users\/3"}],"replies":[{"embeddable":true,"href":"https:\/\/www.aadee.ar\/index.php\/wp-json\/wp\/v2\/comments?post=7391"}],"version-history":[{"count":34,"href":"https:\/\/www.aadee.ar\/index.php\/wp-json\/wp\/v2\/pages\/7391\/revisions"}],"predecessor-version":[{"id":9340,"href":"https:\/\/www.aadee.ar\/index.php\/wp-json\/wp\/v2\/pages\/7391\/revisions\/9340"}],"wp:attachment":[{"href":"https:\/\/www.aadee.ar\/index.php\/wp-json\/wp\/v2\/media?parent=7391"}],"curies":[{"name":"wp","href":"https:\/\/api.w.org\/{rel}","templated":true}]}}