{"id":727,"date":"2017-10-11T15:59:02","date_gmt":"2017-10-11T15:59:02","guid":{"rendered":"http:\/\/aadee.ar\/wordpress\/?page_id=727"},"modified":"2023-04-21T18:17:40","modified_gmt":"2023-04-21T21:17:40","slug":"soporte-tecnico","status":"publish","type":"page","link":"https:\/\/www.aadee.ar\/index.php\/soporte-tecnico\/","title":{"rendered":"Soporte T\u00e9cnico"},"content":{"rendered":"<p>[et_pb_section fb_built=\u00bb1&#8243; disabled_on=\u00bbon||\u00bb _builder_version=\u00bb4.15&#8243; custom_margin=\u00bb0px||0px|\u00bb custom_padding=\u00bb0px||0px|\u00bb global_colors_info=\u00bb{}\u00bb][et_pb_row column_structure=\u00bb1_4,1_4,1_4,1_4&#8243; disabled_on=\u00bbon|on|\u00bb _builder_version=\u00bb4.15.1&#8243; custom_margin=\u00bb0px|||\u00bb custom_padding=\u00bb28px|||||\u00bb global_module=\u00bb206&#8243; locked=\u00bboff\u00bb global_colors_info=\u00bb{}\u00bb][et_pb_column type=\u00bb1_4&#8243; _builder_version=\u00bb4.15.1&#8243; custom_padding=\u00bb|||\u00bb global_colors_info=\u00bb{}\u00bb custom_padding__hover=\u00bb|||\u00bb][et_pb_image src=\u00bbhttps:\/\/www.aadee.ar\/wordpress\/wp-content\/uploads\/2017\/09\/ico_fabricacion-300&#215;98.png\u00bb title_text=\u00bbico_fabricacion\u00bb url=\u00bbhttp:\/\/aadee.ar\/index.php\/productos-fabricacion\/\u00bb _builder_version=\u00bb4.15.1&#8243; _module_preset=\u00bbdefault\u00bb global_colors_info=\u00bb{}\u00bb][\/et_pb_image][\/et_pb_column][et_pb_column type=\u00bb1_4&#8243; _builder_version=\u00bb4.15&#8243; custom_padding=\u00bb|||\u00bb global_colors_info=\u00bb{}\u00bb custom_padding__hover=\u00bb|||\u00bb][et_pb_image src=\u00bbhttps:\/\/www.aadee.ar\/wordpress\/wp-content\/uploads\/2017\/09\/ico_medicina-300&#215;98.png\u00bb title_text=\u00bbico_medicina\u00bb url=\u00bbhttp:\/\/aadee.ar\/index.php\/productos-medicina\/\u00bb _builder_version=\u00bb4.15.1&#8243; _module_preset=\u00bbdefault\u00bb global_colors_info=\u00bb{}\u00bb][\/et_pb_image][\/et_pb_column][et_pb_column type=\u00bb1_4&#8243; _builder_version=\u00bb4.15&#8243; custom_padding=\u00bb|||\u00bb global_colors_info=\u00bb{}\u00bb custom_padding__hover=\u00bb|||\u00bb][et_pb_image src=\u00bbhttps:\/\/www.aadee.ar\/wordpress\/wp-content\/uploads\/2017\/09\/ico_nuclear-300&#215;98.png\u00bb title_text=\u00bbico_nuclear\u00bb url=\u00bbhttp:\/\/aadee.ar\/index.php\/productos-nuclear-home\/\u00bb _builder_version=\u00bb4.15.1&#8243; _module_preset=\u00bbdefault\u00bb global_colors_info=\u00bb{}\u00bb][\/et_pb_image][\/et_pb_column][et_pb_column type=\u00bb1_4&#8243; _builder_version=\u00bb4.15&#8243; custom_padding=\u00bb|||\u00bb global_colors_info=\u00bb{}\u00bb custom_padding__hover=\u00bb|||\u00bb][et_pb_image src=\u00bbhttps:\/\/www.aadee.ar\/wordpress\/wp-content\/uploads\/2017\/09\/ico_investigacion-300&#215;98.png\u00bb title_text=\u00bbico_investigacion\u00bb url=\u00bbhttp:\/\/aadee.ar\/index.php\/productos-investigacion-home\/\u00bb _builder_version=\u00bb4.15.1&#8243; _module_preset=\u00bbdefault\u00bb global_colors_info=\u00bb{}\u00bb][\/et_pb_image][\/et_pb_column][\/et_pb_row][\/et_pb_section][et_pb_section fb_built=\u00bb1&#8243; _builder_version=\u00bb4.15&#8243; custom_padding=\u00bb0|0px|53.9531px|0px|false|false\u00bb global_colors_info=\u00bb{}\u00bb][et_pb_row column_structure=\u00bb1_4,3_4&#8243; module_class=\u00bbcustom_row\u00bb _builder_version=\u00bb4.15&#8243; global_colors_info=\u00bb{}\u00bb][et_pb_column type=\u00bb1_4&#8243; module_class=\u00bbsecond-on-mobile\u00bb _builder_version=\u00bb4.15&#8243; custom_padding=\u00bb|||\u00bb global_colors_info=\u00bb{}\u00bb custom_padding__hover=\u00bb|||\u00bb][et_pb_text _builder_version=\u00bb4.0.9&#8243; text_font_size=\u00bb15px\u00bb custom_padding=\u00bb|||\u00bb border_style=\u00bbsolid\u00bb global_module=\u00bb6185&#8243; saved_tabs=\u00bball\u00bb locked=\u00bboff\u00bb global_colors_info=\u00bb{}\u00bb]<\/p>\n<p style=\"text-align: center;\"><b>ISO 9001:2015 &#8211; ISO 13485:2016<\/b><\/p>\n<p>[\/et_pb_text][et_pb_image src=\u00bbhttps:\/\/www.aadee.ar\/wordpress\/wp-content\/uploads\/2019\/12\/ISO-9001-EN-ISO-13485-new2a.jpg\u00bb show_in_lightbox=\u00bbon\u00bb align_tablet=\u00bbcenter\u00bb align_phone=\u00bb\u00bb align_last_edited=\u00bbon|desktop\u00bb _builder_version=\u00bb4.0.9&#8243; custom_margin=\u00bb-10px|||\u00bb custom_padding=\u00bb|||\u00bb custom_padding_last_edited=\u00bboff|desktop\u00bb border_style=\u00bbsolid\u00bb global_module=\u00bb6186&#8243; saved_tabs=\u00bball\u00bb locked=\u00bboff\u00bb global_colors_info=\u00bb{}\u00bb][\/et_pb_image][et_pb_text _builder_version=\u00bb3.27.4&#8243; text_font_size=\u00bb15px\u00bb custom_padding=\u00bb|||\u00bb border_style=\u00bbsolid\u00bb global_module=\u00bb6192&#8243; saved_tabs=\u00bball\u00bb locked=\u00bboff\u00bb global_colors_info=\u00bb{}\u00bb]<\/p>\n<p style=\"text-align: center;\"><strong>Control de Calidad Externo RIQAS<\/strong><\/p>\n<p>[\/et_pb_text][et_pb_image src=\u00bbhttps:\/\/www.aadee.ar\/wordpress\/wp-content\/uploads\/riqas-2021.jpg\u00bb title_text=\u00bbriqas-2021&#8243; show_in_lightbox=\u00bbon\u00bb align_tablet=\u00bbcenter\u00bb align_phone=\u00bb\u00bb align_last_edited=\u00bbon|desktop\u00bb _builder_version=\u00bb4.9.4&#8243; custom_margin=\u00bb-10px|||\u00bb custom_padding=\u00bb|||\u00bb custom_padding_last_edited=\u00bboff|desktop\u00bb global_module=\u00bb6193&#8243; saved_tabs=\u00bball\u00bb locked=\u00bboff\u00bb global_colors_info=\u00bb{}\u00bb][\/et_pb_image][\/et_pb_column][et_pb_column type=\u00bb3_4&#8243; module_class=\u00bbfirst-on-mobile\u00bb _builder_version=\u00bb4.15&#8243; custom_padding=\u00bb|||\u00bb global_colors_info=\u00bb{}\u00bb custom_padding__hover=\u00bb|||\u00bb][et_pb_text _builder_version=\u00bb4.15&#8243; module_alignment=\u00bbleft\u00bb border_style=\u00bbsolid\u00bb global_colors_info=\u00bb{}\u00bb]<\/p>\n<h1>SOPORTE T\u00c9CNICO<\/h1>\n<p>[\/et_pb_text][et_pb_text _builder_version=\u00bb4.15.1&#8243; module_alignment=\u00bbleft\u00bb hover_enabled=\u00bb0&#8243; border_style=\u00bbsolid\u00bb global_colors_info=\u00bb{}\u00bb sticky_enabled=\u00bb0&#8243;]<\/p>\n<p>Nuestros equipos son sometidos a una estricta supervisi\u00f3n, tanto los provenientes de las firmas representadas, como la l\u00ednea de pH y gases en sangre que dise\u00f1amos y fabricamos para el mercado local y el exterior.<\/p>\n<p>Son prueba de ello nuestros principales clientes, la CNEA \u2013 Comisi\u00f3n Nacional de Energ\u00eda At\u00f3mica, NASA- Nucleoel\u00e9ctrica Argentina SA. y la ARN &#8211; Autoridad Regulatoria Nuclear, en al \u00e1rea nuclear, Universidades nacionales y privadas en el \u00e1rea investigaci\u00f3n, y en lo que respecta al \u00e1rea de medicina Hospitales, Cl\u00ednicas, y Sanatorios as\u00ed como Laboratorios de an\u00e1lisis cl\u00ednicos, en el \u00e1rea Bioqu\u00edmica.<\/p>\n<p>Lo importante es nuestra permanencia por casi 50 a\u00f1os, tiempo en el que nos hemos destacado por entender lo que el cliente nos solicita, sobre todo y donde cobra mayor importancia, en los planteos complejos, en los desarrollos tecnol\u00f3gicos, y en los trabajos de ingenier\u00eda. Por eso incorporamos como slogan \u00abUna empresa que habla su mismo idioma\u00bb.<\/p>\n<p>En el transcurso de estos a\u00f1os, tambi\u00e9n nos hemos transformado en S.A., con reformas y agregados importantes al objeto social, como ser la capacidad de operar en Obras P\u00fablicas Nacionales, donde estamos autorizados a construir y supervisar obras p\u00fablicas por un monto superior a 3 millones de d\u00f3lares.<\/p>\n<p>Continuamos con la misma visi\u00f3n de futuro, que nos ha colocado a la vanguardia en muchos campos del mercado m\u00e9dico y nuclear.<\/p>\n<p>Como no alcanza s\u00f3lo con una declaraci\u00f3n de deseos, y adem\u00e1s de todo lo anteriormente mencionado, AADEE SA, posee los siguientes laboratorios:<\/p>\n<p><strong>I- Laboratorio de Calidad<\/strong><br \/>Aprobado por Salud P\u00fablica para Reactivos de Diagn\u00f3stico y para control de calidad de Acido Base.<\/p>\n<div style=\"border-bottom: solid 1px #e2001a; line-height: 2px; height: 2px; margin-bottom: 15px;\">\u00a0<\/div>\n<p><strong>II- Laboratorio de soporte t\u00e9cnico de equipos \u00e1cido base, iones espec\u00edficos y dem\u00e1s equipamiento de laboratorio, hematolog\u00eda y terapia intensiva.<\/strong><\/p>\n<div style=\"border-bottom: solid 1px #e2001a; line-height: 2px; height: 2px; margin-bottom: 15px;\">\u00a0<\/div>\n<p><strong>III- Laboratorio de soporte t\u00e9cnico de equipamiento del \u00e1rea nuclear.<\/strong><\/p>\n<div style=\"border-bottom: solid 1px #e2001a; line-height: 2px; height: 2px; margin-bottom: 15px;\">\u00a0<\/div>\n<p><strong>IV- Laboratorio de preparaci\u00f3n de mezclas de gases patrones primarios.<\/strong><\/p>\n<div style=\"border-bottom: solid 1px #e2001a; line-height: 2px; height: 2px; margin-bottom: 15px;\">\u00a0<\/div>\n<p>Para todo ello, contamos con la siguiente infraestructura:<br \/><strong>A- Oficinas comerciales y de soporte t\u00e9cnico de 420 m2.<\/strong><br \/><strong> B -Planta de 300 m2 para la producci\u00f3n, control de calidad y expedici\u00f3n de equipos \u00e1cido base y medio interno.<\/strong><br \/><strong> C- Taller de reparaci\u00f3n y mantenimiento de bombas de vac\u00edo Edwards.<\/strong><\/p>\n<p>Contamos con instrumental de alta precisi\u00f3n, personal altamente capacitado y un grupo de proveedores estables de elementos mec\u00e1nicos y electr\u00f3nicos desarrollados en forma conjunta con personal de AADEE y producidos exclusivamente para nuestra empresa.<\/p>\n<p>Como es costumbre en nuestra pol\u00edtica empresarial, nuestros profesionales y t\u00e9cnicos son preparados y perfeccionados en las distintas f\u00e1bricas de las empresas que representamos, en diversos viajes de preparaci\u00f3n y cursos de entrenamiento en el exterior, a pesar de las circunstancias econ\u00f3micas que nos tocan vivir. No en vano ocupamos un lugar preponderante, siendo una PYME, en todos los mercados que atendemos.<\/p>\n<p>\u00bfQu\u00e9 m\u00e1s podemos decirle? S\u00f3lo proponerle un desaf\u00edo: p\u00f3nganos a prueba.<\/p>\n<p><strong>Carlos Gigena Seeber<\/strong><br \/><strong> Fundador<\/strong><\/p>\n<p>[\/et_pb_text][\/et_pb_column][\/et_pb_row][\/et_pb_section]<\/p>\n","protected":false},"excerpt":{"rendered":"<p>ISO 9001:2015 &#8211; ISO 13485:2016 Control de Calidad Externo RIQAS SOPORTE T\u00c9CNICONuestros equipos son sometidos a una estricta supervisi\u00f3n, tanto los provenientes de las firmas representadas, como la l\u00ednea de pH y gases en sangre que dise\u00f1amos y fabricamos para el mercado local y el exterior. Son prueba de ello nuestros principales clientes, la CNEA [&hellip;]<\/p>\n","protected":false},"author":1,"featured_media":0,"parent":0,"menu_order":0,"comment_status":"closed","ping_status":"closed","template":"","meta":{"_et_pb_use_builder":"on","_et_pb_old_content":"","_et_gb_content_width":"","footnotes":""},"class_list":["post-727","page","type-page","status-publish","hentry"],"_links":{"self":[{"href":"https:\/\/www.aadee.ar\/index.php\/wp-json\/wp\/v2\/pages\/727","targetHints":{"allow":["GET"]}}],"collection":[{"href":"https:\/\/www.aadee.ar\/index.php\/wp-json\/wp\/v2\/pages"}],"about":[{"href":"https:\/\/www.aadee.ar\/index.php\/wp-json\/wp\/v2\/types\/page"}],"author":[{"embeddable":true,"href":"https:\/\/www.aadee.ar\/index.php\/wp-json\/wp\/v2\/users\/1"}],"replies":[{"embeddable":true,"href":"https:\/\/www.aadee.ar\/index.php\/wp-json\/wp\/v2\/comments?post=727"}],"version-history":[{"count":3,"href":"https:\/\/www.aadee.ar\/index.php\/wp-json\/wp\/v2\/pages\/727\/revisions"}],"predecessor-version":[{"id":8867,"href":"https:\/\/www.aadee.ar\/index.php\/wp-json\/wp\/v2\/pages\/727\/revisions\/8867"}],"wp:attachment":[{"href":"https:\/\/www.aadee.ar\/index.php\/wp-json\/wp\/v2\/media?parent=727"}],"curies":[{"name":"wp","href":"https:\/\/api.w.org\/{rel}","templated":true}]}}