{"id":707,"date":"2017-10-10T23:27:48","date_gmt":"2017-10-10T23:27:48","guid":{"rendered":"http:\/\/aadee.ar\/wordpress\/?page_id=707"},"modified":"2017-12-07T00:13:29","modified_gmt":"2017-12-07T00:13:29","slug":"presion-arterial-manguitos-de-presion-arterial","status":"publish","type":"page","link":"https:\/\/www.aadee.ar\/index.php\/productos-medicina\/presion-arterial-manguitos-de-presion-arterial\/","title":{"rendered":"Presi\u00f3n Arterial \/ Manguitos de Presi\u00f3n Arterial"},"content":{"rendered":"<p>[et_pb_section bb_built=\u00bb1&#8243; _builder_version=\u00bb3.0.77&#8243; custom_margin=\u00bb0px||0px|\u00bb custom_padding=\u00bb0px||0px|\u00bb disabled_on=\u00bbon||\u00bb disabled=\u00bboff\u00bb][et_pb_row _builder_version=\u00bb3.0.77&#8243; global_module=\u00bb206&#8243;][et_pb_column type=\u00bb1_4&#8243;][et_pb_image_overlay global_parent=\u00bb206&#8243; _builder_version=\u00bb3.0.77&#8243; src=\u00bbhttp:\/\/aadee.ar\/wordpress\/wp-content\/uploads\/2017\/09\/ico_fabricacion.png\u00bb alt=\u00bbFABRICACION Y EXPORTACION\u00bb open_link=\u00bbon\u00bb url=\u00bbhttp:\/\/aadee.ar\/wordpress\/index.php\/productos-fabricacion\/\u00bb url_new_window=\u00bboff\u00bb overlay_src=\u00bbhttp:\/\/aadee.ar\/wordpress\/wp-content\/uploads\/2017\/10\/ico_fabricacion2.png\u00bb animation=\u00bboff\u00bb sticky=\u00bboff\u00bb border_style=\u00bbsolid\u00bb force_fullwidth=\u00bboff\u00bb always_center_on_mobile=\u00bbon\u00bb \/][\/et_pb_column][et_pb_column type=\u00bb1_4&#8243;][et_pb_image_overlay global_parent=\u00bb206&#8243; _builder_version=\u00bb3.0.77&#8243; src=\u00bbhttp:\/\/aadee.ar\/wordpress\/wp-content\/uploads\/2017\/09\/ico_medicina.png\u00bb alt=\u00bbMEDICINA\u00bb open_link=\u00bbon\u00bb url=\u00bbhttp:\/\/aadee.ar\/wordpress\/index.php\/productos-medicina\/\u00bb url_new_window=\u00bboff\u00bb overlay_src=\u00bbhttp:\/\/aadee.ar\/wordpress\/wp-content\/uploads\/2017\/10\/ico_medicina2.png\u00bb animation=\u00bboff\u00bb sticky=\u00bboff\u00bb border_style=\u00bbsolid\u00bb force_fullwidth=\u00bboff\u00bb always_center_on_mobile=\u00bbon\u00bb \/][\/et_pb_column][et_pb_column type=\u00bb1_4&#8243;][et_pb_image_overlay global_parent=\u00bb206&#8243; _builder_version=\u00bb3.0.77&#8243; src=\u00bbhttp:\/\/aadee.ar\/wordpress\/wp-content\/uploads\/2017\/09\/ico_nuclear.png\u00bb alt=\u00bbNUCLEAR\u00bb open_link=\u00bbon\u00bb url=\u00bbhttp:\/\/aadee.ar\/wordpress\/index.php\/productos-nuclear-home\/\u00bb url_new_window=\u00bboff\u00bb overlay_src=\u00bbhttp:\/\/aadee.ar\/wordpress\/wp-content\/uploads\/2017\/10\/ico_nuclear2.png\u00bb animation=\u00bboff\u00bb sticky=\u00bboff\u00bb border_style=\u00bbsolid\u00bb force_fullwidth=\u00bboff\u00bb always_center_on_mobile=\u00bbon\u00bb \/][\/et_pb_column][et_pb_column type=\u00bb1_4&#8243;][et_pb_image_overlay global_parent=\u00bb206&#8243; _builder_version=\u00bb3.0.77&#8243; src=\u00bbhttp:\/\/aadee.ar\/wordpress\/wp-content\/uploads\/2017\/09\/ico_investigacion.png\u00bb alt=\u00bbINVESTIGACION &amp; INDUSTRIA\u00bb open_link=\u00bbon\u00bb url=\u00bbhttp:\/\/aadee.ar\/wordpress\/index.php\/productos-investigacion-home\/\u00bb url_new_window=\u00bboff\u00bb overlay_src=\u00bbhttp:\/\/aadee.ar\/wordpress\/wp-content\/uploads\/2017\/10\/ico_investigacion2.png\u00bb animation=\u00bboff\u00bb sticky=\u00bboff\u00bb border_style=\u00bbsolid\u00bb force_fullwidth=\u00bboff\u00bb always_center_on_mobile=\u00bbon\u00bb \/][\/et_pb_column][\/et_pb_row][\/et_pb_section][et_pb_section bb_built=\u00bb1&#8243; fullwidth=\u00bboff\u00bb specialty=\u00bbon\u00bb _builder_version=\u00bb3.0.77&#8243; background_repeat_1=\u00bbno-repeat\u00bb background_repeat_2=\u00bbno-repeat\u00bb padding_right_2=\u00bb0px\u00bb padding_left_2=\u00bb0px\u00bb custom_margin=\u00bb0px|||\u00bb custom_padding=\u00bb0px|||\u00bb][et_pb_column type=\u00bb1_4&#8243;][et_pb_text admin_label=\u00bbmenu laborat clinico\u00bb _builder_version=\u00bb3.0.77&#8243; background_layout=\u00bblight\u00bb border_style=\u00bbsolid\u00bb module_alignment=\u00bbleft\u00bb saved_tabs=\u00bball\u00bb global_module=\u00bb342&#8243;]<\/p>\n<div id=\"blueblock\" class=\"medicina\">\n<ul>\n<li><a href=\"#\">NOVEDADES<\/a><\/li>\n<li><a href=\"#\">LABORATORIO CL\u00cdNICO<\/a><\/li>\n<li class=\"opened\"><a href=\"#\">GASES EN SANGRE<\/a><\/li>\n<li class=\"opened\"><a href=\"#\">ELECTROLITOS EN SANGRE<\/a><\/li>\n<li class=\"opened\"><a href=\"#\">CONTADORES HEMATOL\u00d3GICOS<\/a><\/li>\n<li class=\"opened\"><a href=\"#\">COAGUL\u00d3METROS<\/a><\/li>\n<li><a href=\"#\">CIRUG\u00cdA DE ALTA COMPLEJIDAD<\/a><\/li>\n<li><a href=\"#\">TERAPIA RESPIRATORIA<\/a><\/li>\n<li><a href=\"#\">PRESI\u00d3N ARTERIAL<\/a><\/li>\n<li><a href=\"#\">LUMINOTERAPIA<\/a><\/li>\n<li><a href=\"#\">EMPRESAS REPRESANTADAS<\/a><\/li>\n<\/ul>\n<\/div>\n<p>[\/et_pb_text][\/et_pb_column][et_pb_column type=\u00bb3_4&#8243; specialty_columns=\u00bb3&#8243;][et_pb_row_inner admin_label=\u00bbFila\u00bb _builder_version=\u00bb3.0.77&#8243; module_id=\u00bbseccion\u00bb][et_pb_column_inner type=\u00bb4_4&#8243; saved_specialty_column_type=\u00bb3_4&#8243;][et_pb_text _builder_version=\u00bb3.0.77&#8243; background_layout=\u00bblight\u00bb border_style=\u00bbsolid\u00bb module_alignment=\u00bbleft\u00bb]<\/p>\n<h1>DIVISION MEDICINA<span style=\"color: #007061;\"> \/ PRODUCTOS<\/span><\/h1>\n<h2><span style=\"color: #007061; font-size: 30px;\">PRESI\u00d3N ARTERIAL \/ MANGUITOS DE PRESI\u00d3N ARTERIAL<\/span><\/h2>\n<p>[\/et_pb_text][\/et_pb_column_inner][\/et_pb_row_inner][et_pb_row_inner admin_label=\u00bbFila\u00bb _builder_version=\u00bb3.0.77&#8243; background_repeat_1=\u00bbno-repeat\u00bb background_repeat_2=\u00bbno-repeat\u00bb background_repeat_3=\u00bbno-repeat\u00bb use_custom_gutter=\u00bbon\u00bb gutter_width=\u00bb1&#8243; custom_margin=\u00bb0px|||\u00bb custom_padding=\u00bb0px|||\u00bb][et_pb_column_inner type=\u00bb1_3&#8243; saved_specialty_column_type=\u00bb3_4&#8243;][et_pb_blurb _builder_version=\u00bb3.0.77&#8243; use_icon=\u00bboff\u00bb image=\u00bbhttp:\/\/aadee.ar\/medicina\/00img\/productos\/ultracheck.jpg\u00bb alt=\u00bbSTATCORP\u00bb url=\u00bbhttp:\/\/aadee.ar\/00pdf\/medicina\/Ultra_SoftCheck.pdf\u00bb url_new_window=\u00bbon\u00bb title=\u00bbSTATCORP\u00bb use_circle=\u00bboff\u00bb use_circle_border=\u00bboff\u00bb icon_placement=\u00bbleft\u00bb use_icon_font_size=\u00bboff\u00bb background_layout=\u00bblight\u00bb header_font_size=\u00bb12&#8243; header_text_color=\u00bb#2fb4a2&#8243; body_font_size=\u00bb12&#8243; body_text_color=\u00bb#505050&#8243; border_style=\u00bbsolid\u00bb image_max_width=\u00bb125px\u00bb content_max_width=\u00bb100%\u00bb]<\/p>\n<p><strong>UltraCheck<\/strong><br \/>\nManguito de presi\u00f3n reutilizable.<\/p>\n<p><a href=\"http:\/\/aadee.ar\/00pdf\/medicina\/Ultra_SoftCheck.pdf\">+INFO<\/a><\/p>\n<p>[\/et_pb_blurb][et_pb_code _builder_version=\u00bb3.0.77&#8243;]&lt;a href=&quot;http:\/\/aadee.ar\/00pdf\/medicina\/Cuff-Configurator-Statcorp.xlsx&quot; class=&quot;boton2&quot;&gt;+ BAJAR CALCULADOR DE &lt;!&#8211; [et_pb_line_break_holder] &#8211;&gt;   CONFIGURACI\u00d3N&lt;\/a&gt;[\/et_pb_code][\/et_pb_column_inner][et_pb_column_inner type=\u00bb1_3&#8243; saved_specialty_column_type=\u00bb3_4&#8243;][et_pb_blurb _builder_version=\u00bb3.0.77&#8243; use_icon=\u00bboff\u00bb image=\u00bbhttp:\/\/aadee.ar\/medicina\/00img\/productos\/softcheck.jpg\u00bb alt=\u00bbSTATCORP\u00bb url=\u00bbhttp:\/\/aadee.ar\/00pdf\/medicina\/Statcorp_Ultra_SoftCheckRev04.pdf\u00bb url_new_window=\u00bbon\u00bb title=\u00bbSTATCORP\u00bb use_circle=\u00bboff\u00bb use_circle_border=\u00bboff\u00bb icon_placement=\u00bbleft\u00bb use_icon_font_size=\u00bboff\u00bb background_layout=\u00bblight\u00bb header_font_size=\u00bb12&#8243; header_text_color=\u00bb#2fb4a2&#8243; body_font_size=\u00bb12&#8243; body_text_color=\u00bb#505050&#8243; border_style=\u00bbsolid\u00bb image_max_width=\u00bb125px\u00bb content_max_width=\u00bb100%\u00bb]<\/p>\n<p><strong>SoftCheck<\/strong><br \/>\nManguito de presi\u00f3n arterial de un solo paciente.<\/p>\n<p><a href=\"http:\/\/aadee.ar\/00pdf\/medicina\/Statcorp_Ultra_SoftCheckRev04.pdf\">+INFO<\/a><\/p>\n<p>[\/et_pb_blurb][\/et_pb_column_inner][et_pb_column_inner type=\u00bb1_3&#8243; saved_specialty_column_type=\u00bb3_4&#8243;][et_pb_blurb _builder_version=\u00bb3.0.77&#8243; use_icon=\u00bboff\u00bb image=\u00bbhttp:\/\/aadee.ar\/medicina\/00img\/productos\/softcheckneo.jpg\u00bb alt=\u00bbSTATCORP\u00bb url=\u00bbhttp:\/\/aadee.ar\/00pdf\/medicina\/Statcorp_NeoRev03.pdf\u00bb url_new_window=\u00bbon\u00bb title=\u00bbSTATCORP\u00bb use_circle=\u00bboff\u00bb use_circle_border=\u00bboff\u00bb icon_placement=\u00bbleft\u00bb use_icon_font_size=\u00bboff\u00bb background_layout=\u00bblight\u00bb header_font_size=\u00bb12&#8243; header_text_color=\u00bb#2fb4a2&#8243; body_font_size=\u00bb12&#8243; body_text_color=\u00bb#505050&#8243; border_style=\u00bbsolid\u00bb image_max_width=\u00bb125px\u00bb content_max_width=\u00bb100%\u00bb]<\/p>\n<p><strong>SoftCheck Neo<\/strong><br \/>\nManguito de presi\u00f3n neonatales.<\/p>\n<p><a href=\"http:\/\/aadee.ar\/00pdf\/medicina\/Statcorp_NeoRev03.pdf\">+INFO<\/a><\/p>\n<p>[\/et_pb_blurb][\/et_pb_column_inner][\/et_pb_row_inner][\/et_pb_column][\/et_pb_section]<\/p>\n","protected":false},"excerpt":{"rendered":"<p>NOVEDADES LABORATORIO CL\u00cdNICO GASES EN SANGRE ELECTROLITOS EN SANGRE CONTADORES HEMATOL\u00d3GICOS COAGUL\u00d3METROS CIRUG\u00cdA DE ALTA COMPLEJIDAD TERAPIA RESPIRATORIA PRESI\u00d3N ARTERIAL LUMINOTERAPIA EMPRESAS REPRESANTADAS DIVISION MEDICINA \/ PRODUCTOS PRESI\u00d3N ARTERIAL \/ MANGUITOS DE PRESI\u00d3N ARTERIAL UltraCheck Manguito de presi\u00f3n reutilizable. +INFO &lt;a href=&quot;http:\/\/aadee.ar\/00pdf\/medicina\/Cuff-Configurator-Statcorp.xlsx&quot; class=&quot;boton2&quot;&gt;+ BAJAR CALCULADOR DE &lt;!&#8211; [et_pb_line_break_holder] &#8211;&gt; CONFIGURACI\u00d3N&lt;\/a&gt; SoftCheck Manguito de presi\u00f3n arterial [&hellip;]<\/p>\n","protected":false},"author":2,"featured_media":0,"parent":227,"menu_order":0,"comment_status":"closed","ping_status":"closed","template":"","meta":{"_et_pb_use_builder":"on","_et_pb_old_content":"","_et_gb_content_width":"","footnotes":""},"class_list":["post-707","page","type-page","status-publish","hentry"],"_links":{"self":[{"href":"https:\/\/www.aadee.ar\/index.php\/wp-json\/wp\/v2\/pages\/707","targetHints":{"allow":["GET"]}}],"collection":[{"href":"https:\/\/www.aadee.ar\/index.php\/wp-json\/wp\/v2\/pages"}],"about":[{"href":"https:\/\/www.aadee.ar\/index.php\/wp-json\/wp\/v2\/types\/page"}],"author":[{"embeddable":true,"href":"https:\/\/www.aadee.ar\/index.php\/wp-json\/wp\/v2\/users\/2"}],"replies":[{"embeddable":true,"href":"https:\/\/www.aadee.ar\/index.php\/wp-json\/wp\/v2\/comments?post=707"}],"version-history":[{"count":0,"href":"https:\/\/www.aadee.ar\/index.php\/wp-json\/wp\/v2\/pages\/707\/revisions"}],"up":[{"embeddable":true,"href":"https:\/\/www.aadee.ar\/index.php\/wp-json\/wp\/v2\/pages\/227"}],"wp:attachment":[{"href":"https:\/\/www.aadee.ar\/index.php\/wp-json\/wp\/v2\/media?parent=707"}],"curies":[{"name":"wp","href":"https:\/\/api.w.org\/{rel}","templated":true}]}}