{"id":603,"date":"2017-10-09T23:16:05","date_gmt":"2017-10-09T23:16:05","guid":{"rendered":"http:\/\/aadee.ar\/wordpress\/?page_id=603"},"modified":"2018-03-23T08:39:13","modified_gmt":"2018-03-23T08:39:13","slug":"radiocirugia-radioterapia","status":"publish","type":"page","link":"https:\/\/www.aadee.ar\/index.php\/productos-medicina\/radiocirugia-radioterapia\/","title":{"rendered":"Radiocirug\u00eda &#8211; Radioterapia"},"content":{"rendered":"<p>[et_pb_section bb_built=\u00bb1&#8243; _builder_version=\u00bb3.0.77&#8243; custom_margin=\u00bb0px||0px|\u00bb custom_padding=\u00bb0px||0px|\u00bb disabled_on=\u00bbon||\u00bb disabled=\u00bboff\u00bb][et_pb_row _builder_version=\u00bb3.0.77&#8243; custom_margin=\u00bb0px|||\u00bb custom_padding=\u00bb0px|||\u00bb disabled_on=\u00bbon|on|\u00bb disabled=\u00bboff\u00bb global_module=\u00bb206&#8243;][et_pb_column type=\u00bb1_4&#8243;][et_pb_image_overlay global_parent=\u00bb206&#8243; _builder_version=\u00bb3.0.77&#8243; src=\u00bbhttp:\/\/aadee.ar\/wordpress\/wp-content\/uploads\/2017\/09\/ico_fabricacion.png\u00bb alt=\u00bbFABRICACION Y EXPORTACION\u00bb open_link=\u00bbon\u00bb url=\u00bbhttp:\/\/aadee.ar\/index.php\/productos-fabricacion\/\u00bb url_new_window=\u00bboff\u00bb overlay_src=\u00bbhttp:\/\/aadee.ar\/wordpress\/wp-content\/uploads\/2017\/10\/ico_fabricacion2.png\u00bb animation=\u00bboff\u00bb sticky=\u00bboff\u00bb border_style=\u00bbsolid\u00bb force_fullwidth=\u00bboff\u00bb always_center_on_mobile=\u00bbon\u00bb title_text=\u00bbhttp:\/\/aadee.ar\/index.php\/productos-fabricacion\/\u00bb \/][\/et_pb_column][et_pb_column type=\u00bb1_4&#8243;][et_pb_image_overlay global_parent=\u00bb206&#8243; _builder_version=\u00bb3.0.77&#8243; src=\u00bbhttp:\/\/aadee.ar\/wordpress\/wp-content\/uploads\/2017\/09\/ico_medicina.png\u00bb alt=\u00bbMEDICINA\u00bb open_link=\u00bbon\u00bb url=\u00bbhttp:\/\/aadee.ar\/index.php\/productos-medicina\/\u00bb url_new_window=\u00bboff\u00bb overlay_src=\u00bbhttp:\/\/aadee.ar\/wordpress\/wp-content\/uploads\/2017\/10\/ico_medicina2.png\u00bb animation=\u00bboff\u00bb sticky=\u00bboff\u00bb border_style=\u00bbsolid\u00bb force_fullwidth=\u00bboff\u00bb always_center_on_mobile=\u00bbon\u00bb \/][\/et_pb_column][et_pb_column type=\u00bb1_4&#8243;][et_pb_image_overlay global_parent=\u00bb206&#8243; _builder_version=\u00bb3.0.77&#8243; src=\u00bbhttp:\/\/aadee.ar\/wordpress\/wp-content\/uploads\/2017\/09\/ico_nuclear.png\u00bb alt=\u00bbNUCLEAR\u00bb open_link=\u00bbon\u00bb url=\u00bbhttp:\/\/aadee.ar\/index.php\/productos-nuclear-home\/\u00bb url_new_window=\u00bboff\u00bb overlay_src=\u00bbhttp:\/\/aadee.ar\/wordpress\/wp-content\/uploads\/2017\/10\/ico_nuclear2.png\u00bb animation=\u00bboff\u00bb sticky=\u00bboff\u00bb border_style=\u00bbsolid\u00bb force_fullwidth=\u00bboff\u00bb always_center_on_mobile=\u00bbon\u00bb \/][\/et_pb_column][et_pb_column type=\u00bb1_4&#8243;][et_pb_image_overlay admin_label=\u00bbee\u00bb global_parent=\u00bb206&#8243; _builder_version=\u00bb3.0.77&#8243; src=\u00bbhttp:\/\/aadee.ar\/wordpress\/wp-content\/uploads\/2017\/09\/ico_investigacion.png\u00bb alt=\u00bbINVESTIGACION &amp; INDUSTRIA\u00bb open_link=\u00bbon\u00bb url=\u00bbhttp:\/\/aadee.ar\/index.php\/productos-investigacion-home\/\u00bb url_new_window=\u00bboff\u00bb overlay_src=\u00bbhttp:\/\/aadee.ar\/wordpress\/wp-content\/uploads\/2017\/10\/ico_investigacion2.png\u00bb animation=\u00bboff\u00bb sticky=\u00bboff\u00bb border_style=\u00bbsolid\u00bb force_fullwidth=\u00bboff\u00bb always_center_on_mobile=\u00bbon\u00bb \/][\/et_pb_column][\/et_pb_row][\/et_pb_section][et_pb_section bb_built=\u00bb1&#8243; fullwidth=\u00bboff\u00bb specialty=\u00bbon\u00bb _builder_version=\u00bb3.0.77&#8243; background_repeat_1=\u00bbno-repeat\u00bb background_repeat_2=\u00bbno-repeat\u00bb padding_right_2=\u00bb0px\u00bb padding_left_2=\u00bb0px\u00bb custom_margin=\u00bb0px|||\u00bb custom_padding=\u00bb0px|||\u00bb][et_pb_column type=\u00bb1_4&#8243;][et_pb_text admin_label=\u00bbMenu Medicina Desktop\u00bb _builder_version=\u00bb3.0.77&#8243; background_layout=\u00bblight\u00bb border_style=\u00bbsolid\u00bb module_alignment=\u00bbleft\u00bb saved_tabs=\u00bball\u00bb global_module=\u00bb342&#8243; disabled_on=\u00bboff|off|\u00bb disabled=\u00bboff\u00bb]<\/p>\n<div id=\"blueblock\" class=\"medicina\">\n<ul>\n<li><a href=\"#\">NOVEDADES<\/a><\/li>\n<li class=\"expandable\"><a href=\"http:\/\/aadee.ar\/index.php\/productos-medicina\/gases-en-sangre\/?categoryitems=0\">LABORATORIO CL\u00cdNICO<\/a><\/li>\n<ul class=\"categoryitems\">\n<li class=\"opened\"><a href=\"http:\/\/aadee.ar\/index.php\/productos-medicina\/gases-en-sangre\/?categoryitems=0#seccion\">GASES EN SANGRE<\/a><\/li>\n<li class=\"opened\"><a href=\"http:\/\/aadee.ar\/index.php\/productos-medicina\/electrolitos-en-sangre\/?categoryitems=0#seccion\">ELECTROLITOS EN SANGRE<\/a><\/li>\n<li class=\"opened\"><a href=\"http:\/\/aadee.ar\/index.php\/productos-medicina\/contadores-hematologicos\/?categoryitems=0#seccion\">CONTADORES HEMATOL\u00d3GICOS<\/a><\/li>\n<li class=\"opened\"><a href=\"http:\/\/aadee.ar\/index.php\/productos-medicina\/coagulometros\/?categoryitems=0#seccion\">COAGUL\u00d3METROS<\/a><\/li>\n<\/ul>\n<li class=\"expandable\"><a href=\"http:\/\/aadee.ar\/index.php\/productos-medicina\/navegacion-cirugia-guiada-por-informacion\/?categoryitems=1#seccion\">CIRUG\u00cdA DE ALTA COMPLEJIDAD<\/a><\/li>\n<ul class=\"categoryitems\">\n<li class=\"opened\"><a href=\"http:\/\/aadee.ar\/index.php\/productos-medicina\/navegacion-cirugia-guiada-por-informacion\/?categoryitems=1#seccion\">NAVEGACI\u00d3N &#8211; CIRUG\u00cdA GUIADA POR INFORMACI\u00d3N<\/a><\/li>\n<li class=\"opened\"><a href=\"http:\/\/aadee.ar\/index.php\/productos-medicina\/microscopios-quirurgicos\/?categoryitems=1#seccion\">MICROSCOPIOS QUIR\u00daRGICOS<\/a><\/li>\n<li class=\"opened\"><a href=\"http:\/\/aadee.ar\/index.php\/productos-medicina\/imagenes-intraoperatorias\/?categoryitems=1#seccion\">IM\u00c1GENES INTRAOPERATORIAS<\/a><\/li>\n<li class=\"opened\"><a href=\"http:\/\/aadee.ar\/index.php\/productos-medicina\/cirugia-radioguiada\/?categoryitems=1#seccion\">CIRUG\u00cdA RADIOGUIADA<\/a><\/li>\n<li class=\"opened\"><a href=\"http:\/\/aadee.ar\/index.php\/productos-medicina\/radiocirugia-radioterapia\/?categoryitems=1#seccion\">RADIOCIRUG\u00cdA &#8211; RADIOTERAPIA<\/a><\/li>\n<li class=\"opened\"><a href=\"http:\/\/aadee.ar\/index.php\/productos-medicina\/manejo-de-imagenes\/?categoryitems=1#seccion\">MANEJO DE IM\u00c1GENES<\/a><\/li>\n<\/ul>\n<li class=\"expandable\"><a href=\"http:\/\/aadee.ar\/index.php\/productos-medicina\/mascaras-nasales\/?categoryitems=2#seccion\">TERAPIA RESPIRATORIA<\/a><\/li>\n<ul class=\"categoryitems\">\n<li class=\"opened\"><a href=\"http:\/\/aadee.ar\/index.php\/productos-medicina\/mascaras-nasales\/?categoryitems=2#seccion\">M\u00c1SCARAS<\/a><\/li>\n<li class=\"opened\"><a href=\"http:\/\/aadee.ar\/index.php\/productos-medicina\/sistem-one\/?categoryitems=2#seccion\">TERAPIA DEL SUE\u00d1O<\/a><\/li>\n<li class=\"opened\"><a href=\"http:\/\/aadee.ar\/index.php\/productos-medicina\/oxigenoterapia\/?categoryitems=2#seccion\">OX\u00cdGENOTERAPIA<\/a><\/li>\n<li class=\"opened\"><a href=\"http:\/\/aadee.ar\/index.php\/productos-medicina\/asistente-para-tos\/?categoryitems=2#seccion\">ASISTENTE PARA TOS<\/a><\/li>\n<li class=\"opened\"><a href=\"http:\/\/aadee.ar\/index.php\/productos-medicina\/ventilacion\/?categoryitems=2#seccion\">VENTILACI\u00d3N<\/a><\/li>\n<li class=\"opened\"><a href=\"http:\/\/aadee.ar\/index.php\/productos-medicina\/ventilacion\/?categoryitems=2#seccion\">SOFTWARE<\/a><\/li>\n<\/ul>\n<li><a href=\"http:\/\/aadee.ar\/index.php\/productos-medicina\/presion-arterial-manguitos-de-presion-arterial\/\">PRESI\u00d3N ARTERIAL<\/a><\/li>\n<li><a href=\"http:\/\/aadee.ar\/index.php\/productos-medicina\/luminoterapia\/\">LUMINOTERAPIA<\/a><\/li>\n<li><a href=\"http:\/\/aadee.ar\/index.php\/empresas-representadas\/\">EMPRESAS REPRESANTADAS<\/a><\/li>\n<\/ul>\n<\/div>\n<p>[\/et_pb_text][\/et_pb_column][et_pb_column type=\u00bb3_4&#8243; specialty_columns=\u00bb3&#8243;][et_pb_row_inner admin_label=\u00bbFila\u00bb _builder_version=\u00bb3.0.77&#8243; module_id=\u00bbseccion\u00bb][et_pb_column_inner type=\u00bb4_4&#8243; saved_specialty_column_type=\u00bb3_4&#8243;][et_pb_text _builder_version=\u00bb3.0.77&#8243; background_layout=\u00bblight\u00bb border_style=\u00bbsolid\u00bb module_alignment=\u00bbleft\u00bb]<\/p>\n<h1>DIVISION MEDICINA<span style=\"color: #007061;\"> \/ PRODUCTOS<\/span><\/h1>\n<h2><span style=\"color: #007061; font-size: 30px;\">RADIOCIRUG\u00cdA &#8211; RADIOTERAPIA<\/span><\/h2>\n<p>[\/et_pb_text][\/et_pb_column_inner][\/et_pb_row_inner][et_pb_row_inner admin_label=\u00bbFila\u00bb _builder_version=\u00bb3.0.77&#8243; background_repeat_1=\u00bbno-repeat\u00bb background_repeat_2=\u00bbno-repeat\u00bb background_repeat_3=\u00bbno-repeat\u00bb use_custom_gutter=\u00bbon\u00bb gutter_width=\u00bb1&#8243; custom_margin=\u00bb0px|||\u00bb custom_padding=\u00bb0px|||\u00bb][et_pb_column_inner type=\u00bb1_3&#8243; saved_specialty_column_type=\u00bb3_4&#8243;][et_pb_blurb _builder_version=\u00bb3.0.77&#8243; use_icon=\u00bboff\u00bb image=\u00bbhttp:\/\/aadee.ar\/medicina\/00img\/productos\/Radiosurgery_Novalis_Sect1-2.jpg\u00bb alt=\u00bbBRAINLAB\u00bb url=\u00bbhttp:\/\/aadee.ar\/00pdf\/medicina\/Flyer-Novalis.pdf\u00bb url_new_window=\u00bbon\u00bb title=\u00bbBRAINLAB\u00bb use_circle=\u00bboff\u00bb use_circle_border=\u00bboff\u00bb icon_placement=\u00bbleft\u00bb use_icon_font_size=\u00bboff\u00bb background_layout=\u00bblight\u00bb header_font_size=\u00bb12&#8243; header_text_color=\u00bb#2fb4a2&#8243; body_font_size=\u00bb12&#8243; body_text_color=\u00bb#505050&#8243; border_style=\u00bbsolid\u00bb image_max_width=\u00bb125px\u00bb content_max_width=\u00bb100%\u00bb]<\/p>\n<p><strong>Novalis<\/strong><br \/>\nSoluci\u00f3n completa para Radiocirug\u00eda<\/p>\n<p><a href=\"http:\/\/aadee.ar\/00pdf\/medicina\/Flyer-Novalis.pdf\">+INFO<\/a><\/p>\n<p>[\/et_pb_blurb][et_pb_blurb _builder_version=\u00bb3.0.77&#8243; use_icon=\u00bboff\u00bb image=\u00bbhttp:\/\/aadee.ar\/medicina\/00img\/productos\/Elements_Sect31.jpg\u00bb alt=\u00bbBRAINLAB\u00bb url=\u00bbhttp:\/\/aadee.ar\/00pdf\/medicina\/Brochure-Elements.pdf\u00bb url_new_window=\u00bbon\u00bb title=\u00bbBRAINLAB\u00bb use_circle=\u00bboff\u00bb use_circle_border=\u00bboff\u00bb icon_placement=\u00bbleft\u00bb use_icon_font_size=\u00bboff\u00bb background_layout=\u00bblight\u00bb header_font_size=\u00bb12&#8243; header_text_color=\u00bb#2fb4a2&#8243; body_font_size=\u00bb12&#8243; body_text_color=\u00bb#505050&#8243; border_style=\u00bbsolid\u00bb image_max_width=\u00bb125px\u00bb content_max_width=\u00bb100%\u00bb]<\/p>\n<p><strong>Elements<\/strong><br \/>\nSoftwares para radioterapia<\/p>\n<p><a href=\"http:\/\/aadee.ar\/00pdf\/medicina\/Brochure-Elements.pdf\">+INFO<\/a><\/p>\n<p>[\/et_pb_blurb][et_pb_blurb _builder_version=\u00bb3.0.77&#8243; use_icon=\u00bboff\u00bb image=\u00bbhttp:\/\/aadee.ar\/medicina\/00img\/productos\/Adaptive-RT.jpg\u00bb alt=\u00bbBRAINLAB\u00bb url=\u00bbhttp:\/\/aadee.ar\/00pdf\/medicina\/Flyer-iPlan-RT-Adaptive.pdf\u00bb url_new_window=\u00bbon\u00bb title=\u00bbBRAINLAB\u00bb use_circle=\u00bboff\u00bb use_circle_border=\u00bboff\u00bb icon_placement=\u00bbleft\u00bb use_icon_font_size=\u00bboff\u00bb background_layout=\u00bblight\u00bb header_font_size=\u00bb12&#8243; header_text_color=\u00bb#2fb4a2&#8243; body_font_size=\u00bb12&#8243; body_text_color=\u00bb#505050&#8243; border_style=\u00bbsolid\u00bb image_max_width=\u00bb125px\u00bb content_max_width=\u00bb100%\u00bb]<\/p>\n<p><strong>Adaptive Radiotherapy<\/strong><br \/>\nAplicaci\u00f3n para Radioterapia Adaptativa<\/p>\n<p><a href=\"http:\/\/aadee.ar\/00pdf\/medicina\/Flyer-iPlan-RT-Adaptive.pdf\">+INFO<\/a><\/p>\n<p>[\/et_pb_blurb][\/et_pb_column_inner][et_pb_column_inner type=\u00bb1_3&#8243; saved_specialty_column_type=\u00bb3_4&#8243;][et_pb_blurb _builder_version=\u00bb3.0.77&#8243; use_icon=\u00bboff\u00bb image=\u00bbhttp:\/\/aadee.ar\/medicina\/00img\/productos\/Radiosurgery_iPlan_Sect3.jpg\u00bb alt=\u00bbBRAINLAB\u00bb url=\u00bbhttp:\/\/aadee.ar\/00pdf\/medicina\/Flyer-iPlan-HybridArc.pdf\u00bb url_new_window=\u00bbon\u00bb title=\u00bbBRAINLAB\u00bb use_circle=\u00bboff\u00bb use_circle_border=\u00bboff\u00bb icon_placement=\u00bbleft\u00bb use_icon_font_size=\u00bboff\u00bb background_layout=\u00bblight\u00bb header_font_size=\u00bb12&#8243; header_text_color=\u00bb#2fb4a2&#8243; body_font_size=\u00bb12&#8243; body_text_color=\u00bb#505050&#8243; border_style=\u00bbsolid\u00bb image_max_width=\u00bb125px\u00bb content_max_width=\u00bb100%\u00bb]<\/p>\n<p><strong>HybridARC Radiosurgery<\/strong><br \/>\nAplicaci\u00f3n HybridARC<\/p>\n<p><a href=\"http:\/\/aadee.ar\/00pdf\/medicina\/Flyer-iPlan-HybridArc.pdf\">+INFO<\/a><\/p>\n<p>[\/et_pb_blurb][et_pb_blurb _builder_version=\u00bb3.0.77&#8243; use_icon=\u00bboff\u00bb image=\u00bbhttp:\/\/aadee.ar\/medicina\/00img\/productos\/untitled.jpg\u00bb alt=\u00bbBRAINLAB\u00bb url=\u00bbhttp:\/\/aadee.ar\/00pdf\/medicina\/Flyer-iPlan-Monte-Carlo.pdf\u00bb url_new_window=\u00bbon\u00bb title=\u00bbBRAINLAB\u00bb use_circle=\u00bboff\u00bb use_circle_border=\u00bboff\u00bb icon_placement=\u00bbleft\u00bb use_icon_font_size=\u00bboff\u00bb background_layout=\u00bblight\u00bb header_font_size=\u00bb12&#8243; header_text_color=\u00bb#2fb4a2&#8243; body_font_size=\u00bb12&#8243; body_text_color=\u00bb#505050&#8243; border_style=\u00bbsolid\u00bb image_max_width=\u00bb125px\u00bb content_max_width=\u00bb100%\u00bb]<\/p>\n<p><strong>iPlan Monte Carlo<\/strong><br \/>\nAplicaci\u00f3n para planificaci\u00f3n Monte Carlo<\/p>\n<p><a href=\"http:\/\/aadee.ar\/00pdf\/medicina\/Flyer-iPlan-Monte-Carlo.pdf\">+INFO<\/a><\/p>\n<p>[\/et_pb_blurb][\/et_pb_column_inner][et_pb_column_inner type=\u00bb1_3&#8243; saved_specialty_column_type=\u00bb3_4&#8243;][et_pb_blurb _builder_version=\u00bb3.0.77&#8243; use_icon=\u00bboff\u00bb image=\u00bbhttp:\/\/aadee.ar\/medicina\/00img\/productos\/Radiosurgery_ExacTrac_Sect10.jpg\u00bb alt=\u00bbBRAINLAB\u00bb url=\u00bbhttp:\/\/aadee.ar\/00pdf\/medicina\/Brochure-ExacTrac.pdf\u00bb url_new_window=\u00bbon\u00bb title=\u00bbBRAINLAB\u00bb use_circle=\u00bboff\u00bb use_circle_border=\u00bboff\u00bb icon_placement=\u00bbleft\u00bb use_icon_font_size=\u00bboff\u00bb background_layout=\u00bblight\u00bb header_font_size=\u00bb12&#8243; header_text_color=\u00bb#2fb4a2&#8243; body_font_size=\u00bb12&#8243; body_text_color=\u00bb#505050&#8243; border_style=\u00bbsolid\u00bb image_max_width=\u00bb125px\u00bb content_max_width=\u00bb100%\u00bb]<\/p>\n<p><strong>Ecac Trac X-Ray<\/strong><br \/>\nSistema de posicionamiento por Rayos X<\/p>\n<p><a href=\"http:\/\/aadee.ar\/00pdf\/medicina\/Brochure-ExacTrac.pdf\">+INFO<\/a><\/p>\n<p>[\/et_pb_blurb][et_pb_blurb _builder_version=\u00bb3.0.77&#8243; use_icon=\u00bboff\u00bb image=\u00bbhttp:\/\/aadee.ar\/medicina\/00img\/productos\/Radiosurgery_iPlan_Sect4.jpg\u00bb alt=\u00bbBRAINLAB\u00bb url=\u00bbhttp:\/\/aadee.ar\/00pdf\/medicina\/Flyer-iPlan-RT-Dose.pdf\u00bb url_new_window=\u00bbon\u00bb title=\u00bbBRAINLAB\u00bb use_circle=\u00bboff\u00bb use_circle_border=\u00bboff\u00bb icon_placement=\u00bbleft\u00bb use_icon_font_size=\u00bboff\u00bb background_layout=\u00bblight\u00bb header_font_size=\u00bb12&#8243; header_text_color=\u00bb#2fb4a2&#8243; body_font_size=\u00bb12&#8243; body_text_color=\u00bb#505050&#8243; border_style=\u00bbsolid\u00bb image_max_width=\u00bb125px\u00bb content_max_width=\u00bb100%\u00bb]<\/p>\n<p><strong>iPlan RT Dose<\/strong><br \/>\nAplicaci\u00f3n para planificaci\u00f3n de dosis<\/p>\n<p><a href=\"http:\/\/aadee.ar\/00pdf\/medicina\/Flyer-iPlan-RT-Dose.pdf\">+INFO<\/a><\/p>\n<p>[\/et_pb_blurb][\/et_pb_column_inner][\/et_pb_row_inner][\/et_pb_column][\/et_pb_section]<\/p>\n","protected":false},"excerpt":{"rendered":"<p>NOVEDADES LABORATORIO CL\u00cdNICO GASES EN SANGRE ELECTROLITOS EN SANGRE CONTADORES HEMATOL\u00d3GICOS COAGUL\u00d3METROS CIRUG\u00cdA DE ALTA COMPLEJIDAD NAVEGACI\u00d3N &#8211; CIRUG\u00cdA GUIADA POR INFORMACI\u00d3N MICROSCOPIOS QUIR\u00daRGICOS IM\u00c1GENES INTRAOPERATORIAS CIRUG\u00cdA RADIOGUIADA RADIOCIRUG\u00cdA &#8211; RADIOTERAPIA MANEJO DE IM\u00c1GENES TERAPIA RESPIRATORIA M\u00c1SCARAS TERAPIA DEL SUE\u00d1O OX\u00cdGENOTERAPIA ASISTENTE PARA TOS VENTILACI\u00d3N SOFTWARE PRESI\u00d3N ARTERIAL LUMINOTERAPIA EMPRESAS REPRESANTADAS DIVISION MEDICINA \/ PRODUCTOS [&hellip;]<\/p>\n","protected":false},"author":2,"featured_media":0,"parent":227,"menu_order":0,"comment_status":"closed","ping_status":"closed","template":"","meta":{"_et_pb_use_builder":"on","_et_pb_old_content":"","_et_gb_content_width":"","footnotes":""},"class_list":["post-603","page","type-page","status-publish","hentry"],"_links":{"self":[{"href":"https:\/\/www.aadee.ar\/index.php\/wp-json\/wp\/v2\/pages\/603","targetHints":{"allow":["GET"]}}],"collection":[{"href":"https:\/\/www.aadee.ar\/index.php\/wp-json\/wp\/v2\/pages"}],"about":[{"href":"https:\/\/www.aadee.ar\/index.php\/wp-json\/wp\/v2\/types\/page"}],"author":[{"embeddable":true,"href":"https:\/\/www.aadee.ar\/index.php\/wp-json\/wp\/v2\/users\/2"}],"replies":[{"embeddable":true,"href":"https:\/\/www.aadee.ar\/index.php\/wp-json\/wp\/v2\/comments?post=603"}],"version-history":[{"count":0,"href":"https:\/\/www.aadee.ar\/index.php\/wp-json\/wp\/v2\/pages\/603\/revisions"}],"up":[{"embeddable":true,"href":"https:\/\/www.aadee.ar\/index.php\/wp-json\/wp\/v2\/pages\/227"}],"wp:attachment":[{"href":"https:\/\/www.aadee.ar\/index.php\/wp-json\/wp\/v2\/media?parent=603"}],"curies":[{"name":"wp","href":"https:\/\/api.w.org\/{rel}","templated":true}]}}