{"id":594,"date":"2017-10-09T22:30:24","date_gmt":"2017-10-09T22:30:24","guid":{"rendered":"http:\/\/aadee.ar\/wordpress\/?page_id=594"},"modified":"2019-06-07T19:44:55","modified_gmt":"2019-06-07T19:44:55","slug":"microscopios-quirurgicos","status":"publish","type":"page","link":"https:\/\/www.aadee.ar\/index.php\/productos-medicina\/microscopios-quirurgicos\/","title":{"rendered":"Microscopios Quir\u00fargicos"},"content":{"rendered":"<p>[et_pb_section fb_built=\u00bb1&#8243; disabled_on=\u00bbon||\u00bb _builder_version=\u00bb3.22.3&#8243; custom_margin=\u00bb0px||0px|\u00bb custom_padding=\u00bb0px||0px|\u00bb][et_pb_row custom_padding=\u00bb28px|||||\u00bb custom_margin=\u00bb0px|||\u00bb disabled_on=\u00bbon|on|\u00bb _builder_version=\u00bb3.0.77&#8243; global_module=\u00bb206&#8243; locked=\u00bboff\u00bb][et_pb_column type=\u00bb1_4&#8243; _builder_version=\u00bb3.0.47&#8243;][et_pb_image_overlay src=\u00bbhttp:\/\/aadee.ar\/wordpress\/wp-content\/uploads\/2017\/09\/ico_fabricacion.png\u00bb alt=\u00bbFABRICACION Y EXPORTACION\u00bb open_link=\u00bbon\u00bb url=\u00bbhttp:\/\/aadee.ar\/index.php\/productos-fabricacion\/\u00bb overlay_src=\u00bbhttp:\/\/aadee.ar\/wordpress\/wp-content\/uploads\/2017\/10\/ico_fabricacion2.png\u00bb animation=\u00bboff\u00bb _builder_version=\u00bb3.22.4&#8243;][\/et_pb_image_overlay][\/et_pb_column][et_pb_column type=\u00bb1_4&#8243; _builder_version=\u00bb3.0.47&#8243;][et_pb_image_overlay src=\u00bbhttp:\/\/aadee.ar\/wordpress\/wp-content\/uploads\/2017\/09\/ico_medicina.png\u00bb alt=\u00bbMEDICINA\u00bb open_link=\u00bbon\u00bb url=\u00bbhttp:\/\/aadee.ar\/index.php\/productos-medicina\/\u00bb overlay_src=\u00bbhttp:\/\/aadee.ar\/wordpress\/wp-content\/uploads\/2017\/10\/ico_medicina2.png\u00bb animation=\u00bboff\u00bb _builder_version=\u00bb3.14&#8243;][\/et_pb_image_overlay][\/et_pb_column][et_pb_column type=\u00bb1_4&#8243; _builder_version=\u00bb3.0.47&#8243;][et_pb_image_overlay src=\u00bbhttp:\/\/aadee.ar\/wordpress\/wp-content\/uploads\/2017\/09\/ico_nuclear.png\u00bb alt=\u00bbNUCLEAR\u00bb open_link=\u00bbon\u00bb url=\u00bbhttp:\/\/aadee.ar\/index.php\/productos-nuclear-home\/\u00bb overlay_src=\u00bbhttp:\/\/aadee.ar\/wordpress\/wp-content\/uploads\/2017\/10\/ico_nuclear2.png\u00bb animation=\u00bboff\u00bb _builder_version=\u00bb3.14&#8243;][\/et_pb_image_overlay][\/et_pb_column][et_pb_column type=\u00bb1_4&#8243; _builder_version=\u00bb3.0.47&#8243;][et_pb_image_overlay src=\u00bbhttp:\/\/aadee.ar\/wordpress\/wp-content\/uploads\/2017\/09\/ico_investigacion.png\u00bb alt=\u00bbINVESTIGACION &#038; INDUSTRIA\u00bb open_link=\u00bbon\u00bb url=\u00bbhttp:\/\/aadee.ar\/index.php\/productos-investigacion-home\/\u00bb overlay_src=\u00bbhttp:\/\/aadee.ar\/wordpress\/wp-content\/uploads\/2017\/10\/ico_investigacion2.png\u00bb animation=\u00bboff\u00bb _builder_version=\u00bb3.14&#8243;][\/et_pb_image_overlay][\/et_pb_column][\/et_pb_row][\/et_pb_section][et_pb_section fb_built=\u00bb1&#8243; specialty=\u00bbon\u00bb background_repeat_1=\u00bbno-repeat\u00bb background_repeat_2=\u00bbno-repeat\u00bb padding_right_2=\u00bb0px\u00bb padding_left_2=\u00bb0px\u00bb _builder_version=\u00bb3.22.3&#8243; custom_margin=\u00bb0px|||\u00bb custom_padding=\u00bb0px|||\u00bb][et_pb_column type=\u00bb1_4&#8243; _builder_version=\u00bb3.0.47&#8243;][et_pb_text admin_label=\u00bbmenu laborat clinico\u00bb _builder_version=\u00bb3.22.4&#8243; text_font=\u00bb||||\u00bb text_font_size=\u00bb14&#8243; text_line_height=\u00bb1.7em\u00bb header_font=\u00bb||||\u00bb header_font_size=\u00bb30px\u00bb max_width=\u00bb100%\u00bb max_width_tablet=\u00bb100%\u00bb max_width_phone=\u00bb100%\u00bb module_alignment=\u00bbleft\u00bb text_font_size_tablet=\u00bb14&#8243; text_font_size_phone=\u00bb14&#8243; text_letter_spacing_tablet=\u00bb0px\u00bb text_letter_spacing_phone=\u00bb0px\u00bb text_line_height_tablet=\u00bb1.7em\u00bb text_line_height_phone=\u00bb1.7em\u00bb header_font_size_tablet=\u00bb30px\u00bb header_font_size_phone=\u00bb30px\u00bb header_letter_spacing_tablet=\u00bb0px\u00bb header_letter_spacing_phone=\u00bb0px\u00bb header_line_height_tablet=\u00bb1em\u00bb header_line_height_phone=\u00bb1em\u00bb use_border_color=\u00bboff\u00bb border_color=\u00bb#ffffff\u00bb border_width=\u00bb1px\u00bb border_style=\u00bbsolid\u00bb global_module=\u00bb342&#8243; saved_tabs=\u00bball\u00bb]<\/p>\n<div id=\"blueblock\" class=\"medicina\">\n<ul>\n<li><a href=\"#\">NOVEDADES<\/a><\/li>\n<li class=\"expandable\"><a href=\"http:\/\/aadee.ar\/index.php\/productos-medicina\/navegacion-cirugia-guiada-por-informacion\/?categoryitems=1#seccion\">CIRUG\u00cdA DE ALTA COMPLEJIDAD<\/a><\/li>\n<ul class=\"categoryitems\">\n<li class=\"opened\"><a href=\"http:\/\/aadee.ar\/index.php\/productos-medicina\/arcos-en-c\/?categoryitems=1#seccion\">ARCOS EN C<\/a><\/li>\n<li class=\"opened\"><a href=\"http:\/\/aadee.ar\/index.php\/productos-medicina\/cirugia-radioguiada\/?categoryitems=1#seccion\">CIRUG\u00cdA RADIOGUIADA<\/a><\/li>\n<li class=\"opened\"><a href=\"http:\/\/aadee.ar\/index.php\/productos-medicina\/imagenes-intraoperatorias\/?categoryitems=1#seccion\">IM\u00c1GENES INTRAOPERATORIAS<\/a><\/li>\n<li class=\"opened\"><a href=\"http:\/\/aadee.ar\/index.php\/productos-medicina\/manejo-de-imagenes\/?categoryitems=1#seccion\">MANEJO DE IM\u00c1GENES<\/a><\/li>\n<li class=\"opened\"><a href=\"http:\/\/aadee.ar\/index.php\/productos-medicina\/microscopios-quirurgicos\/?categoryitems=1#seccion\">MICROSCOPIOS QUIR\u00daRGICOS<\/a><\/li>\n<li class=\"opened\"><a href=\"http:\/\/aadee.ar\/index.php\/productos-medicina\/navegacion-cirugia-guiada-por-informacion\/?categoryitems=1#seccion\">NAVEGACI\u00d3N &#8211; CIRUG\u00cdA GUIADA POR INFORMACI\u00d3N<\/a><\/li>\n<li class=\"opened\"><a href=\"http:\/\/aadee.ar\/index.php\/productos-medicina\/radiocirugia-radioterapia\/?categoryitems=1#seccion\">RADIOCIRUG\u00cdA &#8211; RADIOTERAPIA<\/a><\/li>\n<\/ul>\n<li class=\"expandable\"><a href=\"http:\/\/aadee.ar\/index.php\/productos-medicina\/gases-en-sangre\/?categoryitems=0\">LABORATORIO CL\u00cdNICO<\/a><\/li>\n<ul class=\"categoryitems\">\n<li class=\"opened\"><a href=\"http:\/\/aadee.ar\/index.php\/productos-medicina\/coagulometros\/?categoryitems=0#seccion\">COAGUL\u00d3METROS<\/a><\/li>\n<li class=\"opened\"><a href=\"http:\/\/aadee.ar\/index.php\/productos-medicina\/contadores-hematologicos\/?categoryitems=0#seccion\">CONTADORES HEMATOL\u00d3GICOS<\/a><\/li>\n<li class=\"opened\"><a href=\"http:\/\/aadee.ar\/index.php\/productos-medicina\/electrolitos-en-sangre\/?categoryitems=0#seccion\">ELECTROLITOS EN SANGRE<\/a><\/li>\n<li class=\"opened\"><a href=\"http:\/\/aadee.ar\/index.php\/productos-medicina\/gases-en-sangre\/?categoryitems=0#seccion\">GASES EN SANGRE<\/a><\/li>\n<li class=\"opened\"><a href=\"http:\/\/aadee.ar\/index.php\/productos-medicina\/osmometros\/?categoryitems=0#seccion\">OSM\u00d3METROS<\/a><\/li>\n<\/ul>\n<li><a href=\"http:\/\/aadee.ar\/index.php\/productos-medicina\/luminoterapia\/\">LUMINOTERAPIA<\/a><\/li>\n<li><a href=\"http:\/\/aadee.ar\/index.php\/productos-medicina\/microbiologia\/\">MICROBIOLOG\u00cdA<\/a><\/li>\n<li class=\"expandable\"><a href=\"http:\/\/aadee.ar\/index.php\/productos-medicina\/mascaras-nasales\/?categoryitems=2#seccion\">TERAPIA RESPIRATORIA<\/a><\/li>\n<ul class=\"categoryitems\">\n<li class=\"opened\"><a href=\"http:\/\/aadee.ar\/index.php\/productos-medicina\/asistente-para-tos\/?categoryitems=2#seccion\">ASISTENTE PARA TOS<\/a><\/li>\n<li class=\"opened\"><a href=\"http:\/\/aadee.ar\/index.php\/productos-medicina\/mascaras-nasales\/?categoryitems=2#seccion\">M\u00c1SCARAS<\/a><\/li>\n<li class=\"opened\"><a href=\"http:\/\/aadee.ar\/index.php\/productos-medicina\/oxigenoterapia\/?categoryitems=2#seccion\">OX\u00cdGENOTERAPIA<\/a><\/li>\n<li class=\"opened\"><a href=\"http:\/\/aadee.ar\/index.php\/productos-medicina\/sistem-one\/?categoryitems=2#seccion\">TERAPIA DEL SUE\u00d1O<\/a><\/li>\n<li class=\"opened\"><a href=\"http:\/\/aadee.ar\/index.php\/productos-medicina\/ventilacion\/?categoryitems=2#seccion\">VENTILACI\u00d3N<\/a><\/li>\n<li class=\"opened\"><a href=\"http:\/\/aadee.ar\/index.php\/productos-medicina\/ventilacion\/?categoryitems=2#seccion\">SOFTWARE<\/a><\/li>\n<\/ul>\n<li><a href=\"http:\/\/aadee.ar\/index.php\/productos-medicina\/presion-arterial-manguitos-de-presion-arterial\/\">PRESI\u00d3N ARTERIAL<\/a><\/li>\n<li><a href=\"http:\/\/aadee.ar\/index.php\/empresas-representadas\/\">EMPRESAS REPRESANTADAS<\/a><\/li>\n<\/ul>\n<\/div>\n<p>[\/et_pb_text][\/et_pb_column][et_pb_column type=\u00bb3_4&#8243; specialty_columns=\u00bb3&#8243; _builder_version=\u00bb3.0.47&#8243;][et_pb_row_inner admin_label=\u00bbFila\u00bb module_id=\u00bbseccion\u00bb _builder_version=\u00bb3.0.77&#8243;][et_pb_column_inner type=\u00bb4_4&#8243; saved_specialty_column_type=\u00bb3_4&#8243; _builder_version=\u00bb3.0.47&#8243;][et_pb_text _builder_version=\u00bb3.0.87&#8243; module_alignment=\u00bbleft\u00bb border_style=\u00bbsolid\u00bb]<\/p>\n<h1>DIVISION MEDICINA<span style=\"color: #007061;\"> \/ PRODUCTOS<\/span><\/h1>\n<h2><span style=\"color: #007061; font-size: 30px;\">MICROSCOPIOS QUIR\u00daRGICOS<\/span><\/h2>\n<p>[\/et_pb_text][\/et_pb_column_inner][\/et_pb_row_inner][et_pb_row_inner custom_padding=\u00bb0px|||\u00bb use_custom_gutter=\u00bbon\u00bb gutter_width=\u00bb1&#8243; background_repeat_1=\u00bbno-repeat\u00bb background_repeat_2=\u00bbno-repeat\u00bb background_repeat_3=\u00bbno-repeat\u00bb admin_label=\u00bbFila\u00bb _builder_version=\u00bb3.0.77&#8243; custom_margin=\u00bb0px|||\u00bb][et_pb_column_inner type=\u00bb1_3&#8243; saved_specialty_column_type=\u00bb3_4&#8243; _builder_version=\u00bb3.0.47&#8243;][et_pb_blurb title=\u00bbLEICA\u00bb url=\u00bbhttp:\/\/aadee.ar\/00pdf\/medicina\/PROvido_Brochure_ES.pdf\u00bb url_new_window=\u00bbon\u00bb image=\u00bbhttp:\/\/aadee.ar\/wordpress\/wp-content\/uploads\/2019\/06\/provido.jpg\u00bb alt=\u00bbLEICA\u00bb icon_placement=\u00bbleft\u00bb image_max_width=\u00bb125px\u00bb content_max_width=\u00bb100%\u00bb _builder_version=\u00bb3.24&#8243; header_text_color=\u00bb#2fb4a2&#8243; header_font_size=\u00bb12&#8243; body_text_color=\u00bb#505050&#8243; body_font_size=\u00bb12&#8243; link_option_url_new_window=\u00bbon\u00bb border_style=\u00bbsolid\u00bb link_option_url=\u00bbhttp:\/\/aadee.ar\/00pdf\/medicina\/PROvido_Brochure_ES.pdf\u00bb]<\/p>\n<p><strong>PROvido<\/strong><br \/> Microscopio multidisciplinar para microcirug\u00eda<\/p>\n<p><a href=\"http:\/\/aadee.ar\/00pdf\/medicina\/PROvido_Brochure_ES.pdf\">+INFO<\/a><\/p>\n<p>[\/et_pb_blurb][et_pb_blurb title=\u00bbLEICA\u00bb url=\u00bbhttp:\/\/aadee.ar\/00pdf\/medicina\/Leica_M530_OH6_Flyer_es.pdf\u00bb url_new_window=\u00bbon\u00bb image=\u00bbhttp:\/\/aadee.ar\/medicina\/00img\/productos\/mh530.jpg\u00bb alt=\u00bbLEICA\u00bb icon_placement=\u00bbleft\u00bb image_max_width=\u00bb125px\u00bb content_max_width=\u00bb100%\u00bb _builder_version=\u00bb3.0.87&#8243; header_text_color=\u00bb#2fb4a2&#8243; header_font_size=\u00bb12&#8243; body_text_color=\u00bb#505050&#8243; body_font_size=\u00bb12&#8243; border_style=\u00bbsolid\u00bb]<strong>M530 &#8211; OH6<\/strong><br \/>\nMicroscopio Quir\u00fargico de alta gama con Fusion Optics<\/p>\n<p><a href=\"http:\/\/aadee.ar\/00pdf\/medicina\/Leica_M530_OH6_Flyer_es.pdf\">+INFO<\/a><br \/>\n[\/et_pb_blurb][et_pb_blurb title=\u00bbLEICA\u00bb url=\u00bbhttp:\/\/www.aadee.ar\/00pdf\/medicina\/Leica_M525_F50_bro_es.pdf\u00bb url_new_window=\u00bbon\u00bb image=\u00bbhttp:\/\/aadee.ar\/medicina\/00img\/productos\/M525F50_RGB_03_e1dc3b78c9.jpg\u00bb alt=\u00bbLEICA\u00bb icon_placement=\u00bbleft\u00bb image_max_width=\u00bb125px\u00bb content_max_width=\u00bb100%\u00bb _builder_version=\u00bb3.0.87&#8243; header_text_color=\u00bb#2fb4a2&#8243; header_font_size=\u00bb12&#8243; body_text_color=\u00bb#505050&#8243; body_font_size=\u00bb12&#8243; border_style=\u00bbsolid\u00bb]<strong>M525 &#8211; F50<\/strong><br \/>\nM\u00edcroscopio quir\u00fargico de alta gama con Fluorescencia Vascular<\/p>\n<p><a href=\"http:\/\/www.aadee.ar\/00pdf\/medicina\/Leica_M525_F50_bro_es.pdf\">+INFO<\/a><br \/>\n[\/et_pb_blurb][et_pb_blurb title=\u00bbLEICA\u00bb url=\u00bbhttp:\/\/www.aadee.ar\/00pdf\/medicina\/Leica_M320_F12_ENT_bro_es.pdf\u00bb url_new_window=\u00bbon\u00bb image=\u00bbhttp:\/\/aadee.ar\/medicina\/00img\/productos\/M320_F12_ENT_weiss_03_081deae3a9.jpg\u00bb alt=\u00bbLEICA\u00bb icon_placement=\u00bbleft\u00bb image_max_width=\u00bb125px\u00bb content_max_width=\u00bb100%\u00bb _builder_version=\u00bb3.0.87&#8243; header_text_color=\u00bb#2fb4a2&#8243; header_font_size=\u00bb12&#8243; body_text_color=\u00bb#505050&#8243; body_font_size=\u00bb12&#8243; border_style=\u00bbsolid\u00bb]<strong>M320 -F12<\/strong><br \/>\nMicroscopio quir\u00fargico de bajo costo con iluminaci\u00f3n LED y video HD incorporado<\/p>\n<p><a href=\"http:\/\/www.aadee.ar\/00pdf\/medicina\/Leica_M320_F12_ENT_bro_es.pdf\">+INFO<\/a><br \/>\n[\/et_pb_blurb][et_pb_blurb title=\u00bbLEICA\u00bb url=\u00bbhttp:\/\/www.aadee.ar\/00pdf\/medicina\/Leica_ULT_500_bro_es.pdf\u00bb url_new_window=\u00bbon\u00bb image=\u00bbhttp:\/\/aadee.ar\/medicina\/00img\/productos\/ULT500_1_c6f891eaaf.jpg\u00bb alt=\u00bbLEICA\u00bb icon_placement=\u00bbleft\u00bb image_max_width=\u00bb125px\u00bb content_max_width=\u00bb100%\u00bb _builder_version=\u00bb3.0.87&#8243; header_text_color=\u00bb#2fb4a2&#8243; header_font_size=\u00bb12&#8243; body_text_color=\u00bb#505050&#8243; body_font_size=\u00bb12&#8243; border_style=\u00bbsolid\u00bb]<strong>ULT500<\/strong><br \/>\nM\u00f3dulo divisor de rayos para coobservaci\u00f3n<\/p>\n<p><a href=\"http:\/\/www.aadee.ar\/00pdf\/medicina\/Leica_ULT_500_bro_es.pdf\">+INFO<\/a><br \/>\n[\/et_pb_blurb][\/et_pb_column_inner][et_pb_column_inner type=\u00bb1_3&#8243; saved_specialty_column_type=\u00bb3_4&#8243; _builder_version=\u00bb3.0.47&#8243;][et_pb_blurb title=\u00bbLEICA\u00bb url=\u00bbhttp:\/\/www.aadee.ar\/00pdf\/medicina\/Leica_M720_OH5_bro_es.pdf\u00bb url_new_window=\u00bbon\u00bb image=\u00bbhttp:\/\/aadee.ar\/medicina\/00img\/productos\/M720_OH5_Produkt_01_9a368017ad.jpg\u00bb alt=\u00bbLEICA\u00bb icon_placement=\u00bbleft\u00bb image_max_width=\u00bb125px\u00bb content_max_width=\u00bb100%\u00bb _builder_version=\u00bb3.0.87&#8243; header_text_color=\u00bb#2fb4a2&#8243; header_font_size=\u00bb12&#8243; body_text_color=\u00bb#505050&#8243; body_font_size=\u00bb12&#8243; border_style=\u00bbsolid\u00bb]<strong>M720 &#8211; OH5<\/strong><br \/>\nM\u00edcroscopio quir\u00fargico de alta gama con Fluorescencia Oncol\u00f3gica y Vascular y \u00f3ptica horizontal<\/p>\n<p><a href=\"http:\/\/www.aadee.ar\/00pdf\/medicina\/Leica_M720_OH5_bro_es.pdf\">+INFO<\/a><br \/>\n[\/et_pb_blurb][et_pb_blurb title=\u00bbLEICA\u00bb url=\u00bbhttp:\/\/www.aadee.ar\/00pdf\/medicina\/Leica_HD_C100_bro_en.pdf\u00bb url_new_window=\u00bbon\u00bb image=\u00bbhttp:\/\/aadee.ar\/medicina\/00img\/productos\/Leica_HDC100_Product_04_1f8ffa320b.jpg\u00bb alt=\u00bbLEICA\u00bb icon_placement=\u00bbleft\u00bb image_max_width=\u00bb125px\u00bb content_max_width=\u00bb100%\u00bb _builder_version=\u00bb3.0.87&#8243; header_text_color=\u00bb#2fb4a2&#8243; header_font_size=\u00bb12&#8243; body_text_color=\u00bb#505050&#8243; body_font_size=\u00bb12&#8243; border_style=\u00bbsolid\u00bb]<strong>HDC100<\/strong><br \/>\nC\u00e1mara de vido HD para microscopios quir\u00fargicos<\/p>\n<p><a href=\"http:\/\/www.aadee.ar\/00pdf\/medicina\/Leica_HD_C100_bro_en.pdf\">+INFO<\/a><br \/>\n[\/et_pb_blurb][et_pb_blurb title=\u00bbLEICA\u00bb url=\u00bbhttp:\/\/www.aadee.ar\/00pdf\/medicina\/Leica_FL800_bro_en.pdf\u00bb url_new_window=\u00bbon\u00bb image=\u00bbhttp:\/\/aadee.ar\/medicina\/00img\/productos\/M720_FL800_DVA_8cb7e75139.jpg\u00bb alt=\u00bbLEICA\u00bb icon_placement=\u00bbleft\u00bb image_max_width=\u00bb125px\u00bb content_max_width=\u00bb100%\u00bb _builder_version=\u00bb3.0.87&#8243; header_text_color=\u00bb#2fb4a2&#8243; header_font_size=\u00bb12&#8243; body_text_color=\u00bb#505050&#8243; body_font_size=\u00bb12&#8243; border_style=\u00bbsolid\u00bb]<strong>FL800<\/strong><br \/>\nM\u00f3dulo de Fluorescencia Vascular<\/p>\n<p><a href=\"http:\/\/www.aadee.ar\/00pdf\/medicina\/Leica_FL800_bro_en.pdf\">+INFO<\/a><br \/>\n[\/et_pb_blurb][et_pb_blurb title=\u00bbLEICA\u00bb url=\u00bbhttp:\/\/www.aadee.ar\/00pdf\/medicina\/Leica_DI_C500_bro_es.pdf\u00bb url_new_window=\u00bbon\u00bb image=\u00bbhttp:\/\/aadee.ar\/medicina\/00img\/productos\/DI_C500_1_03_1f3ccdc670.jpg\u00bb alt=\u00bbLEICA\u00bb icon_placement=\u00bbleft\u00bb image_max_width=\u00bb125px\u00bb content_max_width=\u00bb100%\u00bb _builder_version=\u00bb3.0.87&#8243; header_text_color=\u00bb#2fb4a2&#8243; header_font_size=\u00bb12&#8243; body_text_color=\u00bb#505050&#8243; body_font_size=\u00bb12&#8243; border_style=\u00bbsolid\u00bb]<strong>DIC500<\/strong><br \/>\nM\u00f3dulo para inyecci\u00f3n de im\u00e1genes<\/p>\n<p><a href=\"http:\/\/www.aadee.ar\/00pdf\/medicina\/Leica_DI_C500_bro_es.pdf\">+INFO<\/a><br \/>\n[\/et_pb_blurb][\/et_pb_column_inner][et_pb_column_inner type=\u00bb1_3&#8243; saved_specialty_column_type=\u00bb3_4&#8243; _builder_version=\u00bb3.0.47&#8243;][et_pb_blurb title=\u00bbLEICA\u00bb url=\u00bbhttp:\/\/www.aadee.ar\/00pdf\/medicina\/Leica_M525_OH4_bro_es.pdf\u00bb url_new_window=\u00bbon\u00bb image=\u00bbhttp:\/\/aadee.ar\/medicina\/00img\/productos\/M525_OH4_1_35a4e85197.jpg\u00bb alt=\u00bbLEICA\u00bb icon_placement=\u00bbleft\u00bb image_max_width=\u00bb125px\u00bb content_max_width=\u00bb100%\u00bb _builder_version=\u00bb3.0.87&#8243; header_text_color=\u00bb#2fb4a2&#8243; header_font_size=\u00bb12&#8243; body_text_color=\u00bb#505050&#8243; body_font_size=\u00bb12&#8243; border_style=\u00bbsolid\u00bb]<strong>M525 &#8211; OH4<\/strong><br \/>\nMicroscopio quir\u00fargico de alta gama con Fluorescencia Oncol\u00f3gica y Vascular<\/p>\n<p><a href=\"http:\/\/www.aadee.ar\/00pdf\/medicina\/Leica_M525_OH4_bro_es.pdf\">+INFO<\/a><br \/>\n[\/et_pb_blurb][et_pb_blurb title=\u00bbLEICA\u00bb url=\u00bbhttp:\/\/www.aadee.ar\/00pdf\/medicina\/Leica_M525_F20_ENT_bro_es.pdf\u00bb url_new_window=\u00bbon\u00bb image=\u00bbhttp:\/\/aadee.ar\/medicina\/00img\/productos\/M525_F20_1_04_fe2cc340f5.jpg\u00bb alt=\u00bbLEICA\u00bb icon_placement=\u00bbleft\u00bb image_max_width=\u00bb125px\u00bb content_max_width=\u00bb100%\u00bb _builder_version=\u00bb3.0.87&#8243; header_text_color=\u00bb#2fb4a2&#8243; header_font_size=\u00bb12&#8243; body_text_color=\u00bb#505050&#8243; body_font_size=\u00bb12&#8243; border_style=\u00bbsolid\u00bb]<strong>M525 &#8211; F20<\/strong><br \/>\nMicroscopio quir\u00fargico con estativo mec\u00e1nico<\/p>\n<p><a href=\"http:\/\/www.aadee.ar\/00pdf\/medicina\/Leica_M525_F20_ENT_bro_es.pdf\">+INFO<\/a><br \/>\n[\/et_pb_blurb][et_pb_blurb title=\u00bbLEICA\u00bb url=\u00bbhttp:\/\/aadee.ar\/00pdf\/medicina\/Brochure-HDMD2.pdf\u00bb url_new_window=\u00bbon\u00bb image=\u00bbhttp:\/\/aadee.ar\/medicina\/00img\/productos\/HDMD2.jpg\u00bb alt=\u00bbLEICA\u00bb icon_placement=\u00bbleft\u00bb image_max_width=\u00bb125px\u00bb content_max_width=\u00bb100%\u00bb _builder_version=\u00bb3.0.87&#8243; header_text_color=\u00bb#2fb4a2&#8243; header_font_size=\u00bb12&#8243; body_text_color=\u00bb#505050&#8243; body_font_size=\u00bb12&#8243; border_style=\u00bbsolid\u00bb]<strong>HDMD2<\/strong><br \/>\nSistema de video recording HD para microscopios quir\u00fargicos<\/p>\n<p><a href=\"http:\/\/aadee.ar\/00pdf\/medicina\/Brochure-HDMD2.pdf\">+INFO<\/a><br \/>\n[\/et_pb_blurb][et_pb_blurb title=\u00bbLEICA\u00bb url=\u00bbhttp:\/\/www.aadee.ar\/00pdf\/medicina\/Leica_FL400_bro_en.pdf\u00bb url_new_window=\u00bbon\u00bb image=\u00bbhttp:\/\/aadee.ar\/medicina\/00img\/productos\/M720_FL400_System_Titel_RGB_05_be6a2aa276.jpg\u00bb alt=\u00bbLEICA\u00bb icon_placement=\u00bbleft\u00bb image_max_width=\u00bb125px\u00bb content_max_width=\u00bb100%\u00bb _builder_version=\u00bb3.0.87&#8243; header_text_color=\u00bb#2fb4a2&#8243; header_font_size=\u00bb12&#8243; body_text_color=\u00bb#505050&#8243; body_font_size=\u00bb12&#8243; border_style=\u00bbsolid\u00bb]<strong>FL400<\/strong><br \/>\nM\u00f3dulo de Fluorescencia Oncol\u00f3gica<\/p>\n<p><a href=\"http:\/\/www.aadee.ar\/00pdf\/medicina\/Leica_FL400_bro_en.pdf\">+INFO<\/a><br \/>\n[\/et_pb_blurb][\/et_pb_column_inner][\/et_pb_row_inner][\/et_pb_column][\/et_pb_section]<\/p>\n","protected":false},"excerpt":{"rendered":"<p>NOVEDADES CIRUG\u00cdA DE ALTA COMPLEJIDAD ARCOS EN C CIRUG\u00cdA RADIOGUIADA IM\u00c1GENES INTRAOPERATORIAS MANEJO DE IM\u00c1GENES MICROSCOPIOS QUIR\u00daRGICOS NAVEGACI\u00d3N &#8211; CIRUG\u00cdA GUIADA POR INFORMACI\u00d3N RADIOCIRUG\u00cdA &#8211; RADIOTERAPIA LABORATORIO CL\u00cdNICO COAGUL\u00d3METROS CONTADORES HEMATOL\u00d3GICOS ELECTROLITOS EN SANGRE GASES EN SANGRE OSM\u00d3METROS LUMINOTERAPIA MICROBIOLOG\u00cdA TERAPIA RESPIRATORIA ASISTENTE PARA TOS M\u00c1SCARAS OX\u00cdGENOTERAPIA TERAPIA DEL SUE\u00d1O VENTILACI\u00d3N SOFTWARE PRESI\u00d3N ARTERIAL EMPRESAS [&hellip;]<\/p>\n","protected":false},"author":2,"featured_media":0,"parent":227,"menu_order":0,"comment_status":"closed","ping_status":"closed","template":"","meta":{"_et_pb_use_builder":"on","_et_pb_old_content":"","_et_gb_content_width":"","footnotes":""},"class_list":["post-594","page","type-page","status-publish","hentry"],"_links":{"self":[{"href":"https:\/\/www.aadee.ar\/index.php\/wp-json\/wp\/v2\/pages\/594","targetHints":{"allow":["GET"]}}],"collection":[{"href":"https:\/\/www.aadee.ar\/index.php\/wp-json\/wp\/v2\/pages"}],"about":[{"href":"https:\/\/www.aadee.ar\/index.php\/wp-json\/wp\/v2\/types\/page"}],"author":[{"embeddable":true,"href":"https:\/\/www.aadee.ar\/index.php\/wp-json\/wp\/v2\/users\/2"}],"replies":[{"embeddable":true,"href":"https:\/\/www.aadee.ar\/index.php\/wp-json\/wp\/v2\/comments?post=594"}],"version-history":[{"count":0,"href":"https:\/\/www.aadee.ar\/index.php\/wp-json\/wp\/v2\/pages\/594\/revisions"}],"up":[{"embeddable":true,"href":"https:\/\/www.aadee.ar\/index.php\/wp-json\/wp\/v2\/pages\/227"}],"wp:attachment":[{"href":"https:\/\/www.aadee.ar\/index.php\/wp-json\/wp\/v2\/media?parent=594"}],"curies":[{"name":"wp","href":"https:\/\/api.w.org\/{rel}","templated":true}]}}