{"id":571,"date":"2017-10-09T19:02:36","date_gmt":"2017-10-09T19:02:36","guid":{"rendered":"http:\/\/aadee.ar\/wordpress\/?page_id=571"},"modified":"2024-09-24T12:42:06","modified_gmt":"2024-09-24T15:42:06","slug":"contadores-hematologicos","status":"publish","type":"page","link":"https:\/\/www.aadee.ar\/index.php\/productos-medicina\/contadores-hematologicos\/","title":{"rendered":"Contadores Hematol\u00f3gicos"},"content":{"rendered":"<p>[et_pb_section fb_built=\u00bb1&#8243; disabled_on=\u00bbon||\u00bb _builder_version=\u00bb4.15&#8243; custom_margin=\u00bb0px||0px|\u00bb custom_padding=\u00bb0px||0px|\u00bb global_colors_info=\u00bb{}\u00bb][et_pb_row column_structure=\u00bb1_4,1_4,1_4,1_4&#8243; disabled_on=\u00bbon|on|\u00bb _builder_version=\u00bb4.15.1&#8243; custom_margin=\u00bb0px|||\u00bb custom_padding=\u00bb28px|||||\u00bb global_module=\u00bb206&#8243; locked=\u00bboff\u00bb global_colors_info=\u00bb{}\u00bb][et_pb_column type=\u00bb1_4&#8243; _builder_version=\u00bb4.15.1&#8243; custom_padding=\u00bb|||\u00bb global_colors_info=\u00bb{}\u00bb custom_padding__hover=\u00bb|||\u00bb][et_pb_image src=\u00bbhttps:\/\/www.aadee.ar\/wordpress\/wp-content\/uploads\/2017\/09\/ico_fabricacion-300&#215;98.png\u00bb title_text=\u00bbico_fabricacion\u00bb url=\u00bbhttp:\/\/aadee.ar\/index.php\/productos-fabricacion\/\u00bb _builder_version=\u00bb4.15.1&#8243; _module_preset=\u00bbdefault\u00bb global_colors_info=\u00bb{}\u00bb][\/et_pb_image][\/et_pb_column][et_pb_column type=\u00bb1_4&#8243; _builder_version=\u00bb4.15&#8243; custom_padding=\u00bb|||\u00bb global_colors_info=\u00bb{}\u00bb custom_padding__hover=\u00bb|||\u00bb][et_pb_image src=\u00bbhttps:\/\/www.aadee.ar\/wordpress\/wp-content\/uploads\/2017\/09\/ico_medicina-300&#215;98.png\u00bb title_text=\u00bbico_medicina\u00bb url=\u00bbhttp:\/\/aadee.ar\/index.php\/productos-medicina\/\u00bb _builder_version=\u00bb4.15.1&#8243; _module_preset=\u00bbdefault\u00bb global_colors_info=\u00bb{}\u00bb][\/et_pb_image][\/et_pb_column][et_pb_column type=\u00bb1_4&#8243; _builder_version=\u00bb4.15&#8243; custom_padding=\u00bb|||\u00bb global_colors_info=\u00bb{}\u00bb custom_padding__hover=\u00bb|||\u00bb][et_pb_image src=\u00bbhttps:\/\/www.aadee.ar\/wordpress\/wp-content\/uploads\/2017\/09\/ico_nuclear-300&#215;98.png\u00bb title_text=\u00bbico_nuclear\u00bb url=\u00bbhttp:\/\/aadee.ar\/index.php\/productos-nuclear-home\/\u00bb _builder_version=\u00bb4.15.1&#8243; _module_preset=\u00bbdefault\u00bb global_colors_info=\u00bb{}\u00bb][\/et_pb_image][\/et_pb_column][et_pb_column type=\u00bb1_4&#8243; _builder_version=\u00bb4.15&#8243; custom_padding=\u00bb|||\u00bb global_colors_info=\u00bb{}\u00bb custom_padding__hover=\u00bb|||\u00bb][et_pb_image src=\u00bbhttps:\/\/www.aadee.ar\/wordpress\/wp-content\/uploads\/2017\/09\/ico_investigacion-300&#215;98.png\u00bb title_text=\u00bbico_investigacion\u00bb url=\u00bbhttp:\/\/aadee.ar\/index.php\/productos-investigacion-home\/\u00bb _builder_version=\u00bb4.15.1&#8243; _module_preset=\u00bbdefault\u00bb global_colors_info=\u00bb{}\u00bb][\/et_pb_image][\/et_pb_column][\/et_pb_row][\/et_pb_section][et_pb_section fb_built=\u00bb1&#8243; specialty=\u00bbon\u00bb background_repeat_1=\u00bbno-repeat\u00bb background_repeat_2=\u00bbno-repeat\u00bb padding_right_2=\u00bb0px\u00bb padding_left_2=\u00bb0px\u00bb _builder_version=\u00bb4.15&#8243; custom_margin=\u00bb0px|||\u00bb custom_padding=\u00bb0px|||\u00bb global_colors_info=\u00bb{}\u00bb][et_pb_column type=\u00bb1_4&#8243; _builder_version=\u00bb4.15&#8243; custom_padding=\u00bb|||\u00bb global_colors_info=\u00bb{}\u00bb custom_padding__hover=\u00bb|||\u00bb][et_pb_text disabled_on=\u00bboff|off|\u00bb admin_label=\u00bbmenu investigaci\u00f3n nuevo\u00bb _builder_version=\u00bb4.15.1&#8243; text_font=\u00bb||||\u00bb text_font_size=\u00bb14&#8243; text_line_height=\u00bb1.7em\u00bb header_font=\u00bb||||\u00bb header_font_size=\u00bb30px\u00bb max_width=\u00bb100%\u00bb max_width_tablet=\u00bb100%\u00bb max_width_phone=\u00bb100%\u00bb module_alignment=\u00bbleft\u00bb text_font_size_tablet=\u00bb14&#8243; text_font_size_phone=\u00bb14&#8243; text_letter_spacing_tablet=\u00bb0px\u00bb text_letter_spacing_phone=\u00bb0px\u00bb text_line_height_tablet=\u00bb1.7em\u00bb text_line_height_phone=\u00bb1.7em\u00bb header_font_size_tablet=\u00bb30px\u00bb header_font_size_phone=\u00bb30px\u00bb header_letter_spacing_tablet=\u00bb0px\u00bb header_letter_spacing_phone=\u00bb0px\u00bb header_line_height_tablet=\u00bb1em\u00bb header_line_height_phone=\u00bb1em\u00bb use_border_color=\u00bboff\u00bb border_color=\u00bb#ffffff\u00bb border_width=\u00bb1px\u00bb border_style=\u00bbsolid\u00bb global_module=\u00bb342&#8243; saved_tabs=\u00bball\u00bb locked=\u00bboff\u00bb global_colors_info=\u00bb{}\u00bb]<\/p>\n<div id=\"blueblock\" class=\"medicina\">\n<ul>\n<li><a href=\"#\">NOVEDADES<\/a><\/li>\n<li class=\"expandable\"><a href=\"http:\/\/aadee.ar\/index.php\/productos-medicina\/navegacion-cirugia-guiada-por-informacion\/?categoryitems=1#seccion\">CIRUG\u00cdA DE ALTA COMPLEJIDAD<\/a>\n<ul class=\"categoryitems\">\n<li class=\"opened\"><a href=\"http:\/\/aadee.ar\/index.php\/productos-medicina\/arcos-en-c\/?categoryitems=1#seccion\">ARCOS EN C<\/a><\/li>\n<li class=\"opened\"><a href=\"http:\/\/aadee.ar\/index.php\/productos-medicina\/cirugia-radioguiada\/?categoryitems=1#seccion\">CIRUG\u00cdA RADIOGUIADA<\/a><\/li>\n<li class=\"opened\"><a href=\"http:\/\/aadee.ar\/index.php\/productos-medicina\/imagenes-intraoperatorias\/?categoryitems=1#seccion\">IM\u00c1GENES INTRAOPERATORIAS<\/a><\/li>\n<li class=\"opened\"><a href=\"http:\/\/aadee.ar\/index.php\/productos-medicina\/manejo-de-imagenes\/?categoryitems=1#seccion\">MANEJO DE IM\u00c1GENES<\/a><\/li>\n<li class=\"opened\"><a href=\"http:\/\/aadee.ar\/index.php\/productos-medicina\/microscopios-quirurgicos\/?categoryitems=1#seccion\">MICROSCOPIOS QUIR\u00daRGICOS<\/a><\/li>\n<li class=\"opened\"><a href=\"http:\/\/aadee.ar\/index.php\/productos-medicina\/navegacion-cirugia-guiada-por-informacion\/?categoryitems=1#seccion\">NAVEGACI\u00d3N &#8211; CIRUG\u00cdA GUIADA POR INFORMACI\u00d3N<\/a><\/li>\n<li class=\"opened\"><a href=\"http:\/\/aadee.ar\/index.php\/productos-medicina\/radiocirugia-radioterapia\/?categoryitems=1#seccion\">RADIOCIRUG\u00cdA &#8211; RADIOTERAPIA<\/a><\/li>\n<\/ul>\n<\/li>\n<li class=\"expandable\"><a href=\"http:\/\/aadee.ar\/index.php\/productos-medicina\/gases-en-sangre\/?categoryitems=0\">LABORATORIO CL\u00cdNICO<\/a>\n<ul class=\"categoryitems\">\n<li class=\"opened\"><a href=\"http:\/\/aadee.ar\/index.php\/productos-medicina\/coagulometros\/?categoryitems=0#seccion\">COAGUL\u00d3METROS<\/a><\/li>\n<li class=\"opened\"><a href=\"http:\/\/aadee.ar\/index.php\/productos-medicina\/contadores-hematologicos\/?categoryitems=0#seccion\">CONTADORES HEMATOL\u00d3GICOS<\/a><\/li>\n<li class=\"opened\"><a href=\"http:\/\/aadee.ar\/index.php\/productos-medicina\/electrolitos-en-sangre\/?categoryitems=0#seccion\">ELECTROLITOS EN SANGRE<\/a><\/li>\n<li class=\"opened\"><a href=\"http:\/\/aadee.ar\/index.php\/productos-medicina\/gases-en-sangre\/?categoryitems=0#seccion\">GASES EN SANGRE<\/a><\/li>\n<li class=\"opened\"><a href=\"http:\/\/aadee.ar\/index.php\/productos-medicina\/osmometros\/?categoryitems=0#seccion\">OSM\u00d3METROS<\/a><\/li>\n<\/ul>\n<\/li>\n<li><a href=\"http:\/\/aadee.ar\/index.php\/productos-medicina\/microbiologia\/\">MICROBIOLOG\u00cdA<\/a><\/li>\n<li class=\"expandable\"><a href=\"http:\/\/aadee.ar\/index.php\/productos-medicina\/mascaras-nasales\/?categoryitems=2#seccion\">TERAPIA RESPIRATORIA<\/a>\n<ul class=\"categoryitems\">\n<li class=\"opened\"><a href=\"http:\/\/aadee.ar\/index.php\/productos-medicina\/asistente-para-tos\/?categoryitems=2#seccion\">ASISTENTE PARA TOS<\/a><\/li>\n<\/ul>\n<\/li>\n<li><a href=\"http:\/\/aadee.ar\/index.php\/empresas-representadas\/\">EMPRESAS REPRESANTADAS<\/a><\/li>\n<\/ul>\n<\/div>\n<p>[\/et_pb_text][\/et_pb_column][et_pb_column type=\u00bb3_4&#8243; specialty_columns=\u00bb3&#8243; _builder_version=\u00bb4.15&#8243; custom_padding=\u00bb|||\u00bb global_colors_info=\u00bb{}\u00bb custom_padding__hover=\u00bb|||\u00bb][et_pb_row_inner admin_label=\u00bbFila\u00bb module_id=\u00bbseccion\u00bb _builder_version=\u00bb4.15&#8243; global_colors_info=\u00bb{}\u00bb][et_pb_column_inner saved_specialty_column_type=\u00bb3_4&#8243; _builder_version=\u00bb4.15&#8243; custom_padding=\u00bb|||\u00bb global_colors_info=\u00bb{}\u00bb custom_padding__hover=\u00bb|||\u00bb][et_pb_text _builder_version=\u00bb4.15.1&#8243; module_alignment=\u00bbleft\u00bb border_style=\u00bbsolid\u00bb global_colors_info=\u00bb{}\u00bb]<\/p>\n<h1>DIVISION MEDICINA<span style=\"color: #007061;\"> \/ PRODUCTOS<\/span><\/h1>\n<h2><span style=\"color: #007061; font-size: 30px;\">Contadores Hematol\u00f3gicos<\/span><\/h2>\n<p>[\/et_pb_text][\/et_pb_column_inner][\/et_pb_row_inner][et_pb_row_inner column_structure=\u00bb1_3,1_3,1_3&#8243; use_custom_gutter=\u00bbon\u00bb gutter_width=\u00bb1&#8243; admin_label=\u00bbFila\u00bb _builder_version=\u00bb4.15&#8243; custom_margin=\u00bb0px|||\u00bb custom_padding=\u00bb0px|||\u00bb global_colors_info=\u00bb{}\u00bb][et_pb_column_inner type=\u00bb1_3&#8243; saved_specialty_column_type=\u00bb3_4&#8243; _builder_version=\u00bb4.15&#8243; custom_padding=\u00bb|||\u00bb global_colors_info=\u00bb{}\u00bb custom_padding__hover=\u00bb|||\u00bb][et_pb_blurb title=\u00bbNIHON KOHDEN\u00bb url=\u00bbhttp:\/\/aadee.ar\/00pdf\/medicina\/mek6510_bro_en_1301.pdf\u00bb url_new_window=\u00bbon\u00bb image=\u00bbhttp:\/\/aadee.ar\/medicina\/00img\/productos\/MEK-6510.jpg\u00bb alt=\u00bbNIHON KOHDEN\u00bb icon_placement=\u00bbleft\u00bb image_icon_width=\u00bb125px\u00bb content_max_width=\u00bb100%\u00bb _builder_version=\u00bb4.15&#8243; header_text_color=\u00bb#2fb4a2&#8243; header_font_size=\u00bb12&#8243; body_text_color=\u00bb#505050&#8243; body_font_size=\u00bb12&#8243; border_style=\u00bbsolid\u00bb image_max_width=\u00bb125px\u00bb use_circle=\u00bboff\u00bb use_circle_border=\u00bboff\u00bb global_colors_info=\u00bb{}\u00bb]<\/p>\n<p><strong>NK 6510<\/strong><br \/>Contador Hematol\u00f3lico 3 dif de 60 muestras horas<br \/><a href=\"http:\/\/aadee.ar\/00pdf\/medicina\/mek6510_bro_en_1301.pdf\">+INFO<\/a><\/p>\n<p>[\/et_pb_blurb][et_pb_blurb title=\u00bbNIHON KOHDEN\u00bb url=\u00bbhttp:\/\/aadee.ar\/00pdf\/medicina\/mek7300_brochure_1202.pdf\u00bb url_new_window=\u00bbon\u00bb image=\u00bbhttps:\/\/www.aadee.ar\/wordpress\/wp-content\/uploads\/mek-1301-02.jpg\u00bb alt=\u00bbNIHON KOHDEN\u00bb icon_placement=\u00bbleft\u00bb image_icon_width=\u00bb125px\u00bb content_max_width=\u00bb100%\u00bb _builder_version=\u00bb4.15.1&#8243; header_text_color=\u00bb#2fb4a2&#8243; header_font_size=\u00bb12&#8243; body_text_color=\u00bb#505050&#8243; body_font_size=\u00bb12&#8243; hover_enabled=\u00bb0&#8243; border_style=\u00bbsolid\u00bb image_max_width=\u00bb125px\u00bb use_circle=\u00bboff\u00bb use_circle_border=\u00bboff\u00bb global_colors_info=\u00bb{}\u00bb sticky_enabled=\u00bb0&#8243; title_text=\u00bbmek-1301-02&#8243;]<\/p>\n<p><strong>NK 1305<\/strong><br \/>Contador Hematol\u00f3lico 3 dif de 60 muestras horas<br \/><a href=\"https:\/\/www.aadee.ar\/wordpress\/wp-content\/uploads\/Celltac-Alpha-MEK-1305.pdf\">+INFO<\/a><\/p>\n<p>[\/et_pb_blurb][et_pb_blurb title=\u00bbNIHON KOHDEN\u00bb url=\u00bbhttp:\/\/aadee.ar\/00pdf\/medicina\/mek7300_brochure_1202.pdf\u00bb url_new_window=\u00bbon\u00bb image=\u00bbhttps:\/\/www.aadee.ar\/wordpress\/wp-content\/uploads\/mek9100.jpg\u00bb alt=\u00bbNIHON KOHDEN\u00bb icon_placement=\u00bbleft\u00bb image_icon_width=\u00bb125px\u00bb content_max_width=\u00bb100%\u00bb _builder_version=\u00bb4.15.1&#8243; header_text_color=\u00bb#2fb4a2&#8243; header_font_size=\u00bb12&#8243; body_text_color=\u00bb#505050&#8243; body_font_size=\u00bb12&#8243; hover_enabled=\u00bb0&#8243; border_style=\u00bbsolid\u00bb image_max_width=\u00bb125px\u00bb use_circle=\u00bboff\u00bb use_circle_border=\u00bboff\u00bb global_colors_info=\u00bb{}\u00bb title_text=\u00bbmek9100&#8243; sticky_enabled=\u00bb0&#8243;]<\/p>\n<p><strong>NK 9100<\/strong><br \/>Contador Hematol\u00f3lico 5 dif de 90 muestras horas<br \/><a href=\"https:\/\/www.aadee.ar\/wordpress\/wp-content\/uploads\/MEK9100-espanol.pdf\">+INFO<\/a><\/p>\n<p>[\/et_pb_blurb][\/et_pb_column_inner][et_pb_column_inner type=\u00bb1_3&#8243; saved_specialty_column_type=\u00bb3_4&#8243; _builder_version=\u00bb4.15&#8243; custom_padding=\u00bb|||\u00bb global_colors_info=\u00bb{}\u00bb custom_padding__hover=\u00bb|||\u00bb][et_pb_blurb title=\u00bbNIHON KOHDEN\u00bb url=\u00bbhttp:\/\/aadee.ar\/00pdf\/medicina\/mek7300_brochure_1202.pdf\u00bb url_new_window=\u00bbon\u00bb image=\u00bbhttp:\/\/aadee.ar\/medicina\/00img\/productos\/MEK-7300.jpg\u00bb alt=\u00bbNIHON KOHDEN\u00bb icon_placement=\u00bbleft\u00bb image_icon_width=\u00bb125px\u00bb content_max_width=\u00bb100%\u00bb _builder_version=\u00bb4.15&#8243; header_text_color=\u00bb#2fb4a2&#8243; header_font_size=\u00bb12&#8243; body_text_color=\u00bb#505050&#8243; body_font_size=\u00bb12&#8243; border_style=\u00bbsolid\u00bb image_max_width=\u00bb125px\u00bb use_circle=\u00bboff\u00bb use_circle_border=\u00bboff\u00bb global_colors_info=\u00bb{}\u00bb]<\/p>\n<p><strong>NK 7300<\/strong><br \/>Contador Hematol\u00f3lico 5 dif de 60 muestras horas<br \/><a href=\"http:\/\/aadee.ar\/00pdf\/medicina\/mek7300_brochure_1202.pdf\">+INFO<\/a><\/p>\n<p>[\/et_pb_blurb][et_pb_blurb title=\u00bbNIHON KOHDEN\u00bb url=\u00bbhttp:\/\/aadee.ar\/00pdf\/medicina\/mek7300_brochure_1202.pdf\u00bb url_new_window=\u00bbon\u00bb image=\u00bbhttps:\/\/www.aadee.ar\/wordpress\/wp-content\/uploads\/mek-1301-02.jpg\u00bb alt=\u00bbNIHON KOHDEN\u00bb icon_placement=\u00bbleft\u00bb image_icon_width=\u00bb125px\u00bb content_max_width=\u00bb100%\u00bb _builder_version=\u00bb4.15.1&#8243; header_text_color=\u00bb#2fb4a2&#8243; header_font_size=\u00bb12&#8243; body_text_color=\u00bb#505050&#8243; body_font_size=\u00bb12&#8243; hover_enabled=\u00bb0&#8243; border_style=\u00bbsolid\u00bb image_max_width=\u00bb125px\u00bb use_circle=\u00bboff\u00bb use_circle_border=\u00bboff\u00bb global_colors_info=\u00bb{}\u00bb sticky_enabled=\u00bb0&#8243; title_text=\u00bbmek-1301-02&#8243;]<\/p>\n<p><strong>NK 1301\/1302<\/strong><br \/>Contador Hematol\u00f3lico 3 dif de 60 muestras horas<br \/><a href=\"https:\/\/www.aadee.ar\/wordpress\/wp-content\/uploads\/MEK1301.1302-espanol.pdf\">+INFO<\/a><\/p>\n<p>[\/et_pb_blurb][et_pb_blurb title=\u00bbNIHON KOHDEN\u00bb url=\u00bbhttp:\/\/aadee.ar\/00pdf\/medicina\/mek7300_brochure_1202.pdf\u00bb url_new_window=\u00bbon\u00bb image=\u00bbhttps:\/\/www.aadee.ar\/wordpress\/wp-content\/uploads\/mek9200.jpg\u00bb alt=\u00bbNIHON KOHDEN\u00bb icon_placement=\u00bbleft\u00bb image_icon_width=\u00bb125px\u00bb content_max_width=\u00bb100%\u00bb _builder_version=\u00bb4.15.1&#8243; header_text_color=\u00bb#2fb4a2&#8243; header_font_size=\u00bb12&#8243; body_text_color=\u00bb#505050&#8243; body_font_size=\u00bb12&#8243; hover_enabled=\u00bb0&#8243; border_style=\u00bbsolid\u00bb image_max_width=\u00bb125px\u00bb use_circle=\u00bboff\u00bb use_circle_border=\u00bboff\u00bb global_colors_info=\u00bb{}\u00bb title_text=\u00bbmek9200&#8243; sticky_enabled=\u00bb0&#8243;]<\/p>\n<p><strong>NK 9200<\/strong><br \/>Contador Hematol\u00f3lico 5 dif de 90 muestras horas<br \/><a href=\"https:\/\/www.aadee.ar\/wordpress\/wp-content\/uploads\/MEK-9200-Catalog.pdf\">+INFO<\/a><\/p>\n<p>[\/et_pb_blurb][\/et_pb_column_inner][et_pb_column_inner type=\u00bb1_3&#8243; saved_specialty_column_type=\u00bb3_4&#8243; _builder_version=\u00bb4.15&#8243; custom_padding=\u00bb|||\u00bb global_colors_info=\u00bb{}\u00bb custom_padding__hover=\u00bb|||\u00bb][et_pb_blurb title=\u00bbAADEE\u00bb url=\u00bb#\u00bb url_new_window=\u00bbon\u00bb alt=\u00bbaadee\u00bb icon_placement=\u00bbleft\u00bb image_icon_width=\u00bb125px\u00bb content_max_width=\u00bb100%\u00bb _builder_version=\u00bb4.15.1&#8243; header_text_color=\u00bb#2fb4a2&#8243; header_font_size=\u00bb12&#8243; body_text_color=\u00bb#505050&#8243; body_font_size=\u00bb12&#8243; border_style=\u00bbsolid\u00bb image_max_width=\u00bb125px\u00bb use_circle=\u00bboff\u00bb use_circle_border=\u00bboff\u00bb global_colors_info=\u00bb{}\u00bb]<\/p>\n<p><strong>Reactivos<\/strong><br \/>Reactivos para hematolog\u00eda<\/p>\n<p><!-- <a href=\"http:\/\/aadee.ar\/00pdf\/medicina\/qc623_rev_b.pdf\">+INFO<\/a> --><\/p>\n<p>[\/et_pb_blurb][et_pb_blurb title=\u00bbNIHON KOHDEN\u00bb url=\u00bbhttp:\/\/aadee.ar\/00pdf\/medicina\/mek7300_brochure_1202.pdf\u00bb url_new_window=\u00bbon\u00bb image=\u00bbhttps:\/\/www.aadee.ar\/wordpress\/wp-content\/uploads\/mek-1303.jpg\u00bb alt=\u00bbNIHON KOHDEN\u00bb icon_placement=\u00bbleft\u00bb image_icon_width=\u00bb125px\u00bb content_max_width=\u00bb100%\u00bb _builder_version=\u00bb4.15.1&#8243; header_text_color=\u00bb#2fb4a2&#8243; header_font_size=\u00bb12&#8243; body_text_color=\u00bb#505050&#8243; body_font_size=\u00bb12&#8243; hover_enabled=\u00bb0&#8243; border_style=\u00bbsolid\u00bb image_max_width=\u00bb125px\u00bb use_circle=\u00bboff\u00bb use_circle_border=\u00bboff\u00bb global_colors_info=\u00bb{}\u00bb title_text=\u00bbmek-1303&#8243; sticky_enabled=\u00bb0&#8243;]<\/p>\n<p><strong>NK 1303<\/strong><br \/>Contador Hematol\u00f3lico 3 dif de 60 muestras horas<br \/><a href=\"https:\/\/www.aadee.ar\/wordpress\/wp-content\/uploads\/MEK-1303_Espanol.pdf\">+INFO<\/a><\/p>\n<p>[\/et_pb_blurb][\/et_pb_column_inner][\/et_pb_row_inner][\/et_pb_column][\/et_pb_section]<\/p>\n","protected":false},"excerpt":{"rendered":"<p>NOVEDADES CIRUG\u00cdA DE ALTA COMPLEJIDAD ARCOS EN C CIRUG\u00cdA RADIOGUIADA IM\u00c1GENES INTRAOPERATORIAS MANEJO DE IM\u00c1GENES MICROSCOPIOS QUIR\u00daRGICOS NAVEGACI\u00d3N &#8211; CIRUG\u00cdA GUIADA POR INFORMACI\u00d3N RADIOCIRUG\u00cdA &#8211; RADIOTERAPIA LABORATORIO CL\u00cdNICO COAGUL\u00d3METROS CONTADORES HEMATOL\u00d3GICOS ELECTROLITOS EN SANGRE GASES EN SANGRE OSM\u00d3METROS MICROBIOLOG\u00cdA TERAPIA RESPIRATORIA ASISTENTE PARA TOS EMPRESAS REPRESANTADAS DIVISION MEDICINA \/ PRODUCTOS Contadores Hematol\u00f3gicosNK 6510Contador Hematol\u00f3lico 3 [&hellip;]<\/p>\n","protected":false},"author":1,"featured_media":0,"parent":227,"menu_order":0,"comment_status":"closed","ping_status":"closed","template":"","meta":{"_et_pb_use_builder":"on","_et_pb_old_content":"","_et_gb_content_width":"","footnotes":""},"class_list":["post-571","page","type-page","status-publish","hentry"],"_links":{"self":[{"href":"https:\/\/www.aadee.ar\/index.php\/wp-json\/wp\/v2\/pages\/571","targetHints":{"allow":["GET"]}}],"collection":[{"href":"https:\/\/www.aadee.ar\/index.php\/wp-json\/wp\/v2\/pages"}],"about":[{"href":"https:\/\/www.aadee.ar\/index.php\/wp-json\/wp\/v2\/types\/page"}],"author":[{"embeddable":true,"href":"https:\/\/www.aadee.ar\/index.php\/wp-json\/wp\/v2\/users\/1"}],"replies":[{"embeddable":true,"href":"https:\/\/www.aadee.ar\/index.php\/wp-json\/wp\/v2\/comments?post=571"}],"version-history":[{"count":3,"href":"https:\/\/www.aadee.ar\/index.php\/wp-json\/wp\/v2\/pages\/571\/revisions"}],"predecessor-version":[{"id":9209,"href":"https:\/\/www.aadee.ar\/index.php\/wp-json\/wp\/v2\/pages\/571\/revisions\/9209"}],"up":[{"embeddable":true,"href":"https:\/\/www.aadee.ar\/index.php\/wp-json\/wp\/v2\/pages\/227"}],"wp:attachment":[{"href":"https:\/\/www.aadee.ar\/index.php\/wp-json\/wp\/v2\/media?parent=571"}],"curies":[{"name":"wp","href":"https:\/\/api.w.org\/{rel}","templated":true}]}}