{"id":565,"date":"2017-10-09T18:56:02","date_gmt":"2017-10-09T18:56:02","guid":{"rendered":"http:\/\/aadee.ar\/wordpress\/?page_id=565"},"modified":"2020-06-02T17:29:35","modified_gmt":"2020-06-02T17:29:35","slug":"electrolitos-en-sangre","status":"publish","type":"page","link":"https:\/\/www.aadee.ar\/index.php\/productos-medicina\/electrolitos-en-sangre\/","title":{"rendered":"Electrolitos en Sangre"},"content":{"rendered":"<p>[et_pb_section fb_built=\u00bb1&#8243; disabled_on=\u00bbon||\u00bb _builder_version=\u00bb3.22&#8243; custom_margin=\u00bb0px||0px|\u00bb custom_padding=\u00bb0px||0px|\u00bb][et_pb_row column_structure=\u00bb1_4,1_4,1_4,1_4&#8243; disabled_on=\u00bbon|on|\u00bb _builder_version=\u00bb3.0.77&#8243; custom_margin=\u00bb0px|||\u00bb custom_padding=\u00bb28px|||||\u00bb global_module=\u00bb206&#8243; locked=\u00bboff\u00bb][et_pb_column type=\u00bb1_4&#8243; _builder_version=\u00bb3.25&#8243; custom_padding=\u00bb|||\u00bb custom_padding__hover=\u00bb|||\u00bb][et_pb_image_overlay src=\u00bbhttps:\/\/www.aadee.ar\/wordpress\/wp-content\/uploads\/2017\/09\/ico_fabricacion.png\u00bb alt=\u00bbFABRICACION Y EXPORTACION\u00bb open_link=\u00bbon\u00bb url=\u00bbhttps:\/\/www.aadee.ar\/index.php\/productos-fabricacion\/\u00bb overlay_src=\u00bbhttps:\/\/www.aadee.ar\/wordpress\/wp-content\/uploads\/2017\/10\/ico_fabricacion2.png\u00bb animation=\u00bboff\u00bb _builder_version=\u00bb3.22.4&#8243;][\/et_pb_image_overlay][\/et_pb_column][et_pb_column type=\u00bb1_4&#8243; _builder_version=\u00bb3.25&#8243; custom_padding=\u00bb|||\u00bb custom_padding__hover=\u00bb|||\u00bb][et_pb_image_overlay src=\u00bbhttps:\/\/www.aadee.ar\/wordpress\/wp-content\/uploads\/2017\/09\/ico_medicina.png\u00bb alt=\u00bbMEDICINA\u00bb open_link=\u00bbon\u00bb url=\u00bbhttps:\/\/www.aadee.ar\/index.php\/productos-medicina\/\u00bb overlay_src=\u00bbhttps:\/\/www.aadee.ar\/wordpress\/wp-content\/uploads\/2017\/10\/ico_medicina2.png\u00bb animation=\u00bboff\u00bb _builder_version=\u00bb3.14&#8243;][\/et_pb_image_overlay][\/et_pb_column][et_pb_column type=\u00bb1_4&#8243; _builder_version=\u00bb3.25&#8243; custom_padding=\u00bb|||\u00bb custom_padding__hover=\u00bb|||\u00bb][et_pb_image_overlay src=\u00bbhttps:\/\/www.aadee.ar\/wordpress\/wp-content\/uploads\/2017\/09\/ico_nuclear.png\u00bb alt=\u00bbNUCLEAR\u00bb open_link=\u00bbon\u00bb url=\u00bbhttps:\/\/www.aadee.ar\/index.php\/productos-nuclear-home\/\u00bb overlay_src=\u00bbhttps:\/\/www.aadee.ar\/wordpress\/wp-content\/uploads\/2017\/10\/ico_nuclear2.png\u00bb animation=\u00bboff\u00bb _builder_version=\u00bb3.14&#8243;][\/et_pb_image_overlay][\/et_pb_column][et_pb_column type=\u00bb1_4&#8243; _builder_version=\u00bb3.25&#8243; custom_padding=\u00bb|||\u00bb custom_padding__hover=\u00bb|||\u00bb][et_pb_image_overlay src=\u00bbhttps:\/\/www.aadee.ar\/wordpress\/wp-content\/uploads\/2017\/09\/ico_investigacion.png\u00bb alt=\u00bbINVESTIGACION &#038; INDUSTRIA\u00bb open_link=\u00bbon\u00bb url=\u00bbhttps:\/\/www.aadee.ar\/index.php\/productos-investigacion-home\/\u00bb overlay_src=\u00bbhttps:\/\/www.aadee.ar\/wordpress\/wp-content\/uploads\/2017\/10\/ico_investigacion2.png\u00bb animation=\u00bboff\u00bb _builder_version=\u00bb3.14&#8243;][\/et_pb_image_overlay][\/et_pb_column][\/et_pb_row][\/et_pb_section][et_pb_section fb_built=\u00bb1&#8243; specialty=\u00bbon\u00bb background_repeat_1=\u00bbno-repeat\u00bb background_repeat_2=\u00bbno-repeat\u00bb padding_right_2=\u00bb0px\u00bb padding_left_2=\u00bb0px\u00bb _builder_version=\u00bb3.22&#8243; custom_margin=\u00bb0px|||\u00bb custom_padding=\u00bb0px|||\u00bb][et_pb_column type=\u00bb1_4&#8243; _builder_version=\u00bb3.25&#8243; custom_padding=\u00bb|||\u00bb custom_padding__hover=\u00bb|||\u00bb][et_pb_text admin_label=\u00bbmenu laborat clinico\u00bb _builder_version=\u00bb3.22.4&#8243; text_font=\u00bb||||\u00bb text_font_size=\u00bb14&#8243; text_line_height=\u00bb1.7em\u00bb header_font=\u00bb||||\u00bb header_font_size=\u00bb30px\u00bb max_width=\u00bb100%\u00bb max_width_tablet=\u00bb100%\u00bb max_width_phone=\u00bb100%\u00bb module_alignment=\u00bbleft\u00bb text_font_size_tablet=\u00bb14&#8243; text_font_size_phone=\u00bb14&#8243; text_letter_spacing_tablet=\u00bb0px\u00bb text_letter_spacing_phone=\u00bb0px\u00bb text_line_height_tablet=\u00bb1.7em\u00bb text_line_height_phone=\u00bb1.7em\u00bb header_font_size_tablet=\u00bb30px\u00bb header_font_size_phone=\u00bb30px\u00bb header_letter_spacing_tablet=\u00bb0px\u00bb header_letter_spacing_phone=\u00bb0px\u00bb header_line_height_tablet=\u00bb1em\u00bb header_line_height_phone=\u00bb1em\u00bb use_border_color=\u00bboff\u00bb border_color=\u00bb#ffffff\u00bb border_width=\u00bb1px\u00bb border_style=\u00bbsolid\u00bb global_module=\u00bb342&#8243; saved_tabs=\u00bball\u00bb]<\/p>\n<div id=\"blueblock\" class=\"medicina\">\n<ul>\n<li><a href=\"#\">NOVEDADES<\/a><\/li>\n<li class=\"expandable\"><a href=\"https:\/\/www.aadee.ar\/index.php\/productos-medicina\/navegacion-cirugia-guiada-por-informacion\/?categoryitems=1#seccion\">CIRUG\u00cdA DE ALTA COMPLEJIDAD<\/a><\/li>\n<ul class=\"categoryitems\">\n<li class=\"opened\"><a href=\"https:\/\/www.aadee.ar\/index.php\/productos-medicina\/arcos-en-c\/?categoryitems=1#seccion\">ARCOS EN C<\/a><\/li>\n<li class=\"opened\"><a href=\"https:\/\/www.aadee.ar\/index.php\/productos-medicina\/cirugia-radioguiada\/?categoryitems=1#seccion\">CIRUG\u00cdA RADIOGUIADA<\/a><\/li>\n<li class=\"opened\"><a href=\"https:\/\/www.aadee.ar\/index.php\/productos-medicina\/imagenes-intraoperatorias\/?categoryitems=1#seccion\">IM\u00c1GENES INTRAOPERATORIAS<\/a><\/li>\n<li class=\"opened\"><a href=\"https:\/\/www.aadee.ar\/index.php\/productos-medicina\/manejo-de-imagenes\/?categoryitems=1#seccion\">MANEJO DE IM\u00c1GENES<\/a><\/li>\n<li class=\"opened\"><a href=\"https:\/\/www.aadee.ar\/index.php\/productos-medicina\/microscopios-quirurgicos\/?categoryitems=1#seccion\">MICROSCOPIOS QUIR\u00daRGICOS<\/a><\/li>\n<li class=\"opened\"><a href=\"https:\/\/www.aadee.ar\/index.php\/productos-medicina\/navegacion-cirugia-guiada-por-informacion\/?categoryitems=1#seccion\">NAVEGACI\u00d3N &#8211; CIRUG\u00cdA GUIADA POR INFORMACI\u00d3N<\/a><\/li>\n<li class=\"opened\"><a href=\"https:\/\/www.aadee.ar\/index.php\/productos-medicina\/radiocirugia-radioterapia\/?categoryitems=1#seccion\">RADIOCIRUG\u00cdA &#8211; RADIOTERAPIA<\/a><\/li>\n<\/ul>\n<li class=\"expandable\"><a href=\"https:\/\/www.aadee.ar\/index.php\/productos-medicina\/gases-en-sangre\/?categoryitems=0\">LABORATORIO CL\u00cdNICO<\/a><\/li>\n<ul class=\"categoryitems\">\n<li class=\"opened\"><a href=\"https:\/\/www.aadee.ar\/index.php\/productos-medicina\/coagulometros\/?categoryitems=0#seccion\">COAGUL\u00d3METROS<\/a><\/li>\n<li class=\"opened\"><a href=\"https:\/\/www.aadee.ar\/index.php\/productos-medicina\/contadores-hematologicos\/?categoryitems=0#seccion\">CONTADORES HEMATOL\u00d3GICOS<\/a><\/li>\n<li class=\"opened\"><a href=\"https:\/\/www.aadee.ar\/index.php\/productos-medicina\/electrolitos-en-sangre\/?categoryitems=0#seccion\">ELECTROLITOS EN SANGRE<\/a><\/li>\n<li class=\"opened\"><a href=\"https:\/\/www.aadee.ar\/index.php\/productos-medicina\/gases-en-sangre\/?categoryitems=0#seccion\">GASES EN SANGRE<\/a><\/li>\n<li class=\"opened\"><a href=\"https:\/\/www.aadee.ar\/index.php\/productos-medicina\/osmometros\/?categoryitems=0#seccion\">OSM\u00d3METROS<\/a><\/li>\n<\/ul>\n<li><a href=\"https:\/\/www.aadee.ar\/index.php\/productos-medicina\/luminoterapia\/\">LUMINOTERAPIA<\/a><\/li>\n<li><a href=\"https:\/\/www.aadee.ar\/index.php\/productos-medicina\/microbiologia\/\">MICROBIOLOG\u00cdA<\/a><\/li>\n<li class=\"expandable\"><a href=\"https:\/\/www.aadee.ar\/index.php\/productos-medicina\/mascaras-nasales\/?categoryitems=2#seccion\">TERAPIA RESPIRATORIA<\/a><\/li>\n<ul class=\"categoryitems\">\n<li class=\"opened\"><a href=\"https:\/\/www.aadee.ar\/index.php\/productos-medicina\/asistente-para-tos\/?categoryitems=2#seccion\">ASISTENTE PARA TOS<\/a><\/li>\n<li class=\"opened\"><a href=\"https:\/\/www.aadee.ar\/index.php\/productos-medicina\/mascaras-nasales\/?categoryitems=2#seccion\">M\u00c1SCARAS<\/a><\/li>\n<li class=\"opened\"><a href=\"https:\/\/www.aadee.ar\/index.php\/productos-medicina\/oxigenoterapia\/?categoryitems=2#seccion\">OX\u00cdGENOTERAPIA<\/a><\/li>\n<li class=\"opened\"><a href=\"https:\/\/www.aadee.ar\/index.php\/productos-medicina\/sistem-one\/?categoryitems=2#seccion\">TERAPIA DEL SUE\u00d1O<\/a><\/li>\n<li class=\"opened\"><a href=\"https:\/\/www.aadee.ar\/index.php\/productos-medicina\/ventilacion\/?categoryitems=2#seccion\">VENTILACI\u00d3N<\/a><\/li>\n<li class=\"opened\"><a href=\"https:\/\/www.aadee.ar\/index.php\/productos-medicina\/ventilacion\/?categoryitems=2#seccion\">SOFTWARE<\/a><\/li>\n<\/ul>\n<li><a href=\"https:\/\/www.aadee.ar\/index.php\/productos-medicina\/presion-arterial-manguitos-de-presion-arterial\/\">PRESI\u00d3N ARTERIAL<\/a><\/li>\n<li><a href=\"https:\/\/www.aadee.ar\/index.php\/empresas-representadas\/\">EMPRESAS REPRESANTADAS<\/a><\/li>\n<\/ul>\n<\/div>\n<p>[\/et_pb_text][\/et_pb_column][et_pb_column type=\u00bb3_4&#8243; specialty_columns=\u00bb3&#8243; _builder_version=\u00bb3.25&#8243; custom_padding=\u00bb|||\u00bb custom_padding__hover=\u00bb|||\u00bb][et_pb_row_inner admin_label=\u00bbFila\u00bb module_id=\u00bbseccion\u00bb _builder_version=\u00bb3.25&#8243;][et_pb_column_inner saved_specialty_column_type=\u00bb3_4&#8243; _builder_version=\u00bb3.25&#8243; custom_padding=\u00bb|||\u00bb custom_padding__hover=\u00bb|||\u00bb][et_pb_text _builder_version=\u00bb3.27.4&#8243; module_alignment=\u00bbleft\u00bb border_style=\u00bbsolid\u00bb]<\/p>\n<h1>DIVISION MEDICINA<span style=\"color: #007061;\"> \/ PRODUCTOS<\/span><\/h1>\n<h2><span style=\"color: #007061; font-size: 30px;\">ELECTROLITOS EN SANGRE<\/span><\/h2>\n<p>[\/et_pb_text][\/et_pb_column_inner][\/et_pb_row_inner][et_pb_row_inner use_custom_gutter=\u00bbon\u00bb gutter_width=\u00bb1&#8243; admin_label=\u00bbFila\u00bb _builder_version=\u00bb3.25&#8243; custom_margin=\u00bb0px|||\u00bb custom_padding=\u00bb0px|||\u00bb column_structure=\u00bb1_3,1_3,1_3&#8243;][et_pb_column_inner type=\u00bb1_3&#8243; saved_specialty_column_type=\u00bb3_4&#8243; _builder_version=\u00bb3.25&#8243; custom_padding=\u00bb|||\u00bb custom_padding__hover=\u00bb|||\u00bb][et_pb_blurb title=\u00bbAADEE\u00bb url=\u00bbhttps:\/\/www.aadee.ar\/00pdf\/fabricacion\/AADEE-uISE-esp.pdf\u00bb url_new_window=\u00bbon\u00bb image=\u00bbhttps:\/\/www.aadee.ar\/medicina\/00img\/productos\/micro.jpg\u00bb alt=\u00bbuISE\u00bb icon_placement=\u00bbleft\u00bb image_max_width=\u00bb125px\u00bb content_max_width=\u00bb100%\u00bb _builder_version=\u00bb4.4.6&#8243; header_text_color=\u00bb#2fb4a2&#8243; header_font_size=\u00bb12&#8243; body_text_color=\u00bb#505050&#8243; body_font_size=\u00bb12&#8243; hover_enabled=\u00bb0&#8243; border_style=\u00bbsolid\u00bb]<\/p>\n<p><strong>uISE<\/strong><br \/>Analizador de electrolitos en Sangre<\/p>\n<p><a href=\"https:\/\/www.aadee.ar\/00pdf\/fabricacion\/AADEE-uISE-esp.pdf\">+INFO<\/a><\/p>\n<p>&nbsp;<\/p>\n<p>[\/et_pb_blurb][\/et_pb_column_inner][et_pb_column_inner type=\u00bb1_3&#8243; saved_specialty_column_type=\u00bb3_4&#8243; _builder_version=\u00bb3.25&#8243; custom_padding=\u00bb|||\u00bb custom_padding__hover=\u00bb|||\u00bb][et_pb_blurb title=\u00bbRNA\u00bb url=\u00bbhttps:\/\/www.aadee.ar\/00pdf\/medicina\/qc623_rev_b.pdf\u00bb url_new_window=\u00bbon\u00bb image=\u00bbhttps:\/\/www.aadee.ar\/medicina\/00img\/productos\/qc623_032111_small.jpg\u00bb alt=\u00bbrumi\u00bb icon_placement=\u00bbleft\u00bb image_max_width=\u00bb125px\u00bb content_max_width=\u00bb100%\u00bb _builder_version=\u00bb3.0.87&#8243; header_text_color=\u00bb#2fb4a2&#8243; header_font_size=\u00bb12&#8243; body_text_color=\u00bb#505050&#8243; body_font_size=\u00bb12&#8243; border_style=\u00bbsolid\u00bb]<strong>QC623<\/strong><br \/>\nAmpollas de control para electrolitos en sangre<\/p>\n<p><a href=\"https:\/\/www.aadee.ar\/00pdf\/medicina\/qc623_rev_b.pdf\">+INFO<\/a><br \/>\n[\/et_pb_blurb][\/et_pb_column_inner][et_pb_column_inner type=\u00bb1_3&#8243; saved_specialty_column_type=\u00bb3_4&#8243; _builder_version=\u00bb3.25&#8243; custom_padding=\u00bb|||\u00bb custom_padding__hover=\u00bb|||\u00bb][\/et_pb_column_inner][\/et_pb_row_inner][\/et_pb_column][\/et_pb_section]<\/p>\n","protected":false},"excerpt":{"rendered":"<p>NOVEDADES CIRUG\u00cdA DE ALTA COMPLEJIDAD ARCOS EN C CIRUG\u00cdA RADIOGUIADA IM\u00c1GENES INTRAOPERATORIAS MANEJO DE IM\u00c1GENES MICROSCOPIOS QUIR\u00daRGICOS NAVEGACI\u00d3N &#8211; CIRUG\u00cdA GUIADA POR INFORMACI\u00d3N RADIOCIRUG\u00cdA &#8211; RADIOTERAPIA LABORATORIO CL\u00cdNICO COAGUL\u00d3METROS CONTADORES HEMATOL\u00d3GICOS ELECTROLITOS EN SANGRE GASES EN SANGRE OSM\u00d3METROS LUMINOTERAPIA MICROBIOLOG\u00cdA TERAPIA RESPIRATORIA ASISTENTE PARA TOS M\u00c1SCARAS OX\u00cdGENOTERAPIA TERAPIA DEL SUE\u00d1O VENTILACI\u00d3N SOFTWARE PRESI\u00d3N ARTERIAL EMPRESAS [&hellip;]<\/p>\n","protected":false},"author":1,"featured_media":0,"parent":227,"menu_order":0,"comment_status":"closed","ping_status":"closed","template":"","meta":{"_et_pb_use_builder":"on","_et_pb_old_content":"","_et_gb_content_width":"","footnotes":""},"class_list":["post-565","page","type-page","status-publish","hentry"],"_links":{"self":[{"href":"https:\/\/www.aadee.ar\/index.php\/wp-json\/wp\/v2\/pages\/565","targetHints":{"allow":["GET"]}}],"collection":[{"href":"https:\/\/www.aadee.ar\/index.php\/wp-json\/wp\/v2\/pages"}],"about":[{"href":"https:\/\/www.aadee.ar\/index.php\/wp-json\/wp\/v2\/types\/page"}],"author":[{"embeddable":true,"href":"https:\/\/www.aadee.ar\/index.php\/wp-json\/wp\/v2\/users\/1"}],"replies":[{"embeddable":true,"href":"https:\/\/www.aadee.ar\/index.php\/wp-json\/wp\/v2\/comments?post=565"}],"version-history":[{"count":1,"href":"https:\/\/www.aadee.ar\/index.php\/wp-json\/wp\/v2\/pages\/565\/revisions"}],"predecessor-version":[{"id":8168,"href":"https:\/\/www.aadee.ar\/index.php\/wp-json\/wp\/v2\/pages\/565\/revisions\/8168"}],"up":[{"embeddable":true,"href":"https:\/\/www.aadee.ar\/index.php\/wp-json\/wp\/v2\/pages\/227"}],"wp:attachment":[{"href":"https:\/\/www.aadee.ar\/index.php\/wp-json\/wp\/v2\/media?parent=565"}],"curies":[{"name":"wp","href":"https:\/\/api.w.org\/{rel}","templated":true}]}}