{"id":498,"date":"2017-10-07T01:03:11","date_gmt":"2017-10-07T01:03:11","guid":{"rendered":"http:\/\/aadee.ar\/wordpress\/?page_id=498"},"modified":"2025-09-17T12:37:37","modified_gmt":"2025-09-17T15:37:37","slug":"division-fabricacion","status":"publish","type":"page","link":"https:\/\/www.aadee.ar\/index.php\/division-fabricacion\/","title":{"rendered":"Divisi\u00f3n Fabricaci\u00f3n"},"content":{"rendered":"<p>[et_pb_section fb_built=\u00bb1&#8243; disabled_on=\u00bbon||\u00bb _builder_version=\u00bb4.15&#8243; custom_margin=\u00bb0px||0px|\u00bb custom_padding=\u00bb0px||0px|\u00bb global_colors_info=\u00bb{}\u00bb][et_pb_row column_structure=\u00bb1_4,1_4,1_4,1_4&#8243; disabled_on=\u00bbon|on|\u00bb _builder_version=\u00bb4.15.1&#8243; custom_margin=\u00bb0px|||\u00bb custom_padding=\u00bb28px|||||\u00bb global_module=\u00bb206&#8243; locked=\u00bboff\u00bb global_colors_info=\u00bb{}\u00bb][et_pb_column type=\u00bb1_4&#8243; _builder_version=\u00bb4.15.1&#8243; custom_padding=\u00bb|||\u00bb global_colors_info=\u00bb{}\u00bb custom_padding__hover=\u00bb|||\u00bb][et_pb_image src=\u00bbhttps:\/\/www.aadee.ar\/wordpress\/wp-content\/uploads\/2017\/09\/ico_fabricacion-300&#215;98.png\u00bb title_text=\u00bbico_fabricacion\u00bb url=\u00bbhttp:\/\/aadee.ar\/index.php\/productos-fabricacion\/\u00bb _builder_version=\u00bb4.15.1&#8243; _module_preset=\u00bbdefault\u00bb global_colors_info=\u00bb{}\u00bb][\/et_pb_image][\/et_pb_column][et_pb_column type=\u00bb1_4&#8243; _builder_version=\u00bb4.15&#8243; custom_padding=\u00bb|||\u00bb global_colors_info=\u00bb{}\u00bb custom_padding__hover=\u00bb|||\u00bb][et_pb_image src=\u00bbhttps:\/\/www.aadee.ar\/wordpress\/wp-content\/uploads\/2017\/09\/ico_medicina-300&#215;98.png\u00bb title_text=\u00bbico_medicina\u00bb url=\u00bbhttp:\/\/aadee.ar\/index.php\/productos-medicina\/\u00bb _builder_version=\u00bb4.15.1&#8243; _module_preset=\u00bbdefault\u00bb global_colors_info=\u00bb{}\u00bb][\/et_pb_image][\/et_pb_column][et_pb_column type=\u00bb1_4&#8243; _builder_version=\u00bb4.15&#8243; custom_padding=\u00bb|||\u00bb global_colors_info=\u00bb{}\u00bb custom_padding__hover=\u00bb|||\u00bb][et_pb_image src=\u00bbhttps:\/\/www.aadee.ar\/wordpress\/wp-content\/uploads\/2017\/09\/ico_nuclear-300&#215;98.png\u00bb title_text=\u00bbico_nuclear\u00bb url=\u00bbhttp:\/\/aadee.ar\/index.php\/productos-nuclear-home\/\u00bb _builder_version=\u00bb4.15.1&#8243; _module_preset=\u00bbdefault\u00bb global_colors_info=\u00bb{}\u00bb][\/et_pb_image][\/et_pb_column][et_pb_column type=\u00bb1_4&#8243; _builder_version=\u00bb4.15&#8243; custom_padding=\u00bb|||\u00bb global_colors_info=\u00bb{}\u00bb custom_padding__hover=\u00bb|||\u00bb][et_pb_image src=\u00bbhttps:\/\/www.aadee.ar\/wordpress\/wp-content\/uploads\/2017\/09\/ico_investigacion-300&#215;98.png\u00bb title_text=\u00bbico_investigacion\u00bb url=\u00bbhttp:\/\/aadee.ar\/index.php\/productos-investigacion-home\/\u00bb _builder_version=\u00bb4.15.1&#8243; _module_preset=\u00bbdefault\u00bb global_colors_info=\u00bb{}\u00bb][\/et_pb_image][\/et_pb_column][\/et_pb_row][\/et_pb_section][et_pb_section fb_built=\u00bb1&#8243; specialty=\u00bbon\u00bb background_repeat_1=\u00bbno-repeat\u00bb background_repeat_2=\u00bbno-repeat\u00bb padding_right_2=\u00bb0px\u00bb padding_left_2=\u00bb0px\u00bb _builder_version=\u00bb4.15&#8243; custom_margin=\u00bb0px|||\u00bb custom_padding=\u00bb0px|||\u00bb global_colors_info=\u00bb{}\u00bb][et_pb_column type=\u00bb1_4&#8243; _builder_version=\u00bb4.15&#8243; custom_padding=\u00bb|||\u00bb global_colors_info=\u00bb{}\u00bb custom_padding__hover=\u00bb|||\u00bb][et_pb_text admin_label=\u00bbmenu fabricacion\u00bb _builder_version=\u00bb3.0.87&#8243; text_font=\u00bb||||\u00bb text_font_size=\u00bb14&#8243; text_line_height=\u00bb1.7em\u00bb header_font=\u00bb||||\u00bb header_font_size=\u00bb30px\u00bb max_width=\u00bb100%\u00bb max_width_tablet=\u00bb100%\u00bb max_width_phone=\u00bb100%\u00bb module_alignment=\u00bbleft\u00bb text_font_size_tablet=\u00bb14&#8243; text_font_size_phone=\u00bb14&#8243; text_letter_spacing_tablet=\u00bb0px\u00bb text_letter_spacing_phone=\u00bb0px\u00bb text_line_height_tablet=\u00bb1.7em\u00bb text_line_height_phone=\u00bb1.7em\u00bb header_font_size_tablet=\u00bb30px\u00bb header_font_size_phone=\u00bb30px\u00bb header_letter_spacing_tablet=\u00bb0px\u00bb header_letter_spacing_phone=\u00bb0px\u00bb header_line_height_tablet=\u00bb1em\u00bb header_line_height_phone=\u00bb1em\u00bb use_border_color=\u00bboff\u00bb border_color=\u00bb#ffffff\u00bb border_width=\u00bb1px\u00bb border_style=\u00bbsolid\u00bb global_module=\u00bb467&#8243; saved_tabs=\u00bball\u00bb global_colors_info=\u00bb{}\u00bb]<\/p>\n<p><button id=\"btnLink\" class=\"botonFabricacion btCerrar\" onclick=\"hideLink()\">Men\u00fa<\/button><\/p>\n<div id=\"abrirmenu\">\n<div id=\"blueblock\" class=\"fabricacion\">\n<ul>\n<li><a href=\"http:\/\/aadee.ar\/index.php\/productos-fabricacion\/\">NOVEDADES<\/a><\/li>\n<li><a href=\"http:\/\/aadee.ar\/index.php\/division-fabricacion\/\">PRODUCTOS<\/a><\/li>\n<\/ul>\n<\/div>\n<\/div>\n<p>[\/et_pb_text][et_pb_text _builder_version=\u00bb4.15.1&#8243; text_font_size=\u00bb15px\u00bb custom_padding=\u00bb|||\u00bb border_style=\u00bbsolid\u00bb global_module=\u00bb6185&#8243; saved_tabs=\u00bball\u00bb locked=\u00bboff\u00bb global_colors_info=\u00bb{}\u00bb]<\/p>\n<p style=\"text-align: center;\"><b>ISO 9001:2015 &#8211; ISO 13485:2016<\/b><\/p>\n<p>[\/et_pb_text][et_pb_image src=\u00bbhttps:\/\/www.aadee.ar\/wordpress\/wp-content\/uploads\/certificado-iqnet-9001_2025.jpg\u00bb title_text=\u00bbcertificado-iqnet-9001_2025&#8243; show_in_lightbox=\u00bbon\u00bb align_tablet=\u00bbcenter\u00bb align_phone=\u00bb\u00bb align_last_edited=\u00bbon|desktop\u00bb _builder_version=\u00bb4.15.1&#8243; custom_margin=\u00bb-10px|||\u00bb custom_padding=\u00bb|||\u00bb custom_padding_last_edited=\u00bboff|desktop\u00bb border_style=\u00bbsolid\u00bb global_module=\u00bb6186&#8243; saved_tabs=\u00bball\u00bb locked=\u00bboff\u00bb global_colors_info=\u00bb{}\u00bb][\/et_pb_image][et_pb_text _builder_version=\u00bb4.15.1&#8243; text_font_size=\u00bb15px\u00bb custom_padding=\u00bb|||\u00bb border_style=\u00bbsolid\u00bb global_module=\u00bb6192&#8243; saved_tabs=\u00bball\u00bb locked=\u00bboff\u00bb global_colors_info=\u00bb{}\u00bb]<\/p>\n<p style=\"text-align: center;\"><b>Control de Calidad Externo RIQAS<\/b><\/p>\n<p>[\/et_pb_text][et_pb_image src=\u00bbhttps:\/\/www.aadee.ar\/wordpress\/wp-content\/uploads\/riqas_2021.png\u00bb title_text=\u00bbriqas_2021&#8243; show_in_lightbox=\u00bbon\u00bb align_tablet=\u00bbcenter\u00bb align_phone=\u00bb\u00bb align_last_edited=\u00bbon|desktop\u00bb admin_label=\u00bbrow\u00bb _builder_version=\u00bb4.15.1&#8243; background_size=\u00bbinitial\u00bb background_position=\u00bbtop_left\u00bb background_repeat=\u00bbrepeat\u00bb custom_margin=\u00bb-10px|||\u00bb custom_padding=\u00bb|||\u00bb custom_padding_last_edited=\u00bboff|desktop\u00bb hover_enabled=\u00bb0&#8243; global_module=\u00bb6193&#8243; saved_tabs=\u00bball\u00bb locked=\u00bboff\u00bb global_colors_info=\u00bb{}\u00bb sticky_enabled=\u00bb0&#8243;][\/et_pb_image][\/et_pb_column][et_pb_column type=\u00bb3_4&#8243; specialty_columns=\u00bb3&#8243; _builder_version=\u00bb4.15&#8243; custom_padding=\u00bb|||\u00bb global_colors_info=\u00bb{}\u00bb custom_padding__hover=\u00bb|||\u00bb][et_pb_row_inner admin_label=\u00bbFila\u00bb module_id=\u00bbseccion\u00bb _builder_version=\u00bb4.15&#8243; global_colors_info=\u00bb{}\u00bb][et_pb_column_inner saved_specialty_column_type=\u00bb3_4&#8243; _builder_version=\u00bb4.15&#8243; custom_padding=\u00bb|||\u00bb global_colors_info=\u00bb{}\u00bb custom_padding__hover=\u00bb|||\u00bb][et_pb_text _builder_version=\u00bb4.15&#8243; module_alignment=\u00bbleft\u00bb border_style=\u00bbsolid\u00bb global_colors_info=\u00bb{}\u00bb]<\/p>\n<h1>DIVISION FABRICACI\u00d3N Y EXPORTACI\u00d3N<span style=\"color: #007061;\"> \/ PRODUCTOS<\/span><\/h1>\n<p><!--<\/p>\n\n\n\n\n<h2><span style=\"color: #007061; font-size: 30px;\">BOMBAS DE VACIO<\/span><\/h2>\n\n\n\n\n<p>--><\/p>\n<p>[\/et_pb_text][\/et_pb_column_inner][\/et_pb_row_inner][et_pb_row_inner column_structure=\u00bb1_2,1_2&#8243; admin_label=\u00bbFila\u00bb _builder_version=\u00bb4.15.1&#8243; custom_margin=\u00bb||200px||false|false\u00bb global_colors_info=\u00bb{}\u00bb][et_pb_column_inner type=\u00bb1_2&#8243; saved_specialty_column_type=\u00bb3_4&#8243; _builder_version=\u00bb4.15&#8243; custom_padding=\u00bb|||\u00bb global_colors_info=\u00bb{}\u00bb custom_padding__hover=\u00bb|||\u00bb][et_pb_blurb title=\u00bb<br \/>AADEE\u00bb url=\u00bbhttps:\/\/www.aadee.ar\/index.php\/ugases-analizador-de-ph-y-gases-en-sangre\/\u00bb image=\u00bbhttps:\/\/www.aadee.ar\/wordpress\/wp-content\/uploads\/2019\/01\/AADEE-uGASES-Analizador-de-pH-y-Gases-en-Sangre.jpg\u00bb alt=\u00bbAADEE&#8212;uGASES-Analizador-de-pH-y-Gases-en-Sangre\u00bb image_icon_width=\u00bb150px\u00bb content_max_width=\u00bb100%\u00bb image_icon_width_tablet=\u00bb180px\u00bb image_icon_width_phone=\u00bb150px\u00bb image_icon_width_last_edited=\u00bbon|desktop\u00bb _builder_version=\u00bb4.15.1&#8243; header_font=\u00bbRaleway|on|||\u00bb header_font_size=\u00bb13&#8243; body_text_color=\u00bb#505050&#8243; body_font_size=\u00bb18&#8243; custom_margin=\u00bb||220px||false|false\u00bb link_option_url=\u00bbhttps:\/\/www.aadee.ar\/index.php\/ugases-analizador-de-ph-y-gases-en-sangre\/\u00bb image_max_width=\u00bb200px\u00bb image_max_width_tablet=\u00bb\u00bb image_max_width_phone=\u00bb\u00bb image_max_width_last_edited=\u00bbon|desktop\u00bb saved_tabs=\u00bball\u00bb global_colors_info=\u00bb{}\u00bb]<\/p>\n<p><strong>uGASES<\/strong><br \/>Analizador de PH y Gases en Sangre<\/p>\n<p><a class=\"boton2\" href=\"https:\/\/www.aadee.ar\/index.php\/ugases-analizador-de-ph-y-gases-en-sangre\/\" rel=\"noopener\">+ INFO<\/a><\/p>\n<p>[\/et_pb_blurb][et_pb_text _builder_version=\u00bb4.15.1&#8243; _module_preset=\u00bbdefault\u00bb global_colors_info=\u00bb{}\u00bb]<\/p>\n<h5>Descargue las cartillas de <span style=\"color: #007061;\">Control de Calidad<\/span><\/h5>\n<p><a href=\"https:\/\/aadee.ar\/cartillas\/DD%20mision%20control%20nivel%201%20lote%20_2409139.pdf\"  target=\"_blank\" rel=\"noopener\">\u2022&nbsp;&nbsp;Ampollas de control nivel 1 lote: 2409139<\/a><br \/>\n<a href=\"https:\/\/aadee.ar\/cartillas\/DD%20mision%20control%20nivel%202%20lote_2410113.pdf\"  target=\"_blank\" rel=\"noopener\">\u2022&nbsp;&nbsp;Ampollas de control nivel 2 lote: 2410113<\/a><br \/>\n<a href=\"https:\/\/aadee.ar\/cartillas\/DD%20mision%20control%20nivel%203%20lote_2410118.pdf\"  target=\"_blank\" rel=\"noopener\">\u2022&nbsp;&nbsp;Ampollas de control nivel 3 lote: 2410118<\/a>[\/et_pb_text][\/et_pb_column_inner][et_pb_column_inner type=\u00bb1_2&#8243; saved_specialty_column_type=\u00bb3_4&#8243; _builder_version=\u00bb4.15&#8243; custom_padding=\u00bb|||\u00bb global_colors_info=\u00bb{}\u00bb custom_padding__hover=\u00bb|||\u00bb][et_pb_blurb title=\u00bb<br \/>AADEE\u00bb url=\u00bbhttps:\/\/www.aadee.ar\/index.php\/uise\/\u00bb image=\u00bbhttps:\/\/www.aadee.ar\/wordpress\/wp-content\/uploads\/2017\/10\/micro.jpg\u00bb alt=\u00bbuise\u00bb image_icon_width=\u00bb150px\u00bb content_max_width=\u00bb100%\u00bb content_max_width_last_edited=\u00bboff|desktop\u00bb _builder_version=\u00bb4.15.1&#8243; header_font=\u00bbRaleway|on|||\u00bb header_font_size=\u00bb13&#8243; body_text_color=\u00bb#505050&#8243; body_font_size=\u00bb18&#8243; border_style=\u00bbsolid\u00bb image_max_width=\u00bb200px\u00bb global_colors_info=\u00bb{}\u00bb image__hover_enabled=\u00bboff|desktop\u00bb]<\/p>\n<p><strong>uISE<\/strong><br \/>Analizador Autom\u00e1tico de Electrolitos en Sangre<\/p>\n<p><a class=\"boton2\" href=\"https:\/\/www.aadee.ar\/index.php\/uise\/\">+ INFO<\/a><\/p>\n<p>[\/et_pb_blurb][\/et_pb_column_inner][\/et_pb_row_inner][\/et_pb_column][\/et_pb_section]<\/p>\n","protected":false},"excerpt":{"rendered":"<p>Men\u00fa NOVEDADES PRODUCTOS ISO 9001:2015 &#8211; ISO 13485:2016 Control de Calidad Externo RIQAS DIVISION FABRICACI\u00d3N Y EXPORTACI\u00d3N \/ PRODUCTOS uGASESAnalizador de PH y Gases en Sangre + INFODescargue las cartillas de Control de Calidad \u2022&nbsp;&nbsp;Ampollas de control nivel 1 lote: 2409139 \u2022&nbsp;&nbsp;Ampollas de control nivel 2 lote: 2410113 \u2022&nbsp;&nbsp;Ampollas de control nivel 3 lote: 2410118uISEAnalizador [&hellip;]<\/p>\n","protected":false},"author":1,"featured_media":0,"parent":0,"menu_order":0,"comment_status":"closed","ping_status":"closed","template":"","meta":{"_et_pb_use_builder":"on","_et_pb_old_content":"","_et_gb_content_width":"","footnotes":""},"class_list":["post-498","page","type-page","status-publish","hentry"],"_links":{"self":[{"href":"https:\/\/www.aadee.ar\/index.php\/wp-json\/wp\/v2\/pages\/498","targetHints":{"allow":["GET"]}}],"collection":[{"href":"https:\/\/www.aadee.ar\/index.php\/wp-json\/wp\/v2\/pages"}],"about":[{"href":"https:\/\/www.aadee.ar\/index.php\/wp-json\/wp\/v2\/types\/page"}],"author":[{"embeddable":true,"href":"https:\/\/www.aadee.ar\/index.php\/wp-json\/wp\/v2\/users\/1"}],"replies":[{"embeddable":true,"href":"https:\/\/www.aadee.ar\/index.php\/wp-json\/wp\/v2\/comments?post=498"}],"version-history":[{"count":66,"href":"https:\/\/www.aadee.ar\/index.php\/wp-json\/wp\/v2\/pages\/498\/revisions"}],"predecessor-version":[{"id":9358,"href":"https:\/\/www.aadee.ar\/index.php\/wp-json\/wp\/v2\/pages\/498\/revisions\/9358"}],"wp:attachment":[{"href":"https:\/\/www.aadee.ar\/index.php\/wp-json\/wp\/v2\/media?parent=498"}],"curies":[{"name":"wp","href":"https:\/\/api.w.org\/{rel}","templated":true}]}}