{"id":433,"date":"2017-10-03T18:20:06","date_gmt":"2017-10-03T18:20:06","guid":{"rendered":"http:\/\/aadee.ar\/wordpress\/?page_id=433"},"modified":"2024-06-05T09:47:40","modified_gmt":"2024-06-05T12:47:40","slug":"productos-nuclear","status":"publish","type":"page","link":"https:\/\/www.aadee.ar\/index.php\/productos-nuclear\/","title":{"rendered":"Productos Nuclear"},"content":{"rendered":"<p>[et_pb_section fb_built=\u00bb1&#8243; disabled_on=\u00bbon||\u00bb _builder_version=\u00bb4.15&#8243; custom_margin=\u00bb0px||0px|\u00bb custom_padding=\u00bb0px||0px|\u00bb global_colors_info=\u00bb{}\u00bb][et_pb_row column_structure=\u00bb1_4,1_4,1_4,1_4&#8243; disabled_on=\u00bbon|on|\u00bb _builder_version=\u00bb4.15.1&#8243; custom_margin=\u00bb0px|||\u00bb custom_padding=\u00bb28px|||||\u00bb global_module=\u00bb206&#8243; locked=\u00bboff\u00bb global_colors_info=\u00bb{}\u00bb][et_pb_column type=\u00bb1_4&#8243; _builder_version=\u00bb4.15.1&#8243; custom_padding=\u00bb|||\u00bb global_colors_info=\u00bb{}\u00bb custom_padding__hover=\u00bb|||\u00bb][et_pb_image src=\u00bbhttps:\/\/www.aadee.ar\/wordpress\/wp-content\/uploads\/2017\/09\/ico_fabricacion-300&#215;98.png\u00bb title_text=\u00bbico_fabricacion\u00bb url=\u00bbhttp:\/\/aadee.ar\/index.php\/productos-fabricacion\/\u00bb _builder_version=\u00bb4.15.1&#8243; _module_preset=\u00bbdefault\u00bb global_colors_info=\u00bb{}\u00bb][\/et_pb_image][\/et_pb_column][et_pb_column type=\u00bb1_4&#8243; _builder_version=\u00bb4.15&#8243; custom_padding=\u00bb|||\u00bb global_colors_info=\u00bb{}\u00bb custom_padding__hover=\u00bb|||\u00bb][et_pb_image src=\u00bbhttps:\/\/www.aadee.ar\/wordpress\/wp-content\/uploads\/2017\/09\/ico_medicina-300&#215;98.png\u00bb title_text=\u00bbico_medicina\u00bb url=\u00bbhttp:\/\/aadee.ar\/index.php\/productos-medicina\/\u00bb _builder_version=\u00bb4.15.1&#8243; _module_preset=\u00bbdefault\u00bb global_colors_info=\u00bb{}\u00bb][\/et_pb_image][\/et_pb_column][et_pb_column type=\u00bb1_4&#8243; _builder_version=\u00bb4.15&#8243; custom_padding=\u00bb|||\u00bb global_colors_info=\u00bb{}\u00bb custom_padding__hover=\u00bb|||\u00bb][et_pb_image src=\u00bbhttps:\/\/www.aadee.ar\/wordpress\/wp-content\/uploads\/2017\/09\/ico_nuclear-300&#215;98.png\u00bb title_text=\u00bbico_nuclear\u00bb url=\u00bbhttp:\/\/aadee.ar\/index.php\/productos-nuclear-home\/\u00bb _builder_version=\u00bb4.15.1&#8243; _module_preset=\u00bbdefault\u00bb global_colors_info=\u00bb{}\u00bb][\/et_pb_image][\/et_pb_column][et_pb_column type=\u00bb1_4&#8243; _builder_version=\u00bb4.15&#8243; custom_padding=\u00bb|||\u00bb global_colors_info=\u00bb{}\u00bb custom_padding__hover=\u00bb|||\u00bb][et_pb_image src=\u00bbhttps:\/\/www.aadee.ar\/wordpress\/wp-content\/uploads\/2017\/09\/ico_investigacion-300&#215;98.png\u00bb title_text=\u00bbico_investigacion\u00bb url=\u00bbhttp:\/\/aadee.ar\/index.php\/productos-investigacion-home\/\u00bb _builder_version=\u00bb4.15.1&#8243; _module_preset=\u00bbdefault\u00bb global_colors_info=\u00bb{}\u00bb][\/et_pb_image][\/et_pb_column][\/et_pb_row][\/et_pb_section][et_pb_section fb_built=\u00bb1&#8243; specialty=\u00bbon\u00bb background_repeat_1=\u00bbno-repeat\u00bb background_repeat_2=\u00bbno-repeat\u00bb padding_right_2=\u00bb0px\u00bb padding_left_2=\u00bb0px\u00bb _builder_version=\u00bb4.15&#8243; custom_margin=\u00bb0px|||\u00bb custom_padding=\u00bb0px|||\u00bb global_colors_info=\u00bb{}\u00bb][et_pb_column type=\u00bb1_4&#8243; _builder_version=\u00bb4.15&#8243; custom_padding=\u00bb|||\u00bb global_colors_info=\u00bb{}\u00bb custom_padding__hover=\u00bb|||\u00bb][et_pb_text admin_label=\u00bbmenu nuclear productos\u00bb _builder_version=\u00bb4.15.1&#8243; text_font=\u00bb||||\u00bb text_font_size=\u00bb14&#8243; text_line_height=\u00bb1.7em\u00bb header_font=\u00bb||||\u00bb header_font_size=\u00bb30px\u00bb max_width=\u00bb100%\u00bb module_alignment=\u00bbleft\u00bb hover_enabled=\u00bb0&#8243; use_border_color=\u00bboff\u00bb border_style=\u00bbsolid\u00bb global_module=\u00bb419&#8243; saved_tabs=\u00bball\u00bb locked=\u00bboff\u00bb global_colors_info=\u00bb{}\u00bb sticky_enabled=\u00bb0&#8243;]<\/p>\n<p><button id=\"btnLink\" class=\"botonNuclear btCerrar\">Men\u00fa<\/button><\/p>\n<div id=\"abrirmenu\">\n<div id=\"blueblock\" class=\"nuclear\">\n<ul>\n<li><a href=\"http:\/\/aadee.ar\/index.php\/productos-nuclear-home\/\">NOVEDADES<\/a><\/li>\n<li class=\"expandable\"><a href=\"http:\/\/aadee.ar\/index.php\/productos-nuclear\/\">PRODUCTOS<\/a>\n<ul class=\"categoryitems\">\n<li class=\"opened\"><a href=\"http:\/\/aadee.ar\/index.php\/productos-nuclear-home\/contadores-alfa-beta\/?categoryitems=0#seccion\">CONTADORES ALFA &amp; BETA<\/a><\/li>\n<li class=\"opened\"><a href=\"http:\/\/aadee.ar\/index.php\/productos-nuclear-home\/contadores-cuerpo-entero\/?categoryitems=0#seccion\">CONTADORES DE CUERPO ENTERO<\/a><\/li>\n<li class=\"opened\"><a href=\"http:\/\/aadee.ar\/index.php\/productos-nuclear-home\/dosimetros-electronicos\/?categoryitems=0#seccion\">DOS\u00cdMETROS ELECTR\u00d3NICOS<\/a><\/li>\n<li class=\"opened\"><a href=\"http:\/\/aadee.ar\/index.php\/productos-nuclear-home\/emergencias-y-proteccion-de-fronteras\/?categoryitems=0#seccion\">EMERGENCIAS Y PROTECCI\u00d3N DE FRONTERAS<\/a><\/li>\n<li class=\"opened\"><a href=\"http:\/\/aadee.ar\/index.php\/productos-nuclear-home\/espectometria-alfa\/?categoryitems=0#seccion\">ESPECTROMETRIA ALFA<\/a><\/li>\n<li class=\"opened\"><a href=\"http:\/\/aadee.ar\/index.php\/productos-nuclear-home\/detectores-de-germanio\/?categoryitems=0#seccion\">ESPECTROMETRIA GAMA<\/a><\/li>\n<li class=\"opened\"><a href=\"http:\/\/aadee.ar\/index.php\/productos-nuclear-home\/identificadores-de-isotopos-portatiles\/?categoryitems=0#seccion\">IDENTIFICADORES DE IS\u00d3TOPOS PORT\u00c1TILES<\/a><\/li>\n<li class=\"opened\"><a href=\"http:\/\/aadee.ar\/index.php\/productos-nuclear-home\/irradiadores-gama\/?categoryitems=0#seccion\">IRRADIADORES<\/a><\/li>\n<li class=\"opened\"><a href=\"http:\/\/aadee.ar\/index.php\/productos-nuclear-home\/lectoras-dosimetros-termoluminicentes-tld\/?categoryitems=0#seccion\">LECTORAS Y DOS\u00cdMETROS TERMOLUMINISCENTES<\/a><\/li>\n<li class=\"opened\"><a href=\"http:\/\/aadee.ar\/index.php\/productos-nuclear-home\/monitores-de-actividad\/?categoryitems=0#seccion\">MONITORES DE ACTIVIDAD<\/a><\/li>\n<li class=\"opened\"><a href=\"http:\/\/aadee.ar\/index.php\/productos-nuclear-home\/monitores-de-aire\/?categoryitems=0#seccion\">MONITORES DE AIRE<\/a><\/li>\n<li class=\"opened\"><a href=\"http:\/\/aadee.ar\/index.php\/productos-nuclear-home\/monitores-de-area\/?categoryitems=0#seccion\">MONITORES DE AREA<\/a><\/li>\n<li class=\"opened\"><a href=\"http:\/\/aadee.ar\/index.php\/productos-nuclear-home\/monitores-de-contaminacion-para-objetos\/?categoryitems=0#seccion\">MONITORES DE CONTAMINACI\u00d3N PARA OBJETOS<\/a><\/li>\n<li class=\"opened\"><a href=\"http:\/\/aadee.ar\/index.php\/productos-nuclear-home\/monitores-de-radiacion-portatiles\/?categoryitems=0#seccion\">MONITORES DE RADIACION PORT\u00c1TILES<\/a><\/li>\n<li class=\"opened\"><a href=\"http:\/\/aadee.ar\/index.php\/productos-nuclear-home\/monitores-para-residuos-radioactivos\/?categoryitems=0#seccion\">MONITORES PARA RESIDUOS RADIOACTIVOS<\/a><\/li>\n<li class=\"opened\"><a href=\"http:\/\/aadee.ar\/index.php\/productos-nuclear-home\/portales-de-paso-y-contaminacion-para-personas\/?categoryitems=0#seccion\">PORTALES DE PASO Y CONTAMINACI\u00d3N PARA PERSONAS<\/a><\/li>\n<li class=\"opened\"><a href=\"http:\/\/aadee.ar\/index.php\/productos-nuclear-home\/portales-para-vehiculos\/?categoryitems=0#seccion\">PORTALES PARA VEH\u00cdCULOS<\/a><\/li>\n<li class=\"opened\"><a href=\"http:\/\/aadee.ar\/index.php\/productos-nuclear-home\/sistema-de-monitoreo-remoto\/?categoryitems=0#seccion\">SISTEMAS DE MONITOREO REMOTO<\/a><\/li>\n<li class=\"opened\"><a href=\"http:\/\/aadee.ar\/index.php\/productos-nuclear-home\/teletectors\/?categoryitems=0#seccion\">TELETECTORS<\/a><\/li>\n<\/ul>\n<\/li>\n<li><a href=\"http:\/\/aadee.ar\/index.php\/empresas-representadas-nuclear\/\">EMPRESAS REPRESANTADAS<\/a><\/li>\n<\/ul>\n<\/div>\n<\/div>\n<p>[\/et_pb_text][\/et_pb_column][et_pb_column type=\u00bb3_4&#8243; specialty_columns=\u00bb3&#8243; _builder_version=\u00bb4.15&#8243; custom_padding=\u00bb|||\u00bb global_colors_info=\u00bb{}\u00bb custom_padding__hover=\u00bb|||\u00bb][et_pb_row_inner admin_label=\u00bbFila\u00bb module_id=\u00bbseccion\u00bb _builder_version=\u00bb4.15&#8243; global_colors_info=\u00bb{}\u00bb][et_pb_column_inner saved_specialty_column_type=\u00bb3_4&#8243; _builder_version=\u00bb4.15&#8243; custom_padding=\u00bb|||\u00bb global_colors_info=\u00bb{}\u00bb custom_padding__hover=\u00bb|||\u00bb][et_pb_text _builder_version=\u00bb4.15&#8243; module_alignment=\u00bbleft\u00bb border_style=\u00bbsolid\u00bb global_colors_info=\u00bb{}\u00bb]<\/p>\n<h1>DIVISION NUCLEAR<span style=\"color: #009ee1;\"> \/ PRODUCTOS<\/span><\/h1>\n<h2><span style=\"color: #009ee1; font-size: 30px;\">ESPECTOMETRIA GAMA<\/span><\/h2>\n<p>[\/et_pb_text][\/et_pb_column_inner][\/et_pb_row_inner][et_pb_row_inner column_structure=\u00bb1_3,1_3,1_3&#8243; use_custom_gutter=\u00bbon\u00bb gutter_width=\u00bb1&#8243; admin_label=\u00bbFila\u00bb _builder_version=\u00bb4.15&#8243; custom_margin=\u00bb0px|||\u00bb custom_padding=\u00bb0px|||\u00bb global_colors_info=\u00bb{}\u00bb][et_pb_column_inner type=\u00bb1_3&#8243; saved_specialty_column_type=\u00bb3_4&#8243; _builder_version=\u00bb4.15&#8243; custom_padding=\u00bb|||\u00bb global_colors_info=\u00bb{}\u00bb custom_padding__hover=\u00bb|||\u00bb][et_pb_blurb title=\u00bbAADEE\u00bb url=\u00bbhttp:\/\/aadee.ar\/00pdf\/medicina\/RUMI%20BG.pdf\u00bb url_new_window=\u00bbon\u00bb image=\u00bbhttp:\/\/aadee.ar\/wordpress\/wp-content\/uploads\/2017\/10\/sampleimage.jpg\u00bb alt=\u00bbrumi\u00bb icon_placement=\u00bbleft\u00bb image_icon_width=\u00bb125px\u00bb content_max_width=\u00bb100%\u00bb _builder_version=\u00bb4.15&#8243; header_font_size=\u00bb12&#8243; body_text_color=\u00bb#505050&#8243; body_font_size=\u00bb12&#8243; border_style=\u00bbsolid\u00bb image_max_width=\u00bb125px\u00bb use_circle=\u00bboff\u00bb use_circle_border=\u00bboff\u00bb global_colors_info=\u00bb{}\u00bb]<strong>RUMI BG<\/strong><br \/>\nAnalizador de PH y Gases en Sangre<\/p>\n<p><a href=\"#\">+INFO<\/a><br \/>\n[\/et_pb_blurb][\/et_pb_column_inner][et_pb_column_inner type=\u00bb1_3&#8243; saved_specialty_column_type=\u00bb3_4&#8243; _builder_version=\u00bb4.15&#8243; custom_padding=\u00bb|||\u00bb global_colors_info=\u00bb{}\u00bb custom_padding__hover=\u00bb|||\u00bb][et_pb_blurb title=\u00bbAADEE\u00bb url=\u00bbhttp:\/\/aadee.ar\/00pdf\/medicina\/RUMI%20BG.pdf\u00bb url_new_window=\u00bbon\u00bb image=\u00bbhttp:\/\/aadee.ar\/wordpress\/wp-content\/uploads\/2017\/10\/sampleimage.jpg\u00bb alt=\u00bbrumi\u00bb icon_placement=\u00bbleft\u00bb image_icon_width=\u00bb125px\u00bb content_max_width=\u00bb100%\u00bb _builder_version=\u00bb4.15&#8243; header_font_size=\u00bb12&#8243; body_text_color=\u00bb#505050&#8243; body_font_size=\u00bb12&#8243; border_style=\u00bbsolid\u00bb image_max_width=\u00bb125px\u00bb use_circle=\u00bboff\u00bb use_circle_border=\u00bboff\u00bb global_colors_info=\u00bb{}\u00bb]<strong>RUMI BG<\/strong><br \/>\nAnalizador de PH y Gases en Sangre<\/p>\n<p><a href=\"#\">+INFO<\/a><br \/>\n[\/et_pb_blurb][\/et_pb_column_inner][et_pb_column_inner type=\u00bb1_3&#8243; saved_specialty_column_type=\u00bb3_4&#8243; _builder_version=\u00bb4.15&#8243; custom_padding=\u00bb|||\u00bb global_colors_info=\u00bb{}\u00bb custom_padding__hover=\u00bb|||\u00bb][et_pb_blurb title=\u00bbAADEE\u00bb url=\u00bbhttp:\/\/aadee.ar\/00pdf\/medicina\/RUMI%20BG.pdf\u00bb url_new_window=\u00bbon\u00bb image=\u00bbhttp:\/\/aadee.ar\/wordpress\/wp-content\/uploads\/2017\/10\/sampleimage.jpg\u00bb alt=\u00bbrumi\u00bb icon_placement=\u00bbleft\u00bb image_icon_width=\u00bb125px\u00bb content_max_width=\u00bb100%\u00bb _builder_version=\u00bb4.15&#8243; header_font_size=\u00bb12&#8243; body_text_color=\u00bb#505050&#8243; body_font_size=\u00bb12&#8243; border_style=\u00bbsolid\u00bb image_max_width=\u00bb125px\u00bb use_circle=\u00bboff\u00bb use_circle_border=\u00bboff\u00bb global_colors_info=\u00bb{}\u00bb]<strong>RUMI BG<\/strong><br \/>\nAnalizador de PH y Gases en Sangre<\/p>\n<p><a href=\"#\">+INFO<\/a><br \/>\n[\/et_pb_blurb][\/et_pb_column_inner][\/et_pb_row_inner][\/et_pb_column][\/et_pb_section]<\/p>\n","protected":false},"excerpt":{"rendered":"<p>Men\u00fa NOVEDADES PRODUCTOS CONTADORES ALFA &amp; BETA CONTADORES DE CUERPO ENTERO DOS\u00cdMETROS ELECTR\u00d3NICOS EMERGENCIAS Y PROTECCI\u00d3N DE FRONTERAS ESPECTROMETRIA ALFA ESPECTROMETRIA GAMA IDENTIFICADORES DE IS\u00d3TOPOS PORT\u00c1TILES IRRADIADORES LECTORAS Y DOS\u00cdMETROS TERMOLUMINISCENTES MONITORES DE ACTIVIDAD MONITORES DE AIRE MONITORES DE AREA MONITORES DE CONTAMINACI\u00d3N PARA OBJETOS MONITORES DE RADIACION PORT\u00c1TILES MONITORES PARA RESIDUOS RADIOACTIVOS PORTALES DE [&hellip;]<\/p>\n","protected":false},"author":1,"featured_media":0,"parent":0,"menu_order":0,"comment_status":"closed","ping_status":"closed","template":"","meta":{"_et_pb_use_builder":"on","_et_pb_old_content":"","_et_gb_content_width":"","footnotes":""},"class_list":["post-433","page","type-page","status-publish","hentry"],"_links":{"self":[{"href":"https:\/\/www.aadee.ar\/index.php\/wp-json\/wp\/v2\/pages\/433","targetHints":{"allow":["GET"]}}],"collection":[{"href":"https:\/\/www.aadee.ar\/index.php\/wp-json\/wp\/v2\/pages"}],"about":[{"href":"https:\/\/www.aadee.ar\/index.php\/wp-json\/wp\/v2\/types\/page"}],"author":[{"embeddable":true,"href":"https:\/\/www.aadee.ar\/index.php\/wp-json\/wp\/v2\/users\/1"}],"replies":[{"embeddable":true,"href":"https:\/\/www.aadee.ar\/index.php\/wp-json\/wp\/v2\/comments?post=433"}],"version-history":[{"count":3,"href":"https:\/\/www.aadee.ar\/index.php\/wp-json\/wp\/v2\/pages\/433\/revisions"}],"predecessor-version":[{"id":9126,"href":"https:\/\/www.aadee.ar\/index.php\/wp-json\/wp\/v2\/pages\/433\/revisions\/9126"}],"wp:attachment":[{"href":"https:\/\/www.aadee.ar\/index.php\/wp-json\/wp\/v2\/media?parent=433"}],"curies":[{"name":"wp","href":"https:\/\/api.w.org\/{rel}","templated":true}]}}