{"id":2821,"date":"2019-04-22T04:11:32","date_gmt":"2019-04-22T04:11:32","guid":{"rendered":"http:\/\/aadee.ar\/?page_id=2821"},"modified":"2019-04-22T13:25:35","modified_gmt":"2019-04-22T13:25:35","slug":"osmometros","status":"publish","type":"page","link":"https:\/\/www.aadee.ar\/index.php\/productos-medicina\/osmometros\/","title":{"rendered":"Osm\u00f3metros"},"content":{"rendered":"<p>[et_pb_section fb_built=\u00bb1&#8243; disabled_on=\u00bbon||\u00bb _builder_version=\u00bb3.22.3&#8243; custom_margin=\u00bb0px||0px|\u00bb custom_padding=\u00bb0px||0px|\u00bb][et_pb_row custom_padding=\u00bb28px|||||\u00bb custom_margin=\u00bb0px|||\u00bb disabled_on=\u00bbon|on|\u00bb _builder_version=\u00bb3.0.77&#8243; global_module=\u00bb206&#8243; locked=\u00bboff\u00bb][et_pb_column type=\u00bb1_4&#8243; _builder_version=\u00bb3.0.47&#8243;][et_pb_image_overlay src=\u00bbhttp:\/\/aadee.ar\/wordpress\/wp-content\/uploads\/2017\/09\/ico_fabricacion.png\u00bb alt=\u00bbFABRICACION Y EXPORTACION\u00bb open_link=\u00bbon\u00bb url=\u00bbhttp:\/\/aadee.ar\/index.php\/productos-fabricacion\/\u00bb overlay_src=\u00bbhttp:\/\/aadee.ar\/wordpress\/wp-content\/uploads\/2017\/10\/ico_fabricacion2.png\u00bb animation=\u00bboff\u00bb _builder_version=\u00bb3.22.4&#8243;][\/et_pb_image_overlay][\/et_pb_column][et_pb_column type=\u00bb1_4&#8243; _builder_version=\u00bb3.0.47&#8243;][et_pb_image_overlay src=\u00bbhttp:\/\/aadee.ar\/wordpress\/wp-content\/uploads\/2017\/09\/ico_medicina.png\u00bb alt=\u00bbMEDICINA\u00bb open_link=\u00bbon\u00bb url=\u00bbhttp:\/\/aadee.ar\/index.php\/productos-medicina\/\u00bb overlay_src=\u00bbhttp:\/\/aadee.ar\/wordpress\/wp-content\/uploads\/2017\/10\/ico_medicina2.png\u00bb animation=\u00bboff\u00bb _builder_version=\u00bb3.14&#8243;][\/et_pb_image_overlay][\/et_pb_column][et_pb_column type=\u00bb1_4&#8243; _builder_version=\u00bb3.0.47&#8243;][et_pb_image_overlay src=\u00bbhttp:\/\/aadee.ar\/wordpress\/wp-content\/uploads\/2017\/09\/ico_nuclear.png\u00bb alt=\u00bbNUCLEAR\u00bb open_link=\u00bbon\u00bb url=\u00bbhttp:\/\/aadee.ar\/index.php\/productos-nuclear-home\/\u00bb overlay_src=\u00bbhttp:\/\/aadee.ar\/wordpress\/wp-content\/uploads\/2017\/10\/ico_nuclear2.png\u00bb animation=\u00bboff\u00bb _builder_version=\u00bb3.14&#8243;][\/et_pb_image_overlay][\/et_pb_column][et_pb_column type=\u00bb1_4&#8243; _builder_version=\u00bb3.0.47&#8243;][et_pb_image_overlay src=\u00bbhttp:\/\/aadee.ar\/wordpress\/wp-content\/uploads\/2017\/09\/ico_investigacion.png\u00bb alt=\u00bbINVESTIGACION &#038; INDUSTRIA\u00bb open_link=\u00bbon\u00bb url=\u00bbhttp:\/\/aadee.ar\/index.php\/productos-investigacion-home\/\u00bb overlay_src=\u00bbhttp:\/\/aadee.ar\/wordpress\/wp-content\/uploads\/2017\/10\/ico_investigacion2.png\u00bb animation=\u00bboff\u00bb _builder_version=\u00bb3.14&#8243;][\/et_pb_image_overlay][\/et_pb_column][\/et_pb_row][\/et_pb_section][et_pb_section fb_built=\u00bb1&#8243; specialty=\u00bbon\u00bb background_repeat_1=\u00bbno-repeat\u00bb background_repeat_2=\u00bbno-repeat\u00bb padding_right_2=\u00bb0px\u00bb padding_left_2=\u00bb0px\u00bb _builder_version=\u00bb3.22.3&#8243; custom_margin=\u00bb0px|||\u00bb custom_padding=\u00bb0px|||\u00bb][et_pb_column type=\u00bb1_4&#8243; _builder_version=\u00bb3.0.47&#8243;][et_pb_text admin_label=\u00bbmenu laborat clinico\u00bb _builder_version=\u00bb3.22.4&#8243; text_font=\u00bb||||\u00bb text_font_size=\u00bb14&#8243; text_font_size_tablet=\u00bb14&#8243; text_font_size_phone=\u00bb14&#8243; text_letter_spacing_tablet=\u00bb0px\u00bb text_letter_spacing_phone=\u00bb0px\u00bb text_line_height=\u00bb1.7em\u00bb text_line_height_tablet=\u00bb1.7em\u00bb text_line_height_phone=\u00bb1.7em\u00bb header_font=\u00bb||||\u00bb header_font_size=\u00bb30px\u00bb header_font_size_tablet=\u00bb30px\u00bb header_font_size_phone=\u00bb30px\u00bb header_letter_spacing_tablet=\u00bb0px\u00bb header_letter_spacing_phone=\u00bb0px\u00bb header_line_height_tablet=\u00bb1em\u00bb header_line_height_phone=\u00bb1em\u00bb max_width=\u00bb100%\u00bb max_width_tablet=\u00bb100%\u00bb max_width_phone=\u00bb100%\u00bb module_alignment=\u00bbleft\u00bb use_border_color=\u00bboff\u00bb border_color=\u00bb#ffffff\u00bb border_width=\u00bb1px\u00bb border_style=\u00bbsolid\u00bb global_module=\u00bb342&#8243; saved_tabs=\u00bball\u00bb]<\/p>\n<div id=\"blueblock\" class=\"medicina\">\n<ul>\n<li><a href=\"#\">NOVEDADES<\/a><\/li>\n<li class=\"expandable\"><a href=\"http:\/\/aadee.ar\/index.php\/productos-medicina\/navegacion-cirugia-guiada-por-informacion\/?categoryitems=1#seccion\">CIRUG\u00cdA DE ALTA COMPLEJIDAD<\/a><\/li>\n<ul class=\"categoryitems\">\n<li class=\"opened\"><a href=\"http:\/\/aadee.ar\/index.php\/productos-medicina\/arcos-en-c\/?categoryitems=1#seccion\">ARCOS EN C<\/a><\/li>\n<li class=\"opened\"><a href=\"http:\/\/aadee.ar\/index.php\/productos-medicina\/cirugia-radioguiada\/?categoryitems=1#seccion\">CIRUG\u00cdA RADIOGUIADA<\/a><\/li>\n<li class=\"opened\"><a href=\"http:\/\/aadee.ar\/index.php\/productos-medicina\/imagenes-intraoperatorias\/?categoryitems=1#seccion\">IM\u00c1GENES INTRAOPERATORIAS<\/a><\/li>\n<li class=\"opened\"><a href=\"http:\/\/aadee.ar\/index.php\/productos-medicina\/manejo-de-imagenes\/?categoryitems=1#seccion\">MANEJO DE IM\u00c1GENES<\/a><\/li>\n<li class=\"opened\"><a href=\"http:\/\/aadee.ar\/index.php\/productos-medicina\/microscopios-quirurgicos\/?categoryitems=1#seccion\">MICROSCOPIOS QUIR\u00daRGICOS<\/a><\/li>\n<li class=\"opened\"><a href=\"http:\/\/aadee.ar\/index.php\/productos-medicina\/navegacion-cirugia-guiada-por-informacion\/?categoryitems=1#seccion\">NAVEGACI\u00d3N &#8211; CIRUG\u00cdA GUIADA POR INFORMACI\u00d3N<\/a><\/li>\n<li class=\"opened\"><a href=\"http:\/\/aadee.ar\/index.php\/productos-medicina\/radiocirugia-radioterapia\/?categoryitems=1#seccion\">RADIOCIRUG\u00cdA &#8211; RADIOTERAPIA<\/a><\/li>\n<\/ul>\n<li class=\"expandable\"><a href=\"http:\/\/aadee.ar\/index.php\/productos-medicina\/gases-en-sangre\/?categoryitems=0\">LABORATORIO CL\u00cdNICO<\/a><\/li>\n<ul class=\"categoryitems\">\n<li class=\"opened\"><a href=\"http:\/\/aadee.ar\/index.php\/productos-medicina\/coagulometros\/?categoryitems=0#seccion\">COAGUL\u00d3METROS<\/a><\/li>\n<li class=\"opened\"><a href=\"http:\/\/aadee.ar\/index.php\/productos-medicina\/contadores-hematologicos\/?categoryitems=0#seccion\">CONTADORES HEMATOL\u00d3GICOS<\/a><\/li>\n<li class=\"opened\"><a href=\"http:\/\/aadee.ar\/index.php\/productos-medicina\/electrolitos-en-sangre\/?categoryitems=0#seccion\">ELECTROLITOS EN SANGRE<\/a><\/li>\n<li class=\"opened\"><a href=\"http:\/\/aadee.ar\/index.php\/productos-medicina\/gases-en-sangre\/?categoryitems=0#seccion\">GASES EN SANGRE<\/a><\/li>\n<li class=\"opened\"><a href=\"http:\/\/aadee.ar\/index.php\/productos-medicina\/osmometros\/?categoryitems=0#seccion\">OSM\u00d3METROS<\/a><\/li>\n<\/ul>\n<li><a href=\"http:\/\/aadee.ar\/index.php\/productos-medicina\/luminoterapia\/\">LUMINOTERAPIA<\/a><\/li>\n<li><a href=\"http:\/\/aadee.ar\/index.php\/productos-medicina\/microbiologia\/\">MICROBIOLOG\u00cdA<\/a><\/li>\n<li class=\"expandable\"><a href=\"http:\/\/aadee.ar\/index.php\/productos-medicina\/mascaras-nasales\/?categoryitems=2#seccion\">TERAPIA RESPIRATORIA<\/a><\/li>\n<ul class=\"categoryitems\">\n<li class=\"opened\"><a href=\"http:\/\/aadee.ar\/index.php\/productos-medicina\/asistente-para-tos\/?categoryitems=2#seccion\">ASISTENTE PARA TOS<\/a><\/li>\n<li class=\"opened\"><a href=\"http:\/\/aadee.ar\/index.php\/productos-medicina\/mascaras-nasales\/?categoryitems=2#seccion\">M\u00c1SCARAS<\/a><\/li>\n<li class=\"opened\"><a href=\"http:\/\/aadee.ar\/index.php\/productos-medicina\/oxigenoterapia\/?categoryitems=2#seccion\">OX\u00cdGENOTERAPIA<\/a><\/li>\n<li class=\"opened\"><a href=\"http:\/\/aadee.ar\/index.php\/productos-medicina\/sistem-one\/?categoryitems=2#seccion\">TERAPIA DEL SUE\u00d1O<\/a><\/li>\n<li class=\"opened\"><a href=\"http:\/\/aadee.ar\/index.php\/productos-medicina\/ventilacion\/?categoryitems=2#seccion\">VENTILACI\u00d3N<\/a><\/li>\n<li class=\"opened\"><a href=\"http:\/\/aadee.ar\/index.php\/productos-medicina\/ventilacion\/?categoryitems=2#seccion\">SOFTWARE<\/a><\/li>\n<\/ul>\n<li><a href=\"http:\/\/aadee.ar\/index.php\/productos-medicina\/presion-arterial-manguitos-de-presion-arterial\/\">PRESI\u00d3N ARTERIAL<\/a><\/li>\n<li><a href=\"http:\/\/aadee.ar\/index.php\/empresas-representadas\/\">EMPRESAS REPRESANTADAS<\/a><\/li>\n<\/ul>\n<\/div>\n<p>[\/et_pb_text][\/et_pb_column][et_pb_column type=\u00bb3_4&#8243; specialty_columns=\u00bb3&#8243; _builder_version=\u00bb3.0.47&#8243;][et_pb_row_inner admin_label=\u00bbFila\u00bb module_id=\u00bbseccion\u00bb _builder_version=\u00bb3.0.77&#8243;][et_pb_column_inner type=\u00bb4_4&#8243; saved_specialty_column_type=\u00bb3_4&#8243; _builder_version=\u00bb3.0.47&#8243;][et_pb_text _builder_version=\u00bb3.22.4&#8243; module_alignment=\u00bbleft\u00bb border_style=\u00bbsolid\u00bb]<\/p>\n<h1>DIVISION MEDICINA<span style=\"color: #007061;\"> \/ PRODUCTOS<\/span><\/h1>\n<h2><span style=\"color: #007061; font-size: 30px;\">OSM\u00d3METROS<\/span><\/h2>\n<p>[\/et_pb_text][\/et_pb_column_inner][\/et_pb_row_inner][et_pb_row_inner custom_padding=\u00bb0px|||\u00bb use_custom_gutter=\u00bbon\u00bb gutter_width=\u00bb1&#8243; make_equal=\u00bbon\u00bb background_repeat_1=\u00bbno-repeat\u00bb background_repeat_2=\u00bbno-repeat\u00bb background_repeat_3=\u00bbno-repeat\u00bb admin_label=\u00bbFila\u00bb _builder_version=\u00bb3.22.4&#8243; min_height=\u00bb1000px\u00bb custom_margin=\u00bb0px|||\u00bb][et_pb_column_inner type=\u00bb1_3&#8243; saved_specialty_column_type=\u00bb3_4&#8243; _builder_version=\u00bb3.0.47&#8243;][et_pb_blurb title=\u00bbADVANCED INSTRUMENTS\u00bb url=\u00bbhttp:\/\/aadee.ar\/00pdf\/medicina\/MP00024-Rev.3_Osmo1-brochure_Clinical_02012018_WEB.pdf\u00bb url_new_window=\u00bbon\u00bb image=\u00bbhttp:\/\/aadee.ar\/wordpress\/wp-content\/uploads\/2019\/04\/osmo1-advanced-instruments.jpg\u00bb alt=\u00bbRAL\u00bb image_max_width=\u00bb125px\u00bb content_max_width=\u00bb100%\u00bb _builder_version=\u00bb3.22.4&#8243; header_font=\u00bb||||||||\u00bb header_text_color=\u00bb#2fb4a2&#8243; header_font_size=\u00bb15px\u00bb body_font=\u00bb||||||||\u00bb body_text_color=\u00bb#505050&#8243; body_font_size=\u00bb14px\u00bb border_color_all=\u00bb#a5a5a5&#8243; link_option_url=\u00bbhttp:\/\/aadee.ar\/00pdf\/medicina\/MP00024-Rev.3_Osmo1-brochure_Clinical_02012018_WEB.pdf\u00bb link_option_url_new_window=\u00bbon\u00bb border_style=\u00bbsolid\u00bb]<\/p>\n<p><strong>Osmo1<\/strong><br \/> Osm\u00f3metro de muestra \u00fanica.<\/p>\n<p><a href=\"http:\/\/aadee.ar\/00pdf\/medicina\/MP00024-Rev.3_Osmo1-brochure_Clinical_02012018_WEB.pdf\" target=\"_blank\" rel=\"noopener noreferrer\">+INFO<\/a><\/p>\n<p>[\/et_pb_blurb][\/et_pb_column_inner][et_pb_column_inner type=\u00bb1_3&#8243; saved_specialty_column_type=\u00bb3_4&#8243; _builder_version=\u00bb3.0.47&#8243;][et_pb_blurb title=\u00bbADVANCED INSTRUMENTS\u00bb url=\u00bbhttp:\/\/aadee.ar\/00pdf\/medicina\/OsmoPro_Brochure_N.Logo_MP21039rev3_Web.pdf\u00bb url_new_window=\u00bbon\u00bb image=\u00bbhttp:\/\/aadee.ar\/wordpress\/wp-content\/uploads\/2019\/04\/osmopro-advanced-instruments.jpg\u00bb alt=\u00bbRAL\u00bb image_max_width=\u00bb125px\u00bb content_max_width=\u00bb100%\u00bb _builder_version=\u00bb3.22.4&#8243; header_font=\u00bb||||||||\u00bb header_text_color=\u00bb#2fb4a2&#8243; header_font_size=\u00bb15px\u00bb body_font=\u00bb||||||||\u00bb body_text_color=\u00bb#505050&#8243; body_font_size=\u00bb14px\u00bb border_color_all=\u00bb#a5a5a5&#8243; link_option_url=\u00bbhttp:\/\/aadee.ar\/00pdf\/medicina\/OsmoPro_Brochure_N.Logo_MP21039rev3_Web.pdf\u00bb link_option_url_new_window=\u00bbon\u00bb border_style=\u00bbsolid\u00bb]<\/p>\n<p><strong>OsmoPro<\/strong><br \/> Osm\u00f3metro de muestras m\u00faltiple.<\/p>\n<p><a href=\"http:\/\/aadee.ar\/00pdf\/medicina\/OsmoPro_Brochure_N.Logo_MP21039rev3_Web.pdf\" target=\"_blank\" rel=\"noopener noreferrer\">+INFO<\/a><\/p>\n<p>[\/et_pb_blurb][\/et_pb_column_inner][et_pb_column_inner type=\u00bb1_3&#8243; saved_specialty_column_type=\u00bb3_4&#8243; _builder_version=\u00bb3.0.47&#8243;][et_pb_blurb title=\u00bbADVANCED INSTRUMENTS\u00bb url=\u00bbhttp:\/\/aadee.ar\/00pdf\/medicina\/MP00042_rev1-Brochure.pdf\u00bb url_new_window=\u00bbon\u00bb image=\u00bbhttp:\/\/aadee.ar\/wordpress\/wp-content\/uploads\/2019\/04\/osmotech-advanced-instruments.jpg\u00bb alt=\u00bbRAL\u00bb image_max_width=\u00bb125px\u00bb content_max_width=\u00bb100%\u00bb _builder_version=\u00bb3.22.4&#8243; header_font=\u00bb||||||||\u00bb header_text_color=\u00bb#2fb4a2&#8243; header_font_size=\u00bb15px\u00bb body_font=\u00bb||||||||\u00bb body_text_color=\u00bb#505050&#8243; body_font_size=\u00bb14px\u00bb border_color_all=\u00bb#a5a5a5&#8243; link_option_url=\u00bbhttp:\/\/aadee.ar\/00pdf\/medicina\/MP00042_rev1-Brochure.pdf\u00bb link_option_url_new_window=\u00bbon\u00bb border_style=\u00bbsolid\u00bb]<\/p>\n<p><strong>OsmoTECH<\/strong><br \/> Osm\u00f3metro de muestra \u00fanica.<\/p>\n<p><a href=\"http:\/\/aadee.ar\/00pdf\/medicina\/MP00042_rev1-Brochure.pdf\" target=\"_blank\" rel=\"noopener noreferrer\">+INFO<\/a><\/p>\n<p>[\/et_pb_blurb][\/et_pb_column_inner][\/et_pb_row_inner][\/et_pb_column][\/et_pb_section]<\/p>\n","protected":false},"excerpt":{"rendered":"<p>NOVEDADES CIRUG\u00cdA DE ALTA COMPLEJIDAD ARCOS EN C CIRUG\u00cdA RADIOGUIADA IM\u00c1GENES INTRAOPERATORIAS MANEJO DE IM\u00c1GENES MICROSCOPIOS QUIR\u00daRGICOS NAVEGACI\u00d3N &#8211; CIRUG\u00cdA GUIADA POR INFORMACI\u00d3N RADIOCIRUG\u00cdA &#8211; RADIOTERAPIA LABORATORIO CL\u00cdNICO COAGUL\u00d3METROS CONTADORES HEMATOL\u00d3GICOS ELECTROLITOS EN SANGRE GASES EN SANGRE OSM\u00d3METROS LUMINOTERAPIA MICROBIOLOG\u00cdA TERAPIA RESPIRATORIA ASISTENTE PARA TOS M\u00c1SCARAS OX\u00cdGENOTERAPIA TERAPIA DEL SUE\u00d1O VENTILACI\u00d3N SOFTWARE PRESI\u00d3N ARTERIAL EMPRESAS [&hellip;]<\/p>\n","protected":false},"author":3,"featured_media":0,"parent":227,"menu_order":0,"comment_status":"closed","ping_status":"closed","template":"","meta":{"_et_pb_use_builder":"on","_et_pb_old_content":"","_et_gb_content_width":"","footnotes":""},"class_list":["post-2821","page","type-page","status-publish","hentry"],"_links":{"self":[{"href":"https:\/\/www.aadee.ar\/index.php\/wp-json\/wp\/v2\/pages\/2821","targetHints":{"allow":["GET"]}}],"collection":[{"href":"https:\/\/www.aadee.ar\/index.php\/wp-json\/wp\/v2\/pages"}],"about":[{"href":"https:\/\/www.aadee.ar\/index.php\/wp-json\/wp\/v2\/types\/page"}],"author":[{"embeddable":true,"href":"https:\/\/www.aadee.ar\/index.php\/wp-json\/wp\/v2\/users\/3"}],"replies":[{"embeddable":true,"href":"https:\/\/www.aadee.ar\/index.php\/wp-json\/wp\/v2\/comments?post=2821"}],"version-history":[{"count":0,"href":"https:\/\/www.aadee.ar\/index.php\/wp-json\/wp\/v2\/pages\/2821\/revisions"}],"up":[{"embeddable":true,"href":"https:\/\/www.aadee.ar\/index.php\/wp-json\/wp\/v2\/pages\/227"}],"wp:attachment":[{"href":"https:\/\/www.aadee.ar\/index.php\/wp-json\/wp\/v2\/media?parent=2821"}],"curies":[{"name":"wp","href":"https:\/\/api.w.org\/{rel}","templated":true}]}}