{"id":2612,"date":"2018-12-13T16:51:18","date_gmt":"2018-12-13T16:51:18","guid":{"rendered":"http:\/\/aadee.ar\/?page_id=2612"},"modified":"2018-12-13T16:51:18","modified_gmt":"2018-12-13T16:51:18","slug":"detectores-de-cbnre","status":"publish","type":"page","link":"https:\/\/www.aadee.ar\/index.php\/productos-nuclear-home\/detectores-de-cbnre\/","title":{"rendered":"Detectores de CBNRE"},"content":{"rendered":"<p>[et_pb_section bb_built=\u00bb1&#8243; _builder_version=\u00bb3.0.77&#8243; custom_margin=\u00bb0px||0px|\u00bb custom_padding=\u00bb0px||0px|\u00bb disabled_on=\u00bbon||\u00bb disabled=\u00bboff\u00bb next_background_color=\u00bb#000000&#8243;][et_pb_row _builder_version=\u00bb3.0.77&#8243; global_module=\u00bb206&#8243;][et_pb_column type=\u00bb1_4&#8243;][et_pb_image_overlay global_parent=\u00bb206&#8243; _builder_version=\u00bb3.14&#8243; src=\u00bbhttp:\/\/aadee.ar\/wordpress\/wp-content\/uploads\/2017\/09\/ico_fabricacion.png\u00bb alt=\u00bbFABRICACION Y EXPORTACION\u00bb open_link=\u00bbon\u00bb url=\u00bbhttp:\/\/aadee.ar\/index.php\/productos-fabricacion\/\u00bb overlay_src=\u00bbhttp:\/\/aadee.ar\/wordpress\/wp-content\/uploads\/2017\/10\/ico_fabricacion2.png\u00bb animation=\u00bboff\u00bb border_style=\u00bbsolid\u00bb \/][\/et_pb_column][et_pb_column type=\u00bb1_4&#8243;][et_pb_image_overlay global_parent=\u00bb206&#8243; _builder_version=\u00bb3.14&#8243; src=\u00bbhttp:\/\/aadee.ar\/wordpress\/wp-content\/uploads\/2017\/09\/ico_medicina.png\u00bb alt=\u00bbMEDICINA\u00bb open_link=\u00bbon\u00bb url=\u00bbhttp:\/\/aadee.ar\/index.php\/productos-medicina\/\u00bb overlay_src=\u00bbhttp:\/\/aadee.ar\/wordpress\/wp-content\/uploads\/2017\/10\/ico_medicina2.png\u00bb animation=\u00bboff\u00bb border_style=\u00bbsolid\u00bb \/][\/et_pb_column][et_pb_column type=\u00bb1_4&#8243;][et_pb_image_overlay global_parent=\u00bb206&#8243; _builder_version=\u00bb3.14&#8243; src=\u00bbhttp:\/\/aadee.ar\/wordpress\/wp-content\/uploads\/2017\/09\/ico_nuclear.png\u00bb alt=\u00bbNUCLEAR\u00bb open_link=\u00bbon\u00bb url=\u00bbhttp:\/\/aadee.ar\/index.php\/productos-nuclear-home\/\u00bb overlay_src=\u00bbhttp:\/\/aadee.ar\/wordpress\/wp-content\/uploads\/2017\/10\/ico_nuclear2.png\u00bb animation=\u00bboff\u00bb border_style=\u00bbsolid\u00bb \/][\/et_pb_column][et_pb_column type=\u00bb1_4&#8243;][et_pb_image_overlay global_parent=\u00bb206&#8243; _builder_version=\u00bb3.14&#8243; src=\u00bbhttp:\/\/aadee.ar\/wordpress\/wp-content\/uploads\/2017\/09\/ico_investigacion.png\u00bb alt=\u00bbINVESTIGACION &amp; INDUSTRIA\u00bb open_link=\u00bbon\u00bb url=\u00bbhttp:\/\/aadee.ar\/index.php\/productos-investigacion-home\/\u00bb overlay_src=\u00bbhttp:\/\/aadee.ar\/wordpress\/wp-content\/uploads\/2017\/10\/ico_investigacion2.png\u00bb animation=\u00bboff\u00bb border_style=\u00bbsolid\u00bb \/][\/et_pb_column][\/et_pb_row][\/et_pb_section][et_pb_section bb_built=\u00bb1&#8243; fullwidth=\u00bboff\u00bb specialty=\u00bbon\u00bb _builder_version=\u00bb3.0.77&#8243; background_repeat_1=\u00bbno-repeat\u00bb background_repeat_2=\u00bbno-repeat\u00bb padding_right_2=\u00bb0px\u00bb padding_left_2=\u00bb0px\u00bb custom_margin=\u00bb0px|||\u00bb custom_padding=\u00bb0px|||\u00bb prev_background_color=\u00bb#000000&#8243;][et_pb_column type=\u00bb1_4&#8243;][et_pb_text admin_label=\u00bbmenu nuclear productos\u00bb _builder_version=\u00bb3.17.6&#8243; module_alignment=\u00bbleft\u00bb saved_tabs=\u00bball\u00bb global_module=\u00bb419&#8243; text_font=\u00bb||||\u00bb text_font_size=\u00bb14&#8243; text_line_height=\u00bb1.7em\u00bb header_font=\u00bb||||\u00bb header_font_size=\u00bb30px\u00bb use_border_color=\u00bboff\u00bb]<\/p>\n<div id=\"blueblock\" class=\"nuclear\">\n<ul>\n<li><a href=\"http:\/\/aadee.ar\/index.php\/productos-nuclear-home\/\">NOVEDADES<\/a><\/li>\n<li class=\"expandable\"><a href=\"http:\/\/aadee.ar\/index.php\/productos-nuclear\/\">PRODUCTOS<\/a><\/li>\n<ul class=\"categoryitems\">\n<li class=\"opened\"><a href=\"http:\/\/aadee.ar\/index.php\/productos-nuclear-home\/detectores-de-germanio\/?categoryitems=0#seccion\">ESPECTROMETRIA GAMA<\/a><\/li>\n<li class=\"opened\"><a href=\"http:\/\/aadee.ar\/index.php\/productos-nuclear-home\/espectometria-alfa\/?categoryitems=0#seccion\">ESPECTROMETRIA ALFA<\/a><\/li>\n<li class=\"opened\"><a href=\"http:\/\/aadee.ar\/index.php\/productos-nuclear-home\/contadores-alfa-beta\/?categoryitems=0#seccion\">CONTADORES ALFA &amp; BETA<\/a><\/li>\n<li class=\"opened\"><a href=\"http:\/\/aadee.ar\/index.php\/productos-nuclear-home\/contadores-cuerpo-entero\/?categoryitems=0#seccion\">CONTADORES DE CUERPO ENTERO<\/a><\/li>\n<li class=\"opened\"><a href=\"http:\/\/aadee.ar\/index.php\/productos-nuclear-home\/detectores-de-cbnre\/?categoryitems=0#seccion\">DETECTORES DE CBNRE<\/a><\/li>\n<li class=\"opened\"><a href=\"http:\/\/aadee.ar\/index.php\/productos-nuclear-home\/monitores-de-radiacion-portatiles\/?categoryitems=0#seccion\">MONITORES DE RADIACION PORT\u00c1TILES<\/a><\/li>\n<li class=\"opened\"><a href=\"http:\/\/aadee.ar\/index.php\/productos-nuclear-home\/identificadores-de-isotopos-portatiles\/?categoryitems=0#seccion\">IDENTIFICADORES DE IS\u00d3TOPOS PORT\u00c1TILES<\/a><\/li>\n<li class=\"opened\"><a href=\"http:\/\/aadee.ar\/index.php\/productos-nuclear-home\/irradiadores-gama\/?categoryitems=0#seccion\">IRRADIADORES<\/a><\/li>\n<li class=\"opened\"><a href=\"http:\/\/aadee.ar\/index.php\/productos-nuclear-home\/teletectors\/?categoryitems=0#seccion\">TELETECTORS<\/a><\/li>\n<li class=\"opened\"><a href=\"http:\/\/aadee.ar\/index.php\/productos-nuclear-home\/portales-de-paso-y-contaminacion-para-personas\/?categoryitems=0#seccion\">PORTALES DE PASO Y CONTAMINACI\u00d3N PARA PERSONAS<\/a><\/li>\n<li class=\"opened\"><a href=\"http:\/\/aadee.ar\/index.php\/productos-nuclear-home\/monitores-de-contaminacion-para-objetos\/?categoryitems=0#seccion\">MONITORES DE CONTAMINACI\u00d3N PARA OBJETOS<\/a><\/li>\n<li class=\"opened\"><a href=\"http:\/\/aadee.ar\/index.php\/productos-nuclear-home\/monitores-de-actividad\/?categoryitems=0#seccion\">MONITORES DE ACTIVIDAD<\/a><\/li>\n<li class=\"opened\"><a href=\"http:\/\/aadee.ar\/index.php\/productos-nuclear-home\/monitores-de-aire\/?categoryitems=0#seccion\">MONITORES DE AIRE<\/a><\/li>\n<li class=\"opened\"><a href=\"http:\/\/aadee.ar\/index.php\/productos-nuclear-home\/monitores-de-area\/?categoryitems=0#seccion\">MONITORES DE AREA<\/a><\/li>\n<li class=\"opened\"><a href=\"http:\/\/aadee.ar\/index.php\/productos-nuclear-home\/portales-para-vehiculos\/?categoryitems=0#seccion\">PORTALES PARA VEH\u00cdCULOS<\/a><\/li>\n<li class=\"opened\"><a href=\"http:\/\/aadee.ar\/index.php\/productos-nuclear-home\/monitores-para-residuos-radioactivos\/?categoryitems=0#seccion\">MONITORES PARA RESIDUOS RADIOACTIVOS<\/a><\/li>\n<li class=\"opened\"><a href=\"http:\/\/aadee.ar\/index.php\/productos-nuclear-home\/dosimetros-electronicos\/?categoryitems=0#seccion\">DOS\u00cdMETROS ELECTR\u00d3NICOS<\/a><\/li>\n<li class=\"opened\"><a href=\"http:\/\/aadee.ar\/index.php\/productos-nuclear-home\/lectoras-dosimetros-termoluminicentes-tld\/?categoryitems=0#seccion\">LECTORAS Y DOS\u00cdMETROS TERMOLUMINISCENTES<\/a><\/li>\n<li class=\"opened\"><a href=\"http:\/\/aadee.ar\/index.php\/productos-nuclear-home\/emergencias-y-proteccion-de-fronteras\/?categoryitems=0#seccion\">EMERGENCIAS Y PROTECCI\u00d3N DE FRONTERAS<\/a><\/li>\n<li class=\"opened\"><a href=\"http:\/\/aadee.ar\/index.php\/productos-nuclear-home\/sistema-de-monitoreo-remoto\/?categoryitems=0#seccion\">SISTEMAS DE MONITOREO REMOTO<\/a><\/li>\n<\/ul>\n<li><a href=\"http:\/\/aadee.ar\/index.php\/empresas-representadas-nuclear\/\">EMPRESAS REPRESANTADAS<\/a><\/li>\n<\/ul>\n<\/div>\n<p>[\/et_pb_text][\/et_pb_column][et_pb_column type=\u00bb3_4&#8243; specialty_columns=\u00bb3&#8243;][et_pb_row_inner admin_label=\u00bbFila\u00bb _builder_version=\u00bb3.0.77&#8243; module_id=\u00bbseccion\u00bb][et_pb_column_inner type=\u00bb4_4&#8243; saved_specialty_column_type=\u00bb3_4&#8243;][et_pb_text _builder_version=\u00bb3.0.77&#8243; background_layout=\u00bblight\u00bb border_style=\u00bbsolid\u00bb module_alignment=\u00bbleft\u00bb]<\/p>\n<h1>DIVISION NUCLEAR<span style=\"color: #005ea8;\"> \/ PRODUCTOS<\/span><\/h1>\n<h2><span style=\"color: #005ea8; font-size: 30px;\">IRRADIADORES<\/span><\/h2>\n<p>[\/et_pb_text][et_pb_text _builder_version=\u00bb3.0.77&#8243; background_layout=\u00bblight\u00bb border_style=\u00bbsolid\u00bb]<\/p>\n<div>\n<div class=\"solapa\"><a href=\"http:\/\/aadee.ar\/index.php\/productos-nuclear-home\/irradiadores-gama\/\">IRRADIADORES GAMA<\/a><\/div>\n<div class=\"solapa\"><a href=\"http:\/\/aadee.ar\/index.php\/productos-nuclear-home\/irradiadores-de-neutrones\/\">IRRADIADORES DE NEUTRONES<\/a><\/div>\n<div class=\"solapa\"><a href=\"http:\/\/aadee.ar\/index.php\/productos-nuclear-home\/irradiadores-de-rayos\/\">IRRADIADORES DE RAYOS<\/a><\/div>\n<div class=\"solapa activaNuc\"><a href=\"http:\/\/aadee.ar\/index.php\/productos-nuclear-home\/calibradores-gama-autoblindados\/\">CALIBRADORES GAMA AUTOBLINDADOS<\/a><\/div>\n<div class=\"solapa\"><a href=\"http:\/\/aadee.ar\/index.php\/productos-nuclear-home\/irradiadores-para-investigacion\/\">IRRADIADORES PARA INVESTIGACION<\/a><\/div>\n<\/div>\n<p>[\/et_pb_text][\/et_pb_column_inner][\/et_pb_row_inner][et_pb_row_inner admin_label=\u00bbFila\u00bb _builder_version=\u00bb3.0.77&#8243; background_repeat_1=\u00bbno-repeat\u00bb background_repeat_2=\u00bbno-repeat\u00bb background_repeat_3=\u00bbno-repeat\u00bb use_custom_gutter=\u00bbon\u00bb gutter_width=\u00bb1&#8243; custom_margin=\u00bb0px|||\u00bb custom_padding=\u00bb0px|||\u00bb][et_pb_column_inner type=\u00bb1_3&#8243; saved_specialty_column_type=\u00bb3_4&#8243;][et_pb_blurb _builder_version=\u00bb3.17.6&#8243; image=\u00bbhttp:\/\/aadee.ar\/wordpress\/wp-content\/uploads\/2018\/12\/agentase-c2-black.png\u00bb alt=\u00bbHOPEWELL DESIGNS\u00bb url_new_window=\u00bbon\u00bb title=\u00bbFLIR\u00bb icon_placement=\u00bbleft\u00bb header_font_size=\u00bb12&#8243; header_text_color=\u00bb#005ea8&#8243; body_font_size=\u00bb12&#8243; body_text_color=\u00bb#505050&#8243; image_max_width=\u00bb125px\u00bb content_max_width=\u00bb100%\u00bb]<\/p>\n<p><strong>Agentase C2<\/strong><br \/>\nAerosol revelador de agentes qu\u00edmico para detecci\u00f3n de sustancias qu\u00edmicas<br \/>\nSerie Griffin cromat\u00f3grafo de gases\/espect\u00f3metro de masas<\/p>\n<p>[\/et_pb_blurb][et_pb_blurb _builder_version=\u00bb3.17.6&#8243; image=\u00bbhttp:\/\/aadee.ar\/wordpress\/wp-content\/uploads\/2018\/12\/ibac-oem-IBAC-1.png\u00bb alt=\u00bbHOPEWELL DESIGNS\u00bb url_new_window=\u00bbon\u00bb title=\u00bbFLIR\u00bb icon_placement=\u00bbleft\u00bb header_font_size=\u00bb12&#8243; header_text_color=\u00bb#005ea8&#8243; body_font_size=\u00bb12&#8243; body_text_color=\u00bb#505050&#8243; image_max_width=\u00bb125px\u00bb content_max_width=\u00bb100%\u00bb]<\/p>\n<p><strong>IBAC 1<\/strong><br \/>\nAnalizador y recolector biol\u00f3gico instant\u00e1neo para detecci\u00f3n de riesgos biol\u00f3gicos<\/p>\n<p>[\/et_pb_blurb][\/et_pb_column_inner][et_pb_column_inner type=\u00bb1_3&#8243; saved_specialty_column_type=\u00bb3_4&#8243;][et_pb_blurb _builder_version=\u00bb3.17.6&#8243; image=\u00bbhttp:\/\/aadee.ar\/wordpress\/wp-content\/uploads\/2018\/12\/flir-fido-x2.png\u00bb alt=\u00bbHOPEWELL DESIGNS\u00bb url_new_window=\u00bbon\u00bb title=\u00bbFLIR\u00bb icon_placement=\u00bbleft\u00bb header_font_size=\u00bb12&#8243; header_text_color=\u00bb#005ea8&#8243; body_font_size=\u00bb12&#8243; body_text_color=\u00bb#505050&#8243; image_max_width=\u00bb125px\u00bb content_max_width=\u00bb100%\u00bb]<\/p>\n<p><strong>FIDO X2<\/strong><br \/>\nDetector de rastros de explosivos y trazas<br \/>\nSerie Griffin cromat\u00f3grafo de gases\/espect\u00f3metro de masas<\/p>\n<p>[\/et_pb_blurb][et_pb_blurb _builder_version=\u00bb3.17.6&#8243; image=\u00bbhttp:\/\/aadee.ar\/wordpress\/wp-content\/uploads\/2018\/12\/flir-ibac-2.png\u00bb alt=\u00bbHOPEWELL DESIGNS\u00bb url_new_window=\u00bbon\u00bb title=\u00bbFLIR\u00bb icon_placement=\u00bbleft\u00bb header_font_size=\u00bb12&#8243; header_text_color=\u00bb#005ea8&#8243; body_font_size=\u00bb12&#8243; body_text_color=\u00bb#505050&#8243; image_max_width=\u00bb125px\u00bb content_max_width=\u00bb100%\u00bb]<\/p>\n<p><strong>IBAC 2<\/strong><br \/>\nDetecci\u00f3n y recolecci\u00f3n de bioamenazas<\/p>\n<p>[\/et_pb_blurb][\/et_pb_column_inner][et_pb_column_inner type=\u00bb1_3&#8243; saved_specialty_column_type=\u00bb3_4&#8243;][et_pb_blurb _builder_version=\u00bb3.17.6&#8243; image=\u00bbhttp:\/\/aadee.ar\/wordpress\/wp-content\/uploads\/2018\/12\/flir-fido-x3.png\u00bb alt=\u00bbHOPEWELL DESIGNS\u00bb url_new_window=\u00bbon\u00bb title=\u00bbFLIR\u00bb icon_placement=\u00bbleft\u00bb header_font_size=\u00bb12&#8243; header_text_color=\u00bb#005ea8&#8243; body_font_size=\u00bb12&#8243; body_text_color=\u00bb#505050&#8243; image_max_width=\u00bb125px\u00bb content_max_width=\u00bb100%\u00bb]<\/p>\n<p><strong>FIDO X3<\/strong><br \/>\nDetector de rastros de explosivos y trazas<br \/>\nSerie Griffin cromat\u00f3grafo de gases\/espect\u00f3metro de masas<\/p>\n<p>[\/et_pb_blurb][\/et_pb_column_inner][\/et_pb_row_inner][\/et_pb_column][\/et_pb_section]<\/p>\n","protected":false},"excerpt":{"rendered":"<p>NOVEDADES PRODUCTOS ESPECTROMETRIA GAMA ESPECTROMETRIA ALFA CONTADORES ALFA &amp; BETA CONTADORES DE CUERPO ENTERO DETECTORES DE CBNRE MONITORES DE RADIACION PORT\u00c1TILES IDENTIFICADORES DE IS\u00d3TOPOS PORT\u00c1TILES IRRADIADORES TELETECTORS PORTALES DE PASO Y CONTAMINACI\u00d3N PARA PERSONAS MONITORES DE CONTAMINACI\u00d3N PARA OBJETOS MONITORES DE ACTIVIDAD MONITORES DE AIRE MONITORES DE AREA PORTALES PARA VEH\u00cdCULOS MONITORES PARA RESIDUOS RADIOACTIVOS [&hellip;]<\/p>\n","protected":false},"author":3,"featured_media":0,"parent":767,"menu_order":0,"comment_status":"closed","ping_status":"closed","template":"","meta":{"_et_pb_use_builder":"on","_et_pb_old_content":"","_et_gb_content_width":"","footnotes":""},"class_list":["post-2612","page","type-page","status-publish","hentry"],"_links":{"self":[{"href":"https:\/\/www.aadee.ar\/index.php\/wp-json\/wp\/v2\/pages\/2612","targetHints":{"allow":["GET"]}}],"collection":[{"href":"https:\/\/www.aadee.ar\/index.php\/wp-json\/wp\/v2\/pages"}],"about":[{"href":"https:\/\/www.aadee.ar\/index.php\/wp-json\/wp\/v2\/types\/page"}],"author":[{"embeddable":true,"href":"https:\/\/www.aadee.ar\/index.php\/wp-json\/wp\/v2\/users\/3"}],"replies":[{"embeddable":true,"href":"https:\/\/www.aadee.ar\/index.php\/wp-json\/wp\/v2\/comments?post=2612"}],"version-history":[{"count":0,"href":"https:\/\/www.aadee.ar\/index.php\/wp-json\/wp\/v2\/pages\/2612\/revisions"}],"up":[{"embeddable":true,"href":"https:\/\/www.aadee.ar\/index.php\/wp-json\/wp\/v2\/pages\/767"}],"wp:attachment":[{"href":"https:\/\/www.aadee.ar\/index.php\/wp-json\/wp\/v2\/media?parent=2612"}],"curies":[{"name":"wp","href":"https:\/\/api.w.org\/{rel}","templated":true}]}}