{"id":2608,"date":"2018-12-13T16:33:34","date_gmt":"2018-12-13T16:33:34","guid":{"rendered":"http:\/\/aadee.ar\/?page_id=2608"},"modified":"2018-12-13T16:33:34","modified_gmt":"2018-12-13T16:33:34","slug":"espectrometro-de-microvolumen","status":"publish","type":"page","link":"https:\/\/www.aadee.ar\/index.php\/productos-investigacion-home\/espectrometro-de-microvolumen\/","title":{"rendered":"Espectr\u00f3metro de microvolumen"},"content":{"rendered":"<p>[et_pb_section bb_built=\u00bb1&#8243; _builder_version=\u00bb3.0.77&#8243; custom_margin=\u00bb0px||0px|\u00bb custom_padding=\u00bb0px||0px|\u00bb disabled_on=\u00bbon||\u00bb disabled=\u00bboff\u00bb next_background_color=\u00bb#000000&#8243;][et_pb_row _builder_version=\u00bb3.0.77&#8243; global_module=\u00bb206&#8243;][et_pb_column type=\u00bb1_4&#8243;][et_pb_image_overlay global_parent=\u00bb206&#8243; _builder_version=\u00bb3.14&#8243; src=\u00bbhttp:\/\/aadee.ar\/wordpress\/wp-content\/uploads\/2017\/09\/ico_fabricacion.png\u00bb alt=\u00bbFABRICACION Y EXPORTACION\u00bb open_link=\u00bbon\u00bb url=\u00bbhttp:\/\/aadee.ar\/index.php\/productos-fabricacion\/\u00bb overlay_src=\u00bbhttp:\/\/aadee.ar\/wordpress\/wp-content\/uploads\/2017\/10\/ico_fabricacion2.png\u00bb animation=\u00bboff\u00bb border_style=\u00bbsolid\u00bb \/][\/et_pb_column][et_pb_column type=\u00bb1_4&#8243;][et_pb_image_overlay global_parent=\u00bb206&#8243; _builder_version=\u00bb3.14&#8243; src=\u00bbhttp:\/\/aadee.ar\/wordpress\/wp-content\/uploads\/2017\/09\/ico_medicina.png\u00bb alt=\u00bbMEDICINA\u00bb open_link=\u00bbon\u00bb url=\u00bbhttp:\/\/aadee.ar\/index.php\/productos-medicina\/\u00bb overlay_src=\u00bbhttp:\/\/aadee.ar\/wordpress\/wp-content\/uploads\/2017\/10\/ico_medicina2.png\u00bb animation=\u00bboff\u00bb border_style=\u00bbsolid\u00bb \/][\/et_pb_column][et_pb_column type=\u00bb1_4&#8243;][et_pb_image_overlay global_parent=\u00bb206&#8243; _builder_version=\u00bb3.14&#8243; src=\u00bbhttp:\/\/aadee.ar\/wordpress\/wp-content\/uploads\/2017\/09\/ico_nuclear.png\u00bb alt=\u00bbNUCLEAR\u00bb open_link=\u00bbon\u00bb url=\u00bbhttp:\/\/aadee.ar\/index.php\/productos-nuclear-home\/\u00bb overlay_src=\u00bbhttp:\/\/aadee.ar\/wordpress\/wp-content\/uploads\/2017\/10\/ico_nuclear2.png\u00bb animation=\u00bboff\u00bb border_style=\u00bbsolid\u00bb \/][\/et_pb_column][et_pb_column type=\u00bb1_4&#8243;][et_pb_image_overlay global_parent=\u00bb206&#8243; _builder_version=\u00bb3.14&#8243; src=\u00bbhttp:\/\/aadee.ar\/wordpress\/wp-content\/uploads\/2017\/09\/ico_investigacion.png\u00bb alt=\u00bbINVESTIGACION &amp; INDUSTRIA\u00bb open_link=\u00bbon\u00bb url=\u00bbhttp:\/\/aadee.ar\/index.php\/productos-investigacion-home\/\u00bb overlay_src=\u00bbhttp:\/\/aadee.ar\/wordpress\/wp-content\/uploads\/2017\/10\/ico_investigacion2.png\u00bb animation=\u00bboff\u00bb border_style=\u00bbsolid\u00bb \/][\/et_pb_column][\/et_pb_row][\/et_pb_section][et_pb_section bb_built=\u00bb1&#8243; fullwidth=\u00bboff\u00bb specialty=\u00bbon\u00bb _builder_version=\u00bb3.0.77&#8243; background_repeat_1=\u00bbno-repeat\u00bb background_repeat_2=\u00bbno-repeat\u00bb padding_right_2=\u00bb0px\u00bb padding_left_2=\u00bb0px\u00bb custom_margin=\u00bb0px|||\u00bb custom_padding=\u00bb0px|||\u00bb prev_background_color=\u00bb#000000&#8243;][et_pb_column type=\u00bb1_4&#8243;][et_pb_text admin_label=\u00bbmenu investigacion prod\u00bb _builder_version=\u00bb3.17.6&#8243; module_alignment=\u00bbleft\u00bb saved_tabs=\u00bball\u00bb text_font=\u00bb||||\u00bb text_font_size=\u00bb14&#8243; text_line_height=\u00bb1.7em\u00bb header_font=\u00bb||||\u00bb header_font_size=\u00bb30px\u00bb use_border_color=\u00bboff\u00bb global_module=\u00bb448&#8243;]<\/p>\n<div id=\"blueblock\" class=\"investigacion\">\n<ul>\n<li><a href=\"http:\/\/aadee.ar\/index.php\/productos-investigacion-home\/\">NOVEDADES<\/a><\/li>\n<li class=\"expandable\"><a href=\"http:\/\/aadee.ar\/index.php\/productos-investigacion-home\/bombas-de-vacio\/?categoryitems=0#seccion\">INVESTIGACION<\/a><\/li>\n<ul class=\"categoryitems\">\n<li class=\"opened\"><a href=\"http:\/\/aadee.ar\/index.php\/productos-investigacion-home\/bombas-de-vacio\/?categoryitems=0#seccion\">BOMBAS DE VAC\u00cdO<\/a><\/li>\n<li class=\"opened\"><a href=\"http:\/\/aadee.ar\/index.php\/productos-investigacion-home\/bombas-de-vacio-secas\/?categoryitems=0#seccion\">BOMBAS DE VAC\u00cdO SECAS<\/a><\/li>\n<li class=\"opened\"><a href=\"http:\/\/aadee.ar\/index.php\/productos-investigacion-home\/bombas-turbomoleculares\/?categoryitems=0#seccion\">BOMBAS TURBOMOLECULARES<\/a><\/li>\n<li class=\"opened\"><a href=\"http:\/\/aadee.ar\/index.php\/productos-investigacion-home\/bombas-difusoras\/?categoryitems=0#seccion\">BOMBAS DIFUSORAS <\/a><\/li>\n<li class=\"opened\"><a href=\"http:\/\/aadee.ar\/index.php\/productos-investigacion-home\/accesorios-para-vacio\/?categoryitems=0#seccion\">ACCESORIOS PARA VAC\u00cdO<\/a><\/li>\n<li class=\"opened\"><a href=\"http:\/\/aadee.ar\/index.php\/productos-investigacion-home\/valvulas-para-vacio\/?categoryitems=0#seccion\">V\u00c1LVULAS PARA VAC\u00cdO<\/a><\/li>\n<li class=\"opened\"><a href=\"http:\/\/aadee.ar\/index.php\/productos-investigacion-home\/equipos-para-medicion-y-control-de-vacio\/?categoryitems=0#seccion\">EQUIPOS PARA MEDICI\u00d3N Y CONTROL DE VAC\u00cdO <\/a><\/li>\n<li class=\"opened\"><a href=\"http:\/\/aadee.ar\/index.php\/productos-investigacion-home\/cajas-de-guantes\/?categoryitems=0#seccion\">CAJAS DE GUANTES<\/a><\/li>\n<li class=\"opened\"><a href=\"http:\/\/aadee.ar\/index.php\/productos-investigacion-home\/sistemas-de-purificacion-de-gases\/?categoryitems=0#seccion\">SISTEMAS DE PURIFICACI\u00d3N DE GASES<\/a><\/li>\n<li class=\"opened\"><a href=\"http:\/\/aadee.ar\/index.php\/productos-investigacion-home\/sistemas-de-purificacion-de-solventes\/?categoryitems=0#seccion\">SISTEMAS DE PURIFICACI\u00d3N DE SOLVENTES<\/a><\/li>\n<li class=\"opened\"><a href=\"http:\/\/aadee.ar\/index.php\/productos-investigacion-home\/deposicion-de-metales-al-vacio\/?categoryitems=0#seccion\">DEPOSICI\u00d3N DE METALES AL VAC\u00cdO<\/a><\/li>\n<li class=\"opened\"><a href=\"http:\/\/aadee.ar\/index.php\/productos-investigacion-home\/espectrometro-de-microvolumen\/?categoryitems=0#seccion\">ESPECTR\u00d3METRO DE MICROVOLUMEN<\/a><\/li>\n<li class=\"opened\"><a href=\"http:\/\/aadee.ar\/index.php\/productos-investigacion-home\/lavadora-de-microplacas\/?categoryitems=0#seccion\">LAVADORA DE MICROPLACAS<\/a><\/li>\n<li class=\"opened\"><a href=\"http:\/\/aadee.ar\/index.php\/productos-investigacion-home\/lectores-de-microplacas\/?categoryitems=0#seccion\">LECTORES DE MICROPLACAS<\/a><\/li>\n<li class=\"opened\"><a href=\"http:\/\/aadee.ar\/index.php\/productos-investigacion-home\/luminometros\/?categoryitems=0#seccion\">LUMIN\u00d3METROS<\/a><\/li>\n<li class=\"opened\"><a href=\"http:\/\/aadee.ar\/index.php\/productos-investigacion-home\/instrumentos-de-imagenes-in-vivo\/?categoryitems=0#seccion\">INSTRUMENTOS DE IM\u00c1GENES \u00abIN VIVO\u00bb<\/a><\/li>\n<li class=\"opened\"><a href=\"http:\/\/aadee.ar\/index.php\/productos-investigacion-home\/gama-counters\/?categoryitems=0#seccion\">GAMA COUNTERS <\/a><\/li>\n<li class=\"opened\"><a href=\"http:\/\/aadee.ar\/index.php\/productos-investigacion-home\/detectores-para-radio-hplc\/?categoryitems=0\">DETECTORES PARA RADIO HPLC<\/a><\/li>\n<li class=\"opened\"><a href=\"http:\/\/aadee.ar\/index.php\/productos-investigacion-home\/potenciostatos\/?categoryitems=0#seccion\">POTENCIOSTATOS<\/a><\/li>\n<li class=\"opened\"><a href=\"http:\/\/aadee.ar\/index.php\/productos-investigacion-home\/accesorios-para-electroquimica\/?categoryitems=0#seccion\">ACCESORIOS PARA ELECTROQU\u00cdMICA <\/a><\/li>\n<li class=\"opened\"><a href=\"http:\/\/aadee.ar\/index.php\/productos-investigacion-home\/microbalanza-y-sistema-de-escaneo-electroquimico\/?categoryitems=0#seccion\">MICROBALANZA Y SISTEMA DE SCANEO ELECTROQU\u00cdMICO <\/a><\/li>\n<li class=\"opened\"><a href=\"http:\/\/aadee.ar\/index.php\/productos-investigacion-home\/software-para-electroquimica\/?categoryitems=0#seccion\">SOFTWARE PARA ELECTROQU\u00cdMICA <\/a><\/li>\n<li class=\"opened\"><a href=\"http:\/\/aadee.ar\/index.php\/productos-investigacion-home\/lock-in-amplifiers\/?categoryitems=0#seccion\">LOCK-IN AMPLIFIERS <\/a><\/li>\n<li class=\"opened\"><a href=\"http:\/\/aadee.ar\/index.php\/productos-investigacion-home\/preamplificadores\/?categoryitems=0#seccion\">PREAMPLIFICADORES<\/a><\/li>\n<li class=\"opened\"><a href=\"http:\/\/aadee.ar\/index.php\/productos-investigacion-home\/multiplexores-light-choppers-y-tiempo-de-vuelo\/?categoryitems=0#seccion\">MULTIPLEXORES, LIGHT CHOPPERS Y TIEMPO DE VUELO<\/a><\/li>\n<li class=\"opened\"><a href=\"http:\/\/aadee.ar\/index.php\/productos-investigacion-home\/electronica-modular\/?categoryitems=0#seccion\">ELECTR\u00d3NICA MODULAR<\/a><\/li>\n<\/ul>\n<li class=\"expandable\"><a href=\"http:\/\/aadee.ar\/index.php\/productos-investigacion-home\/control-radiologico-de-acerias\/?categoryitems=1#seccion\" class=\"investigacion\">INDUSTRIA<\/a><\/li>\n<ul class=\"categoryitems\">\n<li class=\"opened\"><a href=\"http:\/\/aadee.ar\/index.php\/productos-investigacion-home\/control-radiologico-de-acerias\/?categoryitems=1#seccion\">CONTROL RADIOL\u00d3GICO EN ACER\u00cdAS<\/a><\/li>\n<li class=\"opened\"><a href=\"http:\/\/aadee.ar\/index.php\/productos-investigacion-home\/sistemas-de-vacio-para-hornos-de-acerias\/?categoryitems=1#seccion\">SISTEMAS DE VAC\u00cdO PARA HORNOS DE ACERIAS<\/a><\/li>\n<li class=\"opened\"><a href=\"http:\/\/aadee.ar\/index.php\/productos-investigacion-home\/bombas-mecanicas-de-vacio\/?categoryitems=1#seccion\">BOMBAS MEC\u00c1NICAS DE VACIO<\/a><\/li>\n<li class=\"opened\"><a href=\"http:\/\/aadee.ar\/index.php\/productos-investigacion-home\/bombas-secas-industriales\/?categoryitems=1#seccion\">BOMBAS SECAS INDUSTRIALES<\/a><\/li>\n<li class=\"opened\"><a href=\"http:\/\/aadee.ar\/index.php\/productos-investigacion-home\/bombas-secas-quimica-farmaceutica\/?categoryitems=1#seccion\">BOMBAS SECAS QUIMICA &#8211; FARMACE\u00daTICA<\/a><\/li>\n<li class=\"opened\"><a href=\"http:\/\/aadee.ar\/index.php\/productos-investigacion-home\/boosters-mecanicos\/?categoryitems=1#seccion\">BOOSTERS MEC\u00c1NICOS<\/a><\/li>\n<li class=\"opened\"><a href=\"http:\/\/aadee.ar\/index.php\/productos-investigacion-home\/bombas-difusoras-2\/?categoryitems=1#seccion\">BOMBAS DIFUSORAS<\/a><\/li>\n<li class=\"opened\"><a href=\"http:\/\/aadee.ar\/index.php\/productos-investigacion-home\/bombas-de-vacio-para-semiconductores\/?categoryitems=1#seccion\">BOMBAS DE VACIO PARA SEMICONDUCTORES<\/a><\/li>\n<li class=\"opened\"><a href=\"http:\/\/aadee.ar\/index.php\/productos-investigacion-home\/bombas-de-anillo-liquido\/?categoryitems=1#seccion\">BOMBAS DE ANILLO L\u00cdQUIDO<\/a><\/li>\n<li class=\"opened\"><a href=\"http:\/\/aadee.ar\/index.php\/productos-investigacion-home\/accesorios-de-vacio-industria\/?categoryitems=1#seccion\">ACCESORIOS PARA VAC\u00cdO<\/a><\/li>\n<li class=\"opened\"><a href=\"http:\/\/aadee.ar\/index.php\/productos-investigacion-home\/valvulas-para-vacio-industria\/?categoryitems=1#seccion\">V\u00c1LVULAS PARA VAC\u00cdO<\/a><\/li>\n<li class=\"opened\"><a href=\"http:\/\/aadee.ar\/index.php\/productos-investigacion-home\/equipos-para-medicion-y-control-de-vacio-industria\/?categoryitems=1#seccion\">EQUIPOS PARA MEDICI\u00d3N Y CONTROL DE VACIO<\/a><\/li>\n<li class=\"opened\"><a href=\"http:\/\/aadee.ar\/index.php\/productos-investigacion-home\/cajas-de-guantes-industria\/?categoryitems=1#seccion\">CAJAS DE GUANTES<\/a><\/li>\n<li class=\"opened\"><a href=\"http:\/\/aadee.ar\/index.php\/productos-investigacion-home\/sistemas-de-purificacion-de-gases-industria\/?categoryitems=1#seccion\">SISTEMAS DE PURIFICACI\u00d3N DE GASES<\/a><\/li>\n<li class=\"opened\"><a href=\"http:\/\/aadee.ar\/index.php\/productos-investigacion-home\/sistemas-de-purificacion-de-solventes-industria\/?categoryitems=1#seccion\">SISTEMAS DE PURIFICACI\u00d3N DE SOLVENTES<\/a><\/li>\n<li class=\"opened\"><a href=\"http:\/\/aadee.ar\/index.php\/productos-investigacion-home\/deposicion-de-metales-al-vacio-industria\/?categoryitems=1#seccion\">DEPOSICI\u00d3N DE METALES AL VAC\u00cdO<\/a><\/li>\n<li class=\"opened\"><a href=\"http:\/\/aadee.ar\/index.php\/productos-investigacion-home\/osmometros-y-crioscopos\/?categoryitems=1#seccion\">OSM\u00d3METROS Y CRI\u00d3SCOPOS<\/a><\/li>\n<li class=\"opened\"><a href=\"http:\/\/aadee.ar\/index.php\/productos-investigacion-home\/plantas-de-tratamiento-de-aceite\/?categoryitems=1#seccion\">PLANTAS DE TRATAMIENTO DE ACEITE<\/a><\/li>\n<\/ul>\n<li><a href=\"http:\/\/aadee.ar\/index.php\/empresas-representadas-industria\/#seccion\">EMPRESAS REPRESANTADAS<\/a><\/li>\n<\/ul>\n<\/div>\n<p>[\/et_pb_text][\/et_pb_column][et_pb_column type=\u00bb3_4&#8243; specialty_columns=\u00bb3&#8243;][et_pb_row_inner admin_label=\u00bbFila\u00bb _builder_version=\u00bb3.0.77&#8243; module_id=\u00bbseccion\u00bb][et_pb_column_inner type=\u00bb4_4&#8243; saved_specialty_column_type=\u00bb3_4&#8243;][et_pb_text _builder_version=\u00bb3.17.6&#8243; module_alignment=\u00bbleft\u00bb]<\/p>\n<h1>DIVISI\u00d3N INVESTIGACI\u00d3N<span style=\"color: #009fdc;\"> \/ PRODUCTOS<\/span><\/h1>\n<h2><span style=\"color: #009fdc; font-size: 30px;\">ESPECTR\u00d3METRO DE MICROVOLUMEN<\/span><\/h2>\n<p>[\/et_pb_text][\/et_pb_column_inner][\/et_pb_row_inner][et_pb_row_inner admin_label=\u00bbFila\u00bb _builder_version=\u00bb3.0.77&#8243; background_repeat_1=\u00bbno-repeat\u00bb background_repeat_2=\u00bbno-repeat\u00bb background_repeat_3=\u00bbno-repeat\u00bb use_custom_gutter=\u00bbon\u00bb gutter_width=\u00bb1&#8243; custom_margin=\u00bb0px|||\u00bb custom_padding=\u00bb0px|||\u00bb][et_pb_column_inner type=\u00bb1_3&#8243; saved_specialty_column_type=\u00bb3_4&#8243;][et_pb_blurb _builder_version=\u00bb3.17.6&#8243; image=\u00bbhttp:\/\/aadee.ar\/wordpress\/wp-content\/uploads\/2018\/12\/Colibri-LB-915.jpg\u00bb alt=\u00bbBERTHOLD\u00bb url_new_window=\u00bbon\u00bb title=\u00bbBERTHOLD\u00bb icon_placement=\u00bbleft\u00bb header_font_size=\u00bb12&#8243; header_text_color=\u00bb#009fdc\u00bb body_font_size=\u00bb12&#8243; body_text_color=\u00bb#505050&#8243; image_max_width=\u00bb125px\u00bb content_max_width=\u00bb100%\u00bb]<\/p>\n<p><strong>Colibr\u00ed LB 915<\/strong><\/p>\n<p>[\/et_pb_blurb][\/et_pb_column_inner][et_pb_column_inner type=\u00bb1_3&#8243; saved_specialty_column_type=\u00bb3_4&#8243;][\/et_pb_column_inner][et_pb_column_inner type=\u00bb1_3&#8243; saved_specialty_column_type=\u00bb3_4&#8243;][\/et_pb_column_inner][\/et_pb_row_inner][\/et_pb_column][\/et_pb_section]<\/p>\n","protected":false},"excerpt":{"rendered":"<p>NOVEDADES INVESTIGACION BOMBAS DE VAC\u00cdO BOMBAS DE VAC\u00cdO SECAS BOMBAS TURBOMOLECULARES BOMBAS DIFUSORAS ACCESORIOS PARA VAC\u00cdO V\u00c1LVULAS PARA VAC\u00cdO EQUIPOS PARA MEDICI\u00d3N Y CONTROL DE VAC\u00cdO CAJAS DE GUANTES SISTEMAS DE PURIFICACI\u00d3N DE GASES SISTEMAS DE PURIFICACI\u00d3N DE SOLVENTES DEPOSICI\u00d3N DE METALES AL VAC\u00cdO ESPECTR\u00d3METRO DE MICROVOLUMEN LAVADORA DE MICROPLACAS LECTORES DE MICROPLACAS LUMIN\u00d3METROS INSTRUMENTOS [&hellip;]<\/p>\n","protected":false},"author":3,"featured_media":0,"parent":785,"menu_order":0,"comment_status":"closed","ping_status":"closed","template":"","meta":{"_et_pb_use_builder":"on","_et_pb_old_content":"","_et_gb_content_width":"","footnotes":""},"class_list":["post-2608","page","type-page","status-publish","hentry"],"_links":{"self":[{"href":"https:\/\/www.aadee.ar\/index.php\/wp-json\/wp\/v2\/pages\/2608","targetHints":{"allow":["GET"]}}],"collection":[{"href":"https:\/\/www.aadee.ar\/index.php\/wp-json\/wp\/v2\/pages"}],"about":[{"href":"https:\/\/www.aadee.ar\/index.php\/wp-json\/wp\/v2\/types\/page"}],"author":[{"embeddable":true,"href":"https:\/\/www.aadee.ar\/index.php\/wp-json\/wp\/v2\/users\/3"}],"replies":[{"embeddable":true,"href":"https:\/\/www.aadee.ar\/index.php\/wp-json\/wp\/v2\/comments?post=2608"}],"version-history":[{"count":0,"href":"https:\/\/www.aadee.ar\/index.php\/wp-json\/wp\/v2\/pages\/2608\/revisions"}],"up":[{"embeddable":true,"href":"https:\/\/www.aadee.ar\/index.php\/wp-json\/wp\/v2\/pages\/785"}],"wp:attachment":[{"href":"https:\/\/www.aadee.ar\/index.php\/wp-json\/wp\/v2\/media?parent=2608"}],"curies":[{"name":"wp","href":"https:\/\/api.w.org\/{rel}","templated":true}]}}