{"id":2077,"date":"2018-04-23T06:01:21","date_gmt":"2018-04-23T06:01:21","guid":{"rendered":"http:\/\/aadee.ar\/?page_id=2077"},"modified":"2019-02-06T15:17:22","modified_gmt":"2019-02-06T15:17:22","slug":"arcos-en-c","status":"publish","type":"page","link":"https:\/\/www.aadee.ar\/index.php\/productos-medicina\/arcos-en-c\/","title":{"rendered":"Arcos en C"},"content":{"rendered":"<p>[et_pb_section fb_built=\u00bb1&#8243; disabled_on=\u00bbon||\u00bb _builder_version=\u00bb3.0.77&#8243; custom_margin=\u00bb0px||0px|\u00bb custom_padding=\u00bb0px||0px|\u00bb][et_pb_row custom_padding=\u00bb0px|||\u00bb custom_margin=\u00bb0px|||\u00bb disabled_on=\u00bbon|on|\u00bb _builder_version=\u00bb3.0.77&#8243; global_module=\u00bb206&#8243;][et_pb_column type=\u00bb1_4&#8243; _builder_version=\u00bb3.0.47&#8243; parallax=\u00bboff\u00bb parallax_method=\u00bbon\u00bb][et_pb_image_overlay src=\u00bbhttp:\/\/aadee.ar\/wordpress\/wp-content\/uploads\/2017\/09\/ico_fabricacion.png\u00bb alt=\u00bbFABRICACION Y EXPORTACION\u00bb open_link=\u00bbon\u00bb url=\u00bbhttp:\/\/aadee.ar\/index.php\/productos-fabricacion\/\u00bb overlay_src=\u00bbhttp:\/\/aadee.ar\/wordpress\/wp-content\/uploads\/2017\/10\/ico_fabricacion2.png\u00bb animation=\u00bboff\u00bb _builder_version=\u00bb3.14&#8243;][\/et_pb_image_overlay][\/et_pb_column][et_pb_column type=\u00bb1_4&#8243; _builder_version=\u00bb3.0.47&#8243; parallax=\u00bboff\u00bb parallax_method=\u00bbon\u00bb][et_pb_image_overlay src=\u00bbhttp:\/\/aadee.ar\/wordpress\/wp-content\/uploads\/2017\/09\/ico_medicina.png\u00bb alt=\u00bbMEDICINA\u00bb open_link=\u00bbon\u00bb url=\u00bbhttp:\/\/aadee.ar\/index.php\/productos-medicina\/\u00bb overlay_src=\u00bbhttp:\/\/aadee.ar\/wordpress\/wp-content\/uploads\/2017\/10\/ico_medicina2.png\u00bb animation=\u00bboff\u00bb _builder_version=\u00bb3.14&#8243;][\/et_pb_image_overlay][\/et_pb_column][et_pb_column type=\u00bb1_4&#8243; _builder_version=\u00bb3.0.47&#8243; parallax=\u00bboff\u00bb parallax_method=\u00bbon\u00bb][et_pb_image_overlay src=\u00bbhttp:\/\/aadee.ar\/wordpress\/wp-content\/uploads\/2017\/09\/ico_nuclear.png\u00bb alt=\u00bbNUCLEAR\u00bb open_link=\u00bbon\u00bb url=\u00bbhttp:\/\/aadee.ar\/index.php\/productos-nuclear-home\/\u00bb overlay_src=\u00bbhttp:\/\/aadee.ar\/wordpress\/wp-content\/uploads\/2017\/10\/ico_nuclear2.png\u00bb animation=\u00bboff\u00bb _builder_version=\u00bb3.14&#8243;][\/et_pb_image_overlay][\/et_pb_column][et_pb_column type=\u00bb1_4&#8243; _builder_version=\u00bb3.0.47&#8243; parallax=\u00bboff\u00bb parallax_method=\u00bbon\u00bb][et_pb_image_overlay src=\u00bbhttp:\/\/aadee.ar\/wordpress\/wp-content\/uploads\/2017\/09\/ico_investigacion.png\u00bb alt=\u00bbINVESTIGACION &#038; INDUSTRIA\u00bb open_link=\u00bbon\u00bb url=\u00bbhttp:\/\/aadee.ar\/index.php\/productos-investigacion-home\/\u00bb overlay_src=\u00bbhttp:\/\/aadee.ar\/wordpress\/wp-content\/uploads\/2017\/10\/ico_investigacion2.png\u00bb animation=\u00bboff\u00bb _builder_version=\u00bb3.14&#8243;][\/et_pb_image_overlay][\/et_pb_column][\/et_pb_row][\/et_pb_section][et_pb_section fb_built=\u00bb1&#8243; specialty=\u00bbon\u00bb background_repeat_1=\u00bbno-repeat\u00bb background_repeat_2=\u00bbno-repeat\u00bb padding_right_2=\u00bb0px\u00bb padding_left_2=\u00bb0px\u00bb _builder_version=\u00bb3.0.77&#8243; custom_margin=\u00bb0px|||\u00bb custom_padding=\u00bb0px|||\u00bb][et_pb_column type=\u00bb1_4&#8243; _builder_version=\u00bb3.0.47&#8243; parallax=\u00bboff\u00bb parallax__hover=\u00bboff\u00bb parallax_method=\u00bbon\u00bb parallax_method__hover=\u00bbon\u00bb background_repeat=\u00bbno-repeat\u00bb background_repeat__hover=\u00bbno-repeat\u00bb][et_pb_text admin_label=\u00bbmenu laborat clinico\u00bb _builder_version=\u00bb3.19.12&#8243; text_font=\u00bb||||\u00bb text_font_size=\u00bb14&#8243; text_font_size_tablet=\u00bb14&#8243; text_font_size_phone=\u00bb14&#8243; text_letter_spacing_tablet=\u00bb0px\u00bb text_letter_spacing_phone=\u00bb0px\u00bb text_line_height=\u00bb1.7em\u00bb text_line_height_tablet=\u00bb1.7em\u00bb text_line_height_phone=\u00bb1.7em\u00bb header_font=\u00bb||||\u00bb header_font_size=\u00bb30px\u00bb header_font_size_tablet=\u00bb30px\u00bb header_font_size_phone=\u00bb30px\u00bb header_letter_spacing_tablet=\u00bb0px\u00bb header_letter_spacing_phone=\u00bb0px\u00bb header_line_height_tablet=\u00bb1em\u00bb header_line_height_phone=\u00bb1em\u00bb max_width_tablet=\u00bb100%\u00bb max_width_phone=\u00bb100%\u00bb module_alignment=\u00bbleft\u00bb use_border_color=\u00bboff\u00bb border_color=\u00bb#ffffff\u00bb border_width=\u00bb1px\u00bb border_style=\u00bbsolid\u00bb global_module=\u00bb342&#8243; saved_tabs=\u00bball\u00bb]<\/p>\n<div id=\"blueblock\" class=\"medicina\">\n<ul>\n<li><a href=\"#\">NOVEDADES<\/a><\/li>\n<li class=\"expandable\"><a href=\"http:\/\/aadee.ar\/index.php\/productos-medicina\/navegacion-cirugia-guiada-por-informacion\/?categoryitems=1#seccion\">CIRUG\u00cdA DE ALTA COMPLEJIDAD<\/a><\/li>\n<ul class=\"categoryitems\">\n<li class=\"opened\"><a href=\"http:\/\/aadee.ar\/index.php\/productos-medicina\/arcos-en-c\/?categoryitems=1#seccion\">ARCOS EN C<\/a><\/li>\n<li class=\"opened\"><a href=\"http:\/\/aadee.ar\/index.php\/productos-medicina\/cirugia-radioguiada\/?categoryitems=1#seccion\">CIRUG\u00cdA RADIOGUIADA<\/a><\/li>\n<li class=\"opened\"><a href=\"http:\/\/aadee.ar\/index.php\/productos-medicina\/imagenes-intraoperatorias\/?categoryitems=1#seccion\">IM\u00c1GENES INTRAOPERATORIAS<\/a><\/li>\n<li class=\"opened\"><a href=\"http:\/\/aadee.ar\/index.php\/productos-medicina\/manejo-de-imagenes\/?categoryitems=1#seccion\">MANEJO DE IM\u00c1GENES<\/a><\/li>\n<li class=\"opened\"><a href=\"http:\/\/aadee.ar\/index.php\/productos-medicina\/microscopios-quirurgicos\/?categoryitems=1#seccion\">MICROSCOPIOS QUIR\u00daRGICOS<\/a><\/li>\n<li class=\"opened\"><a href=\"http:\/\/aadee.ar\/index.php\/productos-medicina\/navegacion-cirugia-guiada-por-informacion\/?categoryitems=1#seccion\">NAVEGACI\u00d3N &#8211; CIRUG\u00cdA GUIADA POR INFORMACI\u00d3N<\/a><\/li>\n<li class=\"opened\"><a href=\"http:\/\/aadee.ar\/index.php\/productos-medicina\/radiocirugia-radioterapia\/?categoryitems=1#seccion\">RADIOCIRUG\u00cdA &#8211; RADIOTERAPIA<\/a><\/li>\n<\/ul>\n<li class=\"expandable\"><a href=\"http:\/\/aadee.ar\/index.php\/productos-medicina\/gases-en-sangre\/?categoryitems=0\">LABORATORIO CL\u00cdNICO<\/a><\/li>\n<ul class=\"categoryitems\">\n<li class=\"opened\"><a href=\"http:\/\/aadee.ar\/index.php\/productos-medicina\/coagulometros\/?categoryitems=0#seccion\">COAGUL\u00d3METROS<\/a><\/li>\n<li class=\"opened\"><a href=\"http:\/\/aadee.ar\/index.php\/productos-medicina\/contadores-hematologicos\/?categoryitems=0#seccion\">CONTADORES HEMATOL\u00d3GICOS<\/a><\/li>\n<li class=\"opened\"><a href=\"http:\/\/aadee.ar\/index.php\/productos-medicina\/electrolitos-en-sangre\/?categoryitems=0#seccion\">ELECTROLITOS EN SANGRE<\/a><\/li>\n<li class=\"opened\"><a href=\"http:\/\/aadee.ar\/index.php\/productos-medicina\/gases-en-sangre\/?categoryitems=0#seccion\">GASES EN SANGRE<\/a><\/li>\n<\/ul>\n<li><a href=\"http:\/\/aadee.ar\/index.php\/productos-medicina\/luminoterapia\/\">LUMINOTERAPIA<\/a><\/li>\n<li class=\"expandable\"><a href=\"http:\/\/aadee.ar\/index.php\/productos-medicina\/mascaras-nasales\/?categoryitems=2#seccion\">TERAPIA RESPIRATORIA<\/a><\/li>\n<ul class=\"categoryitems\">\n<li class=\"opened\"><a href=\"http:\/\/aadee.ar\/index.php\/productos-medicina\/asistente-para-tos\/?categoryitems=2#seccion\">ASISTENTE PARA TOS<\/a><\/li>\n<li class=\"opened\"><a href=\"http:\/\/aadee.ar\/index.php\/productos-medicina\/mascaras-nasales\/?categoryitems=2#seccion\">M\u00c1SCARAS<\/a><\/li>\n<li class=\"opened\"><a href=\"http:\/\/aadee.ar\/index.php\/productos-medicina\/oxigenoterapia\/?categoryitems=2#seccion\">OX\u00cdGENOTERAPIA<\/a><\/li>\n<li class=\"opened\"><a href=\"http:\/\/aadee.ar\/index.php\/productos-medicina\/sistem-one\/?categoryitems=2#seccion\">TERAPIA DEL SUE\u00d1O<\/a><\/li>\n<li class=\"opened\"><a href=\"http:\/\/aadee.ar\/index.php\/productos-medicina\/ventilacion\/?categoryitems=2#seccion\">VENTILACI\u00d3N<\/a><\/li>\n<li class=\"opened\"><a href=\"http:\/\/aadee.ar\/index.php\/productos-medicina\/ventilacion\/?categoryitems=2#seccion\">SOFTWARE<\/a><\/li>\n<\/ul>\n<li><a href=\"http:\/\/aadee.ar\/index.php\/productos-medicina\/presion-arterial-manguitos-de-presion-arterial\/\">PRESI\u00d3N ARTERIAL<\/a><\/li>\n<li><a href=\"http:\/\/aadee.ar\/index.php\/empresas-representadas\/\">EMPRESAS REPRESANTADAS<\/a><\/li>\n<\/ul>\n<\/div>\n<p>[\/et_pb_text][\/et_pb_column][et_pb_column type=\u00bb3_4&#8243; specialty_columns=\u00bb3&#8243; _builder_version=\u00bb3.0.47&#8243; padding_left=\u00bb0px\u00bb padding_left__hover=\u00bb0px\u00bb padding_right=\u00bb0px\u00bb padding_right__hover=\u00bb0px\u00bb parallax=\u00bboff\u00bb parallax__hover=\u00bboff\u00bb parallax_method=\u00bbon\u00bb parallax_method__hover=\u00bbon\u00bb background_repeat=\u00bbno-repeat\u00bb background_repeat__hover=\u00bbno-repeat\u00bb][et_pb_row_inner admin_label=\u00bbFila\u00bb module_id=\u00bbseccion\u00bb _builder_version=\u00bb3.0.77&#8243;][et_pb_column_inner type=\u00bb4_4&#8243; saved_specialty_column_type=\u00bb3_4&#8243; _builder_version=\u00bb3.0.47&#8243; parallax=\u00bboff\u00bb parallax__hover=\u00bboff\u00bb parallax_method=\u00bbon\u00bb parallax_method__hover=\u00bbon\u00bb][et_pb_text _builder_version=\u00bb3.0.87&#8243; module_alignment=\u00bbleft\u00bb border_style=\u00bbsolid\u00bb]<\/p>\n<h1>DIVISION MEDICINA<span style=\"color: #007061;\"> \/ PRODUCTOS<\/span><\/h1>\n<h2><span style=\"color: #007061; font-size: 30px;\">ARCOS EN C<\/span><\/h2>\n<p>[\/et_pb_text][\/et_pb_column_inner][\/et_pb_row_inner][et_pb_row_inner custom_padding=\u00bb0px|||\u00bb use_custom_gutter=\u00bbon\u00bb gutter_width=\u00bb1&#8243; background_repeat_1=\u00bbno-repeat\u00bb background_repeat_2=\u00bbno-repeat\u00bb background_repeat_3=\u00bbno-repeat\u00bb admin_label=\u00bbFila\u00bb _builder_version=\u00bb3.0.77&#8243; custom_margin=\u00bb0px|||\u00bb][et_pb_column_inner type=\u00bb1_3&#8243; saved_specialty_column_type=\u00bb3_4&#8243; _builder_version=\u00bb3.0.47&#8243; parallax=\u00bboff\u00bb parallax__hover=\u00bboff\u00bb parallax_method=\u00bbon\u00bb parallax_method__hover=\u00bbon\u00bb background_repeat=\u00bbno-repeat\u00bb background_repeat__hover=\u00bbno-repeat\u00bb][et_pb_blurb title=\u00bbZIEHM IMAGING\u00bb url=\u00bbhttp:\/\/aadee.ar\/00pdf\/medicina\/EN_BroschuereVisionRFD3D_2018-01-31.pdf\u00bb url_new_window=\u00bbon\u00bb image=\u00bbhttp:\/\/aadee.ar\/medicina\/00img\/productos\/Ziehm-Vision-RFD-3D.jpg\u00bb alt=\u00bbZiehm Vision RFD 3D\u00bb icon_placement=\u00bbleft\u00bb image_max_width=\u00bb125px\u00bb content_max_width=\u00bb100%\u00bb _builder_version=\u00bb3.0.87&#8243; header_text_color=\u00bb#2fb4a2&#8243; header_font_size=\u00bb12&#8243; body_text_color=\u00bb#505050&#8243; body_font_size=\u00bb12&#8243; border_style=\u00bbsolid\u00bb]<strong>Ziehm Vision RFD 3D<\/strong><br \/>\nArco en C de alta gama con generador monobloque de alta potencia y tecnolog\u00eda \u00ab<strong>flat panel<\/strong>\u00bb de isocentro variable para produci\u00f3n de <strong>im\u00e1genes 3D de alta calidad<\/strong><\/p>\n<p><a href=\"http:\/\/aadee.ar\/00pdf\/medicina\/EN_BroschuereVisionRFD3D_2018-01-31.pdf\" target=\"_blank\" rel=\"noopener\">+INFO<\/a><br \/>\n[\/et_pb_blurb][et_pb_blurb title=\u00bbZIEHM IMAGING\u00bb url=\u00bbhttp:\/\/aadee.ar\/00pdf\/medicina\/EN_Brochure_ZiehmVisionRFDHybridEdition_201801_final.pdf\u00bb url_new_window=\u00bbon\u00bb image=\u00bbhttp:\/\/aadee.ar\/medicina\/00img\/productos\/Ziehm-Vision-RFD-Hybrid-Edition.jpg\u00bb alt=\u00bbZiehm Vision RFD Hybrid Edition\u00bb icon_placement=\u00bbleft\u00bb image_max_width=\u00bb125px\u00bb content_max_width=\u00bb100%\u00bb _builder_version=\u00bb3.0.87&#8243; header_text_color=\u00bb#2fb4a2&#8243; header_font_size=\u00bb12&#8243; body_text_color=\u00bb#505050&#8243; body_font_size=\u00bb12&#8243; border_style=\u00bbsolid\u00bb]<strong>Ziehm Vision RFD Hybrid Edition<\/strong><br \/>\nArco en C de alta gama con generador monobloque de alta potencia para procedimientos <strong>cardiovasculares intervencionistas<\/strong> altamente exigentes<\/p>\n<p><a href=\"http:\/\/aadee.ar\/00pdf\/medicina\/EN_Brochure_ZiehmVisionRFDHybridEdition_201801_final.pdf\" target=\"_blank\" rel=\"noopener\">+INFO<\/a><br \/>\n[\/et_pb_blurb][et_pb_blurb title=\u00bbZIEHM IMAGING\u00bb url=\u00bbhttp:\/\/aadee.ar\/00pdf\/medicina\/ZiehmVision(FD)_brochure_ES.pdf\u00bb url_new_window=\u00bbon\u00bb image=\u00bbhttp:\/\/aadee.ar\/medicina\/00img\/productos\/Ziehm-Vision-FD.jpg\u00bb alt=\u00bbZiehm Vision FD\u00bb icon_placement=\u00bbleft\u00bb image_max_width=\u00bb125px\u00bb content_max_width=\u00bb100%\u00bb _builder_version=\u00bb3.0.87&#8243; header_text_color=\u00bb#2fb4a2&#8243; header_font_size=\u00bb12&#8243; body_text_color=\u00bb#505050&#8243; body_font_size=\u00bb12&#8243; border_style=\u00bbsolid\u00bb]<strong>Ziehm Vision FD<\/strong><br \/>\nArco en C versatil con generador monobloque pulsado, tecnolog\u00eda \u00abflat panel\u00bb y <strong>sistema avanzado de enfriamiento activo <\/strong><\/p>\n<p><a href=\"http:\/\/aadee.ar\/00pdf\/medicina\/ZiehmVision(FD)_brochure_ES.pdf\" target=\"_blank\" rel=\"noopener\">+INFO<\/a><br \/>\n[\/et_pb_blurb][et_pb_blurb title=\u00bbZIEHM IMAGING\u00bb url=\u00bbhttp:\/\/aadee.ar\/00pdf\/medicina\/ES_Ziehm%20Solo%20brochure.pdf\u00bb url_new_window=\u00bbon\u00bb image=\u00bbhttp:\/\/aadee.ar\/medicina\/00img\/productos\/Ziehm-Solo.jpg\u00bb alt=\u00bbZiehm Solo\u00bb icon_placement=\u00bbleft\u00bb image_max_width=\u00bb125px\u00bb content_max_width=\u00bb100%\u00bb _builder_version=\u00bb3.0.87&#8243; header_text_color=\u00bb#2fb4a2&#8243; header_font_size=\u00bb12&#8243; body_text_color=\u00bb#505050&#8243; body_font_size=\u00bb12&#8243; border_style=\u00bbsolid\u00bb]<strong>Ziehm Solo<\/strong><br \/>\nArco en C compacto con generador monobloque pulsado<\/p>\n<p><a href=\"http:\/\/aadee.ar\/00pdf\/medicina\/ES_Ziehm Solo brochure.pdf\" target=\"_blank\" rel=\"noopener\">+INFO<\/a><br \/>\n[\/et_pb_blurb][\/et_pb_column_inner][et_pb_column_inner type=\u00bb1_3&#8243; saved_specialty_column_type=\u00bb3_4&#8243; _builder_version=\u00bb3.0.47&#8243; parallax=\u00bboff\u00bb parallax__hover=\u00bboff\u00bb parallax_method=\u00bbon\u00bb parallax_method__hover=\u00bbon\u00bb background_repeat=\u00bbno-repeat\u00bb background_repeat__hover=\u00bbno-repeat\u00bb][et_pb_blurb title=\u00bbZIEHM IMAGING\u00bb url=\u00bbhttp:\/\/aadee.ar\/00pdf\/medicina\/ZiehmVisionVario3D_brochure_ES.pdf\u00bb url_new_window=\u00bbon\u00bb image=\u00bbhttp:\/\/aadee.ar\/medicina\/00img\/productos\/Ziehm-Vision-FD-3D.jpg\u00bb alt=\u00bbZiehm Vision FD 3D\u00bb icon_placement=\u00bbleft\u00bb image_max_width=\u00bb125px\u00bb content_max_width=\u00bb100%\u00bb _builder_version=\u00bb3.0.87&#8243; header_text_color=\u00bb#2fb4a2&#8243; header_font_size=\u00bb12&#8243; body_text_color=\u00bb#505050&#8243; body_font_size=\u00bb12&#8243; border_style=\u00bbsolid\u00bb]<strong>Ziehm Vision FD 3D<\/strong><br \/>\nArco en C de alta gama con tecnolog\u00eda \u00abflat panel\u00bb <strong>de isocentro variable<\/strong> para produci\u00f3n de im\u00e1genes 3D de alta calidad<\/p>\n<p><a href=\"http:\/\/aadee.ar\/00pdf\/medicina\/ZiehmVisionVario3D_brochure_ES.pdf\" target=\"_blank\" rel=\"noopener\">+INFO<\/a><br \/>\n[\/et_pb_blurb][et_pb_blurb title=\u00bbZIEHM IMAGING\u00bb url=\u00bbhttp:\/\/aadee.ar\/00pdf\/medicina\/Ziehm%20Vision%20RFD%20brochure_Spanish.pdf\u00bb url_new_window=\u00bbon\u00bb image=\u00bbhttp:\/\/aadee.ar\/medicina\/00img\/productos\/Ziehm-Vision-RFD.jpg\u00bb alt=\u00bbZiehm Vision RFD\u00bb icon_placement=\u00bbleft\u00bb image_max_width=\u00bb125px\u00bb content_max_width=\u00bb100%\u00bb _builder_version=\u00bb3.0.87&#8243; header_text_color=\u00bb#2fb4a2&#8243; header_font_size=\u00bb12&#8243; body_text_color=\u00bb#505050&#8243; body_font_size=\u00bb12&#8243; border_style=\u00bbsolid\u00bb]<strong>Ziehm Vision RFD<\/strong><br \/>\nArco en C de alta gama con generador monobloque de alta potencia y <strong>sistema avanzado de enfriamiento activo<\/strong> para intervenciones de alta complejidad.<\/p>\n<p><a href=\"http:\/\/aadee.ar\/00pdf\/medicina\/Ziehm Vision RFD brochure_Spanish.pdf\" target=\"_blank\" rel=\"noopener\">+INFO<\/a><br \/>\n[\/et_pb_blurb][et_pb_blurb title=\u00bbZIEHM IMAGING\u00bb url=\u00bbhttp:\/\/aadee.ar\/00pdf\/medicina\/ES%20Ziehm%20Solo%20Portable%20flyer_270711.pdf\u00bb url_new_window=\u00bbon\u00bb image=\u00bbhttp:\/\/aadee.ar\/medicina\/00img\/productos\/Ziehm-Vision.jpg\u00bb alt=\u00bbZiehm Vision\u00bb icon_placement=\u00bbleft\u00bb image_max_width=\u00bb125px\u00bb content_max_width=\u00bb100%\u00bb _builder_version=\u00bb3.0.87&#8243; header_text_color=\u00bb#2fb4a2&#8243; header_font_size=\u00bb12&#8243; body_text_color=\u00bb#505050&#8243; body_font_size=\u00bb12&#8243; border_style=\u00bbsolid\u00bb]<strong>Ziehm Vision<\/strong><br \/>\nArco en C versatil con <strong>generador monobloque pulsado<\/strong> y adaptable a un amplio espectro de aplicaciones quir\u00fargicas<\/p>\n<p><a href=\"http:\/\/aadee.ar\/00pdf\/medicina\/ES Ziehm Solo Portable flyer_270711.pdf\" target=\"_blank\" rel=\"noopener\">+INFO<\/a><br \/>\n[\/et_pb_blurb][et_pb_blurb title=\u00bbZIEHM IMAGING\u00bb url=\u00bbhttp:\/\/aadee.ar\/00pdf\/medicina\/Ziehm8000_brochure_ES.pdf\u00bb url_new_window=\u00bbon\u00bb image=\u00bbhttp:\/\/aadee.ar\/medicina\/00img\/productos\/Ziehm-8000.jpg\u00bb alt=\u00bbZiehm 8000&#8243; icon_placement=\u00bbleft\u00bb image_max_width=\u00bb125px\u00bb content_max_width=\u00bb100%\u00bb _builder_version=\u00bb3.0.87&#8243; header_text_color=\u00bb#2fb4a2&#8243; header_font_size=\u00bb12&#8243; body_text_color=\u00bb#505050&#8243; body_font_size=\u00bb12&#8243; border_style=\u00bbsolid\u00bb]<strong>Ziehm 8000<\/strong><br \/>\nArco en C compacto<\/p>\n<p><a href=\"http:\/\/aadee.ar\/00pdf\/medicina\/Ziehm8000_brochure_ES.pdf\" target=\"_blank\" rel=\"noopener\">+INFO<\/a><br \/>\n[\/et_pb_blurb][\/et_pb_column_inner][et_pb_column_inner type=\u00bb1_3&#8243; saved_specialty_column_type=\u00bb3_4&#8243; _builder_version=\u00bb3.0.47&#8243; parallax=\u00bboff\u00bb parallax__hover=\u00bboff\u00bb parallax_method=\u00bbon\u00bb parallax_method__hover=\u00bbon\u00bb background_repeat=\u00bbno-repeat\u00bb background_repeat__hover=\u00bbno-repeat\u00bb][et_pb_blurb title=\u00bbZIEHM IMAGING\u00bb url=\u00bbhttp:\/\/aadee.ar\/00pdf\/medicina\/EN_NaviPort_3D_Brainlab_Broschure_global_2016_09_08.pdf\u00bb url_new_window=\u00bbon\u00bb image=\u00bbhttp:\/\/aadee.ar\/medicina\/00img\/productos\/Ziehm-NaviPort.jpg\u00bb alt=\u00bbZiehm NaviPort\u00bb icon_placement=\u00bbleft\u00bb image_max_width=\u00bb125px\u00bb content_max_width=\u00bb100%\u00bb _builder_version=\u00bb3.0.87&#8243; header_text_color=\u00bb#2fb4a2&#8243; header_font_size=\u00bb12&#8243; body_text_color=\u00bb#505050&#8243; body_font_size=\u00bb12&#8243; border_style=\u00bbsolid\u00bb]<strong>Ziehm NaviPort<\/strong><br \/>\nInterfase para conexi\u00f3n de los arcos 3D de Ziehm a sistemas de navegaci\u00f3n para soluci\u00f3nes de <strong>im\u00e1genes intraoperatorias<\/strong>.<\/p>\n<p><a href=\"http:\/\/aadee.ar\/00pdf\/medicina\/EN_NaviPort_3D_Brainlab_Broschure_global_2016_09_08.pdf\" target=\"_blank\" rel=\"noopener\">+INFO<\/a><br \/>\n[\/et_pb_blurb][et_pb_blurb title=\u00bbZIEHM IMAGING\u00bb url=\u00bbhttp:\/\/aadee.ar\/00pdf\/medicina\/ES%20Ziehm%20Vision%20R%20brochure_270711%20(1).pdf\u00bb url_new_window=\u00bbon\u00bb image=\u00bbhttp:\/\/aadee.ar\/medicina\/00img\/productos\/Ziehm-Vision-R.jpg\u00bb alt=\u00bbZiehm Vision R\u00bb icon_placement=\u00bbleft\u00bb image_max_width=\u00bb125px\u00bb content_max_width=\u00bb100%\u00bb _builder_version=\u00bb3.0.87&#8243; header_text_color=\u00bb#2fb4a2&#8243; header_font_size=\u00bb12&#8243; body_text_color=\u00bb#505050&#8243; body_font_size=\u00bb12&#8243; border_style=\u00bbsolid\u00bb]<strong>Ziehm Vision R<\/strong><br \/>\nArco en C de alta gama con <strong>generador monobloque de alta potencia<\/strong> con an\u00f3do giratorio para alta calidad de im\u00e1genes con niveles de dosis minimizados<\/p>\n<p><a href=\"http:\/\/aadee.ar\/00pdf\/medicina\/ES Ziehm Vision R brochure_270711 (1).pdf\" target=\"_blank\" rel=\"noopener\">+INFO<\/a><br \/>\n[\/et_pb_blurb][et_pb_blurb title=\u00bbZIEHM IMAGING\u00bb url=\u00bbhttp:\/\/aadee.ar\/00pdf\/medicina\/EU_Broschure_SoloFD_20170327.pdf\u00bb url_new_window=\u00bbon\u00bb image=\u00bbhttp:\/\/aadee.ar\/medicina\/00img\/productos\/Ziehm-Solo-FD.jpg\u00bb alt=\u00bbZiehm Solo FD\u00bb icon_placement=\u00bbleft\u00bb image_max_width=\u00bb125px\u00bb content_max_width=\u00bb100%\u00bb _builder_version=\u00bb3.0.87&#8243; header_text_color=\u00bb#2fb4a2&#8243; header_font_size=\u00bb12&#8243; body_text_color=\u00bb#505050&#8243; body_font_size=\u00bb12&#8243; border_style=\u00bbsolid\u00bb]<strong>Ziehm Solo FD<\/strong><br \/>\nArco en C compacto con generador monobloque pulsado y tecnolog\u00eda de \u00abflat panel\u00bb<\/p>\n<p><a href=\"http:\/\/aadee.ar\/00pdf\/medicina\/EU_Broschure_SoloFD_20170327.pdf\" target=\"_blank\" rel=\"noopener\">+INFO<\/a><br \/>\n[\/et_pb_blurb][\/et_pb_column_inner][\/et_pb_row_inner][\/et_pb_column][\/et_pb_section]<\/p>\n","protected":false},"excerpt":{"rendered":"<p>NOVEDADES CIRUG\u00cdA DE ALTA COMPLEJIDAD ARCOS EN C CIRUG\u00cdA RADIOGUIADA IM\u00c1GENES INTRAOPERATORIAS MANEJO DE IM\u00c1GENES MICROSCOPIOS QUIR\u00daRGICOS NAVEGACI\u00d3N &#8211; CIRUG\u00cdA GUIADA POR INFORMACI\u00d3N RADIOCIRUG\u00cdA &#8211; RADIOTERAPIA LABORATORIO CL\u00cdNICO COAGUL\u00d3METROS CONTADORES HEMATOL\u00d3GICOS ELECTROLITOS EN SANGRE GASES EN SANGRE LUMINOTERAPIA TERAPIA RESPIRATORIA ASISTENTE PARA TOS M\u00c1SCARAS OX\u00cdGENOTERAPIA TERAPIA DEL SUE\u00d1O VENTILACI\u00d3N SOFTWARE PRESI\u00d3N ARTERIAL EMPRESAS REPRESANTADAS DIVISION [&hellip;]<\/p>\n","protected":false},"author":3,"featured_media":0,"parent":227,"menu_order":0,"comment_status":"closed","ping_status":"closed","template":"","meta":{"_et_pb_use_builder":"on","_et_pb_old_content":"","_et_gb_content_width":"","footnotes":""},"class_list":["post-2077","page","type-page","status-publish","hentry"],"_links":{"self":[{"href":"https:\/\/www.aadee.ar\/index.php\/wp-json\/wp\/v2\/pages\/2077","targetHints":{"allow":["GET"]}}],"collection":[{"href":"https:\/\/www.aadee.ar\/index.php\/wp-json\/wp\/v2\/pages"}],"about":[{"href":"https:\/\/www.aadee.ar\/index.php\/wp-json\/wp\/v2\/types\/page"}],"author":[{"embeddable":true,"href":"https:\/\/www.aadee.ar\/index.php\/wp-json\/wp\/v2\/users\/3"}],"replies":[{"embeddable":true,"href":"https:\/\/www.aadee.ar\/index.php\/wp-json\/wp\/v2\/comments?post=2077"}],"version-history":[{"count":0,"href":"https:\/\/www.aadee.ar\/index.php\/wp-json\/wp\/v2\/pages\/2077\/revisions"}],"up":[{"embeddable":true,"href":"https:\/\/www.aadee.ar\/index.php\/wp-json\/wp\/v2\/pages\/227"}],"wp:attachment":[{"href":"https:\/\/www.aadee.ar\/index.php\/wp-json\/wp\/v2\/media?parent=2077"}],"curies":[{"name":"wp","href":"https:\/\/api.w.org\/{rel}","templated":true}]}}