{"id":1318,"date":"2017-10-25T19:11:26","date_gmt":"2017-10-25T19:11:26","guid":{"rendered":"http:\/\/aadee.ar\/wordpress\/?page_id=1318"},"modified":"2017-12-07T00:17:29","modified_gmt":"2017-12-07T00:17:29","slug":"electronica-modular","status":"publish","type":"page","link":"https:\/\/www.aadee.ar\/index.php\/productos-investigacion-home\/electronica-modular\/","title":{"rendered":"Electr\u00f3nica Modular"},"content":{"rendered":"<p>[et_pb_section bb_built=\u00bb1&#8243; _builder_version=\u00bb3.0.77&#8243; custom_margin=\u00bb0px||0px|\u00bb custom_padding=\u00bb0px||0px|\u00bb disabled_on=\u00bbon||\u00bb disabled=\u00bboff\u00bb][et_pb_row _builder_version=\u00bb3.0.77&#8243; global_module=\u00bb206&#8243;][et_pb_column type=\u00bb1_4&#8243;][et_pb_image_overlay global_parent=\u00bb206&#8243; _builder_version=\u00bb3.0.77&#8243; src=\u00bbhttp:\/\/aadee.ar\/wordpress\/wp-content\/uploads\/2017\/09\/ico_fabricacion.png\u00bb alt=\u00bbFABRICACION Y EXPORTACION\u00bb open_link=\u00bbon\u00bb url=\u00bbhttp:\/\/aadee.ar\/wordpress\/index.php\/productos-fabricacion\/\u00bb url_new_window=\u00bboff\u00bb overlay_src=\u00bbhttp:\/\/aadee.ar\/wordpress\/wp-content\/uploads\/2017\/10\/ico_fabricacion2.png\u00bb animation=\u00bboff\u00bb sticky=\u00bboff\u00bb border_style=\u00bbsolid\u00bb force_fullwidth=\u00bboff\u00bb always_center_on_mobile=\u00bbon\u00bb \/][\/et_pb_column][et_pb_column type=\u00bb1_4&#8243;][et_pb_image_overlay global_parent=\u00bb206&#8243; _builder_version=\u00bb3.0.77&#8243; src=\u00bbhttp:\/\/aadee.ar\/wordpress\/wp-content\/uploads\/2017\/09\/ico_medicina.png\u00bb alt=\u00bbMEDICINA\u00bb open_link=\u00bbon\u00bb url=\u00bbhttp:\/\/aadee.ar\/wordpress\/index.php\/productos-medicina\/\u00bb url_new_window=\u00bboff\u00bb overlay_src=\u00bbhttp:\/\/aadee.ar\/wordpress\/wp-content\/uploads\/2017\/10\/ico_medicina2.png\u00bb animation=\u00bboff\u00bb sticky=\u00bboff\u00bb border_style=\u00bbsolid\u00bb force_fullwidth=\u00bboff\u00bb always_center_on_mobile=\u00bbon\u00bb \/][\/et_pb_column][et_pb_column type=\u00bb1_4&#8243;][et_pb_image_overlay global_parent=\u00bb206&#8243; _builder_version=\u00bb3.0.77&#8243; src=\u00bbhttp:\/\/aadee.ar\/wordpress\/wp-content\/uploads\/2017\/09\/ico_nuclear.png\u00bb alt=\u00bbNUCLEAR\u00bb open_link=\u00bbon\u00bb url=\u00bbhttp:\/\/aadee.ar\/wordpress\/index.php\/productos-nuclear-home\/\u00bb url_new_window=\u00bboff\u00bb overlay_src=\u00bbhttp:\/\/aadee.ar\/wordpress\/wp-content\/uploads\/2017\/10\/ico_nuclear2.png\u00bb animation=\u00bboff\u00bb sticky=\u00bboff\u00bb border_style=\u00bbsolid\u00bb force_fullwidth=\u00bboff\u00bb always_center_on_mobile=\u00bbon\u00bb \/][\/et_pb_column][et_pb_column type=\u00bb1_4&#8243;][et_pb_image_overlay global_parent=\u00bb206&#8243; _builder_version=\u00bb3.0.77&#8243; src=\u00bbhttp:\/\/aadee.ar\/wordpress\/wp-content\/uploads\/2017\/09\/ico_investigacion.png\u00bb alt=\u00bbINVESTIGACION &amp; INDUSTRIA\u00bb open_link=\u00bbon\u00bb url=\u00bbhttp:\/\/aadee.ar\/wordpress\/index.php\/productos-investigacion-home\/\u00bb url_new_window=\u00bboff\u00bb overlay_src=\u00bbhttp:\/\/aadee.ar\/wordpress\/wp-content\/uploads\/2017\/10\/ico_investigacion2.png\u00bb animation=\u00bboff\u00bb sticky=\u00bboff\u00bb border_style=\u00bbsolid\u00bb force_fullwidth=\u00bboff\u00bb always_center_on_mobile=\u00bbon\u00bb \/][\/et_pb_column][\/et_pb_row][\/et_pb_section][et_pb_section bb_built=\u00bb1&#8243; fullwidth=\u00bboff\u00bb specialty=\u00bbon\u00bb _builder_version=\u00bb3.0.77&#8243; background_repeat_1=\u00bbno-repeat\u00bb background_repeat_2=\u00bbno-repeat\u00bb padding_right_2=\u00bb0px\u00bb padding_left_2=\u00bb0px\u00bb custom_margin=\u00bb0px|||\u00bb custom_padding=\u00bb0px|||\u00bb][et_pb_column type=\u00bb1_4&#8243;][et_pb_text admin_label=\u00bbmenu investigacion prod\u00bb _builder_version=\u00bb3.0.77&#8243; background_layout=\u00bblight\u00bb border_style=\u00bbsolid\u00bb module_alignment=\u00bbleft\u00bb saved_tabs=\u00bball\u00bb use_background_color_gradient=\u00bboff\u00bb background_color_gradient_start=\u00bb#2b87da\u00bb background_color_gradient_end=\u00bb#29c4a9&#8243; background_color_gradient_type=\u00bblinear\u00bb background_color_gradient_direction=\u00bb180deg\u00bb background_color_gradient_direction_radial=\u00bbcenter\u00bb background_color_gradient_start_position=\u00bb0%\u00bb background_color_gradient_end_position=\u00bb100%\u00bb parallax=\u00bboff\u00bb parallax_method=\u00bbon\u00bb background_size=\u00bbcover\u00bb background_position=\u00bbcenter\u00bb background_repeat=\u00bbno-repeat\u00bb background_blend=\u00bbnormal\u00bb allow_player_pause=\u00bboff\u00bb text_font=\u00bb||||\u00bb text_font_size=\u00bb14&#8243; text_font_size_tablet=\u00bb14&#8243; text_font_size_phone=\u00bb14&#8243; text_letter_spacing=\u00bb0px\u00bb text_letter_spacing_tablet=\u00bb0px\u00bb text_letter_spacing_phone=\u00bb0px\u00bb text_line_height=\u00bb1.7em\u00bb text_line_height_tablet=\u00bb1.7em\u00bb text_line_height_phone=\u00bb1.7em\u00bb text_orientation=\u00bbleft\u00bb header_font=\u00bb||||\u00bb header_font_size=\u00bb30px\u00bb header_font_size_tablet=\u00bb30px\u00bb header_font_size_phone=\u00bb30px\u00bb header_letter_spacing=\u00bb0px\u00bb header_letter_spacing_tablet=\u00bb0px\u00bb header_letter_spacing_phone=\u00bb0px\u00bb header_line_height=\u00bb1em\u00bb header_line_height_tablet=\u00bb1em\u00bb header_line_height_phone=\u00bb1em\u00bb use_border_color=\u00bboff\u00bb border_color=\u00bb#ffffff\u00bb border_width=\u00bb1px\u00bb max_width=\u00bb100%\u00bb max_width_tablet=\u00bb100%\u00bb max_width_phone=\u00bb100%\u00bb animation_style=\u00bbnone\u00bb animation_repeat=\u00bbonce\u00bb animation_direction=\u00bbcenter\u00bb animation_duration=\u00bb1000ms\u00bb animation_delay=\u00bb0ms\u00bb animation_intensity_slide=\u00bb50%\u00bb animation_intensity_zoom=\u00bb50%\u00bb animation_intensity_flip=\u00bb50%\u00bb animation_intensity_fold=\u00bb50%\u00bb animation_intensity_roll=\u00bb50%\u00bb animation_starting_opacity=\u00bb0%\u00bb animation_speed_curve=\u00bbease-in-out\u00bb global_module=\u00bb448&#8243;]<\/p>\n<div id=\"blueblock\" class=\"investigacion\">\n<ul>\n<li><a href=\"#\">NOVEDADES<\/a><\/li>\n<li class=\"expandable\"><a href=\"#?categoryitems=0\">INVESTIGACION<\/a><\/li>\n<ul class=\"categoryitems\">\n<li class=\"opened\"><a href=\"#?categoryitems=0\">BOMBAS DE VAC\u00cdO<\/a><\/li>\n<li class=\"opened\"><a href=\"#?categoryitems=0\">BOMBAS DE VAC\u00cdO SECAS<\/a><\/li>\n<li class=\"opened\"><a href=\"#?categoryitems=0\">BOMBAS TURBOMOLECULARES<\/a><\/li>\n<li class=\"opened\"><a href=\"#?categoryitems=0\">BOMBAS DIFUSORAS <\/a><\/li>\n<li class=\"opened\"><a href=\"#?categoryitems=0\">ACCESORIOS PARA VAC\u00cdO<\/a><\/li>\n<li class=\"opened\"><a href=\"#?categoryitems=0\">V\u00c1LVULAS PARA VAC\u00cdO<\/a><\/li>\n<li class=\"opened\"><a href=\"#?categoryitems=0\">EQUIPOS PARA MEDICI\u00d3N Y CONTROL DE VAC\u00cdO <\/a><\/li>\n<li class=\"opened\"><a href=\"#?categoryitems=0\">CAJAS DE GUANTES<\/a><\/li>\n<li class=\"opened\"><a href=\"#?categoryitems=0\">SISTEMAS DE PURIFICACI\u00d3N DE GASES<\/a><\/li>\n<li class=\"opened\"><a href=\"#?categoryitems=0\">SISTEMAS DE PURIFICACI\u00d3N DE SOLVENTES<\/a><\/li>\n<li class=\"opened\"><a href=\"#?categoryitems=0\">DEPOSICI\u00d3N DE METALES AL VAC\u00cdO<\/a><\/li>\n<li class=\"opened\"><a href=\"#?categoryitems=0\">LECTORES DE MICROPLACAS<\/a><\/li>\n<li class=\"opened\"><a href=\"#?categoryitems=0\">LUMIN\u00d3METROS<\/a><\/li>\n<li class=\"opened\"><a href=\"#?categoryitems=0\">INSTRUMENTOS DE IM\u00c1GENES \u00abIN VIVO\u00bb<\/a><\/li>\n<li class=\"opened\"><a href=\"#?categoryitems=0\">GAMA COUNTERS <\/a><\/li>\n<li class=\"opened\"><a href=\"#?categoryitems=0\">DETECTORES PARA RADIO HPLC<\/a><\/li>\n<li class=\"opened\"><a href=\"#?categoryitems=0\">POTENCIOSTATOS<\/a><\/li>\n<li class=\"opened\"><a href=\"#?categoryitems=0\">ACCESORIOS PARA ELECTROQU\u00cdMICA <\/a><\/li>\n<li class=\"opened\"><a href=\"#?categoryitems=0\">MICROBALANZA Y SISTEMA DE SCANEO ELECTROQU\u00cdMICO <\/a><\/li>\n<li class=\"opened\"><a href=\"#?categoryitems=0\">SOFTWARE PARA ELECTROQU\u00cdMICA <\/a><\/li>\n<li class=\"opened\"><a href=\"#?categoryitems=0\">LOCK-IN AMPLIFIERS <\/a><\/li>\n<li class=\"opened\"><a href=\"#?categoryitems=0\">PREAMPLIFICADORES<\/a><\/li>\n<li class=\"opened\"><a href=\"#?categoryitems=0\">MULTIPLEXORES, LIGHT CHOPPERS Y TIEMPO DE VUELO<\/a><\/li>\n<li class=\"opened\"><a href=\"#?categoryitems=0\">ELECTR\u00d3NICA MODULAR<\/a><\/li>\n<\/ul>\n<li class=\"expandable\"><a href=\"#?categoryitems=1\" class=\"investigacion\">INDUSTRIA<\/a><\/li>\n<ul class=\"categoryitems\">\n<li class=\"opened\"><a href=\"#?categoryitems=1\">CONTROL RADIOL\u00d3GICO EN ACER\u00cdAS<\/a><\/li>\n<li class=\"opened\"><a href=\"#?categoryitems=1\">SISTEMAS DE VAC\u00cdO PARA HORNOS DE ACERIAS<\/a><\/li>\n<li class=\"opened\"><a href=\"#?categoryitems=1\">BOMBAS MEC\u00c1NICAS DE VACIO<\/a><\/li>\n<li class=\"opened\"><a href=\"#?categoryitems=1\">BOMBAS SECAS INDUSTRIALES<\/a><\/li>\n<li class=\"opened\"><a href=\"#?categoryitems=1\">BOMBAS SECAS QUIMICA &#8211; FARMACE\u00daTICA<\/a><\/li>\n<li class=\"opened\"><a href=\"#?categoryitems=1\">BOOSTERS MEC\u00c1NICOS<\/a><\/li>\n<li class=\"opened\"><a href=\"#?categoryitems=1\">BOMBAS DIFUSORAS<\/a><\/li>\n<li class=\"opened\"><a href=\"#?categoryitems=1\">BOMBAS DE VACIO PARA SEMICONDUCTORES<\/a><\/li>\n<li class=\"opened\"><a href=\"#?categoryitems=1\">BOMBAS DE ANILLO L\u00cdQUIDO<\/a><\/li>\n<li class=\"opened\"><a href=\"#?categoryitems=1\">ACCESORIOS PARA VAC\u00cdO<\/a><\/li>\n<li class=\"opened\"><a href=\"#?categoryitems=1\">V\u00c1LVULAS PARA VAC\u00cdO<\/a><\/li>\n<li class=\"opened\"><a href=\"#?categoryitems=1\">EQUIPOS PARA MEDICI\u00d3N Y CONTROL DE VACIO<\/a><\/li>\n<li class=\"opened\"><a href=\"#?categoryitems=1\">CAJAS DE GUANTES<\/a><\/li>\n<li class=\"opened\"><a href=\"#?categoryitems=1\">SISTEMAS DE PURIFICACI\u00d3N DE GASES<\/a><\/li>\n<li class=\"opened\"><a href=\"#?categoryitems=1\">SISTEMAS DE PURIFICACI\u00d3N DE SOLVENTES<\/a><\/li>\n<li class=\"opened\"><a href=\"#?categoryitems=1\">DEPOSICI\u00d3N DE METALES AL VAC\u00cdO<\/a><\/li>\n<li class=\"opened\"><a href=\"#?categoryitems=1\">OSM\u00d3METROS Y CRI\u00d3SCOPOS<\/a><\/li>\n<li class=\"opened\"><a href=\"#?categoryitems=1\">PLANTAS DE TRATAMIENTO DE ACEITE<\/a><\/li>\n<\/ul>\n<li><a href=\"#\">EMPRESAS REPRESANTADAS<\/a><\/li>\n<\/ul>\n<\/div>\n<p>[\/et_pb_text][\/et_pb_column][et_pb_column type=\u00bb3_4&#8243; specialty_columns=\u00bb3&#8243;][et_pb_row_inner admin_label=\u00bbFila\u00bb _builder_version=\u00bb3.0.77&#8243; module_id=\u00bbseccion\u00bb][et_pb_column_inner type=\u00bb4_4&#8243; saved_specialty_column_type=\u00bb3_4&#8243;][et_pb_text _builder_version=\u00bb3.0.77&#8243; background_layout=\u00bblight\u00bb border_style=\u00bbsolid\u00bb module_alignment=\u00bbleft\u00bb]<\/p>\n<h1>DIVISI\u00d3N INVESTIGACI\u00d3N<span style=\"color: #009fdc;\"> \/ PRODUCTOS<\/span><\/h1>\n<h2><span style=\"color: #009fdc; font-size: 30px;\">ELECTR\u00d3NICA MODULAR<\/span><\/h2>\n<p>[\/et_pb_text][\/et_pb_column_inner][\/et_pb_row_inner][et_pb_row_inner admin_label=\u00bbFila\u00bb _builder_version=\u00bb3.0.77&#8243; background_repeat_1=\u00bbno-repeat\u00bb background_repeat_2=\u00bbno-repeat\u00bb background_repeat_3=\u00bbno-repeat\u00bb use_custom_gutter=\u00bbon\u00bb gutter_width=\u00bb1&#8243; custom_margin=\u00bb0px|||\u00bb custom_padding=\u00bb0px|||\u00bb][et_pb_column_inner type=\u00bb1_3&#8243; saved_specialty_column_type=\u00bb3_4&#8243;][et_pb_blurb _builder_version=\u00bb3.0.77&#8243; use_icon=\u00bboff\u00bb image=\u00bbhttp:\/\/aadee.ar\/industria_investigacion\/00img\/productos\/4161A.jpg\u00bb alt=\u00bbSIGNAL RECOVERY\u00bb url=\u00bbhttp:\/\/aadee.ar\/00pdf\/industria_investigacion\/Model_4161A.pdf\u00bb url_new_window=\u00bbon\u00bb title=\u00bbSIGNAL RECOVERY\u00bb use_circle=\u00bboff\u00bb use_circle_border=\u00bboff\u00bb icon_placement=\u00bbleft\u00bb use_icon_font_size=\u00bboff\u00bb background_layout=\u00bblight\u00bb header_font_size=\u00bb12&#8243; header_text_color=\u00bb#009fdc\u00bb body_font_size=\u00bb12&#8243; body_text_color=\u00bb#505050&#8243; border_style=\u00bbsolid\u00bb image_max_width=\u00bb125px\u00bb content_max_width=\u00bb100%\u00bb]<\/p>\n<p><strong>Model 4161A &#8211; Dual Channel ADC, Display, and Control Module<\/strong><br \/>\nADC de dos canales con dyspay y m\u00f3dulo de control.<\/p>\n<p><a href=\"http:\/\/aadee.ar\/00pdf\/industria_investigacion\/Model_4161A.pdf\"><span style=\"color: #009fdc;\">+INFO<\/span><\/a><\/p>\n<p>[\/et_pb_blurb][et_pb_blurb _builder_version=\u00bb3.0.77&#8243; use_icon=\u00bboff\u00bb image=\u00bbhttp:\/\/aadee.ar\/industria_investigacion\/00img\/productos\/4001A-4002D.jpg\u00bb alt=\u00bbSIGNAL RECOVERY\u00bb url=\u00bbhttp:\/\/aadee.ar\/00pdf\/industria_investigacion\/Model_4001A-4002D.pdf\u00bb url_new_window=\u00bbon\u00bb title=\u00bbSIGNAL RECOVERY\u00bb use_circle=\u00bboff\u00bb use_circle_border=\u00bboff\u00bb icon_placement=\u00bbleft\u00bb use_icon_font_size=\u00bboff\u00bb background_layout=\u00bblight\u00bb header_font_size=\u00bb12&#8243; header_text_color=\u00bb#009fdc\u00bb body_font_size=\u00bb12&#8243; body_text_color=\u00bb#505050&#8243; border_style=\u00bbsolid\u00bb image_max_width=\u00bb125px\u00bb content_max_width=\u00bb100%\u00bb]<\/p>\n<p><strong>Model 4001A\/4002D NIM Bin &#038; Power Supply<\/strong><br \/>\nModulo NIM con alimentaci\u00f3n.<\/p>\n<p><a href=\"http:\/\/aadee.ar\/00pdf\/industria_investigacion\/Model_4001A-4002D.pdf\"><span style=\"color: #009fdc;\">+INFO<\/span><\/a><\/p>\n<p>[\/et_pb_blurb][\/et_pb_column_inner][et_pb_column_inner type=\u00bb1_3&#8243; saved_specialty_column_type=\u00bb3_4&#8243;][et_pb_blurb _builder_version=\u00bb3.0.77&#8243; use_icon=\u00bboff\u00bb image=\u00bbhttp:\/\/aadee.ar\/industria_investigacion\/00img\/productos\/4121B.jpg\u00bb alt=\u00bbSIGNAL RECOVERY\u00bb url=\u00bbhttp:\/\/aadee.ar\/00pdf\/industria_investigacion\/Model_4121B.pdf\u00bb url_new_window=\u00bbon\u00bb title=\u00bbSIGNAL RECOVERY\u00bb use_circle=\u00bboff\u00bb use_circle_border=\u00bboff\u00bb icon_placement=\u00bbleft\u00bb use_icon_font_size=\u00bboff\u00bb background_layout=\u00bblight\u00bb header_font_size=\u00bb12&#8243; header_text_color=\u00bb#009fdc\u00bb body_font_size=\u00bb12&#8243; body_text_color=\u00bb#505050&#8243; border_style=\u00bbsolid\u00bb image_max_width=\u00bb125px\u00bb content_max_width=\u00bb100%\u00bb]<\/p>\n<p><strong>Model 4121 B Gated Integrator<\/strong><br \/>\nIntegrador de ventada.<\/p>\n<p><a href=\"http:\/\/aadee.ar\/00pdf\/industria_investigacion\/Model_4121B.pdf\"><span style=\"color: #009fdc;\">+INFO<\/span><\/a><\/p>\n<p>[\/et_pb_blurb][\/et_pb_column_inner][et_pb_column_inner type=\u00bb1_3&#8243; saved_specialty_column_type=\u00bb3_4&#8243;][et_pb_blurb _builder_version=\u00bb3.0.77&#8243; use_icon=\u00bboff\u00bb image=\u00bbhttp:\/\/aadee.ar\/industria_investigacion\/00img\/productos\/4006.jpg\u00bb alt=\u00bbSIGNAL RECOVERY\u00bb url=\u00bbhttp:\/\/aadee.ar\/00pdf\/industria_investigacion\/Model_4006.pdf\u00bb url_new_window=\u00bbon\u00bb title=\u00bbSIGNAL RECOVERY\u00bb use_circle=\u00bboff\u00bb use_circle_border=\u00bboff\u00bb icon_placement=\u00bbleft\u00bb use_icon_font_size=\u00bboff\u00bb background_layout=\u00bblight\u00bb header_font_size=\u00bb12&#8243; header_text_color=\u00bb#009fdc\u00bb body_font_size=\u00bb12&#8243; body_text_color=\u00bb#505050&#8243; border_style=\u00bbsolid\u00bb image_max_width=\u00bb125px\u00bb content_max_width=\u00bb100%\u00bb]<\/p>\n<p><strong>Model 4006 NIM Bin &#038; Power Supply<\/strong><br \/>\nModulo NIM con alimentaci\u00f3n.<\/p>\n<p><a href=\"http:\/\/aadee.ar\/00pdf\/industria_investigacion\/Model_4006.pdf\"><span style=\"color: #009fdc;\">+INFO<\/span><\/a><\/p>\n<p>[\/et_pb_blurb][\/et_pb_column_inner][\/et_pb_row_inner][\/et_pb_column][\/et_pb_section]<\/p>\n","protected":false},"excerpt":{"rendered":"<p>NOVEDADES INVESTIGACION BOMBAS DE VAC\u00cdO BOMBAS DE VAC\u00cdO SECAS BOMBAS TURBOMOLECULARES BOMBAS DIFUSORAS ACCESORIOS PARA VAC\u00cdO V\u00c1LVULAS PARA VAC\u00cdO EQUIPOS PARA MEDICI\u00d3N Y CONTROL DE VAC\u00cdO CAJAS DE GUANTES SISTEMAS DE PURIFICACI\u00d3N DE GASES SISTEMAS DE PURIFICACI\u00d3N DE SOLVENTES DEPOSICI\u00d3N DE METALES AL VAC\u00cdO LECTORES DE MICROPLACAS LUMIN\u00d3METROS INSTRUMENTOS DE IM\u00c1GENES \u00abIN VIVO\u00bb GAMA COUNTERS [&hellip;]<\/p>\n","protected":false},"author":2,"featured_media":0,"parent":785,"menu_order":0,"comment_status":"closed","ping_status":"closed","template":"","meta":{"_et_pb_use_builder":"on","_et_pb_old_content":"","_et_gb_content_width":"","footnotes":""},"class_list":["post-1318","page","type-page","status-publish","hentry"],"_links":{"self":[{"href":"https:\/\/www.aadee.ar\/index.php\/wp-json\/wp\/v2\/pages\/1318","targetHints":{"allow":["GET"]}}],"collection":[{"href":"https:\/\/www.aadee.ar\/index.php\/wp-json\/wp\/v2\/pages"}],"about":[{"href":"https:\/\/www.aadee.ar\/index.php\/wp-json\/wp\/v2\/types\/page"}],"author":[{"embeddable":true,"href":"https:\/\/www.aadee.ar\/index.php\/wp-json\/wp\/v2\/users\/2"}],"replies":[{"embeddable":true,"href":"https:\/\/www.aadee.ar\/index.php\/wp-json\/wp\/v2\/comments?post=1318"}],"version-history":[{"count":0,"href":"https:\/\/www.aadee.ar\/index.php\/wp-json\/wp\/v2\/pages\/1318\/revisions"}],"up":[{"embeddable":true,"href":"https:\/\/www.aadee.ar\/index.php\/wp-json\/wp\/v2\/pages\/785"}],"wp:attachment":[{"href":"https:\/\/www.aadee.ar\/index.php\/wp-json\/wp\/v2\/media?parent=1318"}],"curies":[{"name":"wp","href":"https:\/\/api.w.org\/{rel}","templated":true}]}}