{"id":1207,"date":"2017-10-23T22:16:33","date_gmt":"2017-10-23T22:16:33","guid":{"rendered":"http:\/\/aadee.ar\/wordpress\/?page_id=1207"},"modified":"2018-10-08T01:36:40","modified_gmt":"2018-10-08T01:36:40","slug":"dosimetros-electronicos","status":"publish","type":"page","link":"https:\/\/www.aadee.ar\/index.php\/productos-nuclear-home\/dosimetros-electronicos\/","title":{"rendered":"Dos\u00edmetros Electr\u00f3nicos"},"content":{"rendered":"<p>[et_pb_section bb_built=\u00bb1&#8243; _builder_version=\u00bb3.0.77&#8243; custom_margin=\u00bb0px||0px|\u00bb custom_padding=\u00bb0px||0px|\u00bb disabled_on=\u00bbon||\u00bb disabled=\u00bboff\u00bb next_background_color=\u00bb#000000&#8243;][et_pb_row _builder_version=\u00bb3.0.77&#8243; global_module=\u00bb206&#8243;][et_pb_column type=\u00bb1_4&#8243;][et_pb_image_overlay global_parent=\u00bb206&#8243; _builder_version=\u00bb3.14&#8243; src=\u00bbhttp:\/\/aadee.ar\/wordpress\/wp-content\/uploads\/2017\/09\/ico_fabricacion.png\u00bb alt=\u00bbFABRICACION Y EXPORTACION\u00bb open_link=\u00bbon\u00bb url=\u00bbhttp:\/\/aadee.ar\/index.php\/productos-fabricacion\/\u00bb overlay_src=\u00bbhttp:\/\/aadee.ar\/wordpress\/wp-content\/uploads\/2017\/10\/ico_fabricacion2.png\u00bb animation=\u00bboff\u00bb border_style=\u00bbsolid\u00bb \/][\/et_pb_column][et_pb_column type=\u00bb1_4&#8243;][et_pb_image_overlay global_parent=\u00bb206&#8243; _builder_version=\u00bb3.14&#8243; src=\u00bbhttp:\/\/aadee.ar\/wordpress\/wp-content\/uploads\/2017\/09\/ico_medicina.png\u00bb alt=\u00bbMEDICINA\u00bb open_link=\u00bbon\u00bb url=\u00bbhttp:\/\/aadee.ar\/index.php\/productos-medicina\/\u00bb overlay_src=\u00bbhttp:\/\/aadee.ar\/wordpress\/wp-content\/uploads\/2017\/10\/ico_medicina2.png\u00bb animation=\u00bboff\u00bb border_style=\u00bbsolid\u00bb \/][\/et_pb_column][et_pb_column type=\u00bb1_4&#8243;][et_pb_image_overlay global_parent=\u00bb206&#8243; _builder_version=\u00bb3.14&#8243; src=\u00bbhttp:\/\/aadee.ar\/wordpress\/wp-content\/uploads\/2017\/09\/ico_nuclear.png\u00bb alt=\u00bbNUCLEAR\u00bb open_link=\u00bbon\u00bb url=\u00bbhttp:\/\/aadee.ar\/index.php\/productos-nuclear-home\/\u00bb overlay_src=\u00bbhttp:\/\/aadee.ar\/wordpress\/wp-content\/uploads\/2017\/10\/ico_nuclear2.png\u00bb animation=\u00bboff\u00bb border_style=\u00bbsolid\u00bb \/][\/et_pb_column][et_pb_column type=\u00bb1_4&#8243;][et_pb_image_overlay global_parent=\u00bb206&#8243; _builder_version=\u00bb3.14&#8243; src=\u00bbhttp:\/\/aadee.ar\/wordpress\/wp-content\/uploads\/2017\/09\/ico_investigacion.png\u00bb alt=\u00bbINVESTIGACION &amp; INDUSTRIA\u00bb open_link=\u00bbon\u00bb url=\u00bbhttp:\/\/aadee.ar\/index.php\/productos-investigacion-home\/\u00bb overlay_src=\u00bbhttp:\/\/aadee.ar\/wordpress\/wp-content\/uploads\/2017\/10\/ico_investigacion2.png\u00bb animation=\u00bboff\u00bb border_style=\u00bbsolid\u00bb \/][\/et_pb_column][\/et_pb_row][\/et_pb_section][et_pb_section bb_built=\u00bb1&#8243; fullwidth=\u00bboff\u00bb specialty=\u00bbon\u00bb _builder_version=\u00bb3.0.77&#8243; background_repeat_1=\u00bbno-repeat\u00bb background_repeat_2=\u00bbno-repeat\u00bb padding_right_2=\u00bb0px\u00bb padding_left_2=\u00bb0px\u00bb custom_margin=\u00bb0px|||\u00bb custom_padding=\u00bb0px|||\u00bb prev_background_color=\u00bb#000000&#8243;][et_pb_column type=\u00bb1_4&#8243;][et_pb_text admin_label=\u00bbmenu nuclear productos\u00bb _builder_version=\u00bb3.0.77&#8243; background_layout=\u00bblight\u00bb border_style=\u00bbsolid\u00bb module_alignment=\u00bbleft\u00bb saved_tabs=\u00bball\u00bb global_module=\u00bb419&#8243;]<\/p>\n<div id=\"blueblock\" class=\"nuclear\">\n<ul>\n<li><a href=\"http:\/\/aadee.ar\/wordpress\/index.php\/productos-nuclear-home\/\">NOVEDADES<\/a><\/li>\n<li class=\"expandable\"><a href=\"http:\/\/aadee.ar\/wordpress\/index.php\/productos-nuclear\/\">PRODUCTOS<\/a>\n<ul class=\"categoryitems\">\n<li class=\"opened\"><a href=\"http:\/\/aadee.ar\/wordpress\/index.php\/productos-nuclear\/?categoryitems=0#seccion\">ESPECTROMETRIA GAMA<\/a><\/li>\n<li class=\"opened\"><a href=\"http:\/\/aadee.ar\/wordpress\/index.php\/productos-nuclear-home\/espectometria-alfa\/?categoryitems=0#seccion\">ESPECTROMETRIA ALFA<\/a><\/li>\n<li class=\"opened\"><a href=\"http:\/\/aadee.ar\/wordpress\/index.php\/productos-nuclear-home\/contadores-alfa-beta\/?categoryitems=0#seccion\">CONTADORES ALFA &amp; BETA<\/a><\/li>\n<li class=\"opened\"><a href=\"http:\/\/aadee.ar\/wordpress\/index.php\/productos-nuclear-home\/contadores-cuerpo-entero\/?categoryitems=0#seccion\">CONTADORES DE CUERPO ENTERO<\/a><\/li>\n<li class=\"opened\"><a href=\"http:\/\/aadee.ar\/wordpress\/index.php\/productos-nuclear-home\/monitores-de-radiacion-portatiles\/?categoryitems=0#seccion\">MONITORES DE RADIACION PORT\u00c1TILES<\/a><\/li>\n<li class=\"opened\"><a href=\"http:\/\/aadee.ar\/wordpress\/index.php\/productos-nuclear-home\/identificadores-de-isotopos-portatiles\/?categoryitems=0#seccion\">IDENTIFICADORES DE IS\u00d3TOPOS PORT\u00c1TILES<\/a><\/li>\n<li class=\"opened\"><a href=\"http:\/\/aadee.ar\/wordpress\/index.php\/productos-nuclear-home\/irradiadores-gama\/?categoryitems=0#seccion\">IRRADIADORES<\/a><\/li>\n<li class=\"opened\"><a href=\"http:\/\/aadee.ar\/wordpress\/index.php\/productos-nuclear-home\/teletectors\/?categoryitems=0#seccion\">TELETECTORS<\/a><\/li>\n<li class=\"opened\"><a href=\"http:\/\/aadee.ar\/wordpress\/index.php\/productos-nuclear-home\/portales-de-paso-y-contaminacion-para-personas\/?categoryitems=0#seccion\">PORTALES DE PASO Y CONTAMINACI\u00d3N PARA PERSONAS<\/a><\/li>\n<li class=\"opened\"><a href=\"http:\/\/aadee.ar\/wordpress\/index.php\/productos-nuclear-home\/monitores-de-contaminacion-para-objetos\/?categoryitems=0#seccion\">MONITORES DE CONTAMINACI\u00d3N PARA OBJETOS<\/a><\/li>\n<li class=\"opened\"><a href=\"http:\/\/aadee.ar\/wordpress\/index.php\/productos-nuclear-home\/monitores-de-actividad\/?categoryitems=0#seccion\">MONITORES DE ACTIVIDAD<\/a><\/li>\n<li class=\"opened\"><a href=\"http:\/\/aadee.ar\/wordpress\/index.php\/productos-nuclear-home\/monitores-de-aire\/?categoryitems=0#seccion\">MONITORES DE AIRE<\/a><\/li>\n<li class=\"opened\"><a href=\"http:\/\/aadee.ar\/wordpress\/index.php\/productos-nuclear-home\/monitores-de-area\/?categoryitems=0#seccion\">MONITORES DE AREA<\/a><\/li>\n<li class=\"opened\"><a href=\"http:\/\/aadee.ar\/wordpress\/index.php\/productos-nuclear-home\/portales-para-vehiculos\/?categoryitems=0#seccion\">PORTALES PARA VEH\u00cdCULOS<\/a><\/li>\n<li class=\"opened\"><a href=\"http:\/\/aadee.ar\/wordpress\/index.php\/productos-nuclear-home\/monitores-para-residuos-radioactivos\/?categoryitems=0#seccion\">MONITORES PARA RESIDUOS RADIOACTIVOS<\/a><\/li>\n<li class=\"opened\"><a href=\"http:\/\/aadee.ar\/wordpress\/index.php\/productos-nuclear-home\/dosimetros-electronicos\/?categoryitems=0#seccion\">DOS\u00cdMETROS ELECTR\u00d3NICOS<\/a><\/li>\n<li class=\"opened\"><a href=\"http:\/\/aadee.ar\/wordpress\/index.php\/productos-nuclear-home\/lectoras-dosimetros-termoluminecentes-tld\/?categoryitems=0#seccion\">LECTORAS Y DOS\u00cdMETROS TERMOLUMINISCENTES<\/a><\/li>\n<li class=\"opened\"><a href=\"http:\/\/aadee.ar\/wordpress\/index.php\/productos-nuclear-home\/emergencias-y-proteccion-de-fronteras\/?categoryitems=0#seccion\">EMERGENCIAS Y PROTECCI\u00d3N DE FRONTERAS<\/a><\/li>\n<li class=\"opened\"><a href=\"http:\/\/aadee.ar\/wordpress\/index.php\/productos-nuclear-home\/sistema-de-monitoreo-remoto\/?categoryitems=0#seccion\">SISTEMAS DE MONITOREO REMOTO<\/a><\/li>\n<\/ul>\n<\/li>\n<li><a href=\"#\">EMPRESAS REPRESANTADAS<\/a><\/li>\n<\/ul>\n<\/div>\n<p>[\/et_pb_text][\/et_pb_column][et_pb_column type=\u00bb3_4&#8243; specialty_columns=\u00bb3&#8243;][et_pb_row_inner admin_label=\u00bbFila\u00bb _builder_version=\u00bb3.0.77&#8243; module_id=\u00bbseccion\u00bb][et_pb_column_inner type=\u00bb4_4&#8243; saved_specialty_column_type=\u00bb3_4&#8243;][et_pb_text _builder_version=\u00bb3.0.77&#8243; background_layout=\u00bblight\u00bb border_style=\u00bbsolid\u00bb module_alignment=\u00bbleft\u00bb]<\/p>\n<h1>DIVISION NUCLEAR<span style=\"color: #005ea8;\"> \/ PRODUCTOS<\/span><\/h1>\n<h2><span style=\"color: #005ea8; font-size: 30px;\">DOS\u00cdMETROS ELECTR\u00d3NICOS<\/span><\/h2>\n<p>[\/et_pb_text][\/et_pb_column_inner][\/et_pb_row_inner][et_pb_row_inner admin_label=\u00bbFila\u00bb _builder_version=\u00bb3.0.77&#8243; background_repeat_1=\u00bbno-repeat\u00bb background_repeat_2=\u00bbno-repeat\u00bb background_repeat_3=\u00bbno-repeat\u00bb use_custom_gutter=\u00bbon\u00bb gutter_width=\u00bb1&#8243; custom_margin=\u00bb0px|||\u00bb custom_padding=\u00bb0px|||\u00bb][et_pb_column_inner type=\u00bb1_3&#8243; saved_specialty_column_type=\u00bb3_4&#8243;][et_pb_blurb _builder_version=\u00bb3.0.77&#8243; use_icon=\u00bboff\u00bb image=\u00bbhttp:\/\/aadee.ar\/nuclear\/00img\/productos\/dosimetro-personal-radiacion-x-gamma-beta-22362-4086831.jpg\u00bb alt=\u00bbTHERMO\u00bb url=\u00bbhttp:\/\/aadee.ar\/00pdf\/nuclear\/epd-g.pdf\u00bb url_new_window=\u00bbon\u00bb title=\u00bbTHERMO\u00bb use_circle=\u00bboff\u00bb use_circle_border=\u00bboff\u00bb icon_placement=\u00bbleft\u00bb use_icon_font_size=\u00bboff\u00bb background_layout=\u00bblight\u00bb header_font_size=\u00bb12&#8243; header_text_color=\u00bb#005ea8&#8243; body_font_size=\u00bb12&#8243; body_text_color=\u00bb#505050&#8243; border_style=\u00bbsolid\u00bb image_max_width=\u00bb125px\u00bb content_max_width=\u00bb100%\u00bb]<\/p>\n<p><strong>EDP-G<\/strong><br \/>\nDosimetros electr\u00f3nicos personales Gama.<\/p>\n<p><a href=\"http:\/\/aadee.ar\/00pdf\/nuclear\/epd-g.pdf\"><span style=\"color: #005ea8;\">+INFO<\/span><\/a><\/p>\n<p>[\/et_pb_blurb][et_pb_blurb _builder_version=\u00bb3.0.77&#8243; use_icon=\u00bboff\u00bb image=\u00bbhttp:\/\/aadee.ar\/nuclear\/00img\/productos\/EPD-Readers%911%93.jpg\u00bb alt=\u00bbTHERMO\u00bb url=\u00bbhttp:\/\/aadee.ar\/00pdf\/nuclear\/epd-readers.pdf\u00bb url_new_window=\u00bbon\u00bb title=\u00bbTHERMO\u00bb use_circle=\u00bboff\u00bb use_circle_border=\u00bboff\u00bb icon_placement=\u00bbleft\u00bb use_icon_font_size=\u00bboff\u00bb background_layout=\u00bblight\u00bb header_font_size=\u00bb12&#8243; header_text_color=\u00bb#005ea8&#8243; body_font_size=\u00bb12&#8243; body_text_color=\u00bb#505050&#8243; border_style=\u00bbsolid\u00bb image_max_width=\u00bb125px\u00bb content_max_width=\u00bb100%\u00bb]<\/p>\n<p><strong>Lectoras<\/strong><br \/>\nLectoras para dos\u00edmetros electr\u00f3nicos.<\/p>\n<p><a href=\"http:\/\/aadee.ar\/00pdf\/nuclear\/epd-readers.pdf\"><span style=\"color: #005ea8;\">+INFO<\/span><\/a><\/p>\n<p>[\/et_pb_blurb][et_pb_blurb _builder_version=\u00bb3.0.77&#8243; use_icon=\u00bboff\u00bb image=\u00bbhttp:\/\/aadee.ar\/nuclear\/00img\/productos\/werens.jpg\u00bb alt=\u00bbTHERMO\u00bb url=\u00bbhttp:\/\/aadee.ar\/00pdf\/nuclear\/webREMS.pdf\u00bb url_new_window=\u00bbon\u00bb title=\u00bbTHERMO\u00bb use_circle=\u00bboff\u00bb use_circle_border=\u00bboff\u00bb icon_placement=\u00bbleft\u00bb use_icon_font_size=\u00bboff\u00bb background_layout=\u00bblight\u00bb header_font_size=\u00bb12&#8243; header_text_color=\u00bb#005ea8&#8243; body_font_size=\u00bb12&#8243; body_text_color=\u00bb#505050&#8243; border_style=\u00bbsolid\u00bb image_max_width=\u00bb125px\u00bb content_max_width=\u00bb100%\u00bb]<\/p>\n<p><strong>Webrems<\/strong><br \/>\nSoftware de centralizaci\u00f3n y gesti\u00f3n de datos dosim\u00e9tricos.<\/p>\n<p><a href=\"http:\/\/aadee.ar\/00pdf\/nuclear\/webREMS.pdf\"><span style=\"color: #005ea8;\">+INFO<\/span><\/a><\/p>\n<p>[\/et_pb_blurb][\/et_pb_column_inner][et_pb_column_inner type=\u00bb1_3&#8243; saved_specialty_column_type=\u00bb3_4&#8243;][et_pb_blurb _builder_version=\u00bb3.0.77&#8243; use_icon=\u00bboff\u00bb image=\u00bbhttp:\/\/aadee.ar\/nuclear\/00img\/productos\/dosimetro-personal-radiacion-x-gamma-beta-22362-4086831.jpg\u00bb alt=\u00bbTHERMO\u00bb url=\u00bbhttp:\/\/aadee.ar\/00pdf\/nuclear\/Mk2.pdf\u00bb url_new_window=\u00bbon\u00bb title=\u00bbTHERMO\u00bb use_circle=\u00bboff\u00bb use_circle_border=\u00bboff\u00bb icon_placement=\u00bbleft\u00bb use_icon_font_size=\u00bboff\u00bb background_layout=\u00bblight\u00bb header_font_size=\u00bb12&#8243; header_text_color=\u00bb#005ea8&#8243; body_font_size=\u00bb12&#8243; body_text_color=\u00bb#505050&#8243; border_style=\u00bbsolid\u00bb image_max_width=\u00bb125px\u00bb content_max_width=\u00bb100%\u00bb]<\/p>\n<p><strong>EPD<\/strong><br \/>\nDosimetros electr\u00f3nicos personales Beta &#8211; Gama.<\/p>\n<p><a href=\"http:\/\/aadee.ar\/00pdf\/nuclear\/Mk2.pdf\"><span style=\"color: #005ea8;\">+INFO<\/span><\/a><\/p>\n<p>[\/et_pb_blurb][et_pb_blurb _builder_version=\u00bb3.0.77&#8243; use_icon=\u00bboff\u00bb image=\u00bbhttp:\/\/aadee.ar\/nuclear\/00img\/productos\/EPD-teledosimetry.jpg\u00bb alt=\u00bbTHERMO\u00bb url=\u00bbhttp:\/\/aadee.ar\/00pdf\/nuclear\/EPD-Teledosimetry.pdf\u00bb url_new_window=\u00bbon\u00bb title=\u00bbTHERMO\u00bb use_circle=\u00bboff\u00bb use_circle_border=\u00bboff\u00bb icon_placement=\u00bbleft\u00bb use_icon_font_size=\u00bboff\u00bb background_layout=\u00bblight\u00bb header_font_size=\u00bb12&#8243; header_text_color=\u00bb#005ea8&#8243; body_font_size=\u00bb12&#8243; body_text_color=\u00bb#505050&#8243; border_style=\u00bbsolid\u00bb image_max_width=\u00bb125px\u00bb content_max_width=\u00bb100%\u00bb]<\/p>\n<p><strong>Teledosimetria<\/strong><br \/>\nAccesorios para teledosimetr\u00eda.<\/p>\n<p><a href=\"http:\/\/aadee.ar\/00pdf\/nuclear\/EPD-Teledosimetry.pdf\"><span style=\"color: #005ea8;\">+INFO<\/span><\/a><\/p>\n<p>[\/et_pb_blurb][et_pb_blurb _builder_version=\u00bb3.14&#8243; image=\u00bbhttp:\/\/aadee.ar\/wordpress\/wp-content\/uploads\/2018\/10\/trudose.jpg\u00bb alt=\u00bbTHERMO\u00bb url=\u00bbhttp:\/\/aadee.ar\/00pdf\/nuclear\/epd-trudose-brochure.pdf\u00bb url_new_window=\u00bbon\u00bb title=\u00bbTHERMO\u00bb icon_placement=\u00bbleft\u00bb header_font_size=\u00bb12&#8243; header_text_color=\u00bb#005ea8&#8243; body_font_size=\u00bb12&#8243; body_text_color=\u00bb#505050&#8243; border_style=\u00bbsolid\u00bb image_max_width=\u00bb125px\u00bb content_max_width=\u00bb100%\u00bb]<\/p>\n<p><strong>EPD<\/strong><br \/>\nThermo Scientific EPD TruDose<\/p>\n<p><a href=\"http:\/\/aadee.ar\/00pdf\/nuclear\/epd-trudose-brochure.pdf\"><span style=\"color: #005ea8;\">+INFO<\/span><\/a><\/p>\n<p>[\/et_pb_blurb][\/et_pb_column_inner][et_pb_column_inner type=\u00bb1_3&#8243; saved_specialty_column_type=\u00bb3_4&#8243;][et_pb_blurb _builder_version=\u00bb3.0.77&#8243; use_icon=\u00bboff\u00bb image=\u00bbhttp:\/\/aadee.ar\/nuclear\/00img\/productos\/F73065~wn.jpg\u00bb alt=\u00bbTHERMO\u00bb url=\u00bbhttp:\/\/aadee.ar\/00pdf\/nuclear\/epd-n2.pdf\u00bb url_new_window=\u00bbon\u00bb title=\u00bbTHERMO\u00bb use_circle=\u00bboff\u00bb use_circle_border=\u00bboff\u00bb icon_placement=\u00bbleft\u00bb use_icon_font_size=\u00bboff\u00bb background_layout=\u00bblight\u00bb header_font_size=\u00bb12&#8243; header_text_color=\u00bb#005ea8&#8243; body_font_size=\u00bb12&#8243; body_text_color=\u00bb#505050&#8243; border_style=\u00bbsolid\u00bb image_max_width=\u00bb125px\u00bb content_max_width=\u00bb100%\u00bb]<\/p>\n<p><strong>EPDN2<\/strong><br \/>\nDos\u00edmetros electronicos personales para neutrones.<\/p>\n<p><a href=\"http:\/\/aadee.ar\/00pdf\/nuclear\/epd-n2.pdf\"><span style=\"color: #005ea8;\">+INFO<\/span><\/a><\/p>\n<p>[\/et_pb_blurb][et_pb_blurb _builder_version=\u00bb3.0.77&#8243; use_icon=\u00bboff\u00bb image=\u00bbhttp:\/\/aadee.ar\/nuclear\/00img\/productos\/VPSat-.jpg\u00bb alt=\u00bbTHERMO\u00bb url=\u00bbhttp:\/\/aadee.ar\/00pdf\/nuclear\/VPSat-datasheet.pdf\u00bb url_new_window=\u00bbon\u00bb title=\u00bbTHERMO\u00bb use_circle=\u00bboff\u00bb use_circle_border=\u00bboff\u00bb icon_placement=\u00bbleft\u00bb use_icon_font_size=\u00bboff\u00bb background_layout=\u00bblight\u00bb header_font_size=\u00bb12&#8243; header_text_color=\u00bb#005ea8&#8243; body_font_size=\u00bb12&#8243; body_text_color=\u00bb#505050&#8243; border_style=\u00bbsolid\u00bb image_max_width=\u00bb125px\u00bb content_max_width=\u00bb100%\u00bb]<\/p>\n<p><strong>VP-Sat<\/strong><br \/>\nEstaci\u00f3n port\u00e1til para centralizaci\u00f3n y visualizaci\u00f3n de datos.<\/p>\n<p><a href=\"http:\/\/aadee.ar\/00pdf\/nuclear\/VPSat-datasheet.pdf\"><span style=\"color: #005ea8;\">+INFO<\/span><\/a><\/p>\n<p>[\/et_pb_blurb][\/et_pb_column_inner][\/et_pb_row_inner][\/et_pb_column][\/et_pb_section]<\/p>\n","protected":false},"excerpt":{"rendered":"<p>NOVEDADES PRODUCTOS ESPECTROMETRIA GAMA ESPECTROMETRIA ALFA CONTADORES ALFA &amp; BETA CONTADORES DE CUERPO ENTERO MONITORES DE RADIACION PORT\u00c1TILES IDENTIFICADORES DE IS\u00d3TOPOS PORT\u00c1TILES IRRADIADORES TELETECTORS PORTALES DE PASO Y CONTAMINACI\u00d3N PARA PERSONAS MONITORES DE CONTAMINACI\u00d3N PARA OBJETOS MONITORES DE ACTIVIDAD MONITORES DE AIRE MONITORES DE AREA PORTALES PARA VEH\u00cdCULOS MONITORES PARA RESIDUOS RADIOACTIVOS DOS\u00cdMETROS ELECTR\u00d3NICOS LECTORAS [&hellip;]<\/p>\n","protected":false},"author":2,"featured_media":0,"parent":767,"menu_order":0,"comment_status":"closed","ping_status":"closed","template":"","meta":{"_et_pb_use_builder":"on","_et_pb_old_content":"","_et_gb_content_width":"","footnotes":""},"class_list":["post-1207","page","type-page","status-publish","hentry"],"_links":{"self":[{"href":"https:\/\/www.aadee.ar\/index.php\/wp-json\/wp\/v2\/pages\/1207","targetHints":{"allow":["GET"]}}],"collection":[{"href":"https:\/\/www.aadee.ar\/index.php\/wp-json\/wp\/v2\/pages"}],"about":[{"href":"https:\/\/www.aadee.ar\/index.php\/wp-json\/wp\/v2\/types\/page"}],"author":[{"embeddable":true,"href":"https:\/\/www.aadee.ar\/index.php\/wp-json\/wp\/v2\/users\/2"}],"replies":[{"embeddable":true,"href":"https:\/\/www.aadee.ar\/index.php\/wp-json\/wp\/v2\/comments?post=1207"}],"version-history":[{"count":0,"href":"https:\/\/www.aadee.ar\/index.php\/wp-json\/wp\/v2\/pages\/1207\/revisions"}],"up":[{"embeddable":true,"href":"https:\/\/www.aadee.ar\/index.php\/wp-json\/wp\/v2\/pages\/767"}],"wp:attachment":[{"href":"https:\/\/www.aadee.ar\/index.php\/wp-json\/wp\/v2\/media?parent=1207"}],"curies":[{"name":"wp","href":"https:\/\/api.w.org\/{rel}","templated":true}]}}