{"id":1205,"date":"2017-10-23T22:06:08","date_gmt":"2017-10-23T22:06:08","guid":{"rendered":"http:\/\/aadee.ar\/wordpress\/?page_id=1205"},"modified":"2017-12-07T00:22:38","modified_gmt":"2017-12-07T00:22:38","slug":"monitores-para-residuos-radioactivos","status":"publish","type":"page","link":"https:\/\/www.aadee.ar\/index.php\/productos-nuclear-home\/monitores-para-residuos-radioactivos\/","title":{"rendered":"Monitores para Residuos Radioactivos"},"content":{"rendered":"<p>[et_pb_section bb_built=\u00bb1&#8243; _builder_version=\u00bb3.0.77&#8243; custom_margin=\u00bb0px||0px|\u00bb custom_padding=\u00bb0px||0px|\u00bb disabled_on=\u00bbon||\u00bb disabled=\u00bboff\u00bb][et_pb_row _builder_version=\u00bb3.0.77&#8243; global_module=\u00bb206&#8243;][et_pb_column type=\u00bb1_4&#8243;][et_pb_image_overlay global_parent=\u00bb206&#8243; _builder_version=\u00bb3.0.77&#8243; src=\u00bbhttp:\/\/aadee.ar\/wordpress\/wp-content\/uploads\/2017\/09\/ico_fabricacion.png\u00bb alt=\u00bbFABRICACION Y EXPORTACION\u00bb open_link=\u00bbon\u00bb url=\u00bbhttp:\/\/aadee.ar\/wordpress\/index.php\/productos-fabricacion\/\u00bb url_new_window=\u00bboff\u00bb overlay_src=\u00bbhttp:\/\/aadee.ar\/wordpress\/wp-content\/uploads\/2017\/10\/ico_fabricacion2.png\u00bb animation=\u00bboff\u00bb sticky=\u00bboff\u00bb border_style=\u00bbsolid\u00bb force_fullwidth=\u00bboff\u00bb always_center_on_mobile=\u00bbon\u00bb \/][\/et_pb_column][et_pb_column type=\u00bb1_4&#8243;][et_pb_image_overlay global_parent=\u00bb206&#8243; _builder_version=\u00bb3.0.77&#8243; src=\u00bbhttp:\/\/aadee.ar\/wordpress\/wp-content\/uploads\/2017\/09\/ico_medicina.png\u00bb alt=\u00bbMEDICINA\u00bb open_link=\u00bbon\u00bb url=\u00bbhttp:\/\/aadee.ar\/wordpress\/index.php\/productos-medicina\/\u00bb url_new_window=\u00bboff\u00bb overlay_src=\u00bbhttp:\/\/aadee.ar\/wordpress\/wp-content\/uploads\/2017\/10\/ico_medicina2.png\u00bb animation=\u00bboff\u00bb sticky=\u00bboff\u00bb border_style=\u00bbsolid\u00bb force_fullwidth=\u00bboff\u00bb always_center_on_mobile=\u00bbon\u00bb \/][\/et_pb_column][et_pb_column type=\u00bb1_4&#8243;][et_pb_image_overlay global_parent=\u00bb206&#8243; _builder_version=\u00bb3.0.77&#8243; src=\u00bbhttp:\/\/aadee.ar\/wordpress\/wp-content\/uploads\/2017\/09\/ico_nuclear.png\u00bb alt=\u00bbNUCLEAR\u00bb open_link=\u00bbon\u00bb url=\u00bbhttp:\/\/aadee.ar\/wordpress\/index.php\/productos-nuclear-home\/\u00bb url_new_window=\u00bboff\u00bb overlay_src=\u00bbhttp:\/\/aadee.ar\/wordpress\/wp-content\/uploads\/2017\/10\/ico_nuclear2.png\u00bb animation=\u00bboff\u00bb sticky=\u00bboff\u00bb border_style=\u00bbsolid\u00bb force_fullwidth=\u00bboff\u00bb always_center_on_mobile=\u00bbon\u00bb \/][\/et_pb_column][et_pb_column type=\u00bb1_4&#8243;][et_pb_image_overlay global_parent=\u00bb206&#8243; _builder_version=\u00bb3.0.77&#8243; src=\u00bbhttp:\/\/aadee.ar\/wordpress\/wp-content\/uploads\/2017\/09\/ico_investigacion.png\u00bb alt=\u00bbINVESTIGACION &amp; INDUSTRIA\u00bb open_link=\u00bbon\u00bb url=\u00bbhttp:\/\/aadee.ar\/wordpress\/index.php\/productos-investigacion-home\/\u00bb url_new_window=\u00bboff\u00bb overlay_src=\u00bbhttp:\/\/aadee.ar\/wordpress\/wp-content\/uploads\/2017\/10\/ico_investigacion2.png\u00bb animation=\u00bboff\u00bb sticky=\u00bboff\u00bb border_style=\u00bbsolid\u00bb force_fullwidth=\u00bboff\u00bb always_center_on_mobile=\u00bbon\u00bb \/][\/et_pb_column][\/et_pb_row][\/et_pb_section][et_pb_section bb_built=\u00bb1&#8243; fullwidth=\u00bboff\u00bb specialty=\u00bbon\u00bb _builder_version=\u00bb3.0.77&#8243; background_repeat_1=\u00bbno-repeat\u00bb background_repeat_2=\u00bbno-repeat\u00bb padding_right_2=\u00bb0px\u00bb padding_left_2=\u00bb0px\u00bb custom_margin=\u00bb0px|||\u00bb custom_padding=\u00bb0px|||\u00bb][et_pb_column type=\u00bb1_4&#8243;][et_pb_text admin_label=\u00bbmenu nuclear productos\u00bb _builder_version=\u00bb3.0.77&#8243; background_layout=\u00bblight\u00bb border_style=\u00bbsolid\u00bb module_alignment=\u00bbleft\u00bb saved_tabs=\u00bball\u00bb use_background_color_gradient=\u00bboff\u00bb background_color_gradient_start=\u00bb#2b87da\u00bb background_color_gradient_end=\u00bb#29c4a9&#8243; background_color_gradient_type=\u00bblinear\u00bb background_color_gradient_direction=\u00bb180deg\u00bb background_color_gradient_direction_radial=\u00bbcenter\u00bb background_color_gradient_start_position=\u00bb0%\u00bb background_color_gradient_end_position=\u00bb100%\u00bb parallax=\u00bboff\u00bb parallax_method=\u00bbon\u00bb background_size=\u00bbcover\u00bb background_position=\u00bbcenter\u00bb background_repeat=\u00bbno-repeat\u00bb background_blend=\u00bbnormal\u00bb allow_player_pause=\u00bboff\u00bb text_font=\u00bb||||\u00bb text_font_size=\u00bb14&#8243; text_font_size_tablet=\u00bb14&#8243; text_font_size_phone=\u00bb14&#8243; text_letter_spacing=\u00bb0px\u00bb text_letter_spacing_tablet=\u00bb0px\u00bb text_letter_spacing_phone=\u00bb0px\u00bb text_line_height=\u00bb1.7em\u00bb text_line_height_tablet=\u00bb1.7em\u00bb text_line_height_phone=\u00bb1.7em\u00bb text_orientation=\u00bbleft\u00bb header_font=\u00bb||||\u00bb header_font_size=\u00bb30px\u00bb header_font_size_tablet=\u00bb30px\u00bb header_font_size_phone=\u00bb30px\u00bb header_letter_spacing=\u00bb0px\u00bb header_letter_spacing_tablet=\u00bb0px\u00bb header_letter_spacing_phone=\u00bb0px\u00bb header_line_height=\u00bb1em\u00bb header_line_height_tablet=\u00bb1em\u00bb header_line_height_phone=\u00bb1em\u00bb use_border_color=\u00bboff\u00bb border_color=\u00bb#ffffff\u00bb border_width=\u00bb1px\u00bb max_width=\u00bb100%\u00bb max_width_tablet=\u00bb100%\u00bb max_width_phone=\u00bb100%\u00bb animation_style=\u00bbnone\u00bb animation_repeat=\u00bbonce\u00bb animation_direction=\u00bbcenter\u00bb animation_duration=\u00bb1000ms\u00bb animation_delay=\u00bb0ms\u00bb animation_intensity_slide=\u00bb50%\u00bb animation_intensity_zoom=\u00bb50%\u00bb animation_intensity_flip=\u00bb50%\u00bb animation_intensity_fold=\u00bb50%\u00bb animation_intensity_roll=\u00bb50%\u00bb animation_starting_opacity=\u00bb0%\u00bb animation_speed_curve=\u00bbease-in-out\u00bb global_module=\u00bb419&#8243;]<\/p>\n<div id=\"blueblock\" class=\"nuclear\">\n<ul>\n<li><a href=\"#\">NOVEDADES<\/a><\/li>\n<li><a href=\"#\">PRODUCTOS<\/a><\/li>\n<li class=\"opened\"><a href=\"#\">ESPECTROMETRIA GAMA<\/a><\/li>\n<li class=\"opened\"><a href=\"#\">ESPECTROMETRIA ALFA<\/a><\/li>\n<li class=\"opened\"><a href=\"#\">CONTADORES ALFA &amp; BETA<\/a><\/li>\n<li class=\"opened\"><a href=\"#\">CONTADORES DE CUERPO ENTERO<\/a><\/li>\n<li class=\"opened\"><a href=\"#\">MONITORES DE RADIACION PORT\u00c1TILES<\/a><\/li>\n<li class=\"opened\"><a href=\"#\">IDENTIFICADORES DE IS\u00d3TOPOS PORT\u00c1TILES<\/a><\/li>\n<li class=\"opened\"><a href=\"#\">IRRADIADORES<\/a><\/li>\n<li class=\"opened\"><a href=\"#\">TELETECTORS<\/a><\/li>\n<li class=\"opened\"><a href=\"#\">PORTALES DE PASO Y CONTAMINACI\u00d3N PARA PERSONAS<\/a><\/li>\n<li class=\"opened\"><a href=\"#\">MONITORES DE CONTAMINACI\u00d3N PARA OBJETOS<\/a><\/li>\n<li class=\"opened\"><a href=\"#\">MONITORES DE ACTIVIDAD<\/a><\/li>\n<li class=\"opened\"><a href=\"#\">MONITORES DE AIRE<\/a><\/li>\n<li class=\"opened\"><a href=\"#\">MONITORES DE AREA<\/a><\/li>\n<li class=\"opened\"><a href=\"#\">PORTALES PARA VEH\u00cdCULOS<\/a><\/li>\n<li class=\"opened\"><a href=\"#\">MONITORES PARA RESIDUOS RADIOACTIVOS<\/a><\/li>\n<li class=\"opened\"><a href=\"#\">DOS\u00cdMETROS ELECTR\u00d3NICOS<\/a><\/li>\n<li class=\"opened\"><a href=\"#\">LECTORAS Y DOS\u00cdMETROS TERMOLUMINISCENTES<\/a><\/li>\n<li class=\"opened\"><a href=\"#\">EMERGENCIAS Y PROTECCI\u00d3N DE FRONTERAS<\/a><\/li>\n<li class=\"opened\"><a href=\"#\">SISTEMAS DE MONITOREO REMOTO<\/a><\/li>\n<li><a href=\"#\">EMPRESAS REPRESANTADAS<\/a><\/li>\n<\/ul>\n<\/div>\n<p>[\/et_pb_text][\/et_pb_column][et_pb_column type=\u00bb3_4&#8243; specialty_columns=\u00bb3&#8243;][et_pb_row_inner admin_label=\u00bbFila\u00bb _builder_version=\u00bb3.0.77&#8243; module_id=\u00bbseccion\u00bb][et_pb_column_inner type=\u00bb4_4&#8243; saved_specialty_column_type=\u00bb3_4&#8243;][et_pb_text _builder_version=\u00bb3.0.77&#8243; background_layout=\u00bblight\u00bb border_style=\u00bbsolid\u00bb module_alignment=\u00bbleft\u00bb]<\/p>\n<h1>DIVISION NUCLEAR<span style=\"color: #005ea8;\"> \/ PRODUCTOS<\/span><\/h1>\n<h2><span style=\"color: #005ea8; font-size: 30px;\">MONITORES PARA RESIDUOS RADIOACTIVOS<\/span><\/h2>\n<p>[\/et_pb_text][\/et_pb_column_inner][\/et_pb_row_inner][et_pb_row_inner admin_label=\u00bbFila\u00bb _builder_version=\u00bb3.0.77&#8243; background_repeat_1=\u00bbno-repeat\u00bb background_repeat_2=\u00bbno-repeat\u00bb background_repeat_3=\u00bbno-repeat\u00bb use_custom_gutter=\u00bbon\u00bb gutter_width=\u00bb1&#8243; custom_margin=\u00bb0px|||\u00bb custom_padding=\u00bb0px|||\u00bb][et_pb_column_inner type=\u00bb1_3&#8243; saved_specialty_column_type=\u00bb3_4&#8243;][et_pb_blurb _builder_version=\u00bb3.0.77&#8243; use_icon=\u00bboff\u00bb image=\u00bbhttp:\/\/aadee.ar\/nuclear\/00img\/productos\/G3200-340-featured-image-220&#215;160.jpg\u00bb alt=\u00bbANTECH\u00bb url=\u00bbhttp:\/\/aadee.ar\/00pdf\/nuclear\/G3200-340-data-sheet-3.3.pdf\u00bb url_new_window=\u00bbon\u00bb title=\u00bbANTECH\u00bb use_circle=\u00bboff\u00bb use_circle_border=\u00bboff\u00bb icon_placement=\u00bbleft\u00bb use_icon_font_size=\u00bboff\u00bb background_layout=\u00bblight\u00bb header_font_size=\u00bb12&#8243; header_text_color=\u00bb#005ea8&#8243; body_font_size=\u00bb12&#8243; body_text_color=\u00bb#505050&#8243; border_style=\u00bbsolid\u00bb image_max_width=\u00bb125px\u00bb content_max_width=\u00bb100%\u00bb]<\/p>\n<p><strong>G3200-340<\/strong><br \/>\nEsc\u00e1ner de segmentaci\u00f3n gama para tambores de residuos radioactivos.<\/p>\n<p><a href=\"http:\/\/aadee.ar\/00pdf\/nuclear\/G3200-340-data-sheet-3.3.pdf\"><span style=\"color: #005ea8;\">+INFO<\/span><\/a><\/p>\n<p>[\/et_pb_blurb][et_pb_blurb _builder_version=\u00bb3.0.77&#8243; use_icon=\u00bboff\u00bb image=\u00bbhttp:\/\/aadee.ar\/nuclear\/00img\/productos\/G3280-220-featured-image-220&#215;160.jpg\u00bb alt=\u00bbANTECH\u00bb url=\u00bbhttp:\/\/aadee.ar\/00pdf\/nuclear\/G3280-220-data-sheet-1.8.pdf\u00bb url_new_window=\u00bbon\u00bb title=\u00bbANTECH\u00bb use_circle=\u00bboff\u00bb use_circle_border=\u00bboff\u00bb icon_placement=\u00bbleft\u00bb use_icon_font_size=\u00bboff\u00bb background_layout=\u00bblight\u00bb header_font_size=\u00bb12&#8243; header_text_color=\u00bb#005ea8&#8243; body_font_size=\u00bb12&#8243; body_text_color=\u00bb#505050&#8243; border_style=\u00bbsolid\u00bb image_max_width=\u00bb125px\u00bb content_max_width=\u00bb100%\u00bb]<\/p>\n<p><strong>G3280-220<\/strong><br \/>\nEsc\u00e1ner de segmentaci\u00f3n gama blindado para tambores de residuos radioactivos.<\/p>\n<p><a href=\"http:\/\/aadee.ar\/00pdf\/nuclear\/G3280-220-data-sheet-1.8.pdf\"><span style=\"color: #005ea8;\">+INFO<\/span><\/a><\/p>\n<p>[\/et_pb_blurb][et_pb_blurb _builder_version=\u00bb3.0.77&#8243; use_icon=\u00bboff\u00bb image=\u00bbhttp:\/\/aadee.ar\/nuclear\/00img\/productos\/SetHeight400-AURAS-3000.jpg\u00bb alt=\u00bbORTEC\u00bb url=\u00bbhttp:\/\/aadee.ar\/00pdf\/nuclear\/AURAS-3000.pdf\u00bb url_new_window=\u00bbon\u00bb title=\u00bbORTEC\u00bb use_circle=\u00bboff\u00bb use_circle_border=\u00bboff\u00bb icon_placement=\u00bbleft\u00bb use_icon_font_size=\u00bboff\u00bb background_layout=\u00bblight\u00bb header_font_size=\u00bb12&#8243; header_text_color=\u00bb#005ea8&#8243; body_font_size=\u00bb12&#8243; body_text_color=\u00bb#505050&#8243; border_style=\u00bbsolid\u00bb image_max_width=\u00bb125px\u00bb content_max_width=\u00bb100%\u00bb]<\/p>\n<p><strong>AURAS &#8211; 3000<\/strong><br \/>\nMonitor para liberaci\u00f3n de bolsas de gran tama\u00f1o, tambores y otros contenedores de residuos de decomisionamiento.<br \/>\n<a href=\"http:\/\/aadee.ar\/00pdf\/nuclear\/AURAS-3000.pdf\"><span style=\"color: #005ea8;\">+INFO<\/span><\/a><\/p>\n<p>[\/et_pb_blurb][\/et_pb_column_inner][et_pb_column_inner type=\u00bb1_3&#8243; saved_specialty_column_type=\u00bb3_4&#8243;][et_pb_blurb _builder_version=\u00bb3.0.77&#8243; use_icon=\u00bboff\u00bb image=\u00bbhttp:\/\/aadee.ar\/nuclear\/00img\/productos\/G3250-220-image-3-220&#215;160.jpg\u00bb alt=\u00bbANTECH\u00bb url=\u00bbhttp:\/\/aadee.ar\/00pdf\/nuclear\/G3250-220.WRSGS.5.1.pdf\u00bb url_new_window=\u00bbon\u00bb title=\u00bbANTECH\u00bb use_circle=\u00bboff\u00bb use_circle_border=\u00bboff\u00bb icon_placement=\u00bbleft\u00bb use_icon_font_size=\u00bboff\u00bb background_layout=\u00bblight\u00bb header_font_size=\u00bb12&#8243; header_text_color=\u00bb#005ea8&#8243; body_font_size=\u00bb12&#8243; body_text_color=\u00bb#505050&#8243; border_style=\u00bbsolid\u00bb image_max_width=\u00bb125px\u00bb content_max_width=\u00bb100%\u00bb]<\/p>\n<p><strong>G3250-220<\/strong><br \/>\nEsc\u00e1ner de segmentaci\u00f3n gama de amplio rango para tambores de residuos radioactivos.<\/p>\n<p><a href=\"http:\/\/aadee.ar\/00pdf\/nuclear\/G3250-220.WRSGS.5.1.pdf\"><span style=\"color: #005ea8;\">+INFO<\/span><\/a><\/p>\n<p>[\/et_pb_blurb][et_pb_blurb _builder_version=\u00bb3.0.77&#8243; use_icon=\u00bboff\u00bb image=\u00bbhttp:\/\/aadee.ar\/nuclear\/00img\/productos\/G3301-featured-image-220&#215;160.jpg\u00bb alt=\u00bbANTECH\u00bb url=\u00bbhttp:\/\/aadee.ar\/00pdf\/nuclear\/G3301-data-sheet-4.4.pdf\u00bb url_new_window=\u00bbon\u00bb title=\u00bbANTECH\u00bb use_circle=\u00bboff\u00bb use_circle_border=\u00bboff\u00bb icon_placement=\u00bbleft\u00bb use_icon_font_size=\u00bboff\u00bb background_layout=\u00bblight\u00bb header_font_size=\u00bb12&#8243; header_text_color=\u00bb#005ea8&#8243; body_font_size=\u00bb12&#8243; body_text_color=\u00bb#505050&#8243; border_style=\u00bbsolid\u00bb image_max_width=\u00bb125px\u00bb content_max_width=\u00bb100%\u00bb]<\/p>\n<p><strong>G3301 Bag Monitor<\/strong><br \/>\nMonitor para liberaci\u00f3n de bolsas de residuos de decomisionamiento.<\/p>\n<p><a href=\"http:\/\/aadee.ar\/00pdf\/nuclear\/G3301-data-sheet-4.4.pdf\"><span style=\"color: #005ea8;\">+INFO<\/span><\/a><\/p>\n<p>[\/et_pb_blurb][et_pb_blurb _builder_version=\u00bb3.0.77&#8243; use_icon=\u00bboff\u00bb image=\u00bbhttp:\/\/aadee.ar\/nuclear\/00img\/productos\/Holdup-Measurement.jpg\u00bb alt=\u00bbORTEC\u00bb url=\u00bbhttp:\/\/aadee.ar\/00pdf\/nuclear\/Holdup-Measurement-System.pdf\u00bb url_new_window=\u00bbon\u00bb title=\u00bbORTEC\u00bb use_circle=\u00bboff\u00bb use_circle_border=\u00bboff\u00bb icon_placement=\u00bbleft\u00bb use_icon_font_size=\u00bboff\u00bb background_layout=\u00bblight\u00bb header_font_size=\u00bb12&#8243; header_text_color=\u00bb#005ea8&#8243; body_font_size=\u00bb12&#8243; body_text_color=\u00bb#505050&#8243; border_style=\u00bbsolid\u00bb image_max_width=\u00bb125px\u00bb content_max_width=\u00bb100%\u00bb]<\/p>\n<p><strong>Holdup Measurement System 4 (HMS4)<\/strong><br \/>\nSistema para medidas de \u00abHoldup\u00bb en Plantas Nucleares.<br \/>\n<a href=\"http:\/\/aadee.ar\/00pdf\/nuclear\/Holdup-Measurement-System.pdf\"><span style=\"color: #005ea8;\">+INFO<\/span><\/a><\/p>\n<p>[\/et_pb_blurb][\/et_pb_column_inner][et_pb_column_inner type=\u00bb1_3&#8243; saved_specialty_column_type=\u00bb3_4&#8243;][et_pb_blurb _builder_version=\u00bb3.0.77&#8243; use_icon=\u00bboff\u00bb image=\u00bbhttp:\/\/aadee.ar\/nuclear\/00img\/productos\/G3250-3850-320-featured-image-220&#215;160.jpg\u00bb alt=\u00bbANTECH\u00bb url=\u00bbhttp:\/\/aadee.ar\/00pdf\/nuclear\/G3250-3850-320-data-sheet-1.1.pdf\u00bb url_new_window=\u00bbon\u00bb title=\u00bbANTECH\u00bb use_circle=\u00bboff\u00bb use_circle_border=\u00bboff\u00bb icon_placement=\u00bbleft\u00bb use_icon_font_size=\u00bboff\u00bb background_layout=\u00bblight\u00bb header_font_size=\u00bb12&#8243; header_text_color=\u00bb#005ea8&#8243; body_font_size=\u00bb12&#8243; body_text_color=\u00bb#505050&#8243; border_style=\u00bbsolid\u00bb image_max_width=\u00bb125px\u00bb content_max_width=\u00bb100%\u00bb]<\/p>\n<p><strong>G3250-3850-320<\/strong><br \/>\nEsc\u00e1ner de segmentaci\u00f3n tomogr\u00e1fica gama de amplio rango para tambores de residuos radioactivos.<\/p>\n<p><a href=\"http:\/\/aadee.ar\/00pdf\/nuclear\/G3250-3850-320-data-sheet-1.1.pdf\"><span style=\"color: #005ea8;\">+INFO<\/span><\/a><\/p>\n<p>[\/et_pb_blurb][et_pb_blurb _builder_version=\u00bb3.0.77&#8243; use_icon=\u00bboff\u00bb image=\u00bbhttp:\/\/aadee.ar\/nuclear\/00img\/productos\/050504_078.jpg\u00bb alt=\u00bbBERTHOLD\u00bb url=\u00bbhttp:\/\/aadee.ar\/00pdf\/nuclear\/LB-2050_10-2006__43072pr2_rev00.pdf\u00bb url_new_window=\u00bbon\u00bb title=\u00bbBERTHOLD\u00bb use_circle=\u00bboff\u00bb use_circle_border=\u00bboff\u00bb icon_placement=\u00bbleft\u00bb use_icon_font_size=\u00bboff\u00bb background_layout=\u00bblight\u00bb header_font_size=\u00bb12&#8243; header_text_color=\u00bb#005ea8&#8243; body_font_size=\u00bb12&#8243; body_text_color=\u00bb#505050&#8243; border_style=\u00bbsolid\u00bb image_max_width=\u00bb125px\u00bb content_max_width=\u00bb100%\u00bb]<\/p>\n<p><strong>LB2050<\/strong><br \/>\nMonitor para m\u00f3vil para liberaci\u00f3n de bolsas y cestos de residuos radioactivos.<\/p>\n<p><a href=\"http:\/\/aadee.ar\/00pdf\/nuclear\/LB-2050_10-2006__43072pr2_rev00.pdf\"><span style=\"color: #005ea8;\">+INFO<\/span><\/a><\/p>\n<p>[\/et_pb_blurb][et_pb_blurb _builder_version=\u00bb3.0.77&#8243; use_icon=\u00bboff\u00bb image=\u00bbhttp:\/\/aadee.ar\/nuclear\/00img\/productos\/d3750ee9-2387-4d16-9de7-14248ed32791.jpg\u00bb alt=\u00bbORTEC\u00bb url=\u00bbhttp:\/\/aadee.ar\/00pdf\/nuclear\/ISO-CART.pdf\u00bb url_new_window=\u00bbon\u00bb title=\u00bbORTEC\u00bb use_circle=\u00bboff\u00bb use_circle_border=\u00bboff\u00bb icon_placement=\u00bbleft\u00bb use_icon_font_size=\u00bboff\u00bb background_layout=\u00bblight\u00bb header_font_size=\u00bb12&#8243; header_text_color=\u00bb#005ea8&#8243; body_font_size=\u00bb12&#8243; body_text_color=\u00bb#505050&#8243; border_style=\u00bbsolid\u00bb image_max_width=\u00bb125px\u00bb content_max_width=\u00bb100%\u00bb]<\/p>\n<p><strong>Isocart<\/strong><br \/>\nSistema M\u00f3vil para medici\u00f3n \u00abin-situ\u00bb de diferentes geometr\u00edas de residuos radioactivos.<br \/>\n<a href=\"http:\/\/aadee.ar\/00pdf\/nuclear\/ISO-CART.pdf\"><span style=\"color: #005ea8;\">+INFO<\/span><\/a><\/p>\n<p>[\/et_pb_blurb][\/et_pb_column_inner][\/et_pb_row_inner][\/et_pb_column][\/et_pb_section]<\/p>\n","protected":false},"excerpt":{"rendered":"<p>NOVEDADES PRODUCTOS ESPECTROMETRIA GAMA ESPECTROMETRIA ALFA CONTADORES ALFA &amp; BETA CONTADORES DE CUERPO ENTERO MONITORES DE RADIACION PORT\u00c1TILES IDENTIFICADORES DE IS\u00d3TOPOS PORT\u00c1TILES IRRADIADORES TELETECTORS PORTALES DE PASO Y CONTAMINACI\u00d3N PARA PERSONAS MONITORES DE CONTAMINACI\u00d3N PARA OBJETOS MONITORES DE ACTIVIDAD MONITORES DE AIRE MONITORES DE AREA PORTALES PARA VEH\u00cdCULOS MONITORES PARA RESIDUOS RADIOACTIVOS DOS\u00cdMETROS ELECTR\u00d3NICOS LECTORAS [&hellip;]<\/p>\n","protected":false},"author":2,"featured_media":0,"parent":767,"menu_order":0,"comment_status":"closed","ping_status":"closed","template":"","meta":{"_et_pb_use_builder":"on","_et_pb_old_content":"","_et_gb_content_width":"","footnotes":""},"class_list":["post-1205","page","type-page","status-publish","hentry"],"_links":{"self":[{"href":"https:\/\/www.aadee.ar\/index.php\/wp-json\/wp\/v2\/pages\/1205","targetHints":{"allow":["GET"]}}],"collection":[{"href":"https:\/\/www.aadee.ar\/index.php\/wp-json\/wp\/v2\/pages"}],"about":[{"href":"https:\/\/www.aadee.ar\/index.php\/wp-json\/wp\/v2\/types\/page"}],"author":[{"embeddable":true,"href":"https:\/\/www.aadee.ar\/index.php\/wp-json\/wp\/v2\/users\/2"}],"replies":[{"embeddable":true,"href":"https:\/\/www.aadee.ar\/index.php\/wp-json\/wp\/v2\/comments?post=1205"}],"version-history":[{"count":0,"href":"https:\/\/www.aadee.ar\/index.php\/wp-json\/wp\/v2\/pages\/1205\/revisions"}],"up":[{"embeddable":true,"href":"https:\/\/www.aadee.ar\/index.php\/wp-json\/wp\/v2\/pages\/767"}],"wp:attachment":[{"href":"https:\/\/www.aadee.ar\/index.php\/wp-json\/wp\/v2\/media?parent=1205"}],"curies":[{"name":"wp","href":"https:\/\/api.w.org\/{rel}","templated":true}]}}